{"id":11445,"date":"2021-06-13T19:15:14","date_gmt":"2021-06-13T17:15:14","guid":{"rendered":"https:\/\/editionsdudauphin.com\/my-account\/wishlist"},"modified":"2021-06-13T19:15:19","modified_gmt":"2021-06-13T17:15:19","slug":"wishlist","status":"publish","type":"page","link":"https:\/\/editionsdudauphin.com\/en\/my-account\/wishlist","title":{"rendered":"Wishlist"},"content":{"rendered":"<div class=\"fusion-fullwidth fullwidth-box fusion-builder-row-1 fusion-flex-container nonhundred-percent-fullwidth non-hundred-percent-height-scrolling\" style=\"--awb-border-radius-top-left:0px;--awb-border-radius-top-right:0px;--awb-border-radius-bottom-right:0px;--awb-border-radius-bottom-left:0px;--awb-flex-wrap:wrap;\" ><div class=\"fusion-builder-row fusion-row fusion-flex-align-items-flex-start fusion-flex-content-wrap\" style=\"max-width:1248px;margin-left: calc(-4% \/ 2 );margin-right: calc(-4% \/ 2 );\"><div class=\"fusion-layout-column fusion_builder_column fusion-builder-column-0 fusion_builder_column_1_1 1_1 fusion-flex-column\" style=\"--awb-bg-size:cover;--awb-width-large:100%;--awb-margin-top-large:0px;--awb-spacing-right-large:1.92%;--awb-margin-bottom-large:0px;--awb-spacing-left-large:1.92%;--awb-width-medium:100%;--awb-spacing-right-medium:1.92%;--awb-spacing-left-medium:1.92%;--awb-width-small:100%;--awb-spacing-right-small:1.92%;--awb-spacing-left-small:1.92%;\"><div class=\"fusion-column-wrapper fusion-flex-justify-content-flex-start fusion-content-layout-column\"><div class=\"fusion-text fusion-text-1\"><div id=\"yith-wcwl-messages\"><\/div>\n<section>\n\t<div class=\"shopping-cart\">\n\t\t<div class=\"container\">\n\t\t\t\n\t\t\t\t<form id=\"yith-wcwl-form\" action=\"https:\/\/editionsdudauphin.com\/en\/my-account\/wishlist?wishlist-action=view&#038;lang=en\" method=\"post\" class=\"woocommerce\">\n\n\t\t\t\t    <input type=\"hidden\" id=\"yith_wcwl_form_nonce\" name=\"yith_wcwl_form_nonce\" value=\"ec6364d497\" \/><input type=\"hidden\" name=\"_wp_http_referer\" value=\"\/en\/wp-json\/wp\/v2\/pages\/11445\" \/>\n\t\t\t\t    \n\t\t\t\t    <!-- WISHLIST TABLE -->\n\t\t\t\t    <table class=\"shop_table cart wishlist_table\" data-pagination=\"no\" data-per-page=\"5\" data-page=\"1\" data-id=\"\" data-token=\"\">\n\n\t\t\t\t\t    \n\t\t\t\t        <thead>\n\t\t\t\t        <tr>\n\t\t\t\t\t        \n\t\t\t\t            <th class=\"product-name col-sm-4 col-md-4 col-xs-4\">\n\t\t\t\t                Book title\t\t\t\t            <\/th>\n\n\t\t\t\t\t\t\t<!-- ajout colonne auteur-->\n\t\t\t\t\t\t\t\t<th class=\"product-price col-sm-2 col-md-2 col-xs-2\">\n\t\t\t\t                    Author\t\t\t\t                <\/th>\n\t\t\t\t\t\t\t\t\n\t\t\t\t\t\t\t\t\n\t\t\t\t            \n\t\t\t\t                <th class=\"product-price col-sm-2 col-md-2 col-xs-2\">\n\t\t\t\t                    Price per unit\t\t\t\t                <\/th>\n\n\t\t\t\t            \t\t\t\t\t\t\t\n\t\t\t\t            \n\t\t\t\t                <th class=\"product-stock-stauts col-sm-2 col-md-2 col-xs-2\">\n\t\t\t\t                    Stock\t\t\t\t                <\/th>\n\n\t\t\t\t            \n\t\t\t\t            \n\t\t\t\t                <th class=\"product-add-to-cart col-sm-2 col-md-2 col-xs-2\"><\/th>\n\n\t\t\t\t            \t\t\t\t        <\/tr>\n\t\t\t\t        <\/thead>\n\n\t\t\t\t        <tbody>\n\t\t\t\t        \t\t\t\t            <tr>\n\t\t\t\t                <td colspan=\"5\" class=\"wishlist-empty\">Aucun produit n'a \u00e9t\u00e9 ajout\u00e9 \u00e0 la wishlist.<\/td>\n\t\t\t\t            <\/tr>\n\t\t\t\t        \t\t\t\t        <\/tbody>\n\n\t\t\t\t        <tfoot>\n\t\t\t\t        <tr>\n\t\t\t\t\t        <td colspan=\"5\">\n\t\t\t\t\t            \n\t\t\t\t\t            \n\t\t\t\t\t\t        \t\t\t\t\t        <\/td>\n\t\t\t\t        <\/tr>\n\t\t\t\t        <\/tfoot>\n\n\t\t\t\t    <\/table>\n\n\t\t\t\t    <input type=\"hidden\" id=\"yith_wcwl_edit_wishlist\" name=\"yith_wcwl_edit_wishlist\" value=\"971bfe4334\" \/><input type=\"hidden\" name=\"_wp_http_referer\" value=\"\/en\/wp-json\/wp\/v2\/pages\/11445\" \/>\n\t\t\t\t    \t\t\t\t        <input type=\"hidden\" value=\"\" name=\"wishlist_id\" id=\"wishlist_id\">\n\t\t\t\t    \n\t\t\t\t    \n\t\t\t\t<\/form>\n\n\t\t\t\t\n\t\t\t\t\t\t<\/div>\n\t<\/div>\n<\/section>\n<\/div><\/div><\/div><\/div><\/div>\n","protected":false},"excerpt":{"rendered":"","protected":false},"author":15,"featured_media":0,"parent":3993,"menu_order":0,"comment_status":"closed","ping_status":"closed","template":"","meta":{"_acf_changed":false,"wpupg_custom_link":[],"wpupg_custom_link_behaviour":[],"wpupg_custom_link_nofollow":[],"wpupg_custom_image":[],"wpupg_custom_image_id":[],"footnotes":""},"class_list":["post-11445","page","type-page","status-publish","hentry"],"acf":[],"yoast_head":"<!-- This site is optimized with the Yoast SEO plugin v27.3 - https:\/\/yoast.com\/product\/yoast-seo-wordpress\/ -->\n<title>Wishlist<\/title>\n<meta name=\"robots\" content=\"noindex, follow\" \/>\n<meta property=\"og:locale\" content=\"en_US\" \/>\n<meta property=\"og:type\" content=\"article\" \/>\n<meta property=\"og:title\" content=\"Wishlist\" \/>\n<meta property=\"og:url\" content=\"https:\/\/editionsdudauphin.com\/en\/my-account\/wishlist\" \/>\n<meta property=\"og:site_name\" content=\"\u00c9ditions du Dauphin\" \/>\n<meta property=\"article:modified_time\" content=\"2021-06-13T17:15:19+00:00\" \/>\n<meta name=\"twitter:card\" content=\"summary_large_image\" \/>\n<meta name=\"twitter:label1\" content=\"Est. reading time\" \/>\n\t<meta name=\"twitter:data1\" content=\"2 minutes\" \/>\n<script type=\"application\/ld+json\" class=\"yoast-schema-graph\">{\"@context\":\"https:\\\/\\\/schema.org\",\"@graph\":[{\"@type\":\"WebPage\",\"@id\":\"https:\\\/\\\/editionsdudauphin.com\\\/en\\\/my-account\\\/wishlist\",\"url\":\"https:\\\/\\\/editionsdudauphin.com\\\/en\\\/my-account\\\/wishlist\",\"name\":\"Wishlist\",\"isPartOf\":{\"@id\":\"https:\\\/\\\/editionsdudauphin.com\\\/en#website\"},\"datePublished\":\"2021-06-13T17:15:14+00:00\",\"dateModified\":\"2021-06-13T17:15:19+00:00\",\"breadcrumb\":{\"@id\":\"https:\\\/\\\/editionsdudauphin.com\\\/en\\\/my-account\\\/wishlist#breadcrumb\"},\"inLanguage\":\"en-US\",\"potentialAction\":[{\"@type\":\"ReadAction\",\"target\":[\"https:\\\/\\\/editionsdudauphin.com\\\/en\\\/my-account\\\/wishlist\"]}]},{\"@type\":\"BreadcrumbList\",\"@id\":\"https:\\\/\\\/editionsdudauphin.com\\\/en\\\/my-account\\\/wishlist#breadcrumb\",\"itemListElement\":[{\"@type\":\"ListItem\",\"position\":1,\"name\":\"Accueil\",\"item\":\"https:\\\/\\\/editionsdudauphin.com\\\/en\"},{\"@type\":\"ListItem\",\"position\":2,\"name\":\"My account\",\"item\":\"https:\\\/\\\/editionsdudauphin.com\\\/en\\\/mon-compte\"},{\"@type\":\"ListItem\",\"position\":3,\"name\":\"Wishlist\"}]},{\"@type\":\"WebSite\",\"@id\":\"https:\\\/\\\/editionsdudauphin.com\\\/en#website\",\"url\":\"https:\\\/\\\/editionsdudauphin.com\\\/en\",\"name\":\"\u00c9ditions du Dauphin\",\"description\":\"\",\"potentialAction\":[{\"@type\":\"SearchAction\",\"target\":{\"@type\":\"EntryPoint\",\"urlTemplate\":\"https:\\\/\\\/editionsdudauphin.com\\\/en?s={search_term_string}\"},\"query-input\":{\"@type\":\"PropertyValueSpecification\",\"valueRequired\":true,\"valueName\":\"search_term_string\"}}],\"inLanguage\":\"en-US\"}]}<\/script>\n<!-- \/ Yoast SEO plugin. -->","yoast_head_json":{"title":"Wishlist","robots":{"index":"noindex","follow":"follow"},"og_locale":"en_US","og_type":"article","og_title":"Wishlist","og_url":"https:\/\/editionsdudauphin.com\/en\/my-account\/wishlist","og_site_name":"\u00c9ditions du Dauphin","article_modified_time":"2021-06-13T17:15:19+00:00","twitter_card":"summary_large_image","twitter_misc":{"Est. reading time":"2 minutes"},"schema":{"@context":"https:\/\/schema.org","@graph":[{"@type":"WebPage","@id":"https:\/\/editionsdudauphin.com\/en\/my-account\/wishlist","url":"https:\/\/editionsdudauphin.com\/en\/my-account\/wishlist","name":"Wishlist","isPartOf":{"@id":"https:\/\/editionsdudauphin.com\/en#website"},"datePublished":"2021-06-13T17:15:14+00:00","dateModified":"2021-06-13T17:15:19+00:00","breadcrumb":{"@id":"https:\/\/editionsdudauphin.com\/en\/my-account\/wishlist#breadcrumb"},"inLanguage":"en-US","potentialAction":[{"@type":"ReadAction","target":["https:\/\/editionsdudauphin.com\/en\/my-account\/wishlist"]}]},{"@type":"BreadcrumbList","@id":"https:\/\/editionsdudauphin.com\/en\/my-account\/wishlist#breadcrumb","itemListElement":[{"@type":"ListItem","position":1,"name":"Accueil","item":"https:\/\/editionsdudauphin.com\/en"},{"@type":"ListItem","position":2,"name":"My account","item":"https:\/\/editionsdudauphin.com\/en\/mon-compte"},{"@type":"ListItem","position":3,"name":"Wishlist"}]},{"@type":"WebSite","@id":"https:\/\/editionsdudauphin.com\/en#website","url":"https:\/\/editionsdudauphin.com\/en","name":"\u00c9ditions du Dauphin","description":"","potentialAction":[{"@type":"SearchAction","target":{"@type":"EntryPoint","urlTemplate":"https:\/\/editionsdudauphin.com\/en?s={search_term_string}"},"query-input":{"@type":"PropertyValueSpecification","valueRequired":true,"valueName":"search_term_string"}}],"inLanguage":"en-US"}]}},"_links":{"self":[{"href":"https:\/\/editionsdudauphin.com\/en\/wp-json\/wp\/v2\/pages\/11445","targetHints":{"allow":["GET"]}}],"collection":[{"href":"https:\/\/editionsdudauphin.com\/en\/wp-json\/wp\/v2\/pages"}],"about":[{"href":"https:\/\/editionsdudauphin.com\/en\/wp-json\/wp\/v2\/types\/page"}],"author":[{"embeddable":true,"href":"https:\/\/editionsdudauphin.com\/en\/wp-json\/wp\/v2\/users\/15"}],"replies":[{"embeddable":true,"href":"https:\/\/editionsdudauphin.com\/en\/wp-json\/wp\/v2\/comments?post=11445"}],"version-history":[{"count":0,"href":"https:\/\/editionsdudauphin.com\/en\/wp-json\/wp\/v2\/pages\/11445\/revisions"}],"up":[{"embeddable":true,"href":"https:\/\/editionsdudauphin.com\/en\/wp-json\/wp\/v2\/pages\/3993"}],"wp:attachment":[{"href":"https:\/\/editionsdudauphin.com\/en\/wp-json\/wp\/v2\/media?parent=11445"}],"curies":[{"name":"wp","href":"https:\/\/api.w.org\/{rel}","templated":true}]}}