{"id":1435,"date":"2015-09-25T09:15:26","date_gmt":"2015-09-25T07:15:26","guid":{"rendered":"http:\/\/bookstore.beautheme.com\/?page_id=1435"},"modified":"2022-02-01T14:41:03","modified_gmt":"2022-02-01T13:41:03","slug":"conferences-signatures","status":"publish","type":"page","link":"https:\/\/editionsdudauphin.com\/en\/agenda\/conferences-signatures","title":{"rendered":"CONFERENCES &#038; SIGNATURES"},"content":{"rendered":"","protected":false},"excerpt":{"rendered":"","protected":false},"author":15,"featured_media":0,"parent":16,"menu_order":0,"comment_status":"closed","ping_status":"closed","template":"","meta":{"_acf_changed":false,"wpupg_custom_link":[],"wpupg_custom_link_behaviour":["default"],"wpupg_custom_link_nofollow":[],"wpupg_custom_image":[],"wpupg_custom_image_id":[],"footnotes":""},"class_list":["post-1435","page","type-page","status-publish","hentry"],"acf":[],"yoast_head":"<!-- This site is optimized with the Yoast SEO plugin v27.4 - https:\/\/yoast.com\/product\/yoast-seo-wordpress\/ -->\n<title>Conf\u00e9rences &amp; Signatures - Auteurs - Dauphin \u00e9ditions<\/title>\n<meta name=\"description\" content=\"Retrouvez toutes les conf\u00e9rences et signatures de nos auteurs : dates, lieux, informations pratiques, salons, th\u00e9matiques, livres...\" \/>\n<meta name=\"robots\" content=\"index, follow, max-snippet:-1, max-image-preview:large, max-video-preview:-1\" \/>\n<link rel=\"canonical\" href=\"https:\/\/editionsdudauphin.com\/en\/agenda\/conferences-signatures\" \/>\n<meta property=\"og:locale\" content=\"en_US\" \/>\n<meta property=\"og:type\" content=\"article\" \/>\n<meta property=\"og:title\" content=\"Conf\u00e9rences &amp; Signatures - Auteurs - Dauphin \u00e9ditions\" \/>\n<meta property=\"og:description\" content=\"Retrouvez toutes les conf\u00e9rences et signatures de nos auteurs : dates, lieux, informations pratiques, salons, th\u00e9matiques, livres...\" \/>\n<meta property=\"og:url\" content=\"https:\/\/editionsdudauphin.com\/en\/agenda\/conferences-signatures\" \/>\n<meta property=\"og:site_name\" content=\"\u00c9ditions du Dauphin\" \/>\n<meta property=\"article:modified_time\" content=\"2022-02-01T13:41:03+00:00\" \/>\n<meta name=\"twitter:card\" content=\"summary_large_image\" \/>\n<script type=\"application\/ld+json\" class=\"yoast-schema-graph\">{\"@context\":\"https:\\\/\\\/schema.org\",\"@graph\":[{\"@type\":\"WebPage\",\"@id\":\"https:\\\/\\\/editionsdudauphin.com\\\/en\\\/agenda\\\/conferences-signatures\",\"url\":\"https:\\\/\\\/editionsdudauphin.com\\\/en\\\/agenda\\\/conferences-signatures\",\"name\":\"Conf\u00e9rences & Signatures - Auteurs - Dauphin \u00e9ditions\",\"isPartOf\":{\"@id\":\"https:\\\/\\\/editionsdudauphin.com\\\/en#website\"},\"datePublished\":\"2015-09-25T07:15:26+00:00\",\"dateModified\":\"2022-02-01T13:41:03+00:00\",\"description\":\"Retrouvez toutes les conf\u00e9rences et signatures de nos auteurs : dates, lieux, informations pratiques, salons, th\u00e9matiques, livres...\",\"breadcrumb\":{\"@id\":\"https:\\\/\\\/editionsdudauphin.com\\\/en\\\/agenda\\\/conferences-signatures#breadcrumb\"},\"inLanguage\":\"en-US\",\"potentialAction\":[{\"@type\":\"ReadAction\",\"target\":[\"https:\\\/\\\/editionsdudauphin.com\\\/en\\\/agenda\\\/conferences-signatures\"]}]},{\"@type\":\"BreadcrumbList\",\"@id\":\"https:\\\/\\\/editionsdudauphin.com\\\/en\\\/agenda\\\/conferences-signatures#breadcrumb\",\"itemListElement\":[{\"@type\":\"ListItem\",\"position\":1,\"name\":\"Accueil\",\"item\":\"https:\\\/\\\/editionsdudauphin.com\\\/en\"},{\"@type\":\"ListItem\",\"position\":2,\"name\":\"Agenda\",\"item\":\"https:\\\/\\\/editionsdudauphin.com\\\/en\\\/agenda\"},{\"@type\":\"ListItem\",\"position\":3,\"name\":\"CONFERENCES &#038; SIGNATURES\"}]},{\"@type\":\"WebSite\",\"@id\":\"https:\\\/\\\/editionsdudauphin.com\\\/en#website\",\"url\":\"https:\\\/\\\/editionsdudauphin.com\\\/en\",\"name\":\"\u00c9ditions du Dauphin\",\"description\":\"\",\"potentialAction\":[{\"@type\":\"SearchAction\",\"target\":{\"@type\":\"EntryPoint\",\"urlTemplate\":\"https:\\\/\\\/editionsdudauphin.com\\\/en?s={search_term_string}\"},\"query-input\":{\"@type\":\"PropertyValueSpecification\",\"valueRequired\":true,\"valueName\":\"search_term_string\"}}],\"inLanguage\":\"en-US\"}]}<\/script>\n<!-- \/ Yoast SEO plugin. -->","yoast_head_json":{"title":"Conf\u00e9rences & Signatures - Auteurs - Dauphin \u00e9ditions","description":"Retrouvez toutes les conf\u00e9rences et signatures de nos auteurs : dates, lieux, informations pratiques, salons, th\u00e9matiques, livres...","robots":{"index":"index","follow":"follow","max-snippet":"max-snippet:-1","max-image-preview":"max-image-preview:large","max-video-preview":"max-video-preview:-1"},"canonical":"https:\/\/editionsdudauphin.com\/en\/agenda\/conferences-signatures","og_locale":"en_US","og_type":"article","og_title":"Conf\u00e9rences & Signatures - Auteurs - Dauphin \u00e9ditions","og_description":"Retrouvez toutes les conf\u00e9rences et signatures de nos auteurs : dates, lieux, informations pratiques, salons, th\u00e9matiques, livres...","og_url":"https:\/\/editionsdudauphin.com\/en\/agenda\/conferences-signatures","og_site_name":"\u00c9ditions du Dauphin","article_modified_time":"2022-02-01T13:41:03+00:00","twitter_card":"summary_large_image","schema":{"@context":"https:\/\/schema.org","@graph":[{"@type":"WebPage","@id":"https:\/\/editionsdudauphin.com\/en\/agenda\/conferences-signatures","url":"https:\/\/editionsdudauphin.com\/en\/agenda\/conferences-signatures","name":"Conf\u00e9rences & Signatures - Auteurs - Dauphin \u00e9ditions","isPartOf":{"@id":"https:\/\/editionsdudauphin.com\/en#website"},"datePublished":"2015-09-25T07:15:26+00:00","dateModified":"2022-02-01T13:41:03+00:00","description":"Retrouvez toutes les conf\u00e9rences et signatures de nos auteurs : dates, lieux, informations pratiques, salons, th\u00e9matiques, livres...","breadcrumb":{"@id":"https:\/\/editionsdudauphin.com\/en\/agenda\/conferences-signatures#breadcrumb"},"inLanguage":"en-US","potentialAction":[{"@type":"ReadAction","target":["https:\/\/editionsdudauphin.com\/en\/agenda\/conferences-signatures"]}]},{"@type":"BreadcrumbList","@id":"https:\/\/editionsdudauphin.com\/en\/agenda\/conferences-signatures#breadcrumb","itemListElement":[{"@type":"ListItem","position":1,"name":"Accueil","item":"https:\/\/editionsdudauphin.com\/en"},{"@type":"ListItem","position":2,"name":"Agenda","item":"https:\/\/editionsdudauphin.com\/en\/agenda"},{"@type":"ListItem","position":3,"name":"CONFERENCES &#038; SIGNATURES"}]},{"@type":"WebSite","@id":"https:\/\/editionsdudauphin.com\/en#website","url":"https:\/\/editionsdudauphin.com\/en","name":"\u00c9ditions du Dauphin","description":"","potentialAction":[{"@type":"SearchAction","target":{"@type":"EntryPoint","urlTemplate":"https:\/\/editionsdudauphin.com\/en?s={search_term_string}"},"query-input":{"@type":"PropertyValueSpecification","valueRequired":true,"valueName":"search_term_string"}}],"inLanguage":"en-US"}]}},"_links":{"self":[{"href":"https:\/\/editionsdudauphin.com\/en\/wp-json\/wp\/v2\/pages\/1435","targetHints":{"allow":["GET"]}}],"collection":[{"href":"https:\/\/editionsdudauphin.com\/en\/wp-json\/wp\/v2\/pages"}],"about":[{"href":"https:\/\/editionsdudauphin.com\/en\/wp-json\/wp\/v2\/types\/page"}],"author":[{"embeddable":true,"href":"https:\/\/editionsdudauphin.com\/en\/wp-json\/wp\/v2\/users\/15"}],"replies":[{"embeddable":true,"href":"https:\/\/editionsdudauphin.com\/en\/wp-json\/wp\/v2\/comments?post=1435"}],"version-history":[{"count":0,"href":"https:\/\/editionsdudauphin.com\/en\/wp-json\/wp\/v2\/pages\/1435\/revisions"}],"up":[{"embeddable":true,"href":"https:\/\/editionsdudauphin.com\/en\/wp-json\/wp\/v2\/pages\/16"}],"wp:attachment":[{"href":"https:\/\/editionsdudauphin.com\/en\/wp-json\/wp\/v2\/media?parent=1435"}],"curies":[{"name":"wp","href":"https:\/\/api.w.org\/{rel}","templated":true}]}}