{"id":1865,"date":"2019-01-18T10:03:41","date_gmt":"2019-01-18T09:03:41","guid":{"rendered":"http:\/\/dev.editionsdudauphin.com\/?page_id=1865"},"modified":"2021-06-06T21:38:27","modified_gmt":"2021-06-06T19:38:27","slug":"foreign-rights","status":"publish","type":"page","link":"https:\/\/editionsdudauphin.com\/en\/espace-pro\/foreign-rights","title":{"rendered":"Foreign rights"},"content":{"rendered":"<div class=\"fusion-fullwidth fullwidth-box fusion-builder-row-1 fusion-flex-container nonhundred-percent-fullwidth non-hundred-percent-height-scrolling\" style=\"--awb-border-radius-top-left:0px;--awb-border-radius-top-right:0px;--awb-border-radius-bottom-right:0px;--awb-border-radius-bottom-left:0px;--awb-flex-wrap:wrap;\" ><div class=\"fusion-builder-row fusion-row fusion-flex-align-items-flex-start fusion-flex-content-wrap\" style=\"max-width:1248px;margin-left: calc(-4% \/ 2 );margin-right: calc(-4% \/ 2 );\"><div class=\"fusion-layout-column fusion_builder_column fusion-builder-column-0 fusion_builder_column_1_1 1_1 fusion-flex-column\" style=\"--awb-bg-size:cover;--awb-width-large:100%;--awb-margin-top-large:3px;--awb-spacing-right-large:1.92%;--awb-margin-bottom-large:30px;--awb-spacing-left-large:1.92%;--awb-width-medium:100%;--awb-order-medium:0;--awb-spacing-right-medium:1.92%;--awb-spacing-left-medium:1.92%;--awb-width-small:100%;--awb-order-small:0;--awb-spacing-right-small:1.92%;--awb-spacing-left-small:1.92%;\"><div class=\"fusion-column-wrapper fusion-column-has-shadow fusion-flex-justify-content-flex-start fusion-content-layout-column\"><div class=\"fusion-title title fusion-title-1 fusion-sep-none fusion-title-text fusion-title-size-two\" style=\"--awb-margin-bottom:20px;--awb-margin-top-small:10px;--awb-margin-right-small:0px;--awb-margin-bottom-small:10px;--awb-margin-left-small:0px;--awb-font-size:25px;\"><h2 class=\"fusion-title-heading title-heading-left\" style=\"margin:0;font-size:1em;line-height:28px;\">Acqu\u00e9rir les droits d\u2019un livre<\/h2><\/div><div class=\"fusion-text fusion-text-1\"><p>Vous aimeriez acqu\u00e9rir les droits d\u2019un livre ?<br \/>Contactez <a href=\"mailto:gt*******@***************in.com\" data-original-string=\"YokYc2owuwnAN12m1Ne43A==1a9fyxuSbmvz6jp9BgxawQHsi6AkYUd9DL9NdqQR37BmmA=\" title=\"This contact has been encoded by Anti-Spam by CleanTalk. Click to decode. To finish the decoding make sure that JavaScript is enabled in your browser.\"><span \n                data-original-string='kBBnBKcEcuVhQIx1BAVrug==1a9mgyX+FlvB6\/jpqtQ1MMPjLdT0lRSHh528tm+TYcgp0c='\n                class='apbct-email-encoder'\n                title='This contact has been encoded by Anti-Spam by CleanTalk. Click to decode. To finish the decoding make sure that JavaScript is enabled in your browser.'>gt<span class=\"apbct-blur\">*******<\/span>@<span class=\"apbct-blur\">***************<\/span>in.com<\/span><\/a> en pr\u00e9cisant votre demande dans l\u2019objet du mail.<\/p>\n<p>You wish to request for Foreign Rights?<br \/>Please write to <a href=\"mailto:gt*******@***************in.com\" data-original-string=\"MGXf6GGLuz3qaluYFjlWKA==1a9fe2EJGBNNqvmoDFNEdxEGWNxhOtOZ0jriuJiLZj58ro=\" title=\"This contact has been encoded by Anti-Spam by CleanTalk. Click to decode. To finish the decoding make sure that JavaScript is enabled in your browser.\"><span \n                data-original-string='KH002Qh3hahbUldGL3\/IOA==1a9f7ZsD+q2qMQi3iOJcjwYT2W5O22BrQSD0jcznRCthHA='\n                class='apbct-email-encoder'\n                title='This contact has been encoded by Anti-Spam by CleanTalk. Click to decode. To finish the decoding make sure that JavaScript is enabled in your browser.'>gt<span class=\"apbct-blur\">*******<\/span>@<span class=\"apbct-blur\">***************<\/span>in.com<\/span><\/a> for details.<\/p>\n<\/div><\/div><\/div><div class=\"fusion-layout-column fusion_builder_column fusion-builder-column-1 fusion_builder_column_1_1 1_1 fusion-flex-column\" style=\"--awb-bg-size:cover;--awb-width-large:100%;--awb-margin-top-large:30px;--awb-spacing-right-large:1.92%;--awb-margin-bottom-large:30px;--awb-spacing-left-large:1.92%;--awb-width-medium:100%;--awb-order-medium:0;--awb-spacing-right-medium:1.92%;--awb-spacing-left-medium:1.92%;--awb-width-small:100%;--awb-order-small:0;--awb-spacing-right-small:1.92%;--awb-spacing-left-small:1.92%;\"><div class=\"fusion-column-wrapper fusion-column-has-shadow fusion-flex-justify-content-flex-start fusion-content-layout-column\"><div class=\"fusion-title title fusion-title-2 fusion-sep-none fusion-title-text fusion-title-size-two\" style=\"--awb-margin-bottom:20px;--awb-margin-top-small:10px;--awb-margin-right-small:0px;--awb-margin-bottom-small:10px;--awb-margin-left-small:0px;--awb-font-size:25px;\"><h2 class=\"fusion-title-heading title-heading-left\" style=\"margin:0;font-size:1em;line-height:28px;\">Recevoir les titres \u00e0 para\u00eetre en avant premi\u00e8re<\/h2><\/div><div class=\"fusion-text fusion-text-2\"><p>Un de nos titres vous pla\u00eet et vous aimeriez le recevoir en avance ?<br \/>Contactez-nous \u00e0 <a href=\"mailto:co*****@***************in.com\" data-original-string=\"cICLNdTt4lzisYzabe3lpQ==1a9Izt+mksChKlz5OiPk1q9r3njV36Xzpi9hqY6citPA4w=\" title=\"This contact has been encoded by Anti-Spam by CleanTalk. Click to decode. To finish the decoding make sure that JavaScript is enabled in your browser.\"><span \n                data-original-string='866gttSRPL4R7rRmptzglg==1a95J4+\/IZl4H6CMCT2BS5Csw\/a6Gaur4FDvg3DV8bj3rI='\n                class='apbct-email-encoder'\n                title='This contact has been encoded by Anti-Spam by CleanTalk. Click to decode. To finish the decoding make sure that JavaScript is enabled in your browser.'>co<span class=\"apbct-blur\">*****<\/span>@<span class=\"apbct-blur\">***************<\/span>in.com<\/span><\/a> en pr\u00e9cisant votre demande dans l\u2019objet du mail.<\/p>\n<\/div><\/div><\/div><div class=\"fusion-layout-column fusion_builder_column fusion-builder-column-2 fusion_builder_column_1_1 1_1 fusion-flex-column\" style=\"--awb-bg-size:cover;--awb-width-large:100%;--awb-margin-top-large:30px;--awb-spacing-right-large:1.92%;--awb-margin-bottom-large:30px;--awb-spacing-left-large:1.92%;--awb-width-medium:100%;--awb-order-medium:0;--awb-spacing-right-medium:1.92%;--awb-spacing-left-medium:1.92%;--awb-width-small:100%;--awb-order-small:0;--awb-spacing-right-small:1.92%;--awb-spacing-left-small:1.92%;\"><div class=\"fusion-column-wrapper fusion-column-has-shadow fusion-flex-justify-content-flex-start fusion-content-layout-column\"><div class=\"fusion-title title fusion-title-3 fusion-sep-none fusion-title-text fusion-title-size-two\" style=\"--awb-margin-bottom:20px;--awb-margin-top-small:10px;--awb-margin-right-small:0px;--awb-margin-bottom-small:10px;--awb-margin-left-small:0px;--awb-font-size:25px;\"><h2 class=\"fusion-title-heading title-heading-left\" style=\"margin:0;font-size:1em;line-height:28px;\">Recevoir un livre en service de presse ou un communiqu\u00e9 de presse ?<\/h2><\/div><div class=\"fusion-text fusion-text-3\"><p>Vous \u00eates journaliste, blogueur ou encore influenceur et souhaitez recevoir un ouvrage en service de presse ?<br \/>Contactez <a href=\"mailto:pr****@***************in.com\" data-original-string=\"HOm1oV+F7WoZxvto0tTj7Q==1a9kkrJsgJgCbdbCC2p8Kw8vxCA10fDb0IOmYox5FaK3a8=\" title=\"This contact has been encoded by Anti-Spam by CleanTalk. Click to decode. To finish the decoding make sure that JavaScript is enabled in your browser.\"><span \n                data-original-string='h8J21YZ1nKMlNK3GX6Pp6w==1a9QYcQ36ldYHvTouB4oPdeuEjbCmA+8MgLoNeeSA78Jyk='\n                class='apbct-email-encoder'\n                title='This contact has been encoded by Anti-Spam by CleanTalk. Click to decode. To finish the decoding make sure that JavaScript is enabled in your browser.'>pr<span class=\"apbct-blur\">****<\/span>@<span class=\"apbct-blur\">***************<\/span>in.com<\/span><\/a> en pr\u00e9cisant l\u2019objet de votre demande dans l\u2019objet du mail.<\/p>\n<\/div><\/div><\/div><div class=\"fusion-layout-column fusion_builder_column fusion-builder-column-3 fusion_builder_column_1_1 1_1 fusion-flex-column\" style=\"--awb-bg-size:cover;--awb-width-large:100%;--awb-margin-top-large:30px;--awb-spacing-right-large:1.92%;--awb-margin-bottom-large:30px;--awb-spacing-left-large:1.92%;--awb-width-medium:100%;--awb-order-medium:0;--awb-spacing-right-medium:1.92%;--awb-spacing-left-medium:1.92%;--awb-width-small:100%;--awb-order-small:0;--awb-spacing-right-small:1.92%;--awb-spacing-left-small:1.92%;\"><div class=\"fusion-column-wrapper fusion-column-has-shadow fusion-flex-justify-content-flex-start fusion-content-layout-column\"><div class=\"fusion-title title fusion-title-4 fusion-sep-none fusion-title-text fusion-title-size-two\" style=\"--awb-margin-bottom:20px;--awb-margin-top-small:10px;--awb-margin-right-small:0px;--awb-margin-bottom-small:10px;--awb-margin-left-small:0px;--awb-font-size:25px;\"><h2 class=\"fusion-title-heading title-heading-left\" style=\"margin:0;font-size:1em;line-height:28px;\">Recevoir le catalogue<\/h2><\/div><div class=\"fusion-text fusion-text-4\"><p>Par souci \u00e9cologique, nous vous invitons \u00e0 t\u00e9l\u00e9charger notre catalogue.<br \/>Si vous souhaitez cependant recevoir une version papier n\u2019h\u00e9sitez pas \u00e0 nous formuler votre demande par mail \u00e0 l\u2019adresse <span \n                data-original-string='wC45UCkSzCCeIz2dDb9QRw==1a9JFotmtIMMcUUw6e2kwjOp9zpeC4KF7u53VEkFRYsv5M='\n                class='apbct-email-encoder'\n                title='This contact has been encoded by Anti-Spam by CleanTalk. Click to decode. To finish the decoding make sure that JavaScript is enabled in your browser.'>co<span class=\"apbct-blur\">*****<\/span>@<span class=\"apbct-blur\">***************<\/span>in.com<\/span> en pr\u00e9cisant l\u2019objet de votre demande.<\/p>\n<p>Nos catalogues sont \u00e9galement disponibles \u00e0 notre comptoir de vente.<\/p>\n<\/div><\/div><\/div><div class=\"fusion-layout-column fusion_builder_column fusion-builder-column-4 fusion_builder_column_1_1 1_1 fusion-flex-column\" style=\"--awb-bg-size:cover;--awb-width-large:100%;--awb-margin-top-large:30px;--awb-spacing-right-large:1.92%;--awb-margin-bottom-large:30px;--awb-spacing-left-large:1.92%;--awb-width-medium:100%;--awb-order-medium:0;--awb-spacing-right-medium:1.92%;--awb-spacing-left-medium:1.92%;--awb-width-small:100%;--awb-order-small:0;--awb-spacing-right-small:1.92%;--awb-spacing-left-small:1.92%;\"><div class=\"fusion-column-wrapper fusion-column-has-shadow fusion-flex-justify-content-flex-start fusion-content-layout-column\"><div class=\"fusion-title title fusion-title-5 fusion-sep-none fusion-title-text fusion-title-size-two\" style=\"--awb-margin-bottom:20px;--awb-margin-top-small:10px;--awb-margin-right-small:0px;--awb-margin-bottom-small:10px;--awb-margin-left-small:0px;--awb-font-size:25px;\"><h2 class=\"fusion-title-heading title-heading-left\" style=\"margin:0;font-size:1em;line-height:28px;\">Soumettre une candidature<\/h2><\/div><div class=\"fusion-text fusion-text-5\"><p>Vous voulez soumettre votre candidature (stage, contrat de professionnalisation, alternance, freelance,\u2026) pour travailler aux \u00c9ditions du Dauphin ?<br \/>Envoyez votre demande par mail \u00e0 l\u2019adresse <a href=\"mailto:co*****@***************in.com\" data-original-string=\"fTrecbwGdvf1HsOQKiwAlg==1a9re25xtqPgfjOb+RZCDP3CEJmKWrJb7u45tdGAZ9ccgc=\" title=\"This contact has been encoded by Anti-Spam by CleanTalk. Click to decode. To finish the decoding make sure that JavaScript is enabled in your browser.\"><span \n                data-original-string='Eu47OXp8ON38bPPITKG+ZQ==1a9vdcjbo+vQlMDsK3vnlmeLY\/qXFKuKv9Un7iNN6Cz7Aw='\n                class='apbct-email-encoder'\n                title='This contact has been encoded by Anti-Spam by CleanTalk. Click to decode. To finish the decoding make sure that JavaScript is enabled in your browser.'>co<span class=\"apbct-blur\">*****<\/span>@<span class=\"apbct-blur\">***************<\/span>in.com<\/span><\/a> en joignant CV et lettre de motivation et en pr\u00e9cisant l\u2019objet de votre demande.<\/p>\n<\/div><\/div><\/div><div class=\"fusion-layout-column fusion_builder_column fusion-builder-column-5 fusion_builder_column_1_1 1_1 fusion-flex-column\" style=\"--awb-bg-size:cover;--awb-width-large:100%;--awb-margin-top-large:30px;--awb-spacing-right-large:1.92%;--awb-margin-bottom-large:30px;--awb-spacing-left-large:1.92%;--awb-width-medium:100%;--awb-order-medium:0;--awb-spacing-right-medium:1.92%;--awb-spacing-left-medium:1.92%;--awb-width-small:100%;--awb-order-small:0;--awb-spacing-right-small:1.92%;--awb-spacing-left-small:1.92%;\"><div class=\"fusion-column-wrapper fusion-column-has-shadow fusion-flex-justify-content-flex-start fusion-content-layout-column\"><div class=\"fusion-title title fusion-title-6 fusion-sep-none fusion-title-text fusion-title-size-two\" style=\"--awb-margin-bottom:20px;--awb-margin-top-small:10px;--awb-margin-right-small:0px;--awb-margin-bottom-small:10px;--awb-margin-left-small:0px;--awb-font-size:25px;\"><h2 class=\"fusion-title-heading title-heading-left\" style=\"margin:0;font-size:1em;line-height:28px;\">Acqu\u00e9rir un ouvrage qui n\u2019est plus commercialis\u00e9<\/h2><\/div><div class=\"fusion-text fusion-text-6\"><p>Notre catalogue \u00e9volue d\u2019ann\u00e9es en ann\u00e9es, si jamais un livre que vous souhaitez n\u2019est plus commercialis\u00e9, n\u2019h\u00e9sitez pas \u00e0 nous contacter \u00e0 l\u2019adresse <a href=\"mailto:co*****@***************in.com\" data-original-string=\"uZ8SsF2QN3F\/xBV53CCpJw==1a9UtWK9f+j2BUucwdE5tNXEcjvfGXX+d0nJB05lXtRa9k=\" title=\"This contact has been encoded by Anti-Spam by CleanTalk. Click to decode. To finish the decoding make sure that JavaScript is enabled in your browser.\"><span \n                data-original-string='3WDjG6lGqo5HNpeLg4rnCQ==1a99f\/b09f0IGiTU+wFgEMcUZe2rycefK6qVr7fjxJFfIU='\n                class='apbct-email-encoder'\n                title='This contact has been encoded by Anti-Spam by CleanTalk. Click to decode. To finish the decoding make sure that JavaScript is enabled in your browser.'>co<span class=\"apbct-blur\">*****<\/span>@<span class=\"apbct-blur\">***************<\/span>in.com<\/span><\/a> pour savoir s\u2019il est toujours disponibles.<\/p>\n<\/div><\/div><\/div><\/div><\/div>\n","protected":false},"excerpt":{"rendered":"","protected":false},"author":15,"featured_media":0,"parent":28,"menu_order":0,"comment_status":"closed","ping_status":"closed","template":"","meta":{"_acf_changed":false,"wpupg_custom_link":[],"wpupg_custom_link_behaviour":[],"wpupg_custom_link_nofollow":[],"wpupg_custom_image":[],"wpupg_custom_image_id":[],"footnotes":""},"class_list":["post-1865","page","type-page","status-publish","hentry"],"acf":[],"yoast_head":"<!-- This site is optimized with the Yoast SEO plugin v27.4 - https:\/\/yoast.com\/product\/yoast-seo-wordpress\/ -->\n<title>Foreign rights<\/title>\n<meta name=\"robots\" content=\"index, follow, max-snippet:-1, max-image-preview:large, max-video-preview:-1\" \/>\n<link rel=\"canonical\" href=\"https:\/\/editionsdudauphin.com\/en\/espace-pro\/foreign-rights\" \/>\n<meta property=\"og:locale\" content=\"en_US\" \/>\n<meta property=\"og:type\" content=\"article\" \/>\n<meta property=\"og:title\" content=\"Foreign rights\" \/>\n<meta property=\"og:url\" content=\"https:\/\/editionsdudauphin.com\/en\/espace-pro\/foreign-rights\" \/>\n<meta property=\"og:site_name\" content=\"\u00c9ditions du Dauphin\" \/>\n<meta property=\"article:modified_time\" content=\"2021-06-06T19:38:27+00:00\" \/>\n<meta name=\"twitter:card\" content=\"summary_large_image\" \/>\n<meta name=\"twitter:label1\" content=\"Est. reading time\" \/>\n\t<meta name=\"twitter:data1\" content=\"17 minutes\" \/>\n<script type=\"application\/ld+json\" class=\"yoast-schema-graph\">{\"@context\":\"https:\\\/\\\/schema.org\",\"@graph\":[{\"@type\":\"WebPage\",\"@id\":\"https:\\\/\\\/editionsdudauphin.com\\\/en\\\/espace-pro\\\/foreign-rights\",\"url\":\"https:\\\/\\\/editionsdudauphin.com\\\/en\\\/espace-pro\\\/foreign-rights\",\"name\":\"Foreign rights\",\"isPartOf\":{\"@id\":\"https:\\\/\\\/editionsdudauphin.com\\\/en#website\"},\"datePublished\":\"2019-01-18T09:03:41+00:00\",\"dateModified\":\"2021-06-06T19:38:27+00:00\",\"breadcrumb\":{\"@id\":\"https:\\\/\\\/editionsdudauphin.com\\\/en\\\/espace-pro\\\/foreign-rights#breadcrumb\"},\"inLanguage\":\"en-US\",\"potentialAction\":[{\"@type\":\"ReadAction\",\"target\":[\"https:\\\/\\\/editionsdudauphin.com\\\/en\\\/espace-pro\\\/foreign-rights\"]}]},{\"@type\":\"BreadcrumbList\",\"@id\":\"https:\\\/\\\/editionsdudauphin.com\\\/en\\\/espace-pro\\\/foreign-rights#breadcrumb\",\"itemListElement\":[{\"@type\":\"ListItem\",\"position\":1,\"name\":\"Accueil\",\"item\":\"https:\\\/\\\/editionsdudauphin.com\\\/en\"},{\"@type\":\"ListItem\",\"position\":2,\"name\":\"Espace pro\",\"item\":\"https:\\\/\\\/editionsdudauphin.com\\\/en\\\/espace-pro\"},{\"@type\":\"ListItem\",\"position\":3,\"name\":\"Foreign rights\"}]},{\"@type\":\"WebSite\",\"@id\":\"https:\\\/\\\/editionsdudauphin.com\\\/en#website\",\"url\":\"https:\\\/\\\/editionsdudauphin.com\\\/en\",\"name\":\"\u00c9ditions du Dauphin\",\"description\":\"\",\"potentialAction\":[{\"@type\":\"SearchAction\",\"target\":{\"@type\":\"EntryPoint\",\"urlTemplate\":\"https:\\\/\\\/editionsdudauphin.com\\\/en?s={search_term_string}\"},\"query-input\":{\"@type\":\"PropertyValueSpecification\",\"valueRequired\":true,\"valueName\":\"search_term_string\"}}],\"inLanguage\":\"en-US\"}]}<\/script>\n<!-- \/ Yoast SEO plugin. -->","yoast_head_json":{"title":"Foreign rights","robots":{"index":"index","follow":"follow","max-snippet":"max-snippet:-1","max-image-preview":"max-image-preview:large","max-video-preview":"max-video-preview:-1"},"canonical":"https:\/\/editionsdudauphin.com\/en\/espace-pro\/foreign-rights","og_locale":"en_US","og_type":"article","og_title":"Foreign rights","og_url":"https:\/\/editionsdudauphin.com\/en\/espace-pro\/foreign-rights","og_site_name":"\u00c9ditions du Dauphin","article_modified_time":"2021-06-06T19:38:27+00:00","twitter_card":"summary_large_image","twitter_misc":{"Est. reading time":"17 minutes"},"schema":{"@context":"https:\/\/schema.org","@graph":[{"@type":"WebPage","@id":"https:\/\/editionsdudauphin.com\/en\/espace-pro\/foreign-rights","url":"https:\/\/editionsdudauphin.com\/en\/espace-pro\/foreign-rights","name":"Foreign rights","isPartOf":{"@id":"https:\/\/editionsdudauphin.com\/en#website"},"datePublished":"2019-01-18T09:03:41+00:00","dateModified":"2021-06-06T19:38:27+00:00","breadcrumb":{"@id":"https:\/\/editionsdudauphin.com\/en\/espace-pro\/foreign-rights#breadcrumb"},"inLanguage":"en-US","potentialAction":[{"@type":"ReadAction","target":["https:\/\/editionsdudauphin.com\/en\/espace-pro\/foreign-rights"]}]},{"@type":"BreadcrumbList","@id":"https:\/\/editionsdudauphin.com\/en\/espace-pro\/foreign-rights#breadcrumb","itemListElement":[{"@type":"ListItem","position":1,"name":"Accueil","item":"https:\/\/editionsdudauphin.com\/en"},{"@type":"ListItem","position":2,"name":"Espace pro","item":"https:\/\/editionsdudauphin.com\/en\/espace-pro"},{"@type":"ListItem","position":3,"name":"Foreign rights"}]},{"@type":"WebSite","@id":"https:\/\/editionsdudauphin.com\/en#website","url":"https:\/\/editionsdudauphin.com\/en","name":"\u00c9ditions du Dauphin","description":"","potentialAction":[{"@type":"SearchAction","target":{"@type":"EntryPoint","urlTemplate":"https:\/\/editionsdudauphin.com\/en?s={search_term_string}"},"query-input":{"@type":"PropertyValueSpecification","valueRequired":true,"valueName":"search_term_string"}}],"inLanguage":"en-US"}]}},"_links":{"self":[{"href":"https:\/\/editionsdudauphin.com\/en\/wp-json\/wp\/v2\/pages\/1865","targetHints":{"allow":["GET"]}}],"collection":[{"href":"https:\/\/editionsdudauphin.com\/en\/wp-json\/wp\/v2\/pages"}],"about":[{"href":"https:\/\/editionsdudauphin.com\/en\/wp-json\/wp\/v2\/types\/page"}],"author":[{"embeddable":true,"href":"https:\/\/editionsdudauphin.com\/en\/wp-json\/wp\/v2\/users\/15"}],"replies":[{"embeddable":true,"href":"https:\/\/editionsdudauphin.com\/en\/wp-json\/wp\/v2\/comments?post=1865"}],"version-history":[{"count":0,"href":"https:\/\/editionsdudauphin.com\/en\/wp-json\/wp\/v2\/pages\/1865\/revisions"}],"up":[{"embeddable":true,"href":"https:\/\/editionsdudauphin.com\/en\/wp-json\/wp\/v2\/pages\/28"}],"wp:attachment":[{"href":"https:\/\/editionsdudauphin.com\/en\/wp-json\/wp\/v2\/media?parent=1865"}],"curies":[{"name":"wp","href":"https:\/\/api.w.org\/{rel}","templated":true}]}}