{"id":3057,"date":"2019-01-29T15:34:19","date_gmt":"2019-01-29T14:34:19","guid":{"rendered":"http:\/\/dev.editionsdudauphin.com\/?page_id=3057"},"modified":"2021-06-05T15:41:38","modified_gmt":"2021-06-05T13:41:38","slug":"mentions-legales","status":"publish","type":"page","link":"https:\/\/editionsdudauphin.com\/en\/mentions-legales","title":{"rendered":"Mentions l\u00e9gales"},"content":{"rendered":"<div class=\"fusion-fullwidth fullwidth-box fusion-builder-row-1 fusion-flex-container nonhundred-percent-fullwidth non-hundred-percent-height-scrolling\" style=\"--awb-border-radius-top-left:0px;--awb-border-radius-top-right:0px;--awb-border-radius-bottom-right:0px;--awb-border-radius-bottom-left:0px;--awb-flex-wrap:wrap;\" ><div class=\"fusion-builder-row fusion-row fusion-flex-align-items-flex-start fusion-flex-content-wrap\" style=\"max-width:1248px;margin-left: calc(-4% \/ 2 );margin-right: calc(-4% \/ 2 );\"><div class=\"fusion-layout-column fusion_builder_column fusion-builder-column-0 fusion_builder_column_1_1 1_1 fusion-flex-column\" style=\"--awb-bg-size:cover;--awb-width-large:100%;--awb-margin-top-large:3px;--awb-spacing-right-large:1.92%;--awb-margin-bottom-large:30px;--awb-spacing-left-large:1.92%;--awb-width-medium:100%;--awb-order-medium:0;--awb-spacing-right-medium:1.92%;--awb-spacing-left-medium:1.92%;--awb-width-small:100%;--awb-order-small:0;--awb-spacing-right-small:1.92%;--awb-spacing-left-small:1.92%;\"><div class=\"fusion-column-wrapper fusion-column-has-shadow fusion-flex-justify-content-flex-start fusion-content-layout-column\"><div class=\"fusion-title title fusion-title-1 fusion-sep-none fusion-title-text fusion-title-size-two\" style=\"--awb-margin-bottom:20px;--awb-margin-top-small:10px;--awb-margin-right-small:0px;--awb-margin-bottom-small:10px;--awb-margin-left-small:0px;--awb-font-size:25px;\"><h2 class=\"fusion-title-heading title-heading-left\" style=\"margin:0;font-size:1em;line-height:28px;\">Identification<\/h2><\/div><div class=\"fusion-text fusion-text-1\"><p><strong>\u00c9ditions du Dauphin<\/strong><br \/>43-45 rue de la tombe Issoire &#8211; 75014 Paris<br \/>T\u00e9l : +33(0)1 43 27 79 00<br \/>Soci\u00e9t\u00e9 \u00e0 responsabilit\u00e9 limit\u00e9e de presse<br \/>Capital social : 8 000 euros<br \/>RCS Paris 632 037 032<br \/>Directrice de la publication : Gabrielle Tromelin<\/p>\n<\/div><\/div><\/div><div class=\"fusion-layout-column fusion_builder_column fusion-builder-column-1 fusion_builder_column_1_1 1_1 fusion-flex-column\" style=\"--awb-bg-size:cover;--awb-width-large:100%;--awb-margin-top-large:30px;--awb-spacing-right-large:1.92%;--awb-margin-bottom-large:30px;--awb-spacing-left-large:1.92%;--awb-width-medium:100%;--awb-order-medium:0;--awb-spacing-right-medium:1.92%;--awb-spacing-left-medium:1.92%;--awb-width-small:100%;--awb-order-small:0;--awb-spacing-right-small:1.92%;--awb-spacing-left-small:1.92%;\"><div class=\"fusion-column-wrapper fusion-column-has-shadow fusion-flex-justify-content-flex-start fusion-content-layout-column\"><div class=\"fusion-title title fusion-title-2 fusion-sep-none fusion-title-text fusion-title-size-two\" style=\"--awb-margin-bottom:20px;--awb-margin-top-small:10px;--awb-margin-right-small:0px;--awb-margin-bottom-small:10px;--awb-margin-left-small:0px;--awb-font-size:25px;\"><h2 class=\"fusion-title-heading title-heading-left\" style=\"margin:0;font-size:1em;line-height:28px;\">H\u00e9bergeur<\/h2><\/div><div class=\"fusion-text fusion-text-2\"><p>Soci\u00e9t\u00e9 Ikoula, 177 Rue d&#8217;Aguesseau, 92100 Boulogne-Billancourt.<br \/>T\u00e9l : <a href=\"https:\/\/www.google.com\/search?ei=DwQCXfP0IuuGjLsPhYq-oAU&amp;q=ikoula&amp;oq=ikoula&amp;gs_l=psy-ab.3..0l10.5566.78572..78740...2.0..0.46.236.6......0....1..gws-wiz.....6..0i71j35i39j0i131j0i67j0i131i67.MkHbetEmnVY\" target=\"_blank\" rel=\"noopener\">01 84 01 02 50<\/a><\/p>\n<\/div><\/div><\/div><div class=\"fusion-layout-column fusion_builder_column fusion-builder-column-2 fusion_builder_column_1_1 1_1 fusion-flex-column\" style=\"--awb-bg-size:cover;--awb-width-large:100%;--awb-margin-top-large:30px;--awb-spacing-right-large:1.92%;--awb-margin-bottom-large:30px;--awb-spacing-left-large:1.92%;--awb-width-medium:100%;--awb-order-medium:0;--awb-spacing-right-medium:1.92%;--awb-spacing-left-medium:1.92%;--awb-width-small:100%;--awb-order-small:0;--awb-spacing-right-small:1.92%;--awb-spacing-left-small:1.92%;\"><div class=\"fusion-column-wrapper fusion-column-has-shadow fusion-flex-justify-content-flex-start fusion-content-layout-column\"><div class=\"fusion-title title fusion-title-3 fusion-sep-none fusion-title-text fusion-title-size-two\" style=\"--awb-margin-bottom:20px;--awb-margin-top-small:10px;--awb-margin-right-small:0px;--awb-margin-bottom-small:10px;--awb-margin-left-small:0px;--awb-font-size:25px;\"><h2 class=\"fusion-title-heading title-heading-left\" style=\"margin:0;font-size:1em;line-height:28px;\">Droit d&#8217;auteur et responsabilit\u00e9s<\/h2><\/div><div class=\"fusion-text fusion-text-3\"><p>Les informations contenues dans ce site sont soumises \u00e0 la loi fran\u00e7aise et sont fournies sans garantie d&#8217;aucune sorte, ni explicite ni tacite. Ces informations peuvent contenir des inexactitudes techniques ou des erreurs typographiques. Elles sont non contractuelles et sujettes \u00e0 modification sans pr\u00e9avis.<\/p>\n<p>L&#8217;ensemble des contenus, pages, scripts, ic\u00f4nes et sons de ce site sont la propri\u00e9t\u00e9 exclusive DES \u00c9DITIONS DU DAUPHIN ou des d\u00e9tenteurs de droits mentionn\u00e9s. Toute production, reproduction ou repr\u00e9sentation de ce site, en tout ou partie (textes, sons ou images), sur quelque support que ce soit est interdite. Le non respect de cette interdiction constitue une contrefa\u00e7on pouvant engager la responsabilit\u00e9 civile et p\u00e9nale du contrefacteur. Il est strictement interdit d&#8217;utiliser ou de reproduire le nom AUX \u00c9DITIONS DU DAUPHIN, ainsi que tout logo et visuel DES \u00c9DITIONS DU DAUPHIN, seuls ou associ\u00e9s, \u00e0 quelque titre que ce soit.<\/p>\n<p>LES \u00c9DITIONS DU DAUPHIN ne sont pas responsables du contenu de tout autre site auquel vous pourriez avoir acc\u00e8s via le site officiel AUX \u00c9DITIONS DU DAUPHIN. Il est express\u00e9ment entendu par l&#8217;utilisateur de ce site qu&#8217;en aucun cas LES \u00c9DITIONS DU DAUPHIN ne peuvent \u00eatre tenu responsables des dommages quelconques, directs ou indirects, mat\u00e9riels ou immat\u00e9riels ou sp\u00e9ciaux, r\u00e9sultant notamment de la consultation et\/ou de l&#8217;utilisation de ce site Web ou d&#8217;autres sites qui lui sont li\u00e9s, comme des utilisations d&#8217;informations textuelles, sonores ou visuelles qui auraient pu y \u00eatre recueillies et notamment de tout pr\u00e9judice financier ou commercial, de pertes de programmes ou de donn\u00e9es dans son syst\u00e8me d&#8217;information ou autre.<\/p>\n<p>En l&#8217;absence de tout engagement contractuel, LES \u00c9DITIONS DU DAUPHIN peuvent \u00e0 tout moment supprimer toute information ou toute r\u00e9f\u00e9rence sur son site ou m\u00eame suspendre ledit site et ce discr\u00e9tionnairement et sans pr\u00e9avis.<\/p>\n<p>Les bases de donn\u00e9es figurant sur le serveur Internet sont prot\u00e9g\u00e9es par la loi du 1er juillet 1998.<\/p>\n<\/div><\/div><\/div><div class=\"fusion-layout-column fusion_builder_column fusion-builder-column-3 fusion_builder_column_1_1 1_1 fusion-flex-column\" style=\"--awb-bg-size:cover;--awb-width-large:100%;--awb-margin-top-large:30px;--awb-spacing-right-large:1.92%;--awb-margin-bottom-large:30px;--awb-spacing-left-large:1.92%;--awb-width-medium:100%;--awb-order-medium:0;--awb-spacing-right-medium:1.92%;--awb-spacing-left-medium:1.92%;--awb-width-small:100%;--awb-order-small:0;--awb-spacing-right-small:1.92%;--awb-spacing-left-small:1.92%;\"><div class=\"fusion-column-wrapper fusion-column-has-shadow fusion-flex-justify-content-flex-start fusion-content-layout-column\"><div class=\"fusion-title title fusion-title-4 fusion-sep-none fusion-title-text fusion-title-size-two\" style=\"--awb-margin-bottom:20px;--awb-margin-top-small:10px;--awb-margin-right-small:0px;--awb-margin-bottom-small:10px;--awb-margin-left-small:0px;--awb-font-size:25px;\"><h2 class=\"fusion-title-heading title-heading-left\" style=\"margin:0;font-size:1em;line-height:28px;\">Informations nominatives<\/h2><\/div><div class=\"fusion-text fusion-text-4\"><p>Les informations nominatives figurant sur ce site, ou collect\u00e9es par le moyen des formulaires \u00ab en ligne \u00bb, sont collect\u00e9es dans les conditions pr\u00e9vues par la loi fran\u00e7aise \u00ab informatique et libert\u00e9s \u00bb du 6 janvier 1978. Toute personne ayant fourni ces donn\u00e9es dispose d&#8217;un droit d&#8217;acc\u00e8s, de modification, de rectification et de suppression des donn\u00e9es en adressant un mail \u00e0 l\u2019administrateur du site.<\/p>\n<\/div><\/div><\/div><div class=\"fusion-layout-column fusion_builder_column fusion-builder-column-4 fusion_builder_column_1_1 1_1 fusion-flex-column\" style=\"--awb-bg-size:cover;--awb-width-large:100%;--awb-margin-top-large:30px;--awb-spacing-right-large:1.92%;--awb-margin-bottom-large:30px;--awb-spacing-left-large:1.92%;--awb-width-medium:100%;--awb-order-medium:0;--awb-spacing-right-medium:1.92%;--awb-spacing-left-medium:1.92%;--awb-width-small:100%;--awb-order-small:0;--awb-spacing-right-small:1.92%;--awb-spacing-left-small:1.92%;\"><div class=\"fusion-column-wrapper fusion-column-has-shadow fusion-flex-justify-content-flex-start fusion-content-layout-column\"><div class=\"fusion-title title fusion-title-5 fusion-sep-none fusion-title-text fusion-title-size-two\" style=\"--awb-margin-bottom:20px;--awb-margin-top-small:10px;--awb-margin-right-small:0px;--awb-margin-bottom-small:10px;--awb-margin-left-small:0px;--awb-font-size:25px;\"><h2 class=\"fusion-title-heading title-heading-left\" style=\"margin:0;font-size:1em;line-height:28px;\">Cr\u00e9dits<\/h2><\/div><div class=\"fusion-text fusion-text-5\"><p>Ce site a \u00e9t\u00e9 d\u00e9velopp\u00e9 par <a href=\"https:\/\/sharingcross.fr\/\" target=\"_blank\" rel=\"noopener\">Sharing Cross<\/a> ,46 Rue Mathurin R\u00e9gnier, 75015 Paris. T\u00e9l : <a href=\"https:\/\/www.google.com\/search?ei=XwQCXZTlE_qdjLsPjcSX8A4&amp;q=sharing+cross&amp;oq=sharing+cross&amp;gs_l=psy-ab.3..35i39j0i10l9.60937.63456..63593...2.0..0.65.639.14......0....1..gws-wiz.....6..0i71j0i131j0i67j0j0i20i263j0i13.XQOK_6jVR0s\" target=\"_blank\" rel=\"noopener\">01 45 66 58 33<\/a><\/p>\n<p>Tous les \u00e9l\u00e9ments repr\u00e9sent\u00e9s dans ce site appartiennent aux \u00c9ditions du Dauphin sauf mention contraire. Tous droits de repr\u00e9sentation, de reproduction et d&#8217;adaptation reserv\u00e9s.<\/p>\n<p>\u00a9 \u00c9ditions du Dauphin, 2019.<\/p>\n<\/div><\/div><\/div><\/div><\/div>\n","protected":false},"excerpt":{"rendered":"","protected":false},"author":15,"featured_media":0,"parent":0,"menu_order":0,"comment_status":"closed","ping_status":"closed","template":"","meta":{"_acf_changed":false,"wpupg_custom_link":[],"wpupg_custom_link_behaviour":[],"wpupg_custom_link_nofollow":[],"wpupg_custom_image":[],"wpupg_custom_image_id":[],"footnotes":""},"class_list":["post-3057","page","type-page","status-publish","hentry"],"acf":[],"yoast_head":"<!-- This site is optimized with the Yoast SEO plugin v27.4 - https:\/\/yoast.com\/product\/yoast-seo-wordpress\/ -->\n<title>Mentions l\u00e9gales<\/title>\n<meta name=\"robots\" content=\"index, follow, max-snippet:-1, max-image-preview:large, max-video-preview:-1\" \/>\n<link rel=\"canonical\" href=\"https:\/\/editionsdudauphin.com\/en\/mentions-legales\" \/>\n<meta property=\"og:locale\" content=\"en_US\" \/>\n<meta property=\"og:type\" content=\"article\" \/>\n<meta property=\"og:title\" content=\"Mentions l\u00e9gales\" \/>\n<meta property=\"og:url\" content=\"https:\/\/editionsdudauphin.com\/en\/mentions-legales\" \/>\n<meta property=\"og:site_name\" content=\"\u00c9ditions du Dauphin\" \/>\n<meta property=\"article:modified_time\" content=\"2021-06-05T13:41:38+00:00\" \/>\n<meta name=\"twitter:card\" content=\"summary_large_image\" \/>\n<meta name=\"twitter:label1\" content=\"Est. reading time\" \/>\n\t<meta name=\"twitter:data1\" content=\"12 minutes\" \/>\n<script type=\"application\/ld+json\" class=\"yoast-schema-graph\">{\"@context\":\"https:\\\/\\\/schema.org\",\"@graph\":[{\"@type\":\"WebPage\",\"@id\":\"https:\\\/\\\/editionsdudauphin.com\\\/en\\\/mentions-legales\",\"url\":\"https:\\\/\\\/editionsdudauphin.com\\\/en\\\/mentions-legales\",\"name\":\"Mentions l\u00e9gales\",\"isPartOf\":{\"@id\":\"https:\\\/\\\/editionsdudauphin.com\\\/en#website\"},\"datePublished\":\"2019-01-29T14:34:19+00:00\",\"dateModified\":\"2021-06-05T13:41:38+00:00\",\"breadcrumb\":{\"@id\":\"https:\\\/\\\/editionsdudauphin.com\\\/en\\\/mentions-legales#breadcrumb\"},\"inLanguage\":\"en-US\",\"potentialAction\":[{\"@type\":\"ReadAction\",\"target\":[\"https:\\\/\\\/editionsdudauphin.com\\\/en\\\/mentions-legales\"]}]},{\"@type\":\"BreadcrumbList\",\"@id\":\"https:\\\/\\\/editionsdudauphin.com\\\/en\\\/mentions-legales#breadcrumb\",\"itemListElement\":[{\"@type\":\"ListItem\",\"position\":1,\"name\":\"Accueil\",\"item\":\"https:\\\/\\\/editionsdudauphin.com\\\/en\"},{\"@type\":\"ListItem\",\"position\":2,\"name\":\"Mentions l\u00e9gales\"}]},{\"@type\":\"WebSite\",\"@id\":\"https:\\\/\\\/editionsdudauphin.com\\\/en#website\",\"url\":\"https:\\\/\\\/editionsdudauphin.com\\\/en\",\"name\":\"\u00c9ditions du Dauphin\",\"description\":\"\",\"potentialAction\":[{\"@type\":\"SearchAction\",\"target\":{\"@type\":\"EntryPoint\",\"urlTemplate\":\"https:\\\/\\\/editionsdudauphin.com\\\/en?s={search_term_string}\"},\"query-input\":{\"@type\":\"PropertyValueSpecification\",\"valueRequired\":true,\"valueName\":\"search_term_string\"}}],\"inLanguage\":\"en-US\"}]}<\/script>\n<!-- \/ Yoast SEO plugin. -->","yoast_head_json":{"title":"Mentions l\u00e9gales","robots":{"index":"index","follow":"follow","max-snippet":"max-snippet:-1","max-image-preview":"max-image-preview:large","max-video-preview":"max-video-preview:-1"},"canonical":"https:\/\/editionsdudauphin.com\/en\/mentions-legales","og_locale":"en_US","og_type":"article","og_title":"Mentions l\u00e9gales","og_url":"https:\/\/editionsdudauphin.com\/en\/mentions-legales","og_site_name":"\u00c9ditions du Dauphin","article_modified_time":"2021-06-05T13:41:38+00:00","twitter_card":"summary_large_image","twitter_misc":{"Est. reading time":"12 minutes"},"schema":{"@context":"https:\/\/schema.org","@graph":[{"@type":"WebPage","@id":"https:\/\/editionsdudauphin.com\/en\/mentions-legales","url":"https:\/\/editionsdudauphin.com\/en\/mentions-legales","name":"Mentions l\u00e9gales","isPartOf":{"@id":"https:\/\/editionsdudauphin.com\/en#website"},"datePublished":"2019-01-29T14:34:19+00:00","dateModified":"2021-06-05T13:41:38+00:00","breadcrumb":{"@id":"https:\/\/editionsdudauphin.com\/en\/mentions-legales#breadcrumb"},"inLanguage":"en-US","potentialAction":[{"@type":"ReadAction","target":["https:\/\/editionsdudauphin.com\/en\/mentions-legales"]}]},{"@type":"BreadcrumbList","@id":"https:\/\/editionsdudauphin.com\/en\/mentions-legales#breadcrumb","itemListElement":[{"@type":"ListItem","position":1,"name":"Accueil","item":"https:\/\/editionsdudauphin.com\/en"},{"@type":"ListItem","position":2,"name":"Mentions l\u00e9gales"}]},{"@type":"WebSite","@id":"https:\/\/editionsdudauphin.com\/en#website","url":"https:\/\/editionsdudauphin.com\/en","name":"\u00c9ditions du Dauphin","description":"","potentialAction":[{"@type":"SearchAction","target":{"@type":"EntryPoint","urlTemplate":"https:\/\/editionsdudauphin.com\/en?s={search_term_string}"},"query-input":{"@type":"PropertyValueSpecification","valueRequired":true,"valueName":"search_term_string"}}],"inLanguage":"en-US"}]}},"_links":{"self":[{"href":"https:\/\/editionsdudauphin.com\/en\/wp-json\/wp\/v2\/pages\/3057","targetHints":{"allow":["GET"]}}],"collection":[{"href":"https:\/\/editionsdudauphin.com\/en\/wp-json\/wp\/v2\/pages"}],"about":[{"href":"https:\/\/editionsdudauphin.com\/en\/wp-json\/wp\/v2\/types\/page"}],"author":[{"embeddable":true,"href":"https:\/\/editionsdudauphin.com\/en\/wp-json\/wp\/v2\/users\/15"}],"replies":[{"embeddable":true,"href":"https:\/\/editionsdudauphin.com\/en\/wp-json\/wp\/v2\/comments?post=3057"}],"version-history":[{"count":0,"href":"https:\/\/editionsdudauphin.com\/en\/wp-json\/wp\/v2\/pages\/3057\/revisions"}],"wp:attachment":[{"href":"https:\/\/editionsdudauphin.com\/en\/wp-json\/wp\/v2\/media?parent=3057"}],"curies":[{"name":"wp","href":"https:\/\/api.w.org\/{rel}","templated":true}]}}