{"id":34,"date":"2019-01-17T10:25:17","date_gmt":"2019-01-17T09:25:17","guid":{"rendered":"http:\/\/dev.editionsdudauphin.com\/?page_id=34"},"modified":"2026-02-10T16:32:22","modified_gmt":"2026-02-10T15:32:22","slug":"ou-deposer-un-manuscrit","status":"publish","type":"page","link":"https:\/\/editionsdudauphin.com\/en\/ou-deposer-un-manuscrit","title":{"rendered":"O\u00f9 d\u00e9poser un manuscrit ?"},"content":{"rendered":"<div class=\"fusion-fullwidth fullwidth-box fusion-builder-row-1 fusion-flex-container nonhundred-percent-fullwidth non-hundred-percent-height-scrolling\" style=\"--awb-border-radius-top-left:0px;--awb-border-radius-top-right:0px;--awb-border-radius-bottom-right:0px;--awb-border-radius-bottom-left:0px;--awb-flex-wrap:wrap;\" ><div class=\"fusion-builder-row fusion-row fusion-flex-align-items-flex-start fusion-flex-content-wrap\" style=\"max-width:1248px;margin-left: calc(-4% \/ 2 );margin-right: calc(-4% \/ 2 );\"><div class=\"fusion-layout-column fusion_builder_column fusion-builder-column-0 fusion_builder_column_1_1 1_1 fusion-flex-column\" style=\"--awb-bg-size:cover;--awb-width-large:100%;--awb-margin-top-large:0px;--awb-spacing-right-large:1.92%;--awb-margin-bottom-large:0px;--awb-spacing-left-large:1.92%;--awb-width-medium:100%;--awb-order-medium:0;--awb-spacing-right-medium:1.92%;--awb-spacing-left-medium:1.92%;--awb-width-small:100%;--awb-order-small:0;--awb-spacing-right-small:1.92%;--awb-spacing-left-small:1.92%;\"><div class=\"fusion-column-wrapper fusion-column-has-shadow fusion-flex-justify-content-flex-start fusion-content-layout-column\"><div class=\"fusion-text fusion-text-1\"><p>Nous acceptons les manuscrits au format papier, PDF et Word.<\/p>\n<p><strong>Chaque manuscrit devra \u00eatre accompagn\u00e9 d\u2019un dossier compos\u00e9 des \u00e9l\u00e9ments suivants :<\/strong><\/p>\n<p>&#8211; Une pr\u00e9sentation de l\u2019ouvrage<br \/>&#8211; Un sommaire<br \/>&#8211; Une biographie de l\u2019auteur<\/p>\n<p>Vous pouvez \u00e9galement joindre un chapitre pour nous aider \u00e0 mieux percevoir votre travail.<\/p>\n<p>Nous accusons r\u00e9ception de chaque proposition  et y r\u00e9pondons dans un d\u00e9lai de 3 mois pour obtenir une r\u00e9ponse (Mail ou courrier).<\/p>\n<p><strong>Vous pouvez nous envoyer votre manuscrit au format papier \u00e0 :<\/strong><\/p>\n<p>\u00c9ditions du Dauphin<br \/>Service des manuscrits<br \/>43-45 rue de la Tombe Issoire<br \/>75014 Paris<br \/><span style=\"background-color: rgba(0, 0, 0, 0);\"><br \/><b>Par mail ou <\/b><\/span><b><a href=\"https:\/\/wetransfer.com\/\" target=\"_blank\" rel=\"noopener noreferrer\">Wetransfer<\/a><span style=\"background-color: rgba(0, 0, 0, 0);\"> \u00e0 <\/span><\/b><i style=\"background-color: rgba(0, 0, 0, 0);\"><b>l\u2019adresse suivante :<\/b><br \/><\/i><span style=\"background-color: rgba(0, 0, 0, 0);\">contact(at)editionsdudauphin.com <br \/><\/span><i><span style=\"background-color: rgba(0, 0, 0, 0);\">\u26a0\ufe0f <b>A<\/b><\/span><span style=\"background-color: rgba(0, 0, 0, 0);\"><b>ttention :<\/b> remplacez (at) par @ dans l&#8217;adresse mail ci-dessus ( protection anti-spam ! )<\/span><\/i><\/p>\n<p>Si vous avez une autre demande concernant les manuscrits, merci de nous contacter au 01.43.27.79.00.<\/p>\n<p><em>Les projets non retenus ne seront ni retourn\u00e9s, ni conserv\u00e9s sauf en cas de demande \u00e9crite (mail ou courrier). Pour r\u00e9cup\u00e9rer votre manuscrit veuillez joindre une enveloppe au format correspondant et affranchie au montant d\u00fb pour le renvoi.<\/em><\/p>\n<\/div><\/div><\/div><\/div><\/div>\n","protected":false},"excerpt":{"rendered":"","protected":false},"author":15,"featured_media":0,"parent":0,"menu_order":0,"comment_status":"closed","ping_status":"closed","template":"","meta":{"_acf_changed":false,"wpupg_custom_link":[],"wpupg_custom_link_behaviour":[],"wpupg_custom_link_nofollow":[],"wpupg_custom_image":[],"wpupg_custom_image_id":[],"footnotes":""},"class_list":["post-34","page","type-page","status-publish","hentry"],"acf":[],"yoast_head":"<!-- This site is optimized with the Yoast SEO plugin v27.4 - https:\/\/yoast.com\/product\/yoast-seo-wordpress\/ -->\n<title>O\u00f9 d\u00e9poser un manuscrit ?<\/title>\n<meta name=\"robots\" content=\"index, follow, max-snippet:-1, max-image-preview:large, max-video-preview:-1\" \/>\n<link rel=\"canonical\" href=\"https:\/\/editionsdudauphin.com\/en\/ou-deposer-un-manuscrit\" \/>\n<meta property=\"og:locale\" content=\"en_US\" \/>\n<meta property=\"og:type\" content=\"article\" \/>\n<meta property=\"og:title\" content=\"O\u00f9 d\u00e9poser un manuscrit ?\" \/>\n<meta property=\"og:url\" content=\"https:\/\/editionsdudauphin.com\/en\/ou-deposer-un-manuscrit\" \/>\n<meta property=\"og:site_name\" content=\"\u00c9ditions du Dauphin\" \/>\n<meta property=\"article:modified_time\" content=\"2026-02-10T15:32:22+00:00\" \/>\n<meta name=\"twitter:card\" content=\"summary_large_image\" \/>\n<meta name=\"twitter:label1\" content=\"Est. reading time\" \/>\n\t<meta name=\"twitter:data1\" content=\"2 minutes\" \/>\n<script type=\"application\/ld+json\" class=\"yoast-schema-graph\">{\"@context\":\"https:\\\/\\\/schema.org\",\"@graph\":[{\"@type\":\"WebPage\",\"@id\":\"https:\\\/\\\/editionsdudauphin.com\\\/en\\\/ou-deposer-un-manuscrit\",\"url\":\"https:\\\/\\\/editionsdudauphin.com\\\/en\\\/ou-deposer-un-manuscrit\",\"name\":\"O\u00f9 d\u00e9poser un manuscrit ?\",\"isPartOf\":{\"@id\":\"https:\\\/\\\/editionsdudauphin.com\\\/en#website\"},\"datePublished\":\"2019-01-17T09:25:17+00:00\",\"dateModified\":\"2026-02-10T15:32:22+00:00\",\"breadcrumb\":{\"@id\":\"https:\\\/\\\/editionsdudauphin.com\\\/en\\\/ou-deposer-un-manuscrit#breadcrumb\"},\"inLanguage\":\"en-US\",\"potentialAction\":[{\"@type\":\"ReadAction\",\"target\":[\"https:\\\/\\\/editionsdudauphin.com\\\/en\\\/ou-deposer-un-manuscrit\"]}]},{\"@type\":\"BreadcrumbList\",\"@id\":\"https:\\\/\\\/editionsdudauphin.com\\\/en\\\/ou-deposer-un-manuscrit#breadcrumb\",\"itemListElement\":[{\"@type\":\"ListItem\",\"position\":1,\"name\":\"Accueil\",\"item\":\"https:\\\/\\\/editionsdudauphin.com\\\/en\"},{\"@type\":\"ListItem\",\"position\":2,\"name\":\"O\u00f9 d\u00e9poser un manuscrit ?\"}]},{\"@type\":\"WebSite\",\"@id\":\"https:\\\/\\\/editionsdudauphin.com\\\/en#website\",\"url\":\"https:\\\/\\\/editionsdudauphin.com\\\/en\",\"name\":\"\u00c9ditions du Dauphin\",\"description\":\"\",\"potentialAction\":[{\"@type\":\"SearchAction\",\"target\":{\"@type\":\"EntryPoint\",\"urlTemplate\":\"https:\\\/\\\/editionsdudauphin.com\\\/en?s={search_term_string}\"},\"query-input\":{\"@type\":\"PropertyValueSpecification\",\"valueRequired\":true,\"valueName\":\"search_term_string\"}}],\"inLanguage\":\"en-US\"}]}<\/script>\n<!-- \/ Yoast SEO plugin. -->","yoast_head_json":{"title":"O\u00f9 d\u00e9poser un manuscrit ?","robots":{"index":"index","follow":"follow","max-snippet":"max-snippet:-1","max-image-preview":"max-image-preview:large","max-video-preview":"max-video-preview:-1"},"canonical":"https:\/\/editionsdudauphin.com\/en\/ou-deposer-un-manuscrit","og_locale":"en_US","og_type":"article","og_title":"O\u00f9 d\u00e9poser un manuscrit ?","og_url":"https:\/\/editionsdudauphin.com\/en\/ou-deposer-un-manuscrit","og_site_name":"\u00c9ditions du Dauphin","article_modified_time":"2026-02-10T15:32:22+00:00","twitter_card":"summary_large_image","twitter_misc":{"Est. reading time":"2 minutes"},"schema":{"@context":"https:\/\/schema.org","@graph":[{"@type":"WebPage","@id":"https:\/\/editionsdudauphin.com\/en\/ou-deposer-un-manuscrit","url":"https:\/\/editionsdudauphin.com\/en\/ou-deposer-un-manuscrit","name":"O\u00f9 d\u00e9poser un manuscrit ?","isPartOf":{"@id":"https:\/\/editionsdudauphin.com\/en#website"},"datePublished":"2019-01-17T09:25:17+00:00","dateModified":"2026-02-10T15:32:22+00:00","breadcrumb":{"@id":"https:\/\/editionsdudauphin.com\/en\/ou-deposer-un-manuscrit#breadcrumb"},"inLanguage":"en-US","potentialAction":[{"@type":"ReadAction","target":["https:\/\/editionsdudauphin.com\/en\/ou-deposer-un-manuscrit"]}]},{"@type":"BreadcrumbList","@id":"https:\/\/editionsdudauphin.com\/en\/ou-deposer-un-manuscrit#breadcrumb","itemListElement":[{"@type":"ListItem","position":1,"name":"Accueil","item":"https:\/\/editionsdudauphin.com\/en"},{"@type":"ListItem","position":2,"name":"O\u00f9 d\u00e9poser un manuscrit ?"}]},{"@type":"WebSite","@id":"https:\/\/editionsdudauphin.com\/en#website","url":"https:\/\/editionsdudauphin.com\/en","name":"\u00c9ditions du Dauphin","description":"","potentialAction":[{"@type":"SearchAction","target":{"@type":"EntryPoint","urlTemplate":"https:\/\/editionsdudauphin.com\/en?s={search_term_string}"},"query-input":{"@type":"PropertyValueSpecification","valueRequired":true,"valueName":"search_term_string"}}],"inLanguage":"en-US"}]}},"_links":{"self":[{"href":"https:\/\/editionsdudauphin.com\/en\/wp-json\/wp\/v2\/pages\/34","targetHints":{"allow":["GET"]}}],"collection":[{"href":"https:\/\/editionsdudauphin.com\/en\/wp-json\/wp\/v2\/pages"}],"about":[{"href":"https:\/\/editionsdudauphin.com\/en\/wp-json\/wp\/v2\/types\/page"}],"author":[{"embeddable":true,"href":"https:\/\/editionsdudauphin.com\/en\/wp-json\/wp\/v2\/users\/15"}],"replies":[{"embeddable":true,"href":"https:\/\/editionsdudauphin.com\/en\/wp-json\/wp\/v2\/comments?post=34"}],"version-history":[{"count":0,"href":"https:\/\/editionsdudauphin.com\/en\/wp-json\/wp\/v2\/pages\/34\/revisions"}],"wp:attachment":[{"href":"https:\/\/editionsdudauphin.com\/en\/wp-json\/wp\/v2\/media?parent=34"}],"curies":[{"name":"wp","href":"https:\/\/api.w.org\/{rel}","templated":true}]}}