{"id":4163,"date":"2019-04-30T14:07:55","date_gmt":"2019-04-30T12:07:55","guid":{"rendered":"https:\/\/editionsdudauphin.com\/?page_id=4163"},"modified":"2023-06-29T11:34:23","modified_gmt":"2023-06-29T09:34:23","slug":"protection-des-donnees","status":"publish","type":"page","link":"https:\/\/editionsdudauphin.com\/en\/protection-des-donnees","title":{"rendered":"Protection des donn\u00e9es"},"content":{"rendered":"<div class=\"fusion-fullwidth fullwidth-box fusion-builder-row-1 fusion-flex-container nonhundred-percent-fullwidth non-hundred-percent-height-scrolling\" style=\"--awb-border-radius-top-left:0px;--awb-border-radius-top-right:0px;--awb-border-radius-bottom-right:0px;--awb-border-radius-bottom-left:0px;--awb-flex-wrap:wrap;\" ><div class=\"fusion-builder-row fusion-row fusion-flex-align-items-flex-start fusion-flex-content-wrap\" style=\"max-width:1248px;margin-left: calc(-4% \/ 2 );margin-right: calc(-4% \/ 2 );\"><div class=\"fusion-layout-column fusion_builder_column fusion-builder-column-0 fusion_builder_column_1_1 1_1 fusion-flex-column\" style=\"--awb-bg-size:cover;--awb-width-large:100%;--awb-margin-top-large:0px;--awb-spacing-right-large:1.92%;--awb-margin-bottom-large:0px;--awb-spacing-left-large:1.92%;--awb-width-medium:100%;--awb-spacing-right-medium:1.92%;--awb-spacing-left-medium:1.92%;--awb-width-small:100%;--awb-spacing-right-small:1.92%;--awb-spacing-left-small:1.92%;\"><div class=\"fusion-column-wrapper fusion-flex-justify-content-flex-start fusion-content-layout-column\"><div class=\"fusion-text fusion-text-1\"><p>Les informations qui sont demand\u00e9es au client sont, pour certaines signal\u00e9es comme telles, n\u00e9cessaires pour traiter et ex\u00e9cuter les commandes ou pr\u00e9commandes et constituent la preuve de l&#8217;ensemble des transactions pass\u00e9es par <a href=\"https:\/\/editionsdudauphin.com\/\">https:\/\/editionsdudauphin.com\/<\/a>\u00a0et ses clients, et pour d&#8217;autres, utiles pour conna\u00eetre le client et am\u00e9liorer les services qui peuvent \u00eatre propos\u00e9s sur le site. Ces informations et donn\u00e9es sont \u00e9galement conserv\u00e9es \u00e0 des fins de s\u00e9curit\u00e9 afin de respecter les obligations l\u00e9gales et r\u00e9glementaires.<\/p>\n<p>Les fichiers clients de\u00a0<a href=\"https:\/\/editionsdudauphin.com\/\">https:\/\/editionsdudauphin.com\/<\/a> wet les traitements dont ils font l&#8217;objet sont d\u00e9clar\u00e9s aupr\u00e8s de la Commission Nationale de l&#8217;Informatique et des Libert\u00e9s (CNIL) dont nous respectons scrupuleusement les r\u00e8gles (norme simplifi\u00e9e de r\u00e9f\u00e9rence NS-48). Le num\u00e9ro de d\u00e9claration est le (en attente).<\/p>\n<p>Le traitement des donn\u00e9es personnelles se fait dans le respect de la loi relative \u00e0 l&#8217;Informatique, aux fichiers et aux libert\u00e9s du 6 janvier 1978.<\/p>\n<p>Toute personne inscrite sur le site <a href=\"https:\/\/editionsdudauphin.com\/\">https:\/\/editionsdudauphin.com\/<\/a> dispose ainsi d&#8217;un droit d&#8217;acc\u00e8s et de rectification aux donn\u00e9es personnelles la concernant. Il lui suffit de contacter par courriel \u00e0 <span \n                data-original-string='wCul8UF2BRCpagajbDoWEg==1a9KwYq8EFYgfIyWig4WsDmgHrLQjXYDHGRvrsjyccEbqM='\n                class='apbct-email-encoder'\n                title='This contact has been encoded by Anti-Spam by CleanTalk. Click to decode. To finish the decoding make sure that JavaScript is enabled in your browser.'>bv<span class=\"apbct-blur\">****<\/span>@<span class=\"apbct-blur\">***************<\/span>in.com<\/span> (en indiquant nom, pr\u00e9nom, adresse et courriel).<\/p>\n<p><a href=\"https:\/\/editionsdudauphin.com\/\">https:\/\/editionsdudauphin.com\/<\/a> informe les visiteurs du site, par ailleurs, que des \u00abcookies\u00bb enregistrent certaines informations qui sont stock\u00e9es dans la m\u00e9moire de leur disque dur. Ces informations servent \u00e0 g\u00e9n\u00e9rer des statistiques d&#8217;audience du site et \u00e0 proposer des produits et services en fonction des pr\u00e9c\u00e9dentes visites. Il est aussi possible de configurer son navigateur pour accepter ou refuser les \u00abcookies\u00bb\u00a0<a href=\"https:\/\/editionsdudauphin.com\/\">https:\/\/editionsdudauphin.com\/<\/a> \u00e0 tout moment.<\/p>\n<p>Ces \u00abcookies\u00bb ne contiennent pas d&#8217;informations confidentielles concernant le visiteur et ne servent qu&#8217;\u00e0 am\u00e9liorer le service personnalis\u00e9 qui lui est destin\u00e9.<\/p>\n<\/div><script> window.didomiConfig={notice:{enable:false}};<\/script><\/div><\/div><\/div><\/div>\n","protected":false},"excerpt":{"rendered":"","protected":false},"author":15,"featured_media":0,"parent":0,"menu_order":0,"comment_status":"closed","ping_status":"closed","template":"","meta":{"_acf_changed":false,"wpupg_custom_link":[],"wpupg_custom_link_behaviour":["default"],"wpupg_custom_link_nofollow":[],"wpupg_custom_image":[],"wpupg_custom_image_id":[],"footnotes":""},"class_list":["post-4163","page","type-page","status-publish","hentry"],"acf":[],"yoast_head":"<!-- This site is optimized with the Yoast SEO plugin v27.3 - https:\/\/yoast.com\/product\/yoast-seo-wordpress\/ -->\n<title>Protection des donn\u00e9es<\/title>\n<meta name=\"robots\" content=\"index, follow, max-snippet:-1, max-image-preview:large, max-video-preview:-1\" \/>\n<link rel=\"canonical\" href=\"https:\/\/editionsdudauphin.com\/en\/protection-des-donnees\" \/>\n<meta property=\"og:locale\" content=\"en_US\" \/>\n<meta property=\"og:type\" content=\"article\" \/>\n<meta property=\"og:title\" content=\"Protection des donn\u00e9es\" \/>\n<meta property=\"og:url\" content=\"https:\/\/editionsdudauphin.com\/en\/protection-des-donnees\" \/>\n<meta property=\"og:site_name\" content=\"\u00c9ditions du Dauphin\" \/>\n<meta property=\"article:modified_time\" content=\"2023-06-29T09:34:23+00:00\" \/>\n<meta name=\"twitter:card\" content=\"summary_large_image\" \/>\n<meta name=\"twitter:label1\" content=\"Est. reading time\" \/>\n\t<meta name=\"twitter:data1\" content=\"2 minutes\" \/>\n<script type=\"application\/ld+json\" class=\"yoast-schema-graph\">{\"@context\":\"https:\\\/\\\/schema.org\",\"@graph\":[{\"@type\":\"WebPage\",\"@id\":\"https:\\\/\\\/editionsdudauphin.com\\\/en\\\/protection-des-donnees\",\"url\":\"https:\\\/\\\/editionsdudauphin.com\\\/en\\\/protection-des-donnees\",\"name\":\"Protection des donn\u00e9es\",\"isPartOf\":{\"@id\":\"https:\\\/\\\/editionsdudauphin.com\\\/en#website\"},\"datePublished\":\"2019-04-30T12:07:55+00:00\",\"dateModified\":\"2023-06-29T09:34:23+00:00\",\"breadcrumb\":{\"@id\":\"https:\\\/\\\/editionsdudauphin.com\\\/en\\\/protection-des-donnees#breadcrumb\"},\"inLanguage\":\"en-US\",\"potentialAction\":[{\"@type\":\"ReadAction\",\"target\":[\"https:\\\/\\\/editionsdudauphin.com\\\/en\\\/protection-des-donnees\"]}]},{\"@type\":\"BreadcrumbList\",\"@id\":\"https:\\\/\\\/editionsdudauphin.com\\\/en\\\/protection-des-donnees#breadcrumb\",\"itemListElement\":[{\"@type\":\"ListItem\",\"position\":1,\"name\":\"Accueil\",\"item\":\"https:\\\/\\\/editionsdudauphin.com\\\/en\"},{\"@type\":\"ListItem\",\"position\":2,\"name\":\"Protection des donn\u00e9es\"}]},{\"@type\":\"WebSite\",\"@id\":\"https:\\\/\\\/editionsdudauphin.com\\\/en#website\",\"url\":\"https:\\\/\\\/editionsdudauphin.com\\\/en\",\"name\":\"\u00c9ditions du Dauphin\",\"description\":\"\",\"potentialAction\":[{\"@type\":\"SearchAction\",\"target\":{\"@type\":\"EntryPoint\",\"urlTemplate\":\"https:\\\/\\\/editionsdudauphin.com\\\/en?s={search_term_string}\"},\"query-input\":{\"@type\":\"PropertyValueSpecification\",\"valueRequired\":true,\"valueName\":\"search_term_string\"}}],\"inLanguage\":\"en-US\"}]}<\/script>\n<!-- \/ Yoast SEO plugin. -->","yoast_head_json":{"title":"Protection des donn\u00e9es","robots":{"index":"index","follow":"follow","max-snippet":"max-snippet:-1","max-image-preview":"max-image-preview:large","max-video-preview":"max-video-preview:-1"},"canonical":"https:\/\/editionsdudauphin.com\/en\/protection-des-donnees","og_locale":"en_US","og_type":"article","og_title":"Protection des donn\u00e9es","og_url":"https:\/\/editionsdudauphin.com\/en\/protection-des-donnees","og_site_name":"\u00c9ditions du Dauphin","article_modified_time":"2023-06-29T09:34:23+00:00","twitter_card":"summary_large_image","twitter_misc":{"Est. reading time":"2 minutes"},"schema":{"@context":"https:\/\/schema.org","@graph":[{"@type":"WebPage","@id":"https:\/\/editionsdudauphin.com\/en\/protection-des-donnees","url":"https:\/\/editionsdudauphin.com\/en\/protection-des-donnees","name":"Protection des donn\u00e9es","isPartOf":{"@id":"https:\/\/editionsdudauphin.com\/en#website"},"datePublished":"2019-04-30T12:07:55+00:00","dateModified":"2023-06-29T09:34:23+00:00","breadcrumb":{"@id":"https:\/\/editionsdudauphin.com\/en\/protection-des-donnees#breadcrumb"},"inLanguage":"en-US","potentialAction":[{"@type":"ReadAction","target":["https:\/\/editionsdudauphin.com\/en\/protection-des-donnees"]}]},{"@type":"BreadcrumbList","@id":"https:\/\/editionsdudauphin.com\/en\/protection-des-donnees#breadcrumb","itemListElement":[{"@type":"ListItem","position":1,"name":"Accueil","item":"https:\/\/editionsdudauphin.com\/en"},{"@type":"ListItem","position":2,"name":"Protection des donn\u00e9es"}]},{"@type":"WebSite","@id":"https:\/\/editionsdudauphin.com\/en#website","url":"https:\/\/editionsdudauphin.com\/en","name":"\u00c9ditions du Dauphin","description":"","potentialAction":[{"@type":"SearchAction","target":{"@type":"EntryPoint","urlTemplate":"https:\/\/editionsdudauphin.com\/en?s={search_term_string}"},"query-input":{"@type":"PropertyValueSpecification","valueRequired":true,"valueName":"search_term_string"}}],"inLanguage":"en-US"}]}},"_links":{"self":[{"href":"https:\/\/editionsdudauphin.com\/en\/wp-json\/wp\/v2\/pages\/4163","targetHints":{"allow":["GET"]}}],"collection":[{"href":"https:\/\/editionsdudauphin.com\/en\/wp-json\/wp\/v2\/pages"}],"about":[{"href":"https:\/\/editionsdudauphin.com\/en\/wp-json\/wp\/v2\/types\/page"}],"author":[{"embeddable":true,"href":"https:\/\/editionsdudauphin.com\/en\/wp-json\/wp\/v2\/users\/15"}],"replies":[{"embeddable":true,"href":"https:\/\/editionsdudauphin.com\/en\/wp-json\/wp\/v2\/comments?post=4163"}],"version-history":[{"count":0,"href":"https:\/\/editionsdudauphin.com\/en\/wp-json\/wp\/v2\/pages\/4163\/revisions"}],"wp:attachment":[{"href":"https:\/\/editionsdudauphin.com\/en\/wp-json\/wp\/v2\/media?parent=4163"}],"curies":[{"name":"wp","href":"https:\/\/api.w.org\/{rel}","templated":true}]}}