{"id":11914,"date":"2021-05-06T10:48:05","date_gmt":"2021-05-06T08:48:05","guid":{"rendered":"https:\/\/editionsdudauphin.com\/livre\/uncategorized\/vaincre-les-maladies-chroniques"},"modified":"2021-07-02T11:57:56","modified_gmt":"2021-07-02T09:57:56","slug":"vaincre-les-maladies-chroniques","status":"publish","type":"product","link":"https:\/\/editionsdudauphin.com\/en\/livre\/subjects\/health-wellness\/health\/cutting-edge-research\/vaincre-les-maladies-chroniques","title":{"rendered":"Vaincre les maladies chroniques"},"content":{"rendered":"<p>Coming soon&#8230;<\/p>\n","protected":false},"excerpt":{"rendered":"<p>Coming soon&#8230;<\/p>\n","protected":false},"featured_media":9275,"template":"","meta":{"_acf_changed":false,"wpupg_custom_link":[],"wpupg_custom_link_behaviour":[],"wpupg_custom_link_nofollow":[],"wpupg_custom_image":[],"wpupg_custom_image_id":[]},"product_brand":[],"product_cat":[161],"product_tag":[],"class_list":{"0":"post-11914","1":"product","2":"type-product","3":"status-publish","4":"has-post-thumbnail","6":"product_cat-cutting-edge-research","8":"first","9":"instock","10":"taxable","11":"shipping-taxable","12":"purchasable","13":"product-type-simple"},"acf":[],"yoast_head":"<!-- This site is optimized with the Yoast SEO plugin v27.4 - https:\/\/yoast.com\/product\/yoast-seo-wordpress\/ -->\n<title>Vaincre les maladies chroniques - \u00c9ditions du Dauphin<\/title>\n<meta name=\"description\" content=\"Alternative efficace \u00e0 l&#039;intervention chirurgicale et \u00e0 la prise de m\u00e9dicaments, l&#039;hydrotomie est une solution que 300 000 personnes ont d\u00e9j\u00e0 choisi.\" \/>\n<meta name=\"robots\" content=\"index, follow, max-snippet:-1, max-image-preview:large, max-video-preview:-1\" \/>\n<link rel=\"canonical\" href=\"https:\/\/editionsdudauphin.com\/en\/livre\/subjects\/health-wellness\/health\/cutting-edge-research\/vaincre-les-maladies-chroniques\" \/>\n<meta property=\"og:locale\" content=\"en_US\" \/>\n<meta property=\"og:type\" content=\"article\" \/>\n<meta property=\"og:title\" content=\"Vaincre les maladies chroniques - \u00c9ditions du Dauphin\" \/>\n<meta property=\"og:description\" content=\"Alternative efficace \u00e0 l&#039;intervention chirurgicale et \u00e0 la prise de m\u00e9dicaments, l&#039;hydrotomie est une solution que 300 000 personnes ont d\u00e9j\u00e0 choisi.\" \/>\n<meta property=\"og:url\" content=\"https:\/\/editionsdudauphin.com\/en\/livre\/subjects\/health-wellness\/health\/cutting-edge-research\/vaincre-les-maladies-chroniques\" \/>\n<meta property=\"og:site_name\" content=\"\u00c9ditions du Dauphin\" \/>\n<meta property=\"article:modified_time\" content=\"2021-07-02T09:57:56+00:00\" \/>\n<meta property=\"og:image\" content=\"https:\/\/editionsdudauphin.com\/wp-content\/uploads\/2021\/05\/maladies-chroniques.png\" \/>\n\t<meta property=\"og:image:width\" content=\"375\" \/>\n\t<meta property=\"og:image:height\" content=\"554\" \/>\n\t<meta property=\"og:image:type\" content=\"image\/png\" \/>\n<meta name=\"twitter:card\" content=\"summary_large_image\" \/>\n<meta name=\"twitter:label1\" content=\"Est. reading time\" \/>\n\t<meta name=\"twitter:data1\" content=\"1 minute\" \/>\n<script type=\"application\/ld+json\" class=\"yoast-schema-graph\">{\"@context\":\"https:\\\/\\\/schema.org\",\"@graph\":[{\"@type\":\"WebPage\",\"@id\":\"https:\\\/\\\/editionsdudauphin.com\\\/en\\\/livre\\\/subjects\\\/health-wellness\\\/health\\\/cutting-edge-research\\\/vaincre-les-maladies-chroniques\",\"url\":\"https:\\\/\\\/editionsdudauphin.com\\\/en\\\/livre\\\/subjects\\\/health-wellness\\\/health\\\/cutting-edge-research\\\/vaincre-les-maladies-chroniques\",\"name\":\"Vaincre les maladies chroniques - \u00c9ditions du Dauphin\",\"isPartOf\":{\"@id\":\"https:\\\/\\\/editionsdudauphin.com\\\/en#website\"},\"primaryImageOfPage\":{\"@id\":\"https:\\\/\\\/editionsdudauphin.com\\\/en\\\/livre\\\/subjects\\\/health-wellness\\\/health\\\/cutting-edge-research\\\/vaincre-les-maladies-chroniques#primaryimage\"},\"image\":{\"@id\":\"https:\\\/\\\/editionsdudauphin.com\\\/en\\\/livre\\\/subjects\\\/health-wellness\\\/health\\\/cutting-edge-research\\\/vaincre-les-maladies-chroniques#primaryimage\"},\"thumbnailUrl\":\"https:\\\/\\\/editionsdudauphin.com\\\/wp-content\\\/uploads\\\/2021\\\/05\\\/maladies-chroniques.png\",\"datePublished\":\"2021-05-06T08:48:05+00:00\",\"dateModified\":\"2021-07-02T09:57:56+00:00\",\"description\":\"Alternative efficace \u00e0 l'intervention chirurgicale et \u00e0 la prise de m\u00e9dicaments, l'hydrotomie est une solution que 300 000 personnes ont d\u00e9j\u00e0 choisi.\",\"breadcrumb\":{\"@id\":\"https:\\\/\\\/editionsdudauphin.com\\\/en\\\/livre\\\/subjects\\\/health-wellness\\\/health\\\/cutting-edge-research\\\/vaincre-les-maladies-chroniques#breadcrumb\"},\"inLanguage\":\"en-US\",\"potentialAction\":[{\"@type\":\"ReadAction\",\"target\":[\"https:\\\/\\\/editionsdudauphin.com\\\/en\\\/livre\\\/subjects\\\/health-wellness\\\/health\\\/cutting-edge-research\\\/vaincre-les-maladies-chroniques\"]}]},{\"@type\":\"ImageObject\",\"inLanguage\":\"en-US\",\"@id\":\"https:\\\/\\\/editionsdudauphin.com\\\/en\\\/livre\\\/subjects\\\/health-wellness\\\/health\\\/cutting-edge-research\\\/vaincre-les-maladies-chroniques#primaryimage\",\"url\":\"https:\\\/\\\/editionsdudauphin.com\\\/wp-content\\\/uploads\\\/2021\\\/05\\\/maladies-chroniques.png\",\"contentUrl\":\"https:\\\/\\\/editionsdudauphin.com\\\/wp-content\\\/uploads\\\/2021\\\/05\\\/maladies-chroniques.png\",\"width\":375,\"height\":554,\"caption\":\"maladies chroniques\"},{\"@type\":\"BreadcrumbList\",\"@id\":\"https:\\\/\\\/editionsdudauphin.com\\\/en\\\/livre\\\/subjects\\\/health-wellness\\\/health\\\/cutting-edge-research\\\/vaincre-les-maladies-chroniques#breadcrumb\",\"itemListElement\":[{\"@type\":\"ListItem\",\"position\":1,\"name\":\"Accueil\",\"item\":\"https:\\\/\\\/editionsdudauphin.com\\\/en\"},{\"@type\":\"ListItem\",\"position\":2,\"name\":\"Boutique\",\"item\":\"https:\\\/\\\/editionsdudauphin.com\\\/boutique\"},{\"@type\":\"ListItem\",\"position\":3,\"name\":\"Vaincre les maladies chroniques\"}]},{\"@type\":\"WebSite\",\"@id\":\"https:\\\/\\\/editionsdudauphin.com\\\/en#website\",\"url\":\"https:\\\/\\\/editionsdudauphin.com\\\/en\",\"name\":\"\u00c9ditions du Dauphin\",\"description\":\"\",\"potentialAction\":[{\"@type\":\"SearchAction\",\"target\":{\"@type\":\"EntryPoint\",\"urlTemplate\":\"https:\\\/\\\/editionsdudauphin.com\\\/en?s={search_term_string}\"},\"query-input\":{\"@type\":\"PropertyValueSpecification\",\"valueRequired\":true,\"valueName\":\"search_term_string\"}}],\"inLanguage\":\"en-US\"}]}<\/script>\n<!-- \/ Yoast SEO plugin. -->","yoast_head_json":{"title":"Vaincre les maladies chroniques - \u00c9ditions du Dauphin","description":"Alternative efficace \u00e0 l'intervention chirurgicale et \u00e0 la prise de m\u00e9dicaments, l'hydrotomie est une solution que 300 000 personnes ont d\u00e9j\u00e0 choisi.","robots":{"index":"index","follow":"follow","max-snippet":"max-snippet:-1","max-image-preview":"max-image-preview:large","max-video-preview":"max-video-preview:-1"},"canonical":"https:\/\/editionsdudauphin.com\/en\/livre\/subjects\/health-wellness\/health\/cutting-edge-research\/vaincre-les-maladies-chroniques","og_locale":"en_US","og_type":"article","og_title":"Vaincre les maladies chroniques - \u00c9ditions du Dauphin","og_description":"Alternative efficace \u00e0 l'intervention chirurgicale et \u00e0 la prise de m\u00e9dicaments, l'hydrotomie est une solution que 300 000 personnes ont d\u00e9j\u00e0 choisi.","og_url":"https:\/\/editionsdudauphin.com\/en\/livre\/subjects\/health-wellness\/health\/cutting-edge-research\/vaincre-les-maladies-chroniques","og_site_name":"\u00c9ditions du Dauphin","article_modified_time":"2021-07-02T09:57:56+00:00","og_image":[{"width":375,"height":554,"url":"https:\/\/editionsdudauphin.com\/wp-content\/uploads\/2021\/05\/maladies-chroniques.png","type":"image\/png"}],"twitter_card":"summary_large_image","twitter_misc":{"Est. reading time":"1 minute"},"schema":{"@context":"https:\/\/schema.org","@graph":[{"@type":"WebPage","@id":"https:\/\/editionsdudauphin.com\/en\/livre\/subjects\/health-wellness\/health\/cutting-edge-research\/vaincre-les-maladies-chroniques","url":"https:\/\/editionsdudauphin.com\/en\/livre\/subjects\/health-wellness\/health\/cutting-edge-research\/vaincre-les-maladies-chroniques","name":"Vaincre les maladies chroniques - \u00c9ditions du Dauphin","isPartOf":{"@id":"https:\/\/editionsdudauphin.com\/en#website"},"primaryImageOfPage":{"@id":"https:\/\/editionsdudauphin.com\/en\/livre\/subjects\/health-wellness\/health\/cutting-edge-research\/vaincre-les-maladies-chroniques#primaryimage"},"image":{"@id":"https:\/\/editionsdudauphin.com\/en\/livre\/subjects\/health-wellness\/health\/cutting-edge-research\/vaincre-les-maladies-chroniques#primaryimage"},"thumbnailUrl":"https:\/\/editionsdudauphin.com\/wp-content\/uploads\/2021\/05\/maladies-chroniques.png","datePublished":"2021-05-06T08:48:05+00:00","dateModified":"2021-07-02T09:57:56+00:00","description":"Alternative efficace \u00e0 l'intervention chirurgicale et \u00e0 la prise de m\u00e9dicaments, l'hydrotomie est une solution que 300 000 personnes ont d\u00e9j\u00e0 choisi.","breadcrumb":{"@id":"https:\/\/editionsdudauphin.com\/en\/livre\/subjects\/health-wellness\/health\/cutting-edge-research\/vaincre-les-maladies-chroniques#breadcrumb"},"inLanguage":"en-US","potentialAction":[{"@type":"ReadAction","target":["https:\/\/editionsdudauphin.com\/en\/livre\/subjects\/health-wellness\/health\/cutting-edge-research\/vaincre-les-maladies-chroniques"]}]},{"@type":"ImageObject","inLanguage":"en-US","@id":"https:\/\/editionsdudauphin.com\/en\/livre\/subjects\/health-wellness\/health\/cutting-edge-research\/vaincre-les-maladies-chroniques#primaryimage","url":"https:\/\/editionsdudauphin.com\/wp-content\/uploads\/2021\/05\/maladies-chroniques.png","contentUrl":"https:\/\/editionsdudauphin.com\/wp-content\/uploads\/2021\/05\/maladies-chroniques.png","width":375,"height":554,"caption":"maladies chroniques"},{"@type":"BreadcrumbList","@id":"https:\/\/editionsdudauphin.com\/en\/livre\/subjects\/health-wellness\/health\/cutting-edge-research\/vaincre-les-maladies-chroniques#breadcrumb","itemListElement":[{"@type":"ListItem","position":1,"name":"Accueil","item":"https:\/\/editionsdudauphin.com\/en"},{"@type":"ListItem","position":2,"name":"Boutique","item":"https:\/\/editionsdudauphin.com\/boutique"},{"@type":"ListItem","position":3,"name":"Vaincre les maladies chroniques"}]},{"@type":"WebSite","@id":"https:\/\/editionsdudauphin.com\/en#website","url":"https:\/\/editionsdudauphin.com\/en","name":"\u00c9ditions du Dauphin","description":"","potentialAction":[{"@type":"SearchAction","target":{"@type":"EntryPoint","urlTemplate":"https:\/\/editionsdudauphin.com\/en?s={search_term_string}"},"query-input":{"@type":"PropertyValueSpecification","valueRequired":true,"valueName":"search_term_string"}}],"inLanguage":"en-US"}]}},"_links":{"self":[{"href":"https:\/\/editionsdudauphin.com\/en\/wp-json\/wp\/v2\/product\/11914","targetHints":{"allow":["GET"]}}],"collection":[{"href":"https:\/\/editionsdudauphin.com\/en\/wp-json\/wp\/v2\/product"}],"about":[{"href":"https:\/\/editionsdudauphin.com\/en\/wp-json\/wp\/v2\/types\/product"}],"wp:featuredmedia":[{"embeddable":true,"href":"https:\/\/editionsdudauphin.com\/en\/wp-json\/wp\/v2\/media\/9275"}],"wp:attachment":[{"href":"https:\/\/editionsdudauphin.com\/en\/wp-json\/wp\/v2\/media?parent=11914"}],"wp:term":[{"taxonomy":"product_brand","embeddable":true,"href":"https:\/\/editionsdudauphin.com\/en\/wp-json\/wp\/v2\/product_brand?post=11914"},{"taxonomy":"product_cat","embeddable":true,"href":"https:\/\/editionsdudauphin.com\/en\/wp-json\/wp\/v2\/product_cat?post=11914"},{"taxonomy":"product_tag","embeddable":true,"href":"https:\/\/editionsdudauphin.com\/en\/wp-json\/wp\/v2\/product_tag?post=11914"}],"curies":[{"name":"wp","href":"https:\/\/api.w.org\/{rel}","templated":true}]}}