{"id":11916,"date":"2021-05-19T10:39:36","date_gmt":"2021-05-19T08:39:36","guid":{"rendered":"https:\/\/editionsdudauphin.com\/livre\/uncategorized\/anorexie-boulimie-les-solutions-pour-en-sortir"},"modified":"2023-07-07T15:25:07","modified_gmt":"2023-07-07T13:25:07","slug":"title-to-provide-88-2","status":"publish","type":"product","link":"https:\/\/editionsdudauphin.com\/en\/livre\/subjects\/health-wellness\/health\/healing6process\/title-to-provide-88-2","title":{"rendered":"Anorexie &#8211; Boulimie"},"content":{"rendered":"<p>If you are facing anorexia or bulimia or any other food trouble daily you may wonder how to react. This book will help you finding the way of behaving, speaking to people having these troubles<\/p>\n","protected":false},"excerpt":{"rendered":"<p>If you are facing anorexia or bulimia or any other  [&#8230;]<\/p>\n","protected":false},"featured_media":11637,"template":"","meta":{"_acf_changed":false,"wpupg_custom_link":[],"wpupg_custom_link_behaviour":[],"wpupg_custom_link_nofollow":[],"wpupg_custom_image":[],"wpupg_custom_image_id":[]},"product_brand":[],"product_cat":[162],"product_tag":[],"class_list":{"0":"post-11916","1":"product","2":"type-product","3":"status-publish","4":"has-post-thumbnail","6":"product_cat-healing6process","8":"first","9":"instock","10":"taxable","11":"shipping-taxable","12":"purchasable","13":"product-type-simple"},"acf":[],"yoast_head":"<!-- This site is optimized with the Yoast SEO plugin v27.3 - https:\/\/yoast.com\/product\/yoast-seo-wordpress\/ -->\n<title>Anorexie - Boulimie - \u00c9ditions du Dauphin<\/title>\n<meta name=\"description\" content=\"Ce livre apporte des solutions aux patientes en souffrance, mais aussi \u00e0 leur famille, proches, professionnels de sant\u00e9 confront\u00e9s \u00e0 l&#039;anorexie et boulimie.\" \/>\n<meta name=\"robots\" content=\"index, follow, max-snippet:-1, max-image-preview:large, max-video-preview:-1\" \/>\n<link rel=\"canonical\" href=\"https:\/\/editionsdudauphin.com\/en\/livre\/subjects\/health-wellness\/health\/healing6process\/title-to-provide-88-2\" \/>\n<meta property=\"og:locale\" content=\"en_US\" \/>\n<meta property=\"og:type\" content=\"article\" \/>\n<meta property=\"og:title\" content=\"Anorexie - Boulimie - \u00c9ditions du Dauphin\" \/>\n<meta property=\"og:description\" content=\"Ce livre apporte des solutions aux patientes en souffrance, mais aussi \u00e0 leur famille, proches, professionnels de sant\u00e9 confront\u00e9s \u00e0 l&#039;anorexie et boulimie.\" \/>\n<meta property=\"og:url\" content=\"https:\/\/editionsdudauphin.com\/en\/livre\/subjects\/health-wellness\/health\/healing6process\/title-to-provide-88-2\" \/>\n<meta property=\"og:site_name\" content=\"\u00c9ditions du Dauphin\" \/>\n<meta property=\"article:modified_time\" content=\"2023-07-07T13:25:07+00:00\" \/>\n<meta property=\"og:image\" content=\"https:\/\/editionsdudauphin.com\/wp-content\/uploads\/2021\/06\/9782716317481_anorexie_boulimie.png\" \/>\n\t<meta property=\"og:image:width\" content=\"800\" \/>\n\t<meta property=\"og:image:height\" content=\"1185\" \/>\n\t<meta property=\"og:image:type\" content=\"image\/png\" \/>\n<meta name=\"twitter:card\" content=\"summary_large_image\" \/>\n<meta name=\"twitter:label1\" content=\"Est. reading time\" \/>\n\t<meta name=\"twitter:data1\" content=\"1 minute\" \/>\n<script type=\"application\/ld+json\" class=\"yoast-schema-graph\">{\"@context\":\"https:\\\/\\\/schema.org\",\"@graph\":[{\"@type\":\"WebPage\",\"@id\":\"https:\\\/\\\/editionsdudauphin.com\\\/en\\\/livre\\\/subjects\\\/health-wellness\\\/health\\\/healing6process\\\/title-to-provide-88-2\",\"url\":\"https:\\\/\\\/editionsdudauphin.com\\\/en\\\/livre\\\/subjects\\\/health-wellness\\\/health\\\/healing6process\\\/title-to-provide-88-2\",\"name\":\"Anorexie - Boulimie - \u00c9ditions du Dauphin\",\"isPartOf\":{\"@id\":\"https:\\\/\\\/editionsdudauphin.com\\\/en#website\"},\"primaryImageOfPage\":{\"@id\":\"https:\\\/\\\/editionsdudauphin.com\\\/en\\\/livre\\\/subjects\\\/health-wellness\\\/health\\\/healing6process\\\/title-to-provide-88-2#primaryimage\"},\"image\":{\"@id\":\"https:\\\/\\\/editionsdudauphin.com\\\/en\\\/livre\\\/subjects\\\/health-wellness\\\/health\\\/healing6process\\\/title-to-provide-88-2#primaryimage\"},\"thumbnailUrl\":\"https:\\\/\\\/editionsdudauphin.com\\\/wp-content\\\/uploads\\\/2021\\\/06\\\/9782716317481_anorexie_boulimie.png\",\"datePublished\":\"2021-05-19T08:39:36+00:00\",\"dateModified\":\"2023-07-07T13:25:07+00:00\",\"description\":\"Ce livre apporte des solutions aux patientes en souffrance, mais aussi \u00e0 leur famille, proches, professionnels de sant\u00e9 confront\u00e9s \u00e0 l'anorexie et boulimie.\",\"breadcrumb\":{\"@id\":\"https:\\\/\\\/editionsdudauphin.com\\\/en\\\/livre\\\/subjects\\\/health-wellness\\\/health\\\/healing6process\\\/title-to-provide-88-2#breadcrumb\"},\"inLanguage\":\"en-US\",\"potentialAction\":[{\"@type\":\"ReadAction\",\"target\":[\"https:\\\/\\\/editionsdudauphin.com\\\/en\\\/livre\\\/subjects\\\/health-wellness\\\/health\\\/healing6process\\\/title-to-provide-88-2\"]}]},{\"@type\":\"ImageObject\",\"inLanguage\":\"en-US\",\"@id\":\"https:\\\/\\\/editionsdudauphin.com\\\/en\\\/livre\\\/subjects\\\/health-wellness\\\/health\\\/healing6process\\\/title-to-provide-88-2#primaryimage\",\"url\":\"https:\\\/\\\/editionsdudauphin.com\\\/wp-content\\\/uploads\\\/2021\\\/06\\\/9782716317481_anorexie_boulimie.png\",\"contentUrl\":\"https:\\\/\\\/editionsdudauphin.com\\\/wp-content\\\/uploads\\\/2021\\\/06\\\/9782716317481_anorexie_boulimie.png\",\"width\":800,\"height\":1185,\"caption\":\"Anorexie Boulimie\"},{\"@type\":\"BreadcrumbList\",\"@id\":\"https:\\\/\\\/editionsdudauphin.com\\\/en\\\/livre\\\/subjects\\\/health-wellness\\\/health\\\/healing6process\\\/title-to-provide-88-2#breadcrumb\",\"itemListElement\":[{\"@type\":\"ListItem\",\"position\":1,\"name\":\"Accueil\",\"item\":\"https:\\\/\\\/editionsdudauphin.com\\\/en\"},{\"@type\":\"ListItem\",\"position\":2,\"name\":\"Boutique\",\"item\":\"https:\\\/\\\/editionsdudauphin.com\\\/boutique\"},{\"@type\":\"ListItem\",\"position\":3,\"name\":\"Anorexie &#8211; Boulimie\"}]},{\"@type\":\"WebSite\",\"@id\":\"https:\\\/\\\/editionsdudauphin.com\\\/en#website\",\"url\":\"https:\\\/\\\/editionsdudauphin.com\\\/en\",\"name\":\"\u00c9ditions du Dauphin\",\"description\":\"\",\"potentialAction\":[{\"@type\":\"SearchAction\",\"target\":{\"@type\":\"EntryPoint\",\"urlTemplate\":\"https:\\\/\\\/editionsdudauphin.com\\\/en?s={search_term_string}\"},\"query-input\":{\"@type\":\"PropertyValueSpecification\",\"valueRequired\":true,\"valueName\":\"search_term_string\"}}],\"inLanguage\":\"en-US\"}]}<\/script>\n<!-- \/ Yoast SEO plugin. -->","yoast_head_json":{"title":"Anorexie - Boulimie - \u00c9ditions du Dauphin","description":"Ce livre apporte des solutions aux patientes en souffrance, mais aussi \u00e0 leur famille, proches, professionnels de sant\u00e9 confront\u00e9s \u00e0 l'anorexie et boulimie.","robots":{"index":"index","follow":"follow","max-snippet":"max-snippet:-1","max-image-preview":"max-image-preview:large","max-video-preview":"max-video-preview:-1"},"canonical":"https:\/\/editionsdudauphin.com\/en\/livre\/subjects\/health-wellness\/health\/healing6process\/title-to-provide-88-2","og_locale":"en_US","og_type":"article","og_title":"Anorexie - Boulimie - \u00c9ditions du Dauphin","og_description":"Ce livre apporte des solutions aux patientes en souffrance, mais aussi \u00e0 leur famille, proches, professionnels de sant\u00e9 confront\u00e9s \u00e0 l'anorexie et boulimie.","og_url":"https:\/\/editionsdudauphin.com\/en\/livre\/subjects\/health-wellness\/health\/healing6process\/title-to-provide-88-2","og_site_name":"\u00c9ditions du Dauphin","article_modified_time":"2023-07-07T13:25:07+00:00","og_image":[{"width":800,"height":1185,"url":"https:\/\/editionsdudauphin.com\/wp-content\/uploads\/2021\/06\/9782716317481_anorexie_boulimie.png","type":"image\/png"}],"twitter_card":"summary_large_image","twitter_misc":{"Est. reading time":"1 minute"},"schema":{"@context":"https:\/\/schema.org","@graph":[{"@type":"WebPage","@id":"https:\/\/editionsdudauphin.com\/en\/livre\/subjects\/health-wellness\/health\/healing6process\/title-to-provide-88-2","url":"https:\/\/editionsdudauphin.com\/en\/livre\/subjects\/health-wellness\/health\/healing6process\/title-to-provide-88-2","name":"Anorexie - Boulimie - \u00c9ditions du Dauphin","isPartOf":{"@id":"https:\/\/editionsdudauphin.com\/en#website"},"primaryImageOfPage":{"@id":"https:\/\/editionsdudauphin.com\/en\/livre\/subjects\/health-wellness\/health\/healing6process\/title-to-provide-88-2#primaryimage"},"image":{"@id":"https:\/\/editionsdudauphin.com\/en\/livre\/subjects\/health-wellness\/health\/healing6process\/title-to-provide-88-2#primaryimage"},"thumbnailUrl":"https:\/\/editionsdudauphin.com\/wp-content\/uploads\/2021\/06\/9782716317481_anorexie_boulimie.png","datePublished":"2021-05-19T08:39:36+00:00","dateModified":"2023-07-07T13:25:07+00:00","description":"Ce livre apporte des solutions aux patientes en souffrance, mais aussi \u00e0 leur famille, proches, professionnels de sant\u00e9 confront\u00e9s \u00e0 l'anorexie et boulimie.","breadcrumb":{"@id":"https:\/\/editionsdudauphin.com\/en\/livre\/subjects\/health-wellness\/health\/healing6process\/title-to-provide-88-2#breadcrumb"},"inLanguage":"en-US","potentialAction":[{"@type":"ReadAction","target":["https:\/\/editionsdudauphin.com\/en\/livre\/subjects\/health-wellness\/health\/healing6process\/title-to-provide-88-2"]}]},{"@type":"ImageObject","inLanguage":"en-US","@id":"https:\/\/editionsdudauphin.com\/en\/livre\/subjects\/health-wellness\/health\/healing6process\/title-to-provide-88-2#primaryimage","url":"https:\/\/editionsdudauphin.com\/wp-content\/uploads\/2021\/06\/9782716317481_anorexie_boulimie.png","contentUrl":"https:\/\/editionsdudauphin.com\/wp-content\/uploads\/2021\/06\/9782716317481_anorexie_boulimie.png","width":800,"height":1185,"caption":"Anorexie Boulimie"},{"@type":"BreadcrumbList","@id":"https:\/\/editionsdudauphin.com\/en\/livre\/subjects\/health-wellness\/health\/healing6process\/title-to-provide-88-2#breadcrumb","itemListElement":[{"@type":"ListItem","position":1,"name":"Accueil","item":"https:\/\/editionsdudauphin.com\/en"},{"@type":"ListItem","position":2,"name":"Boutique","item":"https:\/\/editionsdudauphin.com\/boutique"},{"@type":"ListItem","position":3,"name":"Anorexie &#8211; Boulimie"}]},{"@type":"WebSite","@id":"https:\/\/editionsdudauphin.com\/en#website","url":"https:\/\/editionsdudauphin.com\/en","name":"\u00c9ditions du Dauphin","description":"","potentialAction":[{"@type":"SearchAction","target":{"@type":"EntryPoint","urlTemplate":"https:\/\/editionsdudauphin.com\/en?s={search_term_string}"},"query-input":{"@type":"PropertyValueSpecification","valueRequired":true,"valueName":"search_term_string"}}],"inLanguage":"en-US"}]}},"_links":{"self":[{"href":"https:\/\/editionsdudauphin.com\/en\/wp-json\/wp\/v2\/product\/11916","targetHints":{"allow":["GET"]}}],"collection":[{"href":"https:\/\/editionsdudauphin.com\/en\/wp-json\/wp\/v2\/product"}],"about":[{"href":"https:\/\/editionsdudauphin.com\/en\/wp-json\/wp\/v2\/types\/product"}],"wp:featuredmedia":[{"embeddable":true,"href":"https:\/\/editionsdudauphin.com\/en\/wp-json\/wp\/v2\/media\/11637"}],"wp:attachment":[{"href":"https:\/\/editionsdudauphin.com\/en\/wp-json\/wp\/v2\/media?parent=11916"}],"wp:term":[{"taxonomy":"product_brand","embeddable":true,"href":"https:\/\/editionsdudauphin.com\/en\/wp-json\/wp\/v2\/product_brand?post=11916"},{"taxonomy":"product_cat","embeddable":true,"href":"https:\/\/editionsdudauphin.com\/en\/wp-json\/wp\/v2\/product_cat?post=11916"},{"taxonomy":"product_tag","embeddable":true,"href":"https:\/\/editionsdudauphin.com\/en\/wp-json\/wp\/v2\/product_tag?post=11916"}],"curies":[{"name":"wp","href":"https:\/\/api.w.org\/{rel}","templated":true}]}}