{"id":11919,"date":"2021-06-04T08:04:00","date_gmt":"2021-06-04T06:04:00","guid":{"rendered":"https:\/\/editionsdudauphin.com\/livre\/uncategorized\/les-proteines-vegetales-un-atout-pour-votre-sante"},"modified":"2022-06-03T12:42:28","modified_gmt":"2022-06-03T10:42:28","slug":"title-to-provide-69-2","status":"publish","type":"product","link":"https:\/\/editionsdudauphin.com\/en\/livre\/subjects\/health-wellness\/health\/dietetic\/title-to-provide-69-2","title":{"rendered":"Les prot\u00e9ines v\u00e9g\u00e9tales"},"content":{"rendered":"<p>Plant protein are more than ever a part of our daily meals! Because yes, their comeback in our diet upset the clich\u00e9s and no, meatless diet is not a deficiency diet.<\/p>\n","protected":false},"excerpt":{"rendered":"<p>Plant protein are more than ever a part of our  [&#8230;]<\/p>\n","protected":false},"featured_media":13238,"template":"","meta":{"_acf_changed":false,"wpupg_custom_link":[],"wpupg_custom_link_behaviour":[],"wpupg_custom_link_nofollow":[],"wpupg_custom_image":[],"wpupg_custom_image_id":[]},"product_brand":[],"product_cat":[160],"product_tag":[],"class_list":{"0":"post-11919","1":"product","2":"type-product","3":"status-publish","4":"has-post-thumbnail","6":"product_cat-dietetic","8":"first","9":"instock","10":"taxable","11":"shipping-taxable","12":"purchasable","13":"product-type-simple"},"acf":[],"yoast_head":"<!-- This site is optimized with the Yoast SEO plugin v27.3 - https:\/\/yoast.com\/product\/yoast-seo-wordpress\/ -->\n<title>Les prot\u00e9ines v\u00e9g\u00e9tales - Un atout pour notre sant\u00e9 \u00c9ditions du Dauphin<\/title>\n<meta name=\"description\" content=\"Ce livre d\u00e9crit 90 recettes \u00e0 base de l\u00e9gumineuses (lentilles etc.) et d&#039;ol\u00e9agineux (avocats, amandes etc.) pour une alimentation saine et une bonne sant\u00e9.\" \/>\n<meta name=\"robots\" content=\"index, follow, max-snippet:-1, max-image-preview:large, max-video-preview:-1\" \/>\n<link rel=\"canonical\" href=\"https:\/\/editionsdudauphin.com\/en\/livre\/subjects\/health-wellness\/health\/dietetic\/title-to-provide-69-2\" \/>\n<meta property=\"og:locale\" content=\"en_US\" \/>\n<meta property=\"og:type\" content=\"article\" \/>\n<meta property=\"og:title\" content=\"Les prot\u00e9ines v\u00e9g\u00e9tales - Un atout pour notre sant\u00e9 \u00c9ditions du Dauphin\" \/>\n<meta property=\"og:description\" content=\"Ce livre d\u00e9crit 90 recettes \u00e0 base de l\u00e9gumineuses (lentilles etc.) et d&#039;ol\u00e9agineux (avocats, amandes etc.) pour une alimentation saine et une bonne sant\u00e9.\" \/>\n<meta property=\"og:url\" content=\"https:\/\/editionsdudauphin.com\/en\/livre\/subjects\/health-wellness\/health\/dietetic\/title-to-provide-69-2\" \/>\n<meta property=\"og:site_name\" content=\"\u00c9ditions du Dauphin\" \/>\n<meta property=\"article:modified_time\" content=\"2022-06-03T10:42:28+00:00\" \/>\n<meta property=\"og:image\" content=\"https:\/\/editionsdudauphin.com\/wp-content\/uploads\/2021\/06\/9782716317696_proteines_vegetales-1.jpg\" \/>\n\t<meta property=\"og:image:width\" content=\"800\" \/>\n\t<meta property=\"og:image:height\" content=\"898\" \/>\n\t<meta property=\"og:image:type\" content=\"image\/jpeg\" \/>\n<meta name=\"twitter:card\" content=\"summary_large_image\" \/>\n<meta name=\"twitter:label1\" content=\"Est. reading time\" \/>\n\t<meta name=\"twitter:data1\" content=\"1 minute\" \/>\n<script type=\"application\/ld+json\" class=\"yoast-schema-graph\">{\"@context\":\"https:\\\/\\\/schema.org\",\"@graph\":[{\"@type\":\"WebPage\",\"@id\":\"https:\\\/\\\/editionsdudauphin.com\\\/en\\\/livre\\\/subjects\\\/health-wellness\\\/health\\\/dietetic\\\/title-to-provide-69-2\",\"url\":\"https:\\\/\\\/editionsdudauphin.com\\\/en\\\/livre\\\/subjects\\\/health-wellness\\\/health\\\/dietetic\\\/title-to-provide-69-2\",\"name\":\"Les prot\u00e9ines v\u00e9g\u00e9tales - Un atout pour notre sant\u00e9 \u00c9ditions du Dauphin\",\"isPartOf\":{\"@id\":\"https:\\\/\\\/editionsdudauphin.com\\\/en#website\"},\"primaryImageOfPage\":{\"@id\":\"https:\\\/\\\/editionsdudauphin.com\\\/en\\\/livre\\\/subjects\\\/health-wellness\\\/health\\\/dietetic\\\/title-to-provide-69-2#primaryimage\"},\"image\":{\"@id\":\"https:\\\/\\\/editionsdudauphin.com\\\/en\\\/livre\\\/subjects\\\/health-wellness\\\/health\\\/dietetic\\\/title-to-provide-69-2#primaryimage\"},\"thumbnailUrl\":\"https:\\\/\\\/editionsdudauphin.com\\\/wp-content\\\/uploads\\\/2021\\\/06\\\/9782716317696_proteines_vegetales-1.jpg\",\"datePublished\":\"2021-06-04T06:04:00+00:00\",\"dateModified\":\"2022-06-03T10:42:28+00:00\",\"description\":\"Ce livre d\u00e9crit 90 recettes \u00e0 base de l\u00e9gumineuses (lentilles etc.) et d'ol\u00e9agineux (avocats, amandes etc.) pour une alimentation saine et une bonne sant\u00e9.\",\"breadcrumb\":{\"@id\":\"https:\\\/\\\/editionsdudauphin.com\\\/en\\\/livre\\\/subjects\\\/health-wellness\\\/health\\\/dietetic\\\/title-to-provide-69-2#breadcrumb\"},\"inLanguage\":\"en-US\",\"potentialAction\":[{\"@type\":\"ReadAction\",\"target\":[\"https:\\\/\\\/editionsdudauphin.com\\\/en\\\/livre\\\/subjects\\\/health-wellness\\\/health\\\/dietetic\\\/title-to-provide-69-2\"]}]},{\"@type\":\"ImageObject\",\"inLanguage\":\"en-US\",\"@id\":\"https:\\\/\\\/editionsdudauphin.com\\\/en\\\/livre\\\/subjects\\\/health-wellness\\\/health\\\/dietetic\\\/title-to-provide-69-2#primaryimage\",\"url\":\"https:\\\/\\\/editionsdudauphin.com\\\/wp-content\\\/uploads\\\/2021\\\/06\\\/9782716317696_proteines_vegetales-1.jpg\",\"contentUrl\":\"https:\\\/\\\/editionsdudauphin.com\\\/wp-content\\\/uploads\\\/2021\\\/06\\\/9782716317696_proteines_vegetales-1.jpg\",\"width\":800,\"height\":898,\"caption\":\"proteines v\u00e9g\u00e9tales\"},{\"@type\":\"BreadcrumbList\",\"@id\":\"https:\\\/\\\/editionsdudauphin.com\\\/en\\\/livre\\\/subjects\\\/health-wellness\\\/health\\\/dietetic\\\/title-to-provide-69-2#breadcrumb\",\"itemListElement\":[{\"@type\":\"ListItem\",\"position\":1,\"name\":\"Accueil\",\"item\":\"https:\\\/\\\/editionsdudauphin.com\\\/en\"},{\"@type\":\"ListItem\",\"position\":2,\"name\":\"Boutique\",\"item\":\"https:\\\/\\\/editionsdudauphin.com\\\/boutique\"},{\"@type\":\"ListItem\",\"position\":3,\"name\":\"Les prot\u00e9ines v\u00e9g\u00e9tales\"}]},{\"@type\":\"WebSite\",\"@id\":\"https:\\\/\\\/editionsdudauphin.com\\\/en#website\",\"url\":\"https:\\\/\\\/editionsdudauphin.com\\\/en\",\"name\":\"\u00c9ditions du Dauphin\",\"description\":\"\",\"potentialAction\":[{\"@type\":\"SearchAction\",\"target\":{\"@type\":\"EntryPoint\",\"urlTemplate\":\"https:\\\/\\\/editionsdudauphin.com\\\/en?s={search_term_string}\"},\"query-input\":{\"@type\":\"PropertyValueSpecification\",\"valueRequired\":true,\"valueName\":\"search_term_string\"}}],\"inLanguage\":\"en-US\"}]}<\/script>\n<!-- \/ Yoast SEO plugin. -->","yoast_head_json":{"title":"Les prot\u00e9ines v\u00e9g\u00e9tales - Un atout pour notre sant\u00e9 \u00c9ditions du Dauphin","description":"Ce livre d\u00e9crit 90 recettes \u00e0 base de l\u00e9gumineuses (lentilles etc.) et d'ol\u00e9agineux (avocats, amandes etc.) pour une alimentation saine et une bonne sant\u00e9.","robots":{"index":"index","follow":"follow","max-snippet":"max-snippet:-1","max-image-preview":"max-image-preview:large","max-video-preview":"max-video-preview:-1"},"canonical":"https:\/\/editionsdudauphin.com\/en\/livre\/subjects\/health-wellness\/health\/dietetic\/title-to-provide-69-2","og_locale":"en_US","og_type":"article","og_title":"Les prot\u00e9ines v\u00e9g\u00e9tales - Un atout pour notre sant\u00e9 \u00c9ditions du Dauphin","og_description":"Ce livre d\u00e9crit 90 recettes \u00e0 base de l\u00e9gumineuses (lentilles etc.) et d'ol\u00e9agineux (avocats, amandes etc.) pour une alimentation saine et une bonne sant\u00e9.","og_url":"https:\/\/editionsdudauphin.com\/en\/livre\/subjects\/health-wellness\/health\/dietetic\/title-to-provide-69-2","og_site_name":"\u00c9ditions du Dauphin","article_modified_time":"2022-06-03T10:42:28+00:00","og_image":[{"width":800,"height":898,"url":"https:\/\/editionsdudauphin.com\/wp-content\/uploads\/2021\/06\/9782716317696_proteines_vegetales-1.jpg","type":"image\/jpeg"}],"twitter_card":"summary_large_image","twitter_misc":{"Est. reading time":"1 minute"},"schema":{"@context":"https:\/\/schema.org","@graph":[{"@type":"WebPage","@id":"https:\/\/editionsdudauphin.com\/en\/livre\/subjects\/health-wellness\/health\/dietetic\/title-to-provide-69-2","url":"https:\/\/editionsdudauphin.com\/en\/livre\/subjects\/health-wellness\/health\/dietetic\/title-to-provide-69-2","name":"Les prot\u00e9ines v\u00e9g\u00e9tales - Un atout pour notre sant\u00e9 \u00c9ditions du Dauphin","isPartOf":{"@id":"https:\/\/editionsdudauphin.com\/en#website"},"primaryImageOfPage":{"@id":"https:\/\/editionsdudauphin.com\/en\/livre\/subjects\/health-wellness\/health\/dietetic\/title-to-provide-69-2#primaryimage"},"image":{"@id":"https:\/\/editionsdudauphin.com\/en\/livre\/subjects\/health-wellness\/health\/dietetic\/title-to-provide-69-2#primaryimage"},"thumbnailUrl":"https:\/\/editionsdudauphin.com\/wp-content\/uploads\/2021\/06\/9782716317696_proteines_vegetales-1.jpg","datePublished":"2021-06-04T06:04:00+00:00","dateModified":"2022-06-03T10:42:28+00:00","description":"Ce livre d\u00e9crit 90 recettes \u00e0 base de l\u00e9gumineuses (lentilles etc.) et d'ol\u00e9agineux (avocats, amandes etc.) pour une alimentation saine et une bonne sant\u00e9.","breadcrumb":{"@id":"https:\/\/editionsdudauphin.com\/en\/livre\/subjects\/health-wellness\/health\/dietetic\/title-to-provide-69-2#breadcrumb"},"inLanguage":"en-US","potentialAction":[{"@type":"ReadAction","target":["https:\/\/editionsdudauphin.com\/en\/livre\/subjects\/health-wellness\/health\/dietetic\/title-to-provide-69-2"]}]},{"@type":"ImageObject","inLanguage":"en-US","@id":"https:\/\/editionsdudauphin.com\/en\/livre\/subjects\/health-wellness\/health\/dietetic\/title-to-provide-69-2#primaryimage","url":"https:\/\/editionsdudauphin.com\/wp-content\/uploads\/2021\/06\/9782716317696_proteines_vegetales-1.jpg","contentUrl":"https:\/\/editionsdudauphin.com\/wp-content\/uploads\/2021\/06\/9782716317696_proteines_vegetales-1.jpg","width":800,"height":898,"caption":"proteines v\u00e9g\u00e9tales"},{"@type":"BreadcrumbList","@id":"https:\/\/editionsdudauphin.com\/en\/livre\/subjects\/health-wellness\/health\/dietetic\/title-to-provide-69-2#breadcrumb","itemListElement":[{"@type":"ListItem","position":1,"name":"Accueil","item":"https:\/\/editionsdudauphin.com\/en"},{"@type":"ListItem","position":2,"name":"Boutique","item":"https:\/\/editionsdudauphin.com\/boutique"},{"@type":"ListItem","position":3,"name":"Les prot\u00e9ines v\u00e9g\u00e9tales"}]},{"@type":"WebSite","@id":"https:\/\/editionsdudauphin.com\/en#website","url":"https:\/\/editionsdudauphin.com\/en","name":"\u00c9ditions du Dauphin","description":"","potentialAction":[{"@type":"SearchAction","target":{"@type":"EntryPoint","urlTemplate":"https:\/\/editionsdudauphin.com\/en?s={search_term_string}"},"query-input":{"@type":"PropertyValueSpecification","valueRequired":true,"valueName":"search_term_string"}}],"inLanguage":"en-US"}]}},"_links":{"self":[{"href":"https:\/\/editionsdudauphin.com\/en\/wp-json\/wp\/v2\/product\/11919","targetHints":{"allow":["GET"]}}],"collection":[{"href":"https:\/\/editionsdudauphin.com\/en\/wp-json\/wp\/v2\/product"}],"about":[{"href":"https:\/\/editionsdudauphin.com\/en\/wp-json\/wp\/v2\/types\/product"}],"wp:featuredmedia":[{"embeddable":true,"href":"https:\/\/editionsdudauphin.com\/en\/wp-json\/wp\/v2\/media\/13238"}],"wp:attachment":[{"href":"https:\/\/editionsdudauphin.com\/en\/wp-json\/wp\/v2\/media?parent=11919"}],"wp:term":[{"taxonomy":"product_brand","embeddable":true,"href":"https:\/\/editionsdudauphin.com\/en\/wp-json\/wp\/v2\/product_brand?post=11919"},{"taxonomy":"product_cat","embeddable":true,"href":"https:\/\/editionsdudauphin.com\/en\/wp-json\/wp\/v2\/product_cat?post=11919"},{"taxonomy":"product_tag","embeddable":true,"href":"https:\/\/editionsdudauphin.com\/en\/wp-json\/wp\/v2\/product_tag?post=11919"}],"curies":[{"name":"wp","href":"https:\/\/api.w.org\/{rel}","templated":true}]}}