{"id":13523,"date":"2025-03-31T11:06:37","date_gmt":"2025-03-31T09:06:37","guid":{"rendered":"https:\/\/editionsdudauphin.com\/?post_type=product&#038;p=13523"},"modified":"2025-04-09T11:34:31","modified_gmt":"2025-04-09T09:34:31","slug":"dictionnaire-complet-des-bourgeons","status":"publish","type":"product","link":"https:\/\/editionsdudauphin.com\/en\/livre\/subjects\/health-wellness\/health\/natural-medecine\/medicinal-plants\/dictionnaire-complet-des-bourgeons","title":{"rendered":"Dictionnaire complet de 53 bourgeons"},"content":{"rendered":"<p><span id=\"s2_1\">This how to book defines how to use 53 buds for 170 common pathologies and describes step by step how to make your own buds macerates ((20 in total).<\/span>\u00a0 L<span id=\"s2_2\">ike Essential Oils and medicinal plants, bud macerates are available in pharmacies and specialized health and wellness stores.<\/span> <span id=\"s2_3\">They offer another way to treat current diseases naturally. They also prevent pathologies such as arteriosclerosis, cataracts or phlebitis.<\/span><\/p>\n","protected":false},"excerpt":{"rendered":"<p>This how to book defines how to use 53 buds  [&#8230;]<\/p>\n","protected":false},"featured_media":18375,"template":"","meta":{"_acf_changed":false,"wpupg_custom_link":[],"wpupg_custom_link_behaviour":[],"wpupg_custom_link_nofollow":[],"wpupg_custom_image":[],"wpupg_custom_image_id":[]},"product_brand":[],"product_cat":[151,165,350],"product_tag":[],"class_list":{"0":"post-13523","1":"product","2":"type-product","3":"status-publish","4":"has-post-thumbnail","6":"product_cat-new-releases","7":"product_cat-natural-medecine","8":"product_cat-medicinal-plants","10":"first","11":"instock","12":"taxable","13":"shipping-taxable","14":"purchasable","15":"product-type-simple"},"acf":[],"yoast_head":"<!-- This site is optimized with the Yoast SEO plugin v27.3 - https:\/\/yoast.com\/product\/yoast-seo-wordpress\/ -->\n<title>Dictionnaire complet de 53 bourgeons - \u00c9ditions du Dauphin<\/title>\n<meta name=\"description\" content=\"Ce livre d\u00e9crit 50 bourgeons d&#039;arbustes pour pr\u00e9venir et gu\u00e9rir 170 pathologies. Il propose \u00e9galement 20 pr\u00e9parations \u00e0 faire soi-m\u00eame.\" \/>\n<meta name=\"robots\" content=\"index, follow, max-snippet:-1, max-image-preview:large, max-video-preview:-1\" \/>\n<link rel=\"canonical\" href=\"https:\/\/editionsdudauphin.com\/en\/livre\/subjects\/health-wellness\/health\/natural-medecine\/medicinal-plants\/dictionnaire-complet-des-bourgeons\" \/>\n<meta property=\"og:locale\" content=\"en_US\" \/>\n<meta property=\"og:type\" content=\"article\" \/>\n<meta property=\"og:title\" content=\"Dictionnaire complet de 53 bourgeons - \u00c9ditions du Dauphin\" \/>\n<meta property=\"og:description\" content=\"Ce livre d\u00e9crit 50 bourgeons d&#039;arbustes pour pr\u00e9venir et gu\u00e9rir 170 pathologies. Il propose \u00e9galement 20 pr\u00e9parations \u00e0 faire soi-m\u00eame.\" \/>\n<meta property=\"og:url\" content=\"https:\/\/editionsdudauphin.com\/en\/livre\/subjects\/health-wellness\/health\/natural-medecine\/medicinal-plants\/dictionnaire-complet-des-bourgeons\" \/>\n<meta property=\"og:site_name\" content=\"\u00c9ditions du Dauphin\" \/>\n<meta property=\"article:modified_time\" content=\"2025-04-09T09:34:31+00:00\" \/>\n<meta property=\"og:image\" content=\"https:\/\/editionsdudauphin.com\/wp-content\/uploads\/2021\/08\/9782716318501_bourgeons.jpg\" \/>\n\t<meta property=\"og:image:width\" content=\"800\" \/>\n\t<meta property=\"og:image:height\" content=\"1026\" \/>\n\t<meta property=\"og:image:type\" content=\"image\/jpeg\" \/>\n<meta name=\"twitter:card\" content=\"summary_large_image\" \/>\n<meta name=\"twitter:label1\" content=\"Est. reading time\" \/>\n\t<meta name=\"twitter:data1\" content=\"1 minute\" \/>\n<script type=\"application\/ld+json\" class=\"yoast-schema-graph\">{\"@context\":\"https:\\\/\\\/schema.org\",\"@graph\":[{\"@type\":\"WebPage\",\"@id\":\"https:\\\/\\\/editionsdudauphin.com\\\/en\\\/livre\\\/subjects\\\/health-wellness\\\/health\\\/natural-medecine\\\/medicinal-plants\\\/dictionnaire-complet-des-bourgeons\",\"url\":\"https:\\\/\\\/editionsdudauphin.com\\\/en\\\/livre\\\/subjects\\\/health-wellness\\\/health\\\/natural-medecine\\\/medicinal-plants\\\/dictionnaire-complet-des-bourgeons\",\"name\":\"Dictionnaire complet de 53 bourgeons - \u00c9ditions du Dauphin\",\"isPartOf\":{\"@id\":\"https:\\\/\\\/editionsdudauphin.com\\\/en#website\"},\"primaryImageOfPage\":{\"@id\":\"https:\\\/\\\/editionsdudauphin.com\\\/en\\\/livre\\\/subjects\\\/health-wellness\\\/health\\\/natural-medecine\\\/medicinal-plants\\\/dictionnaire-complet-des-bourgeons#primaryimage\"},\"image\":{\"@id\":\"https:\\\/\\\/editionsdudauphin.com\\\/en\\\/livre\\\/subjects\\\/health-wellness\\\/health\\\/natural-medecine\\\/medicinal-plants\\\/dictionnaire-complet-des-bourgeons#primaryimage\"},\"thumbnailUrl\":\"https:\\\/\\\/editionsdudauphin.com\\\/wp-content\\\/uploads\\\/2021\\\/08\\\/9782716318501_bourgeons.jpg\",\"datePublished\":\"2025-03-31T09:06:37+00:00\",\"dateModified\":\"2025-04-09T09:34:31+00:00\",\"description\":\"Ce livre d\u00e9crit 50 bourgeons d'arbustes pour pr\u00e9venir et gu\u00e9rir 170 pathologies. Il propose \u00e9galement 20 pr\u00e9parations \u00e0 faire soi-m\u00eame.\",\"breadcrumb\":{\"@id\":\"https:\\\/\\\/editionsdudauphin.com\\\/en\\\/livre\\\/subjects\\\/health-wellness\\\/health\\\/natural-medecine\\\/medicinal-plants\\\/dictionnaire-complet-des-bourgeons#breadcrumb\"},\"inLanguage\":\"en-US\",\"potentialAction\":[{\"@type\":\"ReadAction\",\"target\":[\"https:\\\/\\\/editionsdudauphin.com\\\/en\\\/livre\\\/subjects\\\/health-wellness\\\/health\\\/natural-medecine\\\/medicinal-plants\\\/dictionnaire-complet-des-bourgeons\"]}]},{\"@type\":\"ImageObject\",\"inLanguage\":\"en-US\",\"@id\":\"https:\\\/\\\/editionsdudauphin.com\\\/en\\\/livre\\\/subjects\\\/health-wellness\\\/health\\\/natural-medecine\\\/medicinal-plants\\\/dictionnaire-complet-des-bourgeons#primaryimage\",\"url\":\"https:\\\/\\\/editionsdudauphin.com\\\/wp-content\\\/uploads\\\/2021\\\/08\\\/9782716318501_bourgeons.jpg\",\"contentUrl\":\"https:\\\/\\\/editionsdudauphin.com\\\/wp-content\\\/uploads\\\/2021\\\/08\\\/9782716318501_bourgeons.jpg\",\"width\":800,\"height\":1026,\"caption\":\"bourgeons-g\u00e9mmoth\u00e9rapie\"},{\"@type\":\"BreadcrumbList\",\"@id\":\"https:\\\/\\\/editionsdudauphin.com\\\/en\\\/livre\\\/subjects\\\/health-wellness\\\/health\\\/natural-medecine\\\/medicinal-plants\\\/dictionnaire-complet-des-bourgeons#breadcrumb\",\"itemListElement\":[{\"@type\":\"ListItem\",\"position\":1,\"name\":\"Accueil\",\"item\":\"https:\\\/\\\/editionsdudauphin.com\\\/en\"},{\"@type\":\"ListItem\",\"position\":2,\"name\":\"Boutique\",\"item\":\"https:\\\/\\\/editionsdudauphin.com\\\/boutique\"},{\"@type\":\"ListItem\",\"position\":3,\"name\":\"Dictionnaire complet de 53 bourgeons\"}]},{\"@type\":\"WebSite\",\"@id\":\"https:\\\/\\\/editionsdudauphin.com\\\/en#website\",\"url\":\"https:\\\/\\\/editionsdudauphin.com\\\/en\",\"name\":\"\u00c9ditions du Dauphin\",\"description\":\"\",\"potentialAction\":[{\"@type\":\"SearchAction\",\"target\":{\"@type\":\"EntryPoint\",\"urlTemplate\":\"https:\\\/\\\/editionsdudauphin.com\\\/en?s={search_term_string}\"},\"query-input\":{\"@type\":\"PropertyValueSpecification\",\"valueRequired\":true,\"valueName\":\"search_term_string\"}}],\"inLanguage\":\"en-US\"}]}<\/script>\n<!-- \/ Yoast SEO plugin. -->","yoast_head_json":{"title":"Dictionnaire complet de 53 bourgeons - \u00c9ditions du Dauphin","description":"Ce livre d\u00e9crit 50 bourgeons d'arbustes pour pr\u00e9venir et gu\u00e9rir 170 pathologies. Il propose \u00e9galement 20 pr\u00e9parations \u00e0 faire soi-m\u00eame.","robots":{"index":"index","follow":"follow","max-snippet":"max-snippet:-1","max-image-preview":"max-image-preview:large","max-video-preview":"max-video-preview:-1"},"canonical":"https:\/\/editionsdudauphin.com\/en\/livre\/subjects\/health-wellness\/health\/natural-medecine\/medicinal-plants\/dictionnaire-complet-des-bourgeons","og_locale":"en_US","og_type":"article","og_title":"Dictionnaire complet de 53 bourgeons - \u00c9ditions du Dauphin","og_description":"Ce livre d\u00e9crit 50 bourgeons d'arbustes pour pr\u00e9venir et gu\u00e9rir 170 pathologies. Il propose \u00e9galement 20 pr\u00e9parations \u00e0 faire soi-m\u00eame.","og_url":"https:\/\/editionsdudauphin.com\/en\/livre\/subjects\/health-wellness\/health\/natural-medecine\/medicinal-plants\/dictionnaire-complet-des-bourgeons","og_site_name":"\u00c9ditions du Dauphin","article_modified_time":"2025-04-09T09:34:31+00:00","og_image":[{"width":800,"height":1026,"url":"https:\/\/editionsdudauphin.com\/wp-content\/uploads\/2021\/08\/9782716318501_bourgeons.jpg","type":"image\/jpeg"}],"twitter_card":"summary_large_image","twitter_misc":{"Est. reading time":"1 minute"},"schema":{"@context":"https:\/\/schema.org","@graph":[{"@type":"WebPage","@id":"https:\/\/editionsdudauphin.com\/en\/livre\/subjects\/health-wellness\/health\/natural-medecine\/medicinal-plants\/dictionnaire-complet-des-bourgeons","url":"https:\/\/editionsdudauphin.com\/en\/livre\/subjects\/health-wellness\/health\/natural-medecine\/medicinal-plants\/dictionnaire-complet-des-bourgeons","name":"Dictionnaire complet de 53 bourgeons - \u00c9ditions du Dauphin","isPartOf":{"@id":"https:\/\/editionsdudauphin.com\/en#website"},"primaryImageOfPage":{"@id":"https:\/\/editionsdudauphin.com\/en\/livre\/subjects\/health-wellness\/health\/natural-medecine\/medicinal-plants\/dictionnaire-complet-des-bourgeons#primaryimage"},"image":{"@id":"https:\/\/editionsdudauphin.com\/en\/livre\/subjects\/health-wellness\/health\/natural-medecine\/medicinal-plants\/dictionnaire-complet-des-bourgeons#primaryimage"},"thumbnailUrl":"https:\/\/editionsdudauphin.com\/wp-content\/uploads\/2021\/08\/9782716318501_bourgeons.jpg","datePublished":"2025-03-31T09:06:37+00:00","dateModified":"2025-04-09T09:34:31+00:00","description":"Ce livre d\u00e9crit 50 bourgeons d'arbustes pour pr\u00e9venir et gu\u00e9rir 170 pathologies. Il propose \u00e9galement 20 pr\u00e9parations \u00e0 faire soi-m\u00eame.","breadcrumb":{"@id":"https:\/\/editionsdudauphin.com\/en\/livre\/subjects\/health-wellness\/health\/natural-medecine\/medicinal-plants\/dictionnaire-complet-des-bourgeons#breadcrumb"},"inLanguage":"en-US","potentialAction":[{"@type":"ReadAction","target":["https:\/\/editionsdudauphin.com\/en\/livre\/subjects\/health-wellness\/health\/natural-medecine\/medicinal-plants\/dictionnaire-complet-des-bourgeons"]}]},{"@type":"ImageObject","inLanguage":"en-US","@id":"https:\/\/editionsdudauphin.com\/en\/livre\/subjects\/health-wellness\/health\/natural-medecine\/medicinal-plants\/dictionnaire-complet-des-bourgeons#primaryimage","url":"https:\/\/editionsdudauphin.com\/wp-content\/uploads\/2021\/08\/9782716318501_bourgeons.jpg","contentUrl":"https:\/\/editionsdudauphin.com\/wp-content\/uploads\/2021\/08\/9782716318501_bourgeons.jpg","width":800,"height":1026,"caption":"bourgeons-g\u00e9mmoth\u00e9rapie"},{"@type":"BreadcrumbList","@id":"https:\/\/editionsdudauphin.com\/en\/livre\/subjects\/health-wellness\/health\/natural-medecine\/medicinal-plants\/dictionnaire-complet-des-bourgeons#breadcrumb","itemListElement":[{"@type":"ListItem","position":1,"name":"Accueil","item":"https:\/\/editionsdudauphin.com\/en"},{"@type":"ListItem","position":2,"name":"Boutique","item":"https:\/\/editionsdudauphin.com\/boutique"},{"@type":"ListItem","position":3,"name":"Dictionnaire complet de 53 bourgeons"}]},{"@type":"WebSite","@id":"https:\/\/editionsdudauphin.com\/en#website","url":"https:\/\/editionsdudauphin.com\/en","name":"\u00c9ditions du Dauphin","description":"","potentialAction":[{"@type":"SearchAction","target":{"@type":"EntryPoint","urlTemplate":"https:\/\/editionsdudauphin.com\/en?s={search_term_string}"},"query-input":{"@type":"PropertyValueSpecification","valueRequired":true,"valueName":"search_term_string"}}],"inLanguage":"en-US"}]}},"_links":{"self":[{"href":"https:\/\/editionsdudauphin.com\/en\/wp-json\/wp\/v2\/product\/13523","targetHints":{"allow":["GET"]}}],"collection":[{"href":"https:\/\/editionsdudauphin.com\/en\/wp-json\/wp\/v2\/product"}],"about":[{"href":"https:\/\/editionsdudauphin.com\/en\/wp-json\/wp\/v2\/types\/product"}],"wp:featuredmedia":[{"embeddable":true,"href":"https:\/\/editionsdudauphin.com\/en\/wp-json\/wp\/v2\/media\/18375"}],"wp:attachment":[{"href":"https:\/\/editionsdudauphin.com\/en\/wp-json\/wp\/v2\/media?parent=13523"}],"wp:term":[{"taxonomy":"product_brand","embeddable":true,"href":"https:\/\/editionsdudauphin.com\/en\/wp-json\/wp\/v2\/product_brand?post=13523"},{"taxonomy":"product_cat","embeddable":true,"href":"https:\/\/editionsdudauphin.com\/en\/wp-json\/wp\/v2\/product_cat?post=13523"},{"taxonomy":"product_tag","embeddable":true,"href":"https:\/\/editionsdudauphin.com\/en\/wp-json\/wp\/v2\/product_tag?post=13523"}],"curies":[{"name":"wp","href":"https:\/\/api.w.org\/{rel}","templated":true}]}}