{"id":13597,"date":"2021-09-24T12:16:07","date_gmt":"2021-09-24T10:16:07","guid":{"rendered":"https:\/\/editionsdudauphin.com\/livre\/uncategorized\/decouvrir-son-royaume-interieur"},"modified":"2021-09-24T12:41:48","modified_gmt":"2021-09-24T10:41:48","slug":"decouvrir-son-royaume-interieur","status":"publish","type":"product","link":"https:\/\/editionsdudauphin.com\/en\/livre\/subjects\/personal-growth-psycho\/personal-growth\/decouvrir-son-royaume-interieur","title":{"rendered":"D\u00e9couvrir son royaume int\u00e9rieur"},"content":{"rendered":"<div id=\"trtext\"><span id=\"s2_1\">This book is dedicated to all persons desiring to change or improve their life. Anyone can read advices, exercises and keys at his own rhythm to discover his deeper soul and personality. Basing her approach on Jungian precepts, caring communication, creativity but also hypnosis, the author enables the reader to m<\/span><span id=\"s2_2\">eet his true nature.\u00a0<\/span><span id=\"s2_3\">Find your own rhythm, and explore your consciousness with 8 meditations created and recorded by the author to read or listen to for free download.<\/span><\/div>\n","protected":false},"excerpt":{"rendered":"<p>This book is dedicated to all persons desiring to change  [&#8230;]<\/p>\n","protected":false},"featured_media":13596,"template":"","meta":{"_acf_changed":false,"wpupg_custom_link":[],"wpupg_custom_link_behaviour":[],"wpupg_custom_link_nofollow":[],"wpupg_custom_image":[],"wpupg_custom_image_id":[]},"product_brand":[],"product_cat":[168],"product_tag":[],"class_list":{"0":"post-13597","1":"product","2":"type-product","3":"status-publish","4":"has-post-thumbnail","6":"product_cat-personal-growth","8":"first","9":"instock","10":"taxable","11":"shipping-taxable","12":"purchasable","13":"product-type-simple"},"acf":[],"yoast_head":"<!-- This site is optimized with the Yoast SEO plugin v27.3 - https:\/\/yoast.com\/product\/yoast-seo-wordpress\/ -->\n<title>D\u00e9couvrir son royaume int\u00e9rieur - \u00c9ditions du Dauphin<\/title>\n<meta name=\"description\" content=\"Ce guide pratique s&#039;adresse \u00e0 toute personne en questionnement personnel ou professionnel et qui souhaite changer et am\u00e9liorer leur vie.\" \/>\n<meta name=\"robots\" content=\"index, follow, max-snippet:-1, max-image-preview:large, max-video-preview:-1\" \/>\n<link rel=\"canonical\" href=\"https:\/\/editionsdudauphin.com\/en\/livre\/subjects\/personal-growth-psycho\/personal-growth\/decouvrir-son-royaume-interieur\" \/>\n<meta property=\"og:locale\" content=\"en_US\" \/>\n<meta property=\"og:type\" content=\"article\" \/>\n<meta property=\"og:title\" content=\"D\u00e9couvrir son royaume int\u00e9rieur - \u00c9ditions du Dauphin\" \/>\n<meta property=\"og:description\" content=\"Ce guide pratique s&#039;adresse \u00e0 toute personne en questionnement personnel ou professionnel et qui souhaite changer et am\u00e9liorer leur vie.\" \/>\n<meta property=\"og:url\" content=\"https:\/\/editionsdudauphin.com\/en\/livre\/subjects\/personal-growth-psycho\/personal-growth\/decouvrir-son-royaume-interieur\" \/>\n<meta property=\"og:site_name\" content=\"\u00c9ditions du Dauphin\" \/>\n<meta property=\"article:modified_time\" content=\"2021-09-24T10:41:48+00:00\" \/>\n<meta property=\"og:image\" content=\"https:\/\/editionsdudauphin.com\/wp-content\/uploads\/2021\/09\/9782716317771_Royaume_Interieur.jpg\" \/>\n\t<meta property=\"og:image:width\" content=\"800\" \/>\n\t<meta property=\"og:image:height\" content=\"1172\" \/>\n\t<meta property=\"og:image:type\" content=\"image\/jpeg\" \/>\n<meta name=\"twitter:card\" content=\"summary_large_image\" \/>\n<script type=\"application\/ld+json\" class=\"yoast-schema-graph\">{\"@context\":\"https:\\\/\\\/schema.org\",\"@graph\":[{\"@type\":\"WebPage\",\"@id\":\"https:\\\/\\\/editionsdudauphin.com\\\/en\\\/livre\\\/subjects\\\/personal-growth-psycho\\\/personal-growth\\\/decouvrir-son-royaume-interieur\",\"url\":\"https:\\\/\\\/editionsdudauphin.com\\\/en\\\/livre\\\/subjects\\\/personal-growth-psycho\\\/personal-growth\\\/decouvrir-son-royaume-interieur\",\"name\":\"D\u00e9couvrir son royaume int\u00e9rieur - \u00c9ditions du Dauphin\",\"isPartOf\":{\"@id\":\"https:\\\/\\\/editionsdudauphin.com\\\/en#website\"},\"primaryImageOfPage\":{\"@id\":\"https:\\\/\\\/editionsdudauphin.com\\\/en\\\/livre\\\/subjects\\\/personal-growth-psycho\\\/personal-growth\\\/decouvrir-son-royaume-interieur#primaryimage\"},\"image\":{\"@id\":\"https:\\\/\\\/editionsdudauphin.com\\\/en\\\/livre\\\/subjects\\\/personal-growth-psycho\\\/personal-growth\\\/decouvrir-son-royaume-interieur#primaryimage\"},\"thumbnailUrl\":\"https:\\\/\\\/editionsdudauphin.com\\\/wp-content\\\/uploads\\\/2021\\\/09\\\/9782716317771_Royaume_Interieur.jpg\",\"datePublished\":\"2021-09-24T10:16:07+00:00\",\"dateModified\":\"2021-09-24T10:41:48+00:00\",\"description\":\"Ce guide pratique s'adresse \u00e0 toute personne en questionnement personnel ou professionnel et qui souhaite changer et am\u00e9liorer leur vie.\",\"breadcrumb\":{\"@id\":\"https:\\\/\\\/editionsdudauphin.com\\\/en\\\/livre\\\/subjects\\\/personal-growth-psycho\\\/personal-growth\\\/decouvrir-son-royaume-interieur#breadcrumb\"},\"inLanguage\":\"en-US\",\"potentialAction\":[{\"@type\":\"ReadAction\",\"target\":[\"https:\\\/\\\/editionsdudauphin.com\\\/en\\\/livre\\\/subjects\\\/personal-growth-psycho\\\/personal-growth\\\/decouvrir-son-royaume-interieur\"]}]},{\"@type\":\"ImageObject\",\"inLanguage\":\"en-US\",\"@id\":\"https:\\\/\\\/editionsdudauphin.com\\\/en\\\/livre\\\/subjects\\\/personal-growth-psycho\\\/personal-growth\\\/decouvrir-son-royaume-interieur#primaryimage\",\"url\":\"https:\\\/\\\/editionsdudauphin.com\\\/wp-content\\\/uploads\\\/2021\\\/09\\\/9782716317771_Royaume_Interieur.jpg\",\"contentUrl\":\"https:\\\/\\\/editionsdudauphin.com\\\/wp-content\\\/uploads\\\/2021\\\/09\\\/9782716317771_Royaume_Interieur.jpg\",\"width\":800,\"height\":1172,\"caption\":\"Royaume int\u00e9rieur\"},{\"@type\":\"BreadcrumbList\",\"@id\":\"https:\\\/\\\/editionsdudauphin.com\\\/en\\\/livre\\\/subjects\\\/personal-growth-psycho\\\/personal-growth\\\/decouvrir-son-royaume-interieur#breadcrumb\",\"itemListElement\":[{\"@type\":\"ListItem\",\"position\":1,\"name\":\"Accueil\",\"item\":\"https:\\\/\\\/editionsdudauphin.com\\\/en\"},{\"@type\":\"ListItem\",\"position\":2,\"name\":\"Boutique\",\"item\":\"https:\\\/\\\/editionsdudauphin.com\\\/boutique\"},{\"@type\":\"ListItem\",\"position\":3,\"name\":\"D\u00e9couvrir son royaume int\u00e9rieur\"}]},{\"@type\":\"WebSite\",\"@id\":\"https:\\\/\\\/editionsdudauphin.com\\\/en#website\",\"url\":\"https:\\\/\\\/editionsdudauphin.com\\\/en\",\"name\":\"\u00c9ditions du Dauphin\",\"description\":\"\",\"potentialAction\":[{\"@type\":\"SearchAction\",\"target\":{\"@type\":\"EntryPoint\",\"urlTemplate\":\"https:\\\/\\\/editionsdudauphin.com\\\/en?s={search_term_string}\"},\"query-input\":{\"@type\":\"PropertyValueSpecification\",\"valueRequired\":true,\"valueName\":\"search_term_string\"}}],\"inLanguage\":\"en-US\"}]}<\/script>\n<!-- \/ Yoast SEO plugin. -->","yoast_head_json":{"title":"D\u00e9couvrir son royaume int\u00e9rieur - \u00c9ditions du Dauphin","description":"Ce guide pratique s'adresse \u00e0 toute personne en questionnement personnel ou professionnel et qui souhaite changer et am\u00e9liorer leur vie.","robots":{"index":"index","follow":"follow","max-snippet":"max-snippet:-1","max-image-preview":"max-image-preview:large","max-video-preview":"max-video-preview:-1"},"canonical":"https:\/\/editionsdudauphin.com\/en\/livre\/subjects\/personal-growth-psycho\/personal-growth\/decouvrir-son-royaume-interieur","og_locale":"en_US","og_type":"article","og_title":"D\u00e9couvrir son royaume int\u00e9rieur - \u00c9ditions du Dauphin","og_description":"Ce guide pratique s'adresse \u00e0 toute personne en questionnement personnel ou professionnel et qui souhaite changer et am\u00e9liorer leur vie.","og_url":"https:\/\/editionsdudauphin.com\/en\/livre\/subjects\/personal-growth-psycho\/personal-growth\/decouvrir-son-royaume-interieur","og_site_name":"\u00c9ditions du Dauphin","article_modified_time":"2021-09-24T10:41:48+00:00","og_image":[{"width":800,"height":1172,"url":"https:\/\/editionsdudauphin.com\/wp-content\/uploads\/2021\/09\/9782716317771_Royaume_Interieur.jpg","type":"image\/jpeg"}],"twitter_card":"summary_large_image","schema":{"@context":"https:\/\/schema.org","@graph":[{"@type":"WebPage","@id":"https:\/\/editionsdudauphin.com\/en\/livre\/subjects\/personal-growth-psycho\/personal-growth\/decouvrir-son-royaume-interieur","url":"https:\/\/editionsdudauphin.com\/en\/livre\/subjects\/personal-growth-psycho\/personal-growth\/decouvrir-son-royaume-interieur","name":"D\u00e9couvrir son royaume int\u00e9rieur - \u00c9ditions du Dauphin","isPartOf":{"@id":"https:\/\/editionsdudauphin.com\/en#website"},"primaryImageOfPage":{"@id":"https:\/\/editionsdudauphin.com\/en\/livre\/subjects\/personal-growth-psycho\/personal-growth\/decouvrir-son-royaume-interieur#primaryimage"},"image":{"@id":"https:\/\/editionsdudauphin.com\/en\/livre\/subjects\/personal-growth-psycho\/personal-growth\/decouvrir-son-royaume-interieur#primaryimage"},"thumbnailUrl":"https:\/\/editionsdudauphin.com\/wp-content\/uploads\/2021\/09\/9782716317771_Royaume_Interieur.jpg","datePublished":"2021-09-24T10:16:07+00:00","dateModified":"2021-09-24T10:41:48+00:00","description":"Ce guide pratique s'adresse \u00e0 toute personne en questionnement personnel ou professionnel et qui souhaite changer et am\u00e9liorer leur vie.","breadcrumb":{"@id":"https:\/\/editionsdudauphin.com\/en\/livre\/subjects\/personal-growth-psycho\/personal-growth\/decouvrir-son-royaume-interieur#breadcrumb"},"inLanguage":"en-US","potentialAction":[{"@type":"ReadAction","target":["https:\/\/editionsdudauphin.com\/en\/livre\/subjects\/personal-growth-psycho\/personal-growth\/decouvrir-son-royaume-interieur"]}]},{"@type":"ImageObject","inLanguage":"en-US","@id":"https:\/\/editionsdudauphin.com\/en\/livre\/subjects\/personal-growth-psycho\/personal-growth\/decouvrir-son-royaume-interieur#primaryimage","url":"https:\/\/editionsdudauphin.com\/wp-content\/uploads\/2021\/09\/9782716317771_Royaume_Interieur.jpg","contentUrl":"https:\/\/editionsdudauphin.com\/wp-content\/uploads\/2021\/09\/9782716317771_Royaume_Interieur.jpg","width":800,"height":1172,"caption":"Royaume int\u00e9rieur"},{"@type":"BreadcrumbList","@id":"https:\/\/editionsdudauphin.com\/en\/livre\/subjects\/personal-growth-psycho\/personal-growth\/decouvrir-son-royaume-interieur#breadcrumb","itemListElement":[{"@type":"ListItem","position":1,"name":"Accueil","item":"https:\/\/editionsdudauphin.com\/en"},{"@type":"ListItem","position":2,"name":"Boutique","item":"https:\/\/editionsdudauphin.com\/boutique"},{"@type":"ListItem","position":3,"name":"D\u00e9couvrir son royaume int\u00e9rieur"}]},{"@type":"WebSite","@id":"https:\/\/editionsdudauphin.com\/en#website","url":"https:\/\/editionsdudauphin.com\/en","name":"\u00c9ditions du Dauphin","description":"","potentialAction":[{"@type":"SearchAction","target":{"@type":"EntryPoint","urlTemplate":"https:\/\/editionsdudauphin.com\/en?s={search_term_string}"},"query-input":{"@type":"PropertyValueSpecification","valueRequired":true,"valueName":"search_term_string"}}],"inLanguage":"en-US"}]}},"_links":{"self":[{"href":"https:\/\/editionsdudauphin.com\/en\/wp-json\/wp\/v2\/product\/13597","targetHints":{"allow":["GET"]}}],"collection":[{"href":"https:\/\/editionsdudauphin.com\/en\/wp-json\/wp\/v2\/product"}],"about":[{"href":"https:\/\/editionsdudauphin.com\/en\/wp-json\/wp\/v2\/types\/product"}],"wp:featuredmedia":[{"embeddable":true,"href":"https:\/\/editionsdudauphin.com\/en\/wp-json\/wp\/v2\/media\/13596"}],"wp:attachment":[{"href":"https:\/\/editionsdudauphin.com\/en\/wp-json\/wp\/v2\/media?parent=13597"}],"wp:term":[{"taxonomy":"product_brand","embeddable":true,"href":"https:\/\/editionsdudauphin.com\/en\/wp-json\/wp\/v2\/product_brand?post=13597"},{"taxonomy":"product_cat","embeddable":true,"href":"https:\/\/editionsdudauphin.com\/en\/wp-json\/wp\/v2\/product_cat?post=13597"},{"taxonomy":"product_tag","embeddable":true,"href":"https:\/\/editionsdudauphin.com\/en\/wp-json\/wp\/v2\/product_tag?post=13597"}],"curies":[{"name":"wp","href":"https:\/\/api.w.org\/{rel}","templated":true}]}}