{"id":13874,"date":"2022-01-12T16:51:07","date_gmt":"2022-01-12T15:51:07","guid":{"rendered":"https:\/\/editionsdudauphin.com\/livre\/uncategorized\/la-revanche-du-cerveau-droit"},"modified":"2022-01-12T18:06:01","modified_gmt":"2022-01-12T17:06:01","slug":"la-revanche-du-cerveau-droit","status":"publish","type":"product","link":"https:\/\/editionsdudauphin.com\/en\/livre\/subjects\/personal-growth-psycho\/psychology-pop\/la-revanche-du-cerveau-droit","title":{"rendered":"La revanche du cerveau droit"},"content":{"rendered":"<div class=\"translation-input__main translation-input__result\">\n<div class=\"sentence-wrapper\"><span class=\"ng-star-inserted\">Will the major upheavals of this 21st century (scientific, economic, societal) turn to a\u00a0<\/span><span class=\"ng-star-inserted\">\u201cnew world\u201d?<br \/>\n<span class=\"ng-star-inserted\">Through a history of the great thoughts of the West, the authors explain how our society has favored the left brain \u2013 rational, mathematical, cartesian \u2013 to the detriment of the global, creative and intuitive thought of the right brain. <\/span><span class=\"ng-star-inserted\">This book proposes a new way of seeing and understanding the world.<\/span><br \/>\n<\/span><span class=\"ng-star-inserted\">It built new links between different disciplines (science, neurology, health, philosophy, sociology, psychology without forgetting the question of management). <\/span><\/div>\n<div class=\"sentence-wrapper\"><span class=\"ng-star-inserted\"><span style=\"color: #ff00ff;\"><strong><span style=\"font-size: 14pt;\">40<\/span> experts &#8216;s interviews&#8230;\u00a0Gilles Babinet &#8211; Luc Big\u00e9 &#8211; Olivier Chambon &#8211; Marie-Laure Colonna &#8211; CharlElie Couture &#8211; Laurence Devillers &#8211; Marie-Pierre Dillenseger &#8211; Howard Gardner &#8211; Elsa Godart &#8211; Philippe Guillemant &#8211; Myriam Ogier &#8211; Alain de Vulpian\u2026<\/strong><\/span><br \/>\nOur society needs to transform itself to move forward and requires reconnecting with our right brain, the seat of creativity, intuition, spirituality and empathy.<br \/>\n<\/span><\/div>\n<\/div>\n","protected":false},"excerpt":{"rendered":"<p>Will the major upheavals of this 21st century (scientific, economic,  [&#8230;]<\/p>\n","protected":false},"featured_media":13873,"template":"","meta":{"_acf_changed":false,"wpupg_custom_link":[],"wpupg_custom_link_behaviour":[],"wpupg_custom_link_nofollow":[],"wpupg_custom_image":[],"wpupg_custom_image_id":[]},"product_brand":[],"product_cat":[169],"product_tag":[],"class_list":{"0":"post-13874","1":"product","2":"type-product","3":"status-publish","4":"has-post-thumbnail","6":"product_cat-psychology-pop","8":"first","9":"instock","10":"taxable","11":"shipping-taxable","12":"purchasable","13":"product-type-simple"},"acf":[],"yoast_head":"<!-- This site is optimized with the Yoast SEO plugin v27.3 - https:\/\/yoast.com\/product\/yoast-seo-wordpress\/ -->\n<title>La revanche du cerveau droit - \u00c9ditions du Dauphin<\/title>\n<meta name=\"description\" content=\"Ce livre d&#039;actualit\u00e9 va au del\u00e0 de la notion d&#039;h\u00e9misph\u00e8re et ouvre des portes de compr\u00e9hension de notre monde de demain (sciences, sant\u00e9...)\" \/>\n<meta name=\"robots\" content=\"index, follow, max-snippet:-1, max-image-preview:large, max-video-preview:-1\" \/>\n<link rel=\"canonical\" href=\"https:\/\/editionsdudauphin.com\/en\/livre\/subjects\/personal-growth-psycho\/psychology-pop\/la-revanche-du-cerveau-droit\" \/>\n<meta property=\"og:locale\" content=\"en_US\" \/>\n<meta property=\"og:type\" content=\"article\" \/>\n<meta property=\"og:title\" content=\"La revanche du cerveau droit - \u00c9ditions du Dauphin\" \/>\n<meta property=\"og:description\" content=\"Ce livre d&#039;actualit\u00e9 va au del\u00e0 de la notion d&#039;h\u00e9misph\u00e8re et ouvre des portes de compr\u00e9hension de notre monde de demain (sciences, sant\u00e9...)\" \/>\n<meta property=\"og:url\" content=\"https:\/\/editionsdudauphin.com\/en\/livre\/subjects\/personal-growth-psycho\/psychology-pop\/la-revanche-du-cerveau-droit\" \/>\n<meta property=\"og:site_name\" content=\"\u00c9ditions du Dauphin\" \/>\n<meta property=\"article:modified_time\" content=\"2022-01-12T17:06:01+00:00\" \/>\n<meta property=\"og:image\" content=\"https:\/\/editionsdudauphin.com\/wp-content\/uploads\/2022\/01\/978276317788_cerveau_droit_neuroscience.jpg\" \/>\n\t<meta property=\"og:image:width\" content=\"800\" \/>\n\t<meta property=\"og:image:height\" content=\"1215\" \/>\n\t<meta property=\"og:image:type\" content=\"image\/jpeg\" \/>\n<meta name=\"twitter:card\" content=\"summary_large_image\" \/>\n<meta name=\"twitter:label1\" content=\"Est. reading time\" \/>\n\t<meta name=\"twitter:data1\" content=\"1 minute\" \/>\n<script type=\"application\/ld+json\" class=\"yoast-schema-graph\">{\"@context\":\"https:\\\/\\\/schema.org\",\"@graph\":[{\"@type\":\"WebPage\",\"@id\":\"https:\\\/\\\/editionsdudauphin.com\\\/en\\\/livre\\\/subjects\\\/personal-growth-psycho\\\/psychology-pop\\\/la-revanche-du-cerveau-droit\",\"url\":\"https:\\\/\\\/editionsdudauphin.com\\\/en\\\/livre\\\/subjects\\\/personal-growth-psycho\\\/psychology-pop\\\/la-revanche-du-cerveau-droit\",\"name\":\"La revanche du cerveau droit - \u00c9ditions du Dauphin\",\"isPartOf\":{\"@id\":\"https:\\\/\\\/editionsdudauphin.com\\\/en#website\"},\"primaryImageOfPage\":{\"@id\":\"https:\\\/\\\/editionsdudauphin.com\\\/en\\\/livre\\\/subjects\\\/personal-growth-psycho\\\/psychology-pop\\\/la-revanche-du-cerveau-droit#primaryimage\"},\"image\":{\"@id\":\"https:\\\/\\\/editionsdudauphin.com\\\/en\\\/livre\\\/subjects\\\/personal-growth-psycho\\\/psychology-pop\\\/la-revanche-du-cerveau-droit#primaryimage\"},\"thumbnailUrl\":\"https:\\\/\\\/editionsdudauphin.com\\\/wp-content\\\/uploads\\\/2022\\\/01\\\/978276317788_cerveau_droit_neuroscience.jpg\",\"datePublished\":\"2022-01-12T15:51:07+00:00\",\"dateModified\":\"2022-01-12T17:06:01+00:00\",\"description\":\"Ce livre d'actualit\u00e9 va au del\u00e0 de la notion d'h\u00e9misph\u00e8re et ouvre des portes de compr\u00e9hension de notre monde de demain (sciences, sant\u00e9...)\",\"breadcrumb\":{\"@id\":\"https:\\\/\\\/editionsdudauphin.com\\\/en\\\/livre\\\/subjects\\\/personal-growth-psycho\\\/psychology-pop\\\/la-revanche-du-cerveau-droit#breadcrumb\"},\"inLanguage\":\"en-US\",\"potentialAction\":[{\"@type\":\"ReadAction\",\"target\":[\"https:\\\/\\\/editionsdudauphin.com\\\/en\\\/livre\\\/subjects\\\/personal-growth-psycho\\\/psychology-pop\\\/la-revanche-du-cerveau-droit\"]}]},{\"@type\":\"ImageObject\",\"inLanguage\":\"en-US\",\"@id\":\"https:\\\/\\\/editionsdudauphin.com\\\/en\\\/livre\\\/subjects\\\/personal-growth-psycho\\\/psychology-pop\\\/la-revanche-du-cerveau-droit#primaryimage\",\"url\":\"https:\\\/\\\/editionsdudauphin.com\\\/wp-content\\\/uploads\\\/2022\\\/01\\\/978276317788_cerveau_droit_neuroscience.jpg\",\"contentUrl\":\"https:\\\/\\\/editionsdudauphin.com\\\/wp-content\\\/uploads\\\/2022\\\/01\\\/978276317788_cerveau_droit_neuroscience.jpg\",\"width\":800,\"height\":1215,\"caption\":\"la revanche du cerveau droit\"},{\"@type\":\"BreadcrumbList\",\"@id\":\"https:\\\/\\\/editionsdudauphin.com\\\/en\\\/livre\\\/subjects\\\/personal-growth-psycho\\\/psychology-pop\\\/la-revanche-du-cerveau-droit#breadcrumb\",\"itemListElement\":[{\"@type\":\"ListItem\",\"position\":1,\"name\":\"Accueil\",\"item\":\"https:\\\/\\\/editionsdudauphin.com\\\/en\"},{\"@type\":\"ListItem\",\"position\":2,\"name\":\"Boutique\",\"item\":\"https:\\\/\\\/editionsdudauphin.com\\\/boutique\"},{\"@type\":\"ListItem\",\"position\":3,\"name\":\"La revanche du cerveau droit\"}]},{\"@type\":\"WebSite\",\"@id\":\"https:\\\/\\\/editionsdudauphin.com\\\/en#website\",\"url\":\"https:\\\/\\\/editionsdudauphin.com\\\/en\",\"name\":\"\u00c9ditions du Dauphin\",\"description\":\"\",\"potentialAction\":[{\"@type\":\"SearchAction\",\"target\":{\"@type\":\"EntryPoint\",\"urlTemplate\":\"https:\\\/\\\/editionsdudauphin.com\\\/en?s={search_term_string}\"},\"query-input\":{\"@type\":\"PropertyValueSpecification\",\"valueRequired\":true,\"valueName\":\"search_term_string\"}}],\"inLanguage\":\"en-US\"}]}<\/script>\n<!-- \/ Yoast SEO plugin. -->","yoast_head_json":{"title":"La revanche du cerveau droit - \u00c9ditions du Dauphin","description":"Ce livre d'actualit\u00e9 va au del\u00e0 de la notion d'h\u00e9misph\u00e8re et ouvre des portes de compr\u00e9hension de notre monde de demain (sciences, sant\u00e9...)","robots":{"index":"index","follow":"follow","max-snippet":"max-snippet:-1","max-image-preview":"max-image-preview:large","max-video-preview":"max-video-preview:-1"},"canonical":"https:\/\/editionsdudauphin.com\/en\/livre\/subjects\/personal-growth-psycho\/psychology-pop\/la-revanche-du-cerveau-droit","og_locale":"en_US","og_type":"article","og_title":"La revanche du cerveau droit - \u00c9ditions du Dauphin","og_description":"Ce livre d'actualit\u00e9 va au del\u00e0 de la notion d'h\u00e9misph\u00e8re et ouvre des portes de compr\u00e9hension de notre monde de demain (sciences, sant\u00e9...)","og_url":"https:\/\/editionsdudauphin.com\/en\/livre\/subjects\/personal-growth-psycho\/psychology-pop\/la-revanche-du-cerveau-droit","og_site_name":"\u00c9ditions du Dauphin","article_modified_time":"2022-01-12T17:06:01+00:00","og_image":[{"width":800,"height":1215,"url":"https:\/\/editionsdudauphin.com\/wp-content\/uploads\/2022\/01\/978276317788_cerveau_droit_neuroscience.jpg","type":"image\/jpeg"}],"twitter_card":"summary_large_image","twitter_misc":{"Est. reading time":"1 minute"},"schema":{"@context":"https:\/\/schema.org","@graph":[{"@type":"WebPage","@id":"https:\/\/editionsdudauphin.com\/en\/livre\/subjects\/personal-growth-psycho\/psychology-pop\/la-revanche-du-cerveau-droit","url":"https:\/\/editionsdudauphin.com\/en\/livre\/subjects\/personal-growth-psycho\/psychology-pop\/la-revanche-du-cerveau-droit","name":"La revanche du cerveau droit - \u00c9ditions du Dauphin","isPartOf":{"@id":"https:\/\/editionsdudauphin.com\/en#website"},"primaryImageOfPage":{"@id":"https:\/\/editionsdudauphin.com\/en\/livre\/subjects\/personal-growth-psycho\/psychology-pop\/la-revanche-du-cerveau-droit#primaryimage"},"image":{"@id":"https:\/\/editionsdudauphin.com\/en\/livre\/subjects\/personal-growth-psycho\/psychology-pop\/la-revanche-du-cerveau-droit#primaryimage"},"thumbnailUrl":"https:\/\/editionsdudauphin.com\/wp-content\/uploads\/2022\/01\/978276317788_cerveau_droit_neuroscience.jpg","datePublished":"2022-01-12T15:51:07+00:00","dateModified":"2022-01-12T17:06:01+00:00","description":"Ce livre d'actualit\u00e9 va au del\u00e0 de la notion d'h\u00e9misph\u00e8re et ouvre des portes de compr\u00e9hension de notre monde de demain (sciences, sant\u00e9...)","breadcrumb":{"@id":"https:\/\/editionsdudauphin.com\/en\/livre\/subjects\/personal-growth-psycho\/psychology-pop\/la-revanche-du-cerveau-droit#breadcrumb"},"inLanguage":"en-US","potentialAction":[{"@type":"ReadAction","target":["https:\/\/editionsdudauphin.com\/en\/livre\/subjects\/personal-growth-psycho\/psychology-pop\/la-revanche-du-cerveau-droit"]}]},{"@type":"ImageObject","inLanguage":"en-US","@id":"https:\/\/editionsdudauphin.com\/en\/livre\/subjects\/personal-growth-psycho\/psychology-pop\/la-revanche-du-cerveau-droit#primaryimage","url":"https:\/\/editionsdudauphin.com\/wp-content\/uploads\/2022\/01\/978276317788_cerveau_droit_neuroscience.jpg","contentUrl":"https:\/\/editionsdudauphin.com\/wp-content\/uploads\/2022\/01\/978276317788_cerveau_droit_neuroscience.jpg","width":800,"height":1215,"caption":"la revanche du cerveau droit"},{"@type":"BreadcrumbList","@id":"https:\/\/editionsdudauphin.com\/en\/livre\/subjects\/personal-growth-psycho\/psychology-pop\/la-revanche-du-cerveau-droit#breadcrumb","itemListElement":[{"@type":"ListItem","position":1,"name":"Accueil","item":"https:\/\/editionsdudauphin.com\/en"},{"@type":"ListItem","position":2,"name":"Boutique","item":"https:\/\/editionsdudauphin.com\/boutique"},{"@type":"ListItem","position":3,"name":"La revanche du cerveau droit"}]},{"@type":"WebSite","@id":"https:\/\/editionsdudauphin.com\/en#website","url":"https:\/\/editionsdudauphin.com\/en","name":"\u00c9ditions du Dauphin","description":"","potentialAction":[{"@type":"SearchAction","target":{"@type":"EntryPoint","urlTemplate":"https:\/\/editionsdudauphin.com\/en?s={search_term_string}"},"query-input":{"@type":"PropertyValueSpecification","valueRequired":true,"valueName":"search_term_string"}}],"inLanguage":"en-US"}]}},"_links":{"self":[{"href":"https:\/\/editionsdudauphin.com\/en\/wp-json\/wp\/v2\/product\/13874","targetHints":{"allow":["GET"]}}],"collection":[{"href":"https:\/\/editionsdudauphin.com\/en\/wp-json\/wp\/v2\/product"}],"about":[{"href":"https:\/\/editionsdudauphin.com\/en\/wp-json\/wp\/v2\/types\/product"}],"wp:featuredmedia":[{"embeddable":true,"href":"https:\/\/editionsdudauphin.com\/en\/wp-json\/wp\/v2\/media\/13873"}],"wp:attachment":[{"href":"https:\/\/editionsdudauphin.com\/en\/wp-json\/wp\/v2\/media?parent=13874"}],"wp:term":[{"taxonomy":"product_brand","embeddable":true,"href":"https:\/\/editionsdudauphin.com\/en\/wp-json\/wp\/v2\/product_brand?post=13874"},{"taxonomy":"product_cat","embeddable":true,"href":"https:\/\/editionsdudauphin.com\/en\/wp-json\/wp\/v2\/product_cat?post=13874"},{"taxonomy":"product_tag","embeddable":true,"href":"https:\/\/editionsdudauphin.com\/en\/wp-json\/wp\/v2\/product_tag?post=13874"}],"curies":[{"name":"wp","href":"https:\/\/api.w.org\/{rel}","templated":true}]}}