{"id":14010,"date":"2022-02-18T14:55:57","date_gmt":"2022-02-18T13:55:57","guid":{"rendered":"https:\/\/editionsdudauphin.com\/livre\/uncategorized\/trouver-lequilibre-du-corps-par-losteotherapie-bounine"},"modified":"2022-02-18T15:28:51","modified_gmt":"2022-02-18T14:28:51","slug":"trouver-lequilibre-du-corps-par-losteotherapie-bounine","status":"publish","type":"product","link":"https:\/\/editionsdudauphin.com\/en\/livre\/subjects\/health-wellness\/health\/natural-medecine\/trouver-lequilibre-du-corps-par-losteotherapie-bounine","title":{"rendered":"Trouver l&#8217;\u00e9quilibre du corps par l&#8217;ost\u00e9oth\u00e9rapie Bounine\u00ae"},"content":{"rendered":"<p>Pelvic, \u00a0back and cervical imbalance, muscle pain, neuralgia, vertigo, osteoarthritis, this 3rd book by Nicolas Bounine is a rigorous synthesis of his long years of experience and research on the balance of the body, its physical, emotional and inner suffering.<span class=\"Apple-converted-space\">\u00a0<\/span><\/p>\n<p>More than 100,000 medical consultations, more than 40,000 patients (baby to senior), from sedentary to high-performance athlete, helped him to understand body dysfonctionnements.<\/p>\n<p>The Bounine\u00ae Osteoatherapy offers a new look at humans and offers an innovative, universal and transversal therapeutic alternative.<span class=\"Apple-converted-space\">\u00a0<\/span><\/p>\n","protected":false},"excerpt":{"rendered":"<p>Pelvic, \u00a0back and cervical imbalance, muscle pain, neuralgia, vertigo, osteoarthritis,  [&#8230;]<\/p>\n","protected":false},"featured_media":14009,"template":"","meta":{"_acf_changed":false,"wpupg_custom_link":[],"wpupg_custom_link_behaviour":[],"wpupg_custom_link_nofollow":[],"wpupg_custom_image":[],"wpupg_custom_image_id":[]},"product_brand":[],"product_cat":[165],"product_tag":[],"class_list":{"0":"post-14010","1":"product","2":"type-product","3":"status-publish","4":"has-post-thumbnail","6":"product_cat-natural-medecine","8":"first","9":"instock","10":"taxable","11":"shipping-taxable","12":"purchasable","13":"product-type-simple"},"acf":[],"yoast_head":"<!-- This site is optimized with the Yoast SEO plugin v27.4 - https:\/\/yoast.com\/product\/yoast-seo-wordpress\/ -->\n<title>Trouver l&#039;\u00e9quilibre du corps par l&#039;ost\u00e9oth\u00e9rapie Bounine\u00ae - \u00c9ditions du Dauphin<\/title>\n<meta name=\"description\" content=\"D\u00e9s\u00e9quilibre du bassin, du dos et des cervicales, douleurs musculaires et articulaires, l&#039;ost\u00e9oth\u00e9rapie Bounine apporte une solution.\" \/>\n<meta name=\"robots\" content=\"index, follow, max-snippet:-1, max-image-preview:large, max-video-preview:-1\" \/>\n<link rel=\"canonical\" href=\"https:\/\/editionsdudauphin.com\/en\/livre\/subjects\/health-wellness\/health\/natural-medecine\/trouver-lequilibre-du-corps-par-losteotherapie-bounine\" \/>\n<meta property=\"og:locale\" content=\"en_US\" \/>\n<meta property=\"og:type\" content=\"article\" \/>\n<meta property=\"og:title\" content=\"Trouver l&#039;\u00e9quilibre du corps par l&#039;ost\u00e9oth\u00e9rapie Bounine\u00ae - \u00c9ditions du Dauphin\" \/>\n<meta property=\"og:description\" content=\"D\u00e9s\u00e9quilibre du bassin, du dos et des cervicales, douleurs musculaires et articulaires, l&#039;ost\u00e9oth\u00e9rapie Bounine apporte une solution.\" \/>\n<meta property=\"og:url\" content=\"https:\/\/editionsdudauphin.com\/en\/livre\/subjects\/health-wellness\/health\/natural-medecine\/trouver-lequilibre-du-corps-par-losteotherapie-bounine\" \/>\n<meta property=\"og:site_name\" content=\"\u00c9ditions du Dauphin\" \/>\n<meta property=\"article:modified_time\" content=\"2022-02-18T14:28:51+00:00\" \/>\n<meta property=\"og:image\" content=\"https:\/\/editionsdudauphin.com\/wp-content\/uploads\/2022\/02\/9782716317832_equilibre_corps_bounine.png\" \/>\n\t<meta property=\"og:image:width\" content=\"800\" \/>\n\t<meta property=\"og:image:height\" content=\"1180\" \/>\n\t<meta property=\"og:image:type\" content=\"image\/png\" \/>\n<meta name=\"twitter:card\" content=\"summary_large_image\" \/>\n<meta name=\"twitter:label1\" content=\"Est. reading time\" \/>\n\t<meta name=\"twitter:data1\" content=\"1 minute\" \/>\n<script type=\"application\/ld+json\" class=\"yoast-schema-graph\">{\"@context\":\"https:\\\/\\\/schema.org\",\"@graph\":[{\"@type\":\"WebPage\",\"@id\":\"https:\\\/\\\/editionsdudauphin.com\\\/en\\\/livre\\\/subjects\\\/health-wellness\\\/health\\\/natural-medecine\\\/trouver-lequilibre-du-corps-par-losteotherapie-bounine\",\"url\":\"https:\\\/\\\/editionsdudauphin.com\\\/en\\\/livre\\\/subjects\\\/health-wellness\\\/health\\\/natural-medecine\\\/trouver-lequilibre-du-corps-par-losteotherapie-bounine\",\"name\":\"Trouver l'\u00e9quilibre du corps par l'ost\u00e9oth\u00e9rapie Bounine\u00ae - \u00c9ditions du Dauphin\",\"isPartOf\":{\"@id\":\"https:\\\/\\\/editionsdudauphin.com\\\/en#website\"},\"primaryImageOfPage\":{\"@id\":\"https:\\\/\\\/editionsdudauphin.com\\\/en\\\/livre\\\/subjects\\\/health-wellness\\\/health\\\/natural-medecine\\\/trouver-lequilibre-du-corps-par-losteotherapie-bounine#primaryimage\"},\"image\":{\"@id\":\"https:\\\/\\\/editionsdudauphin.com\\\/en\\\/livre\\\/subjects\\\/health-wellness\\\/health\\\/natural-medecine\\\/trouver-lequilibre-du-corps-par-losteotherapie-bounine#primaryimage\"},\"thumbnailUrl\":\"https:\\\/\\\/editionsdudauphin.com\\\/wp-content\\\/uploads\\\/2022\\\/02\\\/9782716317832_equilibre_corps_bounine.png\",\"datePublished\":\"2022-02-18T13:55:57+00:00\",\"dateModified\":\"2022-02-18T14:28:51+00:00\",\"description\":\"D\u00e9s\u00e9quilibre du bassin, du dos et des cervicales, douleurs musculaires et articulaires, l'ost\u00e9oth\u00e9rapie Bounine apporte une solution.\",\"breadcrumb\":{\"@id\":\"https:\\\/\\\/editionsdudauphin.com\\\/en\\\/livre\\\/subjects\\\/health-wellness\\\/health\\\/natural-medecine\\\/trouver-lequilibre-du-corps-par-losteotherapie-bounine#breadcrumb\"},\"inLanguage\":\"en-US\",\"potentialAction\":[{\"@type\":\"ReadAction\",\"target\":[\"https:\\\/\\\/editionsdudauphin.com\\\/en\\\/livre\\\/subjects\\\/health-wellness\\\/health\\\/natural-medecine\\\/trouver-lequilibre-du-corps-par-losteotherapie-bounine\"]}]},{\"@type\":\"ImageObject\",\"inLanguage\":\"en-US\",\"@id\":\"https:\\\/\\\/editionsdudauphin.com\\\/en\\\/livre\\\/subjects\\\/health-wellness\\\/health\\\/natural-medecine\\\/trouver-lequilibre-du-corps-par-losteotherapie-bounine#primaryimage\",\"url\":\"https:\\\/\\\/editionsdudauphin.com\\\/wp-content\\\/uploads\\\/2022\\\/02\\\/9782716317832_equilibre_corps_bounine.png\",\"contentUrl\":\"https:\\\/\\\/editionsdudauphin.com\\\/wp-content\\\/uploads\\\/2022\\\/02\\\/9782716317832_equilibre_corps_bounine.png\",\"width\":800,\"height\":1180,\"caption\":\"\u00e9quilibre du corps\"},{\"@type\":\"BreadcrumbList\",\"@id\":\"https:\\\/\\\/editionsdudauphin.com\\\/en\\\/livre\\\/subjects\\\/health-wellness\\\/health\\\/natural-medecine\\\/trouver-lequilibre-du-corps-par-losteotherapie-bounine#breadcrumb\",\"itemListElement\":[{\"@type\":\"ListItem\",\"position\":1,\"name\":\"Accueil\",\"item\":\"https:\\\/\\\/editionsdudauphin.com\\\/en\"},{\"@type\":\"ListItem\",\"position\":2,\"name\":\"Boutique\",\"item\":\"https:\\\/\\\/editionsdudauphin.com\\\/boutique\"},{\"@type\":\"ListItem\",\"position\":3,\"name\":\"Trouver l&#8217;\u00e9quilibre du corps par l&#8217;ost\u00e9oth\u00e9rapie Bounine\u00ae\"}]},{\"@type\":\"WebSite\",\"@id\":\"https:\\\/\\\/editionsdudauphin.com\\\/en#website\",\"url\":\"https:\\\/\\\/editionsdudauphin.com\\\/en\",\"name\":\"\u00c9ditions du Dauphin\",\"description\":\"\",\"potentialAction\":[{\"@type\":\"SearchAction\",\"target\":{\"@type\":\"EntryPoint\",\"urlTemplate\":\"https:\\\/\\\/editionsdudauphin.com\\\/en?s={search_term_string}\"},\"query-input\":{\"@type\":\"PropertyValueSpecification\",\"valueRequired\":true,\"valueName\":\"search_term_string\"}}],\"inLanguage\":\"en-US\"}]}<\/script>\n<!-- \/ Yoast SEO plugin. -->","yoast_head_json":{"title":"Trouver l'\u00e9quilibre du corps par l'ost\u00e9oth\u00e9rapie Bounine\u00ae - \u00c9ditions du Dauphin","description":"D\u00e9s\u00e9quilibre du bassin, du dos et des cervicales, douleurs musculaires et articulaires, l'ost\u00e9oth\u00e9rapie Bounine apporte une solution.","robots":{"index":"index","follow":"follow","max-snippet":"max-snippet:-1","max-image-preview":"max-image-preview:large","max-video-preview":"max-video-preview:-1"},"canonical":"https:\/\/editionsdudauphin.com\/en\/livre\/subjects\/health-wellness\/health\/natural-medecine\/trouver-lequilibre-du-corps-par-losteotherapie-bounine","og_locale":"en_US","og_type":"article","og_title":"Trouver l'\u00e9quilibre du corps par l'ost\u00e9oth\u00e9rapie Bounine\u00ae - \u00c9ditions du Dauphin","og_description":"D\u00e9s\u00e9quilibre du bassin, du dos et des cervicales, douleurs musculaires et articulaires, l'ost\u00e9oth\u00e9rapie Bounine apporte une solution.","og_url":"https:\/\/editionsdudauphin.com\/en\/livre\/subjects\/health-wellness\/health\/natural-medecine\/trouver-lequilibre-du-corps-par-losteotherapie-bounine","og_site_name":"\u00c9ditions du Dauphin","article_modified_time":"2022-02-18T14:28:51+00:00","og_image":[{"width":800,"height":1180,"url":"https:\/\/editionsdudauphin.com\/wp-content\/uploads\/2022\/02\/9782716317832_equilibre_corps_bounine.png","type":"image\/png"}],"twitter_card":"summary_large_image","twitter_misc":{"Est. reading time":"1 minute"},"schema":{"@context":"https:\/\/schema.org","@graph":[{"@type":"WebPage","@id":"https:\/\/editionsdudauphin.com\/en\/livre\/subjects\/health-wellness\/health\/natural-medecine\/trouver-lequilibre-du-corps-par-losteotherapie-bounine","url":"https:\/\/editionsdudauphin.com\/en\/livre\/subjects\/health-wellness\/health\/natural-medecine\/trouver-lequilibre-du-corps-par-losteotherapie-bounine","name":"Trouver l'\u00e9quilibre du corps par l'ost\u00e9oth\u00e9rapie Bounine\u00ae - \u00c9ditions du Dauphin","isPartOf":{"@id":"https:\/\/editionsdudauphin.com\/en#website"},"primaryImageOfPage":{"@id":"https:\/\/editionsdudauphin.com\/en\/livre\/subjects\/health-wellness\/health\/natural-medecine\/trouver-lequilibre-du-corps-par-losteotherapie-bounine#primaryimage"},"image":{"@id":"https:\/\/editionsdudauphin.com\/en\/livre\/subjects\/health-wellness\/health\/natural-medecine\/trouver-lequilibre-du-corps-par-losteotherapie-bounine#primaryimage"},"thumbnailUrl":"https:\/\/editionsdudauphin.com\/wp-content\/uploads\/2022\/02\/9782716317832_equilibre_corps_bounine.png","datePublished":"2022-02-18T13:55:57+00:00","dateModified":"2022-02-18T14:28:51+00:00","description":"D\u00e9s\u00e9quilibre du bassin, du dos et des cervicales, douleurs musculaires et articulaires, l'ost\u00e9oth\u00e9rapie Bounine apporte une solution.","breadcrumb":{"@id":"https:\/\/editionsdudauphin.com\/en\/livre\/subjects\/health-wellness\/health\/natural-medecine\/trouver-lequilibre-du-corps-par-losteotherapie-bounine#breadcrumb"},"inLanguage":"en-US","potentialAction":[{"@type":"ReadAction","target":["https:\/\/editionsdudauphin.com\/en\/livre\/subjects\/health-wellness\/health\/natural-medecine\/trouver-lequilibre-du-corps-par-losteotherapie-bounine"]}]},{"@type":"ImageObject","inLanguage":"en-US","@id":"https:\/\/editionsdudauphin.com\/en\/livre\/subjects\/health-wellness\/health\/natural-medecine\/trouver-lequilibre-du-corps-par-losteotherapie-bounine#primaryimage","url":"https:\/\/editionsdudauphin.com\/wp-content\/uploads\/2022\/02\/9782716317832_equilibre_corps_bounine.png","contentUrl":"https:\/\/editionsdudauphin.com\/wp-content\/uploads\/2022\/02\/9782716317832_equilibre_corps_bounine.png","width":800,"height":1180,"caption":"\u00e9quilibre du corps"},{"@type":"BreadcrumbList","@id":"https:\/\/editionsdudauphin.com\/en\/livre\/subjects\/health-wellness\/health\/natural-medecine\/trouver-lequilibre-du-corps-par-losteotherapie-bounine#breadcrumb","itemListElement":[{"@type":"ListItem","position":1,"name":"Accueil","item":"https:\/\/editionsdudauphin.com\/en"},{"@type":"ListItem","position":2,"name":"Boutique","item":"https:\/\/editionsdudauphin.com\/boutique"},{"@type":"ListItem","position":3,"name":"Trouver l&#8217;\u00e9quilibre du corps par l&#8217;ost\u00e9oth\u00e9rapie Bounine\u00ae"}]},{"@type":"WebSite","@id":"https:\/\/editionsdudauphin.com\/en#website","url":"https:\/\/editionsdudauphin.com\/en","name":"\u00c9ditions du Dauphin","description":"","potentialAction":[{"@type":"SearchAction","target":{"@type":"EntryPoint","urlTemplate":"https:\/\/editionsdudauphin.com\/en?s={search_term_string}"},"query-input":{"@type":"PropertyValueSpecification","valueRequired":true,"valueName":"search_term_string"}}],"inLanguage":"en-US"}]}},"_links":{"self":[{"href":"https:\/\/editionsdudauphin.com\/en\/wp-json\/wp\/v2\/product\/14010","targetHints":{"allow":["GET"]}}],"collection":[{"href":"https:\/\/editionsdudauphin.com\/en\/wp-json\/wp\/v2\/product"}],"about":[{"href":"https:\/\/editionsdudauphin.com\/en\/wp-json\/wp\/v2\/types\/product"}],"wp:featuredmedia":[{"embeddable":true,"href":"https:\/\/editionsdudauphin.com\/en\/wp-json\/wp\/v2\/media\/14009"}],"wp:attachment":[{"href":"https:\/\/editionsdudauphin.com\/en\/wp-json\/wp\/v2\/media?parent=14010"}],"wp:term":[{"taxonomy":"product_brand","embeddable":true,"href":"https:\/\/editionsdudauphin.com\/en\/wp-json\/wp\/v2\/product_brand?post=14010"},{"taxonomy":"product_cat","embeddable":true,"href":"https:\/\/editionsdudauphin.com\/en\/wp-json\/wp\/v2\/product_cat?post=14010"},{"taxonomy":"product_tag","embeddable":true,"href":"https:\/\/editionsdudauphin.com\/en\/wp-json\/wp\/v2\/product_tag?post=14010"}],"curies":[{"name":"wp","href":"https:\/\/api.w.org\/{rel}","templated":true}]}}