{"id":14085,"date":"2022-03-23T07:52:09","date_gmt":"2022-03-23T06:52:09","guid":{"rendered":"https:\/\/editionsdudauphin.com\/livre\/uncategorized\/histoire-de-lukraine-des-origines-aux-premieres-annees-de-lindependance"},"modified":"2022-03-23T09:20:29","modified_gmt":"2022-03-23T08:20:29","slug":"histoire-de-lukraine-des-origines-aux-premieres-annees-de-lindependance","status":"publish","type":"product","link":"https:\/\/editionsdudauphin.com\/en\/livre\/subjects\/society-history-ecology\/history\/histoire-de-lukraine-des-origines-aux-premieres-annees-de-lindependance","title":{"rendered":"Histoire de l&#8217;Ukraine &#8211; Des origines aux premi\u00e8res ann\u00e9es de l&#8217;ind\u00e9pendance"},"content":{"rendered":"<p>The historical and political events that have taken place in Ukraine over the past decade are part of the global processes.\u00a0 After a long time during which it was occulted by the Soviet Union, Ukraine takes place on the international stage: its population and its surface area roughly equal to France, its people<span class=\"Apple-converted-space\">\u00a0<\/span>qualification, cultural richness, natural resources and its geographical location at the other end of Europe, make it play a decisive role in the new European landscape. To understand the last events that happen in Ukraine since March 2022, involves knowing one\u2019s history, often tragic, but also rich in the virtues of one\u2019s people, attached to one\u2019s land and culture, aware that they were the cradle of the whole of Slavic civilization.<\/p>\n","protected":false},"excerpt":{"rendered":"<p>The historical and political events that have taken place in  [&#8230;]<\/p>\n","protected":false},"featured_media":14083,"template":"","meta":{"_acf_changed":false,"wpupg_custom_link":[],"wpupg_custom_link_behaviour":[],"wpupg_custom_link_nofollow":[],"wpupg_custom_image":[],"wpupg_custom_image_id":[]},"product_brand":[],"product_cat":[184],"product_tag":[],"class_list":{"0":"post-14085","1":"product","2":"type-product","3":"status-publish","4":"has-post-thumbnail","6":"product_cat-history","8":"first","9":"instock","10":"taxable","11":"shipping-taxable","12":"purchasable","13":"product-type-simple"},"acf":[],"yoast_head":"<!-- This site is optimized with the Yoast SEO plugin v27.3 - https:\/\/yoast.com\/product\/yoast-seo-wordpress\/ -->\n<title>Histoire de l&#039;Ukraine - Des origines aux premi\u00e8res ann\u00e9es de l&#039;ind\u00e9pendance - \u00c9ditions du Dauphin<\/title>\n<meta name=\"description\" content=\"Ce livre d\u00e9crit l&#039;Histoire de l&#039;Ukraine depuis son origine jusqu&#039;aux premi\u00e8res ann\u00e9es d&#039;ind\u00e9pendance. Il est \u00e9crit par Arkady Joukovsky.\" \/>\n<meta name=\"robots\" content=\"index, follow, max-snippet:-1, max-image-preview:large, max-video-preview:-1\" \/>\n<link rel=\"canonical\" href=\"https:\/\/editionsdudauphin.com\/en\/livre\/subjects\/society-history-ecology\/history\/histoire-de-lukraine-des-origines-aux-premieres-annees-de-lindependance\" \/>\n<meta property=\"og:locale\" content=\"en_US\" \/>\n<meta property=\"og:type\" content=\"article\" \/>\n<meta property=\"og:title\" content=\"Histoire de l&#039;Ukraine - Des origines aux premi\u00e8res ann\u00e9es de l&#039;ind\u00e9pendance - \u00c9ditions du Dauphin\" \/>\n<meta property=\"og:description\" content=\"Ce livre d\u00e9crit l&#039;Histoire de l&#039;Ukraine depuis son origine jusqu&#039;aux premi\u00e8res ann\u00e9es d&#039;ind\u00e9pendance. Il est \u00e9crit par Arkady Joukovsky.\" \/>\n<meta property=\"og:url\" content=\"https:\/\/editionsdudauphin.com\/en\/livre\/subjects\/society-history-ecology\/history\/histoire-de-lukraine-des-origines-aux-premieres-annees-de-lindependance\" \/>\n<meta property=\"og:site_name\" content=\"\u00c9ditions du Dauphin\" \/>\n<meta property=\"article:modified_time\" content=\"2022-03-23T08:20:29+00:00\" \/>\n<meta property=\"og:image\" content=\"https:\/\/editionsdudauphin.com\/wp-content\/uploads\/2005\/09\/9782716317979_histoire_ukraine-1.jpg\" \/>\n\t<meta property=\"og:image:width\" content=\"800\" \/>\n\t<meta property=\"og:image:height\" content=\"1181\" \/>\n\t<meta property=\"og:image:type\" content=\"image\/jpeg\" \/>\n<meta name=\"twitter:card\" content=\"summary_large_image\" \/>\n<meta name=\"twitter:label1\" content=\"Est. reading time\" \/>\n\t<meta name=\"twitter:data1\" content=\"1 minute\" \/>\n<script type=\"application\/ld+json\" class=\"yoast-schema-graph\">{\"@context\":\"https:\\\/\\\/schema.org\",\"@graph\":[{\"@type\":\"WebPage\",\"@id\":\"https:\\\/\\\/editionsdudauphin.com\\\/en\\\/livre\\\/subjects\\\/society-history-ecology\\\/history\\\/histoire-de-lukraine-des-origines-aux-premieres-annees-de-lindependance\",\"url\":\"https:\\\/\\\/editionsdudauphin.com\\\/en\\\/livre\\\/subjects\\\/society-history-ecology\\\/history\\\/histoire-de-lukraine-des-origines-aux-premieres-annees-de-lindependance\",\"name\":\"Histoire de l'Ukraine - Des origines aux premi\u00e8res ann\u00e9es de l'ind\u00e9pendance - \u00c9ditions du Dauphin\",\"isPartOf\":{\"@id\":\"https:\\\/\\\/editionsdudauphin.com\\\/en#website\"},\"primaryImageOfPage\":{\"@id\":\"https:\\\/\\\/editionsdudauphin.com\\\/en\\\/livre\\\/subjects\\\/society-history-ecology\\\/history\\\/histoire-de-lukraine-des-origines-aux-premieres-annees-de-lindependance#primaryimage\"},\"image\":{\"@id\":\"https:\\\/\\\/editionsdudauphin.com\\\/en\\\/livre\\\/subjects\\\/society-history-ecology\\\/history\\\/histoire-de-lukraine-des-origines-aux-premieres-annees-de-lindependance#primaryimage\"},\"thumbnailUrl\":\"https:\\\/\\\/editionsdudauphin.com\\\/wp-content\\\/uploads\\\/2005\\\/09\\\/9782716317979_histoire_ukraine-1.jpg\",\"datePublished\":\"2022-03-23T06:52:09+00:00\",\"dateModified\":\"2022-03-23T08:20:29+00:00\",\"description\":\"Ce livre d\u00e9crit l'Histoire de l'Ukraine depuis son origine jusqu'aux premi\u00e8res ann\u00e9es d'ind\u00e9pendance. Il est \u00e9crit par Arkady Joukovsky.\",\"breadcrumb\":{\"@id\":\"https:\\\/\\\/editionsdudauphin.com\\\/en\\\/livre\\\/subjects\\\/society-history-ecology\\\/history\\\/histoire-de-lukraine-des-origines-aux-premieres-annees-de-lindependance#breadcrumb\"},\"inLanguage\":\"en-US\",\"potentialAction\":[{\"@type\":\"ReadAction\",\"target\":[\"https:\\\/\\\/editionsdudauphin.com\\\/en\\\/livre\\\/subjects\\\/society-history-ecology\\\/history\\\/histoire-de-lukraine-des-origines-aux-premieres-annees-de-lindependance\"]}]},{\"@type\":\"ImageObject\",\"inLanguage\":\"en-US\",\"@id\":\"https:\\\/\\\/editionsdudauphin.com\\\/en\\\/livre\\\/subjects\\\/society-history-ecology\\\/history\\\/histoire-de-lukraine-des-origines-aux-premieres-annees-de-lindependance#primaryimage\",\"url\":\"https:\\\/\\\/editionsdudauphin.com\\\/wp-content\\\/uploads\\\/2005\\\/09\\\/9782716317979_histoire_ukraine-1.jpg\",\"contentUrl\":\"https:\\\/\\\/editionsdudauphin.com\\\/wp-content\\\/uploads\\\/2005\\\/09\\\/9782716317979_histoire_ukraine-1.jpg\",\"width\":800,\"height\":1181,\"caption\":\"Histoire de l'Ukraine\"},{\"@type\":\"BreadcrumbList\",\"@id\":\"https:\\\/\\\/editionsdudauphin.com\\\/en\\\/livre\\\/subjects\\\/society-history-ecology\\\/history\\\/histoire-de-lukraine-des-origines-aux-premieres-annees-de-lindependance#breadcrumb\",\"itemListElement\":[{\"@type\":\"ListItem\",\"position\":1,\"name\":\"Accueil\",\"item\":\"https:\\\/\\\/editionsdudauphin.com\\\/en\"},{\"@type\":\"ListItem\",\"position\":2,\"name\":\"Boutique\",\"item\":\"https:\\\/\\\/editionsdudauphin.com\\\/boutique\"},{\"@type\":\"ListItem\",\"position\":3,\"name\":\"Histoire de l&#8217;Ukraine &#8211; Des origines aux premi\u00e8res ann\u00e9es de l&#8217;ind\u00e9pendance\"}]},{\"@type\":\"WebSite\",\"@id\":\"https:\\\/\\\/editionsdudauphin.com\\\/en#website\",\"url\":\"https:\\\/\\\/editionsdudauphin.com\\\/en\",\"name\":\"\u00c9ditions du Dauphin\",\"description\":\"\",\"potentialAction\":[{\"@type\":\"SearchAction\",\"target\":{\"@type\":\"EntryPoint\",\"urlTemplate\":\"https:\\\/\\\/editionsdudauphin.com\\\/en?s={search_term_string}\"},\"query-input\":{\"@type\":\"PropertyValueSpecification\",\"valueRequired\":true,\"valueName\":\"search_term_string\"}}],\"inLanguage\":\"en-US\"}]}<\/script>\n<!-- \/ Yoast SEO plugin. -->","yoast_head_json":{"title":"Histoire de l'Ukraine - Des origines aux premi\u00e8res ann\u00e9es de l'ind\u00e9pendance - \u00c9ditions du Dauphin","description":"Ce livre d\u00e9crit l'Histoire de l'Ukraine depuis son origine jusqu'aux premi\u00e8res ann\u00e9es d'ind\u00e9pendance. Il est \u00e9crit par Arkady Joukovsky.","robots":{"index":"index","follow":"follow","max-snippet":"max-snippet:-1","max-image-preview":"max-image-preview:large","max-video-preview":"max-video-preview:-1"},"canonical":"https:\/\/editionsdudauphin.com\/en\/livre\/subjects\/society-history-ecology\/history\/histoire-de-lukraine-des-origines-aux-premieres-annees-de-lindependance","og_locale":"en_US","og_type":"article","og_title":"Histoire de l'Ukraine - Des origines aux premi\u00e8res ann\u00e9es de l'ind\u00e9pendance - \u00c9ditions du Dauphin","og_description":"Ce livre d\u00e9crit l'Histoire de l'Ukraine depuis son origine jusqu'aux premi\u00e8res ann\u00e9es d'ind\u00e9pendance. Il est \u00e9crit par Arkady Joukovsky.","og_url":"https:\/\/editionsdudauphin.com\/en\/livre\/subjects\/society-history-ecology\/history\/histoire-de-lukraine-des-origines-aux-premieres-annees-de-lindependance","og_site_name":"\u00c9ditions du Dauphin","article_modified_time":"2022-03-23T08:20:29+00:00","og_image":[{"width":800,"height":1181,"url":"https:\/\/editionsdudauphin.com\/wp-content\/uploads\/2005\/09\/9782716317979_histoire_ukraine-1.jpg","type":"image\/jpeg"}],"twitter_card":"summary_large_image","twitter_misc":{"Est. reading time":"1 minute"},"schema":{"@context":"https:\/\/schema.org","@graph":[{"@type":"WebPage","@id":"https:\/\/editionsdudauphin.com\/en\/livre\/subjects\/society-history-ecology\/history\/histoire-de-lukraine-des-origines-aux-premieres-annees-de-lindependance","url":"https:\/\/editionsdudauphin.com\/en\/livre\/subjects\/society-history-ecology\/history\/histoire-de-lukraine-des-origines-aux-premieres-annees-de-lindependance","name":"Histoire de l'Ukraine - Des origines aux premi\u00e8res ann\u00e9es de l'ind\u00e9pendance - \u00c9ditions du Dauphin","isPartOf":{"@id":"https:\/\/editionsdudauphin.com\/en#website"},"primaryImageOfPage":{"@id":"https:\/\/editionsdudauphin.com\/en\/livre\/subjects\/society-history-ecology\/history\/histoire-de-lukraine-des-origines-aux-premieres-annees-de-lindependance#primaryimage"},"image":{"@id":"https:\/\/editionsdudauphin.com\/en\/livre\/subjects\/society-history-ecology\/history\/histoire-de-lukraine-des-origines-aux-premieres-annees-de-lindependance#primaryimage"},"thumbnailUrl":"https:\/\/editionsdudauphin.com\/wp-content\/uploads\/2005\/09\/9782716317979_histoire_ukraine-1.jpg","datePublished":"2022-03-23T06:52:09+00:00","dateModified":"2022-03-23T08:20:29+00:00","description":"Ce livre d\u00e9crit l'Histoire de l'Ukraine depuis son origine jusqu'aux premi\u00e8res ann\u00e9es d'ind\u00e9pendance. Il est \u00e9crit par Arkady Joukovsky.","breadcrumb":{"@id":"https:\/\/editionsdudauphin.com\/en\/livre\/subjects\/society-history-ecology\/history\/histoire-de-lukraine-des-origines-aux-premieres-annees-de-lindependance#breadcrumb"},"inLanguage":"en-US","potentialAction":[{"@type":"ReadAction","target":["https:\/\/editionsdudauphin.com\/en\/livre\/subjects\/society-history-ecology\/history\/histoire-de-lukraine-des-origines-aux-premieres-annees-de-lindependance"]}]},{"@type":"ImageObject","inLanguage":"en-US","@id":"https:\/\/editionsdudauphin.com\/en\/livre\/subjects\/society-history-ecology\/history\/histoire-de-lukraine-des-origines-aux-premieres-annees-de-lindependance#primaryimage","url":"https:\/\/editionsdudauphin.com\/wp-content\/uploads\/2005\/09\/9782716317979_histoire_ukraine-1.jpg","contentUrl":"https:\/\/editionsdudauphin.com\/wp-content\/uploads\/2005\/09\/9782716317979_histoire_ukraine-1.jpg","width":800,"height":1181,"caption":"Histoire de l'Ukraine"},{"@type":"BreadcrumbList","@id":"https:\/\/editionsdudauphin.com\/en\/livre\/subjects\/society-history-ecology\/history\/histoire-de-lukraine-des-origines-aux-premieres-annees-de-lindependance#breadcrumb","itemListElement":[{"@type":"ListItem","position":1,"name":"Accueil","item":"https:\/\/editionsdudauphin.com\/en"},{"@type":"ListItem","position":2,"name":"Boutique","item":"https:\/\/editionsdudauphin.com\/boutique"},{"@type":"ListItem","position":3,"name":"Histoire de l&#8217;Ukraine &#8211; Des origines aux premi\u00e8res ann\u00e9es de l&#8217;ind\u00e9pendance"}]},{"@type":"WebSite","@id":"https:\/\/editionsdudauphin.com\/en#website","url":"https:\/\/editionsdudauphin.com\/en","name":"\u00c9ditions du Dauphin","description":"","potentialAction":[{"@type":"SearchAction","target":{"@type":"EntryPoint","urlTemplate":"https:\/\/editionsdudauphin.com\/en?s={search_term_string}"},"query-input":{"@type":"PropertyValueSpecification","valueRequired":true,"valueName":"search_term_string"}}],"inLanguage":"en-US"}]}},"_links":{"self":[{"href":"https:\/\/editionsdudauphin.com\/en\/wp-json\/wp\/v2\/product\/14085","targetHints":{"allow":["GET"]}}],"collection":[{"href":"https:\/\/editionsdudauphin.com\/en\/wp-json\/wp\/v2\/product"}],"about":[{"href":"https:\/\/editionsdudauphin.com\/en\/wp-json\/wp\/v2\/types\/product"}],"wp:featuredmedia":[{"embeddable":true,"href":"https:\/\/editionsdudauphin.com\/en\/wp-json\/wp\/v2\/media\/14083"}],"wp:attachment":[{"href":"https:\/\/editionsdudauphin.com\/en\/wp-json\/wp\/v2\/media?parent=14085"}],"wp:term":[{"taxonomy":"product_brand","embeddable":true,"href":"https:\/\/editionsdudauphin.com\/en\/wp-json\/wp\/v2\/product_brand?post=14085"},{"taxonomy":"product_cat","embeddable":true,"href":"https:\/\/editionsdudauphin.com\/en\/wp-json\/wp\/v2\/product_cat?post=14085"},{"taxonomy":"product_tag","embeddable":true,"href":"https:\/\/editionsdudauphin.com\/en\/wp-json\/wp\/v2\/product_tag?post=14085"}],"curies":[{"name":"wp","href":"https:\/\/api.w.org\/{rel}","templated":true}]}}