{"id":14254,"date":"2022-04-20T20:12:45","date_gmt":"2022-04-20T18:12:45","guid":{"rendered":"https:\/\/editionsdudauphin.com\/livre\/uncategorized\/accompagner-nos-ados-sur-la-voie-de-la-reussite"},"modified":"2022-06-03T13:08:25","modified_gmt":"2022-06-03T11:08:25","slug":"accompagner-nos-ados-sur-la-voie-de-la-reussite","status":"publish","type":"product","link":"https:\/\/editionsdudauphin.com\/en\/livre\/subjects\/everyday-life\/parenting-family-life\/accompagner-nos-ados-sur-la-voie-de-la-reussite","title":{"rendered":"Accompagner nos ados sur la voie de la r\u00e9ussite"},"content":{"rendered":"<p>LEARNING MUST BE FIRST A SOURCE OF ENRICHMENT AND PLEASURE\u2026<\/p>\n<p>Today, school-based learning methods are not always effective or appropriate for younger generations.<\/p>\n<p>You are a parent, teacher, educator or guardian: solutions exist to help your teens find their way.<\/p>\n<p>You will discover in this book that there is not one but several intelligences. To succeed, your teens must be able to develop their personal qualities and potential according to their dominant intelligences. This book offers tests and questions-answers to help them to get to know each other better \u2026 Successful learning requires a supportive environment: stimulating physical activity and restful sleep, eating well, knowing how to manage bad stress or use of screens, feeling supported\u2026 These are all factors that enable teens to thrive and succeed. As an adult, you play a vital role, so take them to other ways of learning, they may surprise you !<\/p>\n","protected":false},"excerpt":{"rendered":"<p>LEARNING MUST BE FIRST A SOURCE OF ENRICHMENT AND PLEASURE\u2026  [&#8230;]<\/p>\n","protected":false},"featured_media":14134,"template":"","meta":{"_acf_changed":false,"wpupg_custom_link":[],"wpupg_custom_link_behaviour":[],"wpupg_custom_link_nofollow":[],"wpupg_custom_image":[],"wpupg_custom_image_id":[]},"product_brand":[],"product_cat":[188],"product_tag":[],"class_list":{"0":"post-14254","1":"product","2":"type-product","3":"status-publish","4":"has-post-thumbnail","6":"product_cat-parenting-family-life","8":"first","9":"instock","10":"taxable","11":"shipping-taxable","12":"purchasable","13":"product-type-simple"},"acf":[],"yoast_head":"<!-- This site is optimized with the Yoast SEO plugin v27.3 - https:\/\/yoast.com\/product\/yoast-seo-wordpress\/ -->\n<title>Accompagner nos ados sur la voie de la r\u00e9ussite - \u00c9ditions du Dauphin<\/title>\n<meta name=\"description\" content=\"Accompagner nos ados sur la voie de la r\u00e9ussite, une passion qui anime Alexis Quatre-Sols, cr\u00e9ateur de STUDICAP\u00ae sp\u00e9cialis\u00e9e en apprentissage\" \/>\n<meta name=\"robots\" content=\"index, follow, max-snippet:-1, max-image-preview:large, max-video-preview:-1\" \/>\n<link rel=\"canonical\" href=\"https:\/\/editionsdudauphin.com\/en\/livre\/subjects\/everyday-life\/parenting-family-life\/accompagner-nos-ados-sur-la-voie-de-la-reussite\" \/>\n<meta property=\"og:locale\" content=\"en_US\" \/>\n<meta property=\"og:type\" content=\"article\" \/>\n<meta property=\"og:title\" content=\"Accompagner nos ados sur la voie de la r\u00e9ussite - \u00c9ditions du Dauphin\" \/>\n<meta property=\"og:description\" content=\"Accompagner nos ados sur la voie de la r\u00e9ussite, une passion qui anime Alexis Quatre-Sols, cr\u00e9ateur de STUDICAP\u00ae sp\u00e9cialis\u00e9e en apprentissage\" \/>\n<meta property=\"og:url\" content=\"https:\/\/editionsdudauphin.com\/en\/livre\/subjects\/everyday-life\/parenting-family-life\/accompagner-nos-ados-sur-la-voie-de-la-reussite\" \/>\n<meta property=\"og:site_name\" content=\"\u00c9ditions du Dauphin\" \/>\n<meta property=\"article:modified_time\" content=\"2022-06-03T11:08:25+00:00\" \/>\n<meta property=\"og:image\" content=\"https:\/\/editionsdudauphin.com\/wp-content\/uploads\/2022\/04\/9782716317887_Ados_reussite.jpg\" \/>\n\t<meta property=\"og:image:width\" content=\"800\" \/>\n\t<meta property=\"og:image:height\" content=\"1179\" \/>\n\t<meta property=\"og:image:type\" content=\"image\/jpeg\" \/>\n<meta name=\"twitter:card\" content=\"summary_large_image\" \/>\n<meta name=\"twitter:label1\" content=\"Est. reading time\" \/>\n\t<meta name=\"twitter:data1\" content=\"1 minute\" \/>\n<script type=\"application\/ld+json\" class=\"yoast-schema-graph\">{\"@context\":\"https:\\\/\\\/schema.org\",\"@graph\":[{\"@type\":\"WebPage\",\"@id\":\"https:\\\/\\\/editionsdudauphin.com\\\/en\\\/livre\\\/subjects\\\/everyday-life\\\/parenting-family-life\\\/accompagner-nos-ados-sur-la-voie-de-la-reussite\",\"url\":\"https:\\\/\\\/editionsdudauphin.com\\\/en\\\/livre\\\/subjects\\\/everyday-life\\\/parenting-family-life\\\/accompagner-nos-ados-sur-la-voie-de-la-reussite\",\"name\":\"Accompagner nos ados sur la voie de la r\u00e9ussite - \u00c9ditions du Dauphin\",\"isPartOf\":{\"@id\":\"https:\\\/\\\/editionsdudauphin.com\\\/en#website\"},\"primaryImageOfPage\":{\"@id\":\"https:\\\/\\\/editionsdudauphin.com\\\/en\\\/livre\\\/subjects\\\/everyday-life\\\/parenting-family-life\\\/accompagner-nos-ados-sur-la-voie-de-la-reussite#primaryimage\"},\"image\":{\"@id\":\"https:\\\/\\\/editionsdudauphin.com\\\/en\\\/livre\\\/subjects\\\/everyday-life\\\/parenting-family-life\\\/accompagner-nos-ados-sur-la-voie-de-la-reussite#primaryimage\"},\"thumbnailUrl\":\"https:\\\/\\\/editionsdudauphin.com\\\/wp-content\\\/uploads\\\/2022\\\/04\\\/9782716317887_Ados_reussite.jpg\",\"datePublished\":\"2022-04-20T18:12:45+00:00\",\"dateModified\":\"2022-06-03T11:08:25+00:00\",\"description\":\"Accompagner nos ados sur la voie de la r\u00e9ussite, une passion qui anime Alexis Quatre-Sols, cr\u00e9ateur de STUDICAP\u00ae sp\u00e9cialis\u00e9e en apprentissage\",\"breadcrumb\":{\"@id\":\"https:\\\/\\\/editionsdudauphin.com\\\/en\\\/livre\\\/subjects\\\/everyday-life\\\/parenting-family-life\\\/accompagner-nos-ados-sur-la-voie-de-la-reussite#breadcrumb\"},\"inLanguage\":\"en-US\",\"potentialAction\":[{\"@type\":\"ReadAction\",\"target\":[\"https:\\\/\\\/editionsdudauphin.com\\\/en\\\/livre\\\/subjects\\\/everyday-life\\\/parenting-family-life\\\/accompagner-nos-ados-sur-la-voie-de-la-reussite\"]}]},{\"@type\":\"ImageObject\",\"inLanguage\":\"en-US\",\"@id\":\"https:\\\/\\\/editionsdudauphin.com\\\/en\\\/livre\\\/subjects\\\/everyday-life\\\/parenting-family-life\\\/accompagner-nos-ados-sur-la-voie-de-la-reussite#primaryimage\",\"url\":\"https:\\\/\\\/editionsdudauphin.com\\\/wp-content\\\/uploads\\\/2022\\\/04\\\/9782716317887_Ados_reussite.jpg\",\"contentUrl\":\"https:\\\/\\\/editionsdudauphin.com\\\/wp-content\\\/uploads\\\/2022\\\/04\\\/9782716317887_Ados_reussite.jpg\",\"width\":800,\"height\":1179,\"caption\":\"accompagner nos ados\"},{\"@type\":\"BreadcrumbList\",\"@id\":\"https:\\\/\\\/editionsdudauphin.com\\\/en\\\/livre\\\/subjects\\\/everyday-life\\\/parenting-family-life\\\/accompagner-nos-ados-sur-la-voie-de-la-reussite#breadcrumb\",\"itemListElement\":[{\"@type\":\"ListItem\",\"position\":1,\"name\":\"Accueil\",\"item\":\"https:\\\/\\\/editionsdudauphin.com\\\/en\"},{\"@type\":\"ListItem\",\"position\":2,\"name\":\"Boutique\",\"item\":\"https:\\\/\\\/editionsdudauphin.com\\\/boutique\"},{\"@type\":\"ListItem\",\"position\":3,\"name\":\"Accompagner nos ados sur la voie de la r\u00e9ussite\"}]},{\"@type\":\"WebSite\",\"@id\":\"https:\\\/\\\/editionsdudauphin.com\\\/en#website\",\"url\":\"https:\\\/\\\/editionsdudauphin.com\\\/en\",\"name\":\"\u00c9ditions du Dauphin\",\"description\":\"\",\"potentialAction\":[{\"@type\":\"SearchAction\",\"target\":{\"@type\":\"EntryPoint\",\"urlTemplate\":\"https:\\\/\\\/editionsdudauphin.com\\\/en?s={search_term_string}\"},\"query-input\":{\"@type\":\"PropertyValueSpecification\",\"valueRequired\":true,\"valueName\":\"search_term_string\"}}],\"inLanguage\":\"en-US\"}]}<\/script>\n<!-- \/ Yoast SEO plugin. -->","yoast_head_json":{"title":"Accompagner nos ados sur la voie de la r\u00e9ussite - \u00c9ditions du Dauphin","description":"Accompagner nos ados sur la voie de la r\u00e9ussite, une passion qui anime Alexis Quatre-Sols, cr\u00e9ateur de STUDICAP\u00ae sp\u00e9cialis\u00e9e en apprentissage","robots":{"index":"index","follow":"follow","max-snippet":"max-snippet:-1","max-image-preview":"max-image-preview:large","max-video-preview":"max-video-preview:-1"},"canonical":"https:\/\/editionsdudauphin.com\/en\/livre\/subjects\/everyday-life\/parenting-family-life\/accompagner-nos-ados-sur-la-voie-de-la-reussite","og_locale":"en_US","og_type":"article","og_title":"Accompagner nos ados sur la voie de la r\u00e9ussite - \u00c9ditions du Dauphin","og_description":"Accompagner nos ados sur la voie de la r\u00e9ussite, une passion qui anime Alexis Quatre-Sols, cr\u00e9ateur de STUDICAP\u00ae sp\u00e9cialis\u00e9e en apprentissage","og_url":"https:\/\/editionsdudauphin.com\/en\/livre\/subjects\/everyday-life\/parenting-family-life\/accompagner-nos-ados-sur-la-voie-de-la-reussite","og_site_name":"\u00c9ditions du Dauphin","article_modified_time":"2022-06-03T11:08:25+00:00","og_image":[{"width":800,"height":1179,"url":"https:\/\/editionsdudauphin.com\/wp-content\/uploads\/2022\/04\/9782716317887_Ados_reussite.jpg","type":"image\/jpeg"}],"twitter_card":"summary_large_image","twitter_misc":{"Est. reading time":"1 minute"},"schema":{"@context":"https:\/\/schema.org","@graph":[{"@type":"WebPage","@id":"https:\/\/editionsdudauphin.com\/en\/livre\/subjects\/everyday-life\/parenting-family-life\/accompagner-nos-ados-sur-la-voie-de-la-reussite","url":"https:\/\/editionsdudauphin.com\/en\/livre\/subjects\/everyday-life\/parenting-family-life\/accompagner-nos-ados-sur-la-voie-de-la-reussite","name":"Accompagner nos ados sur la voie de la r\u00e9ussite - \u00c9ditions du Dauphin","isPartOf":{"@id":"https:\/\/editionsdudauphin.com\/en#website"},"primaryImageOfPage":{"@id":"https:\/\/editionsdudauphin.com\/en\/livre\/subjects\/everyday-life\/parenting-family-life\/accompagner-nos-ados-sur-la-voie-de-la-reussite#primaryimage"},"image":{"@id":"https:\/\/editionsdudauphin.com\/en\/livre\/subjects\/everyday-life\/parenting-family-life\/accompagner-nos-ados-sur-la-voie-de-la-reussite#primaryimage"},"thumbnailUrl":"https:\/\/editionsdudauphin.com\/wp-content\/uploads\/2022\/04\/9782716317887_Ados_reussite.jpg","datePublished":"2022-04-20T18:12:45+00:00","dateModified":"2022-06-03T11:08:25+00:00","description":"Accompagner nos ados sur la voie de la r\u00e9ussite, une passion qui anime Alexis Quatre-Sols, cr\u00e9ateur de STUDICAP\u00ae sp\u00e9cialis\u00e9e en apprentissage","breadcrumb":{"@id":"https:\/\/editionsdudauphin.com\/en\/livre\/subjects\/everyday-life\/parenting-family-life\/accompagner-nos-ados-sur-la-voie-de-la-reussite#breadcrumb"},"inLanguage":"en-US","potentialAction":[{"@type":"ReadAction","target":["https:\/\/editionsdudauphin.com\/en\/livre\/subjects\/everyday-life\/parenting-family-life\/accompagner-nos-ados-sur-la-voie-de-la-reussite"]}]},{"@type":"ImageObject","inLanguage":"en-US","@id":"https:\/\/editionsdudauphin.com\/en\/livre\/subjects\/everyday-life\/parenting-family-life\/accompagner-nos-ados-sur-la-voie-de-la-reussite#primaryimage","url":"https:\/\/editionsdudauphin.com\/wp-content\/uploads\/2022\/04\/9782716317887_Ados_reussite.jpg","contentUrl":"https:\/\/editionsdudauphin.com\/wp-content\/uploads\/2022\/04\/9782716317887_Ados_reussite.jpg","width":800,"height":1179,"caption":"accompagner nos ados"},{"@type":"BreadcrumbList","@id":"https:\/\/editionsdudauphin.com\/en\/livre\/subjects\/everyday-life\/parenting-family-life\/accompagner-nos-ados-sur-la-voie-de-la-reussite#breadcrumb","itemListElement":[{"@type":"ListItem","position":1,"name":"Accueil","item":"https:\/\/editionsdudauphin.com\/en"},{"@type":"ListItem","position":2,"name":"Boutique","item":"https:\/\/editionsdudauphin.com\/boutique"},{"@type":"ListItem","position":3,"name":"Accompagner nos ados sur la voie de la r\u00e9ussite"}]},{"@type":"WebSite","@id":"https:\/\/editionsdudauphin.com\/en#website","url":"https:\/\/editionsdudauphin.com\/en","name":"\u00c9ditions du Dauphin","description":"","potentialAction":[{"@type":"SearchAction","target":{"@type":"EntryPoint","urlTemplate":"https:\/\/editionsdudauphin.com\/en?s={search_term_string}"},"query-input":{"@type":"PropertyValueSpecification","valueRequired":true,"valueName":"search_term_string"}}],"inLanguage":"en-US"}]}},"_links":{"self":[{"href":"https:\/\/editionsdudauphin.com\/en\/wp-json\/wp\/v2\/product\/14254","targetHints":{"allow":["GET"]}}],"collection":[{"href":"https:\/\/editionsdudauphin.com\/en\/wp-json\/wp\/v2\/product"}],"about":[{"href":"https:\/\/editionsdudauphin.com\/en\/wp-json\/wp\/v2\/types\/product"}],"wp:featuredmedia":[{"embeddable":true,"href":"https:\/\/editionsdudauphin.com\/en\/wp-json\/wp\/v2\/media\/14134"}],"wp:attachment":[{"href":"https:\/\/editionsdudauphin.com\/en\/wp-json\/wp\/v2\/media?parent=14254"}],"wp:term":[{"taxonomy":"product_brand","embeddable":true,"href":"https:\/\/editionsdudauphin.com\/en\/wp-json\/wp\/v2\/product_brand?post=14254"},{"taxonomy":"product_cat","embeddable":true,"href":"https:\/\/editionsdudauphin.com\/en\/wp-json\/wp\/v2\/product_cat?post=14254"},{"taxonomy":"product_tag","embeddable":true,"href":"https:\/\/editionsdudauphin.com\/en\/wp-json\/wp\/v2\/product_tag?post=14254"}],"curies":[{"name":"wp","href":"https:\/\/api.w.org\/{rel}","templated":true}]}}