{"id":14265,"date":"2022-04-21T09:15:57","date_gmt":"2022-04-21T07:15:57","guid":{"rendered":"https:\/\/editionsdudauphin.com\/livre\/uncategorized\/sortir-du-rechauffement-climatique"},"modified":"2023-11-09T14:23:25","modified_gmt":"2023-11-09T13:23:25","slug":"sortir-du-rechauffement-climatique","status":"publish","type":"product","link":"https:\/\/editionsdudauphin.com\/en\/livre\/subjects\/society-history-ecology\/ecology\/sortir-du-rechauffement-climatique","title":{"rendered":"Sortir du r\u00e9chauffement climatique"},"content":{"rendered":"<p><strong>Available in EBOOK, EPUB and KINDLE format, at your favorite bookstore.<\/strong><\/p>\n<p>A large part of emissions of CO2 issued from combustion of oil, gas, or coal remains mixed with the air and accumulates discreetly around the Earth, causing \u00abthe greenhouse effect\u00bb. Beeing a major political issue for a large majority of States, the main actors are implementing new regulations without sufficient results. This book try to give solutions : how can we act individually as citizens to achieve collective efficiency and abandon the fossil fuels that we are used to using every day? (to warm up, move around, operate our electrical appliances). What are the solutions to change our habits? How to manage your purchases and monitor the corresponding quantities of CO2 so that you can reduce them to zero. How our eco-citizen actions can be ethical and effective? the author proposes to answer (without forgetting the main arguments for or against Nuclear or Renewable Energies).<\/p>\n","protected":false},"excerpt":{"rendered":"<p>Available in EBOOK, EPUB and KINDLE format, at your favorite  [&#8230;]<\/p>\n","protected":false},"featured_media":14138,"template":"","meta":{"_acf_changed":false,"wpupg_custom_link":[],"wpupg_custom_link_behaviour":[],"wpupg_custom_link_nofollow":[],"wpupg_custom_image":[],"wpupg_custom_image_id":[]},"product_brand":[],"product_cat":[185],"product_tag":[],"class_list":{"0":"post-14265","1":"product","2":"type-product","3":"status-publish","4":"has-post-thumbnail","6":"product_cat-ecology","8":"first","9":"instock","10":"taxable","11":"shipping-taxable","12":"purchasable","13":"product-type-simple"},"acf":[],"yoast_head":"<!-- This site is optimized with the Yoast SEO plugin v27.3 - https:\/\/yoast.com\/product\/yoast-seo-wordpress\/ -->\n<title>Sortir du r\u00e9chauffement climatique - \u00c9ditions du Dauphin<\/title>\n<meta name=\"description\" content=\"Sortir du r\u00e9chauffement climatique est possible gr\u00e2ce \u00e0 ce guide pratique avec 54 gestes \u00e9co-citoyens pour pr\u00e9parer notre futur sans C02.\" \/>\n<meta name=\"robots\" content=\"index, follow, max-snippet:-1, max-image-preview:large, max-video-preview:-1\" \/>\n<link rel=\"canonical\" href=\"https:\/\/editionsdudauphin.com\/en\/livre\/subjects\/society-history-ecology\/ecology\/sortir-du-rechauffement-climatique\" \/>\n<meta property=\"og:locale\" content=\"en_US\" \/>\n<meta property=\"og:type\" content=\"article\" \/>\n<meta property=\"og:title\" content=\"Sortir du r\u00e9chauffement climatique - \u00c9ditions du Dauphin\" \/>\n<meta property=\"og:description\" content=\"Sortir du r\u00e9chauffement climatique est possible gr\u00e2ce \u00e0 ce guide pratique avec 54 gestes \u00e9co-citoyens pour pr\u00e9parer notre futur sans C02.\" \/>\n<meta property=\"og:url\" content=\"https:\/\/editionsdudauphin.com\/en\/livre\/subjects\/society-history-ecology\/ecology\/sortir-du-rechauffement-climatique\" \/>\n<meta property=\"og:site_name\" content=\"\u00c9ditions du Dauphin\" \/>\n<meta property=\"article:modified_time\" content=\"2023-11-09T13:23:25+00:00\" \/>\n<meta property=\"og:image\" content=\"https:\/\/editionsdudauphin.com\/wp-content\/uploads\/2022\/04\/9782716317863_rechauffement_climat_CO2.jpg\" \/>\n\t<meta property=\"og:image:width\" content=\"800\" \/>\n\t<meta property=\"og:image:height\" content=\"1293\" \/>\n\t<meta property=\"og:image:type\" content=\"image\/jpeg\" \/>\n<meta name=\"twitter:card\" content=\"summary_large_image\" \/>\n<meta name=\"twitter:label1\" content=\"Est. reading time\" \/>\n\t<meta name=\"twitter:data1\" content=\"1 minute\" \/>\n<script type=\"application\/ld+json\" class=\"yoast-schema-graph\">{\"@context\":\"https:\\\/\\\/schema.org\",\"@graph\":[{\"@type\":\"WebPage\",\"@id\":\"https:\\\/\\\/editionsdudauphin.com\\\/en\\\/livre\\\/subjects\\\/society-history-ecology\\\/ecology\\\/sortir-du-rechauffement-climatique\",\"url\":\"https:\\\/\\\/editionsdudauphin.com\\\/en\\\/livre\\\/subjects\\\/society-history-ecology\\\/ecology\\\/sortir-du-rechauffement-climatique\",\"name\":\"Sortir du r\u00e9chauffement climatique - \u00c9ditions du Dauphin\",\"isPartOf\":{\"@id\":\"https:\\\/\\\/editionsdudauphin.com\\\/en#website\"},\"primaryImageOfPage\":{\"@id\":\"https:\\\/\\\/editionsdudauphin.com\\\/en\\\/livre\\\/subjects\\\/society-history-ecology\\\/ecology\\\/sortir-du-rechauffement-climatique#primaryimage\"},\"image\":{\"@id\":\"https:\\\/\\\/editionsdudauphin.com\\\/en\\\/livre\\\/subjects\\\/society-history-ecology\\\/ecology\\\/sortir-du-rechauffement-climatique#primaryimage\"},\"thumbnailUrl\":\"https:\\\/\\\/editionsdudauphin.com\\\/wp-content\\\/uploads\\\/2022\\\/04\\\/9782716317863_rechauffement_climat_CO2.jpg\",\"datePublished\":\"2022-04-21T07:15:57+00:00\",\"dateModified\":\"2023-11-09T13:23:25+00:00\",\"description\":\"Sortir du r\u00e9chauffement climatique est possible gr\u00e2ce \u00e0 ce guide pratique avec 54 gestes \u00e9co-citoyens pour pr\u00e9parer notre futur sans C02.\",\"breadcrumb\":{\"@id\":\"https:\\\/\\\/editionsdudauphin.com\\\/en\\\/livre\\\/subjects\\\/society-history-ecology\\\/ecology\\\/sortir-du-rechauffement-climatique#breadcrumb\"},\"inLanguage\":\"en-US\",\"potentialAction\":[{\"@type\":\"ReadAction\",\"target\":[\"https:\\\/\\\/editionsdudauphin.com\\\/en\\\/livre\\\/subjects\\\/society-history-ecology\\\/ecology\\\/sortir-du-rechauffement-climatique\"]}]},{\"@type\":\"ImageObject\",\"inLanguage\":\"en-US\",\"@id\":\"https:\\\/\\\/editionsdudauphin.com\\\/en\\\/livre\\\/subjects\\\/society-history-ecology\\\/ecology\\\/sortir-du-rechauffement-climatique#primaryimage\",\"url\":\"https:\\\/\\\/editionsdudauphin.com\\\/wp-content\\\/uploads\\\/2022\\\/04\\\/9782716317863_rechauffement_climat_CO2.jpg\",\"contentUrl\":\"https:\\\/\\\/editionsdudauphin.com\\\/wp-content\\\/uploads\\\/2022\\\/04\\\/9782716317863_rechauffement_climat_CO2.jpg\",\"width\":800,\"height\":1293,\"caption\":\"Sortir du r\u00e9chauffement climatique\"},{\"@type\":\"BreadcrumbList\",\"@id\":\"https:\\\/\\\/editionsdudauphin.com\\\/en\\\/livre\\\/subjects\\\/society-history-ecology\\\/ecology\\\/sortir-du-rechauffement-climatique#breadcrumb\",\"itemListElement\":[{\"@type\":\"ListItem\",\"position\":1,\"name\":\"Accueil\",\"item\":\"https:\\\/\\\/editionsdudauphin.com\\\/en\"},{\"@type\":\"ListItem\",\"position\":2,\"name\":\"Boutique\",\"item\":\"https:\\\/\\\/editionsdudauphin.com\\\/boutique\"},{\"@type\":\"ListItem\",\"position\":3,\"name\":\"Sortir du r\u00e9chauffement climatique\"}]},{\"@type\":\"WebSite\",\"@id\":\"https:\\\/\\\/editionsdudauphin.com\\\/en#website\",\"url\":\"https:\\\/\\\/editionsdudauphin.com\\\/en\",\"name\":\"\u00c9ditions du Dauphin\",\"description\":\"\",\"potentialAction\":[{\"@type\":\"SearchAction\",\"target\":{\"@type\":\"EntryPoint\",\"urlTemplate\":\"https:\\\/\\\/editionsdudauphin.com\\\/en?s={search_term_string}\"},\"query-input\":{\"@type\":\"PropertyValueSpecification\",\"valueRequired\":true,\"valueName\":\"search_term_string\"}}],\"inLanguage\":\"en-US\"}]}<\/script>\n<!-- \/ Yoast SEO plugin. -->","yoast_head_json":{"title":"Sortir du r\u00e9chauffement climatique - \u00c9ditions du Dauphin","description":"Sortir du r\u00e9chauffement climatique est possible gr\u00e2ce \u00e0 ce guide pratique avec 54 gestes \u00e9co-citoyens pour pr\u00e9parer notre futur sans C02.","robots":{"index":"index","follow":"follow","max-snippet":"max-snippet:-1","max-image-preview":"max-image-preview:large","max-video-preview":"max-video-preview:-1"},"canonical":"https:\/\/editionsdudauphin.com\/en\/livre\/subjects\/society-history-ecology\/ecology\/sortir-du-rechauffement-climatique","og_locale":"en_US","og_type":"article","og_title":"Sortir du r\u00e9chauffement climatique - \u00c9ditions du Dauphin","og_description":"Sortir du r\u00e9chauffement climatique est possible gr\u00e2ce \u00e0 ce guide pratique avec 54 gestes \u00e9co-citoyens pour pr\u00e9parer notre futur sans C02.","og_url":"https:\/\/editionsdudauphin.com\/en\/livre\/subjects\/society-history-ecology\/ecology\/sortir-du-rechauffement-climatique","og_site_name":"\u00c9ditions du Dauphin","article_modified_time":"2023-11-09T13:23:25+00:00","og_image":[{"width":800,"height":1293,"url":"https:\/\/editionsdudauphin.com\/wp-content\/uploads\/2022\/04\/9782716317863_rechauffement_climat_CO2.jpg","type":"image\/jpeg"}],"twitter_card":"summary_large_image","twitter_misc":{"Est. reading time":"1 minute"},"schema":{"@context":"https:\/\/schema.org","@graph":[{"@type":"WebPage","@id":"https:\/\/editionsdudauphin.com\/en\/livre\/subjects\/society-history-ecology\/ecology\/sortir-du-rechauffement-climatique","url":"https:\/\/editionsdudauphin.com\/en\/livre\/subjects\/society-history-ecology\/ecology\/sortir-du-rechauffement-climatique","name":"Sortir du r\u00e9chauffement climatique - \u00c9ditions du Dauphin","isPartOf":{"@id":"https:\/\/editionsdudauphin.com\/en#website"},"primaryImageOfPage":{"@id":"https:\/\/editionsdudauphin.com\/en\/livre\/subjects\/society-history-ecology\/ecology\/sortir-du-rechauffement-climatique#primaryimage"},"image":{"@id":"https:\/\/editionsdudauphin.com\/en\/livre\/subjects\/society-history-ecology\/ecology\/sortir-du-rechauffement-climatique#primaryimage"},"thumbnailUrl":"https:\/\/editionsdudauphin.com\/wp-content\/uploads\/2022\/04\/9782716317863_rechauffement_climat_CO2.jpg","datePublished":"2022-04-21T07:15:57+00:00","dateModified":"2023-11-09T13:23:25+00:00","description":"Sortir du r\u00e9chauffement climatique est possible gr\u00e2ce \u00e0 ce guide pratique avec 54 gestes \u00e9co-citoyens pour pr\u00e9parer notre futur sans C02.","breadcrumb":{"@id":"https:\/\/editionsdudauphin.com\/en\/livre\/subjects\/society-history-ecology\/ecology\/sortir-du-rechauffement-climatique#breadcrumb"},"inLanguage":"en-US","potentialAction":[{"@type":"ReadAction","target":["https:\/\/editionsdudauphin.com\/en\/livre\/subjects\/society-history-ecology\/ecology\/sortir-du-rechauffement-climatique"]}]},{"@type":"ImageObject","inLanguage":"en-US","@id":"https:\/\/editionsdudauphin.com\/en\/livre\/subjects\/society-history-ecology\/ecology\/sortir-du-rechauffement-climatique#primaryimage","url":"https:\/\/editionsdudauphin.com\/wp-content\/uploads\/2022\/04\/9782716317863_rechauffement_climat_CO2.jpg","contentUrl":"https:\/\/editionsdudauphin.com\/wp-content\/uploads\/2022\/04\/9782716317863_rechauffement_climat_CO2.jpg","width":800,"height":1293,"caption":"Sortir du r\u00e9chauffement climatique"},{"@type":"BreadcrumbList","@id":"https:\/\/editionsdudauphin.com\/en\/livre\/subjects\/society-history-ecology\/ecology\/sortir-du-rechauffement-climatique#breadcrumb","itemListElement":[{"@type":"ListItem","position":1,"name":"Accueil","item":"https:\/\/editionsdudauphin.com\/en"},{"@type":"ListItem","position":2,"name":"Boutique","item":"https:\/\/editionsdudauphin.com\/boutique"},{"@type":"ListItem","position":3,"name":"Sortir du r\u00e9chauffement climatique"}]},{"@type":"WebSite","@id":"https:\/\/editionsdudauphin.com\/en#website","url":"https:\/\/editionsdudauphin.com\/en","name":"\u00c9ditions du Dauphin","description":"","potentialAction":[{"@type":"SearchAction","target":{"@type":"EntryPoint","urlTemplate":"https:\/\/editionsdudauphin.com\/en?s={search_term_string}"},"query-input":{"@type":"PropertyValueSpecification","valueRequired":true,"valueName":"search_term_string"}}],"inLanguage":"en-US"}]}},"_links":{"self":[{"href":"https:\/\/editionsdudauphin.com\/en\/wp-json\/wp\/v2\/product\/14265","targetHints":{"allow":["GET"]}}],"collection":[{"href":"https:\/\/editionsdudauphin.com\/en\/wp-json\/wp\/v2\/product"}],"about":[{"href":"https:\/\/editionsdudauphin.com\/en\/wp-json\/wp\/v2\/types\/product"}],"wp:featuredmedia":[{"embeddable":true,"href":"https:\/\/editionsdudauphin.com\/en\/wp-json\/wp\/v2\/media\/14138"}],"wp:attachment":[{"href":"https:\/\/editionsdudauphin.com\/en\/wp-json\/wp\/v2\/media?parent=14265"}],"wp:term":[{"taxonomy":"product_brand","embeddable":true,"href":"https:\/\/editionsdudauphin.com\/en\/wp-json\/wp\/v2\/product_brand?post=14265"},{"taxonomy":"product_cat","embeddable":true,"href":"https:\/\/editionsdudauphin.com\/en\/wp-json\/wp\/v2\/product_cat?post=14265"},{"taxonomy":"product_tag","embeddable":true,"href":"https:\/\/editionsdudauphin.com\/en\/wp-json\/wp\/v2\/product_tag?post=14265"}],"curies":[{"name":"wp","href":"https:\/\/api.w.org\/{rel}","templated":true}]}}