{"id":14341,"date":"2022-06-16T12:01:29","date_gmt":"2022-06-16T10:01:29","guid":{"rendered":"https:\/\/editionsdudauphin.com\/livre\/uncategorized\/la-respiration"},"modified":"2025-02-07T16:13:32","modified_gmt":"2025-02-07T15:13:32","slug":"la-respiration","status":"publish","type":"product","link":"https:\/\/editionsdudauphin.com\/en\/livre\/subjects\/health-wellness\/wellness\/good-shape\/la-respiration","title":{"rendered":"La respiration, bien plus qu&#8217;une pratique essentielle"},"content":{"rendered":"<p>Breathing, vital for all human life, is often not fair valued. Bad new : breathing through the mouth during an effort does not allow a better oxygenation. Taking large breaths by lifting the rib cage does not improve it either. The author, a breathing professional, accurately describes this mecanism and its benefit. How to change also your mental state: breathing affects your nervous system and your nervous system affects your breathing. Several exercises, associated with scientific explanations, are proposed for a better understanding of the processes related to breathing in order to improve them. With training, find the right breath, improving your state of mind and your lifestyle.<\/p>\n","protected":false},"excerpt":{"rendered":"<p>Breathing, vital for all human life, is often not fair  [&#8230;]<\/p>\n","protected":false},"featured_media":14340,"template":"","meta":{"_acf_changed":false,"wpupg_custom_link":[],"wpupg_custom_link_behaviour":[],"wpupg_custom_link_nofollow":[],"wpupg_custom_image":[],"wpupg_custom_image_id":[]},"product_brand":[],"product_cat":[150,153,156],"product_tag":[],"class_list":{"0":"post-14341","1":"product","2":"type-product","3":"status-publish","4":"has-post-thumbnail","6":"product_cat-long-sellers-en","7":"product_cat-health-wellness","8":"product_cat-good-shape","10":"first","11":"instock","12":"taxable","13":"shipping-taxable","14":"purchasable","15":"product-type-simple"},"acf":[],"yoast_head":"<!-- This site is optimized with the Yoast SEO plugin v27.4 - https:\/\/yoast.com\/product\/yoast-seo-wordpress\/ -->\n<title>La respiration, bien plus qu&#039;une pratique essentielle - \u00c9ditions du Dauphin<\/title>\n<meta name=\"description\" content=\"La respiration, bien plus qu&#039;une pratique essentielle, n&#039;est pas entra\u00eener \u00e0 sa juste valeur. Ce livre permet d&#039;aller plus loin.\" \/>\n<meta name=\"robots\" content=\"index, follow, max-snippet:-1, max-image-preview:large, max-video-preview:-1\" \/>\n<link rel=\"canonical\" href=\"https:\/\/editionsdudauphin.com\/en\/livre\/subjects\/health-wellness\/wellness\/good-shape\/la-respiration\" \/>\n<meta property=\"og:locale\" content=\"en_US\" \/>\n<meta property=\"og:type\" content=\"article\" \/>\n<meta property=\"og:title\" content=\"La respiration, bien plus qu&#039;une pratique essentielle - \u00c9ditions du Dauphin\" \/>\n<meta property=\"og:description\" content=\"La respiration, bien plus qu&#039;une pratique essentielle, n&#039;est pas entra\u00eener \u00e0 sa juste valeur. Ce livre permet d&#039;aller plus loin.\" \/>\n<meta property=\"og:url\" content=\"https:\/\/editionsdudauphin.com\/en\/livre\/subjects\/health-wellness\/wellness\/good-shape\/la-respiration\" \/>\n<meta property=\"og:site_name\" content=\"\u00c9ditions du Dauphin\" \/>\n<meta property=\"article:modified_time\" content=\"2025-02-07T15:13:32+00:00\" \/>\n<meta property=\"og:image\" content=\"https:\/\/editionsdudauphin.com\/wp-content\/uploads\/2022\/06\/9782716317795_respiration_guide.png\" \/>\n\t<meta property=\"og:image:width\" content=\"800\" \/>\n\t<meta property=\"og:image:height\" content=\"1207\" \/>\n\t<meta property=\"og:image:type\" content=\"image\/png\" \/>\n<meta name=\"twitter:card\" content=\"summary_large_image\" \/>\n<meta name=\"twitter:label1\" content=\"Est. reading time\" \/>\n\t<meta name=\"twitter:data1\" content=\"1 minute\" \/>\n<script type=\"application\/ld+json\" class=\"yoast-schema-graph\">{\"@context\":\"https:\\\/\\\/schema.org\",\"@graph\":[{\"@type\":\"WebPage\",\"@id\":\"https:\\\/\\\/editionsdudauphin.com\\\/en\\\/livre\\\/subjects\\\/health-wellness\\\/wellness\\\/good-shape\\\/la-respiration\",\"url\":\"https:\\\/\\\/editionsdudauphin.com\\\/en\\\/livre\\\/subjects\\\/health-wellness\\\/wellness\\\/good-shape\\\/la-respiration\",\"name\":\"La respiration, bien plus qu'une pratique essentielle - \u00c9ditions du Dauphin\",\"isPartOf\":{\"@id\":\"https:\\\/\\\/editionsdudauphin.com\\\/en#website\"},\"primaryImageOfPage\":{\"@id\":\"https:\\\/\\\/editionsdudauphin.com\\\/en\\\/livre\\\/subjects\\\/health-wellness\\\/wellness\\\/good-shape\\\/la-respiration#primaryimage\"},\"image\":{\"@id\":\"https:\\\/\\\/editionsdudauphin.com\\\/en\\\/livre\\\/subjects\\\/health-wellness\\\/wellness\\\/good-shape\\\/la-respiration#primaryimage\"},\"thumbnailUrl\":\"https:\\\/\\\/editionsdudauphin.com\\\/wp-content\\\/uploads\\\/2022\\\/06\\\/9782716317795_respiration_guide.png\",\"datePublished\":\"2022-06-16T10:01:29+00:00\",\"dateModified\":\"2025-02-07T15:13:32+00:00\",\"description\":\"La respiration, bien plus qu'une pratique essentielle, n'est pas entra\u00eener \u00e0 sa juste valeur. Ce livre permet d'aller plus loin.\",\"breadcrumb\":{\"@id\":\"https:\\\/\\\/editionsdudauphin.com\\\/en\\\/livre\\\/subjects\\\/health-wellness\\\/wellness\\\/good-shape\\\/la-respiration#breadcrumb\"},\"inLanguage\":\"en-US\",\"potentialAction\":[{\"@type\":\"ReadAction\",\"target\":[\"https:\\\/\\\/editionsdudauphin.com\\\/en\\\/livre\\\/subjects\\\/health-wellness\\\/wellness\\\/good-shape\\\/la-respiration\"]}]},{\"@type\":\"ImageObject\",\"inLanguage\":\"en-US\",\"@id\":\"https:\\\/\\\/editionsdudauphin.com\\\/en\\\/livre\\\/subjects\\\/health-wellness\\\/wellness\\\/good-shape\\\/la-respiration#primaryimage\",\"url\":\"https:\\\/\\\/editionsdudauphin.com\\\/wp-content\\\/uploads\\\/2022\\\/06\\\/9782716317795_respiration_guide.png\",\"contentUrl\":\"https:\\\/\\\/editionsdudauphin.com\\\/wp-content\\\/uploads\\\/2022\\\/06\\\/9782716317795_respiration_guide.png\",\"width\":800,\"height\":1207,\"caption\":\"La respiration\"},{\"@type\":\"BreadcrumbList\",\"@id\":\"https:\\\/\\\/editionsdudauphin.com\\\/en\\\/livre\\\/subjects\\\/health-wellness\\\/wellness\\\/good-shape\\\/la-respiration#breadcrumb\",\"itemListElement\":[{\"@type\":\"ListItem\",\"position\":1,\"name\":\"Accueil\",\"item\":\"https:\\\/\\\/editionsdudauphin.com\\\/en\"},{\"@type\":\"ListItem\",\"position\":2,\"name\":\"Boutique\",\"item\":\"https:\\\/\\\/editionsdudauphin.com\\\/boutique\"},{\"@type\":\"ListItem\",\"position\":3,\"name\":\"La respiration, bien plus qu&#8217;une pratique essentielle\"}]},{\"@type\":\"WebSite\",\"@id\":\"https:\\\/\\\/editionsdudauphin.com\\\/en#website\",\"url\":\"https:\\\/\\\/editionsdudauphin.com\\\/en\",\"name\":\"\u00c9ditions du Dauphin\",\"description\":\"\",\"potentialAction\":[{\"@type\":\"SearchAction\",\"target\":{\"@type\":\"EntryPoint\",\"urlTemplate\":\"https:\\\/\\\/editionsdudauphin.com\\\/en?s={search_term_string}\"},\"query-input\":{\"@type\":\"PropertyValueSpecification\",\"valueRequired\":true,\"valueName\":\"search_term_string\"}}],\"inLanguage\":\"en-US\"}]}<\/script>\n<!-- \/ Yoast SEO plugin. -->","yoast_head_json":{"title":"La respiration, bien plus qu'une pratique essentielle - \u00c9ditions du Dauphin","description":"La respiration, bien plus qu'une pratique essentielle, n'est pas entra\u00eener \u00e0 sa juste valeur. Ce livre permet d'aller plus loin.","robots":{"index":"index","follow":"follow","max-snippet":"max-snippet:-1","max-image-preview":"max-image-preview:large","max-video-preview":"max-video-preview:-1"},"canonical":"https:\/\/editionsdudauphin.com\/en\/livre\/subjects\/health-wellness\/wellness\/good-shape\/la-respiration","og_locale":"en_US","og_type":"article","og_title":"La respiration, bien plus qu'une pratique essentielle - \u00c9ditions du Dauphin","og_description":"La respiration, bien plus qu'une pratique essentielle, n'est pas entra\u00eener \u00e0 sa juste valeur. Ce livre permet d'aller plus loin.","og_url":"https:\/\/editionsdudauphin.com\/en\/livre\/subjects\/health-wellness\/wellness\/good-shape\/la-respiration","og_site_name":"\u00c9ditions du Dauphin","article_modified_time":"2025-02-07T15:13:32+00:00","og_image":[{"width":800,"height":1207,"url":"https:\/\/editionsdudauphin.com\/wp-content\/uploads\/2022\/06\/9782716317795_respiration_guide.png","type":"image\/png"}],"twitter_card":"summary_large_image","twitter_misc":{"Est. reading time":"1 minute"},"schema":{"@context":"https:\/\/schema.org","@graph":[{"@type":"WebPage","@id":"https:\/\/editionsdudauphin.com\/en\/livre\/subjects\/health-wellness\/wellness\/good-shape\/la-respiration","url":"https:\/\/editionsdudauphin.com\/en\/livre\/subjects\/health-wellness\/wellness\/good-shape\/la-respiration","name":"La respiration, bien plus qu'une pratique essentielle - \u00c9ditions du Dauphin","isPartOf":{"@id":"https:\/\/editionsdudauphin.com\/en#website"},"primaryImageOfPage":{"@id":"https:\/\/editionsdudauphin.com\/en\/livre\/subjects\/health-wellness\/wellness\/good-shape\/la-respiration#primaryimage"},"image":{"@id":"https:\/\/editionsdudauphin.com\/en\/livre\/subjects\/health-wellness\/wellness\/good-shape\/la-respiration#primaryimage"},"thumbnailUrl":"https:\/\/editionsdudauphin.com\/wp-content\/uploads\/2022\/06\/9782716317795_respiration_guide.png","datePublished":"2022-06-16T10:01:29+00:00","dateModified":"2025-02-07T15:13:32+00:00","description":"La respiration, bien plus qu'une pratique essentielle, n'est pas entra\u00eener \u00e0 sa juste valeur. Ce livre permet d'aller plus loin.","breadcrumb":{"@id":"https:\/\/editionsdudauphin.com\/en\/livre\/subjects\/health-wellness\/wellness\/good-shape\/la-respiration#breadcrumb"},"inLanguage":"en-US","potentialAction":[{"@type":"ReadAction","target":["https:\/\/editionsdudauphin.com\/en\/livre\/subjects\/health-wellness\/wellness\/good-shape\/la-respiration"]}]},{"@type":"ImageObject","inLanguage":"en-US","@id":"https:\/\/editionsdudauphin.com\/en\/livre\/subjects\/health-wellness\/wellness\/good-shape\/la-respiration#primaryimage","url":"https:\/\/editionsdudauphin.com\/wp-content\/uploads\/2022\/06\/9782716317795_respiration_guide.png","contentUrl":"https:\/\/editionsdudauphin.com\/wp-content\/uploads\/2022\/06\/9782716317795_respiration_guide.png","width":800,"height":1207,"caption":"La respiration"},{"@type":"BreadcrumbList","@id":"https:\/\/editionsdudauphin.com\/en\/livre\/subjects\/health-wellness\/wellness\/good-shape\/la-respiration#breadcrumb","itemListElement":[{"@type":"ListItem","position":1,"name":"Accueil","item":"https:\/\/editionsdudauphin.com\/en"},{"@type":"ListItem","position":2,"name":"Boutique","item":"https:\/\/editionsdudauphin.com\/boutique"},{"@type":"ListItem","position":3,"name":"La respiration, bien plus qu&#8217;une pratique essentielle"}]},{"@type":"WebSite","@id":"https:\/\/editionsdudauphin.com\/en#website","url":"https:\/\/editionsdudauphin.com\/en","name":"\u00c9ditions du Dauphin","description":"","potentialAction":[{"@type":"SearchAction","target":{"@type":"EntryPoint","urlTemplate":"https:\/\/editionsdudauphin.com\/en?s={search_term_string}"},"query-input":{"@type":"PropertyValueSpecification","valueRequired":true,"valueName":"search_term_string"}}],"inLanguage":"en-US"}]}},"_links":{"self":[{"href":"https:\/\/editionsdudauphin.com\/en\/wp-json\/wp\/v2\/product\/14341","targetHints":{"allow":["GET"]}}],"collection":[{"href":"https:\/\/editionsdudauphin.com\/en\/wp-json\/wp\/v2\/product"}],"about":[{"href":"https:\/\/editionsdudauphin.com\/en\/wp-json\/wp\/v2\/types\/product"}],"wp:featuredmedia":[{"embeddable":true,"href":"https:\/\/editionsdudauphin.com\/en\/wp-json\/wp\/v2\/media\/14340"}],"wp:attachment":[{"href":"https:\/\/editionsdudauphin.com\/en\/wp-json\/wp\/v2\/media?parent=14341"}],"wp:term":[{"taxonomy":"product_brand","embeddable":true,"href":"https:\/\/editionsdudauphin.com\/en\/wp-json\/wp\/v2\/product_brand?post=14341"},{"taxonomy":"product_cat","embeddable":true,"href":"https:\/\/editionsdudauphin.com\/en\/wp-json\/wp\/v2\/product_cat?post=14341"},{"taxonomy":"product_tag","embeddable":true,"href":"https:\/\/editionsdudauphin.com\/en\/wp-json\/wp\/v2\/product_tag?post=14341"}],"curies":[{"name":"wp","href":"https:\/\/api.w.org\/{rel}","templated":true}]}}