{"id":15130,"date":"2022-08-31T17:48:59","date_gmt":"2022-08-31T15:48:59","guid":{"rendered":"https:\/\/editionsdudauphin.com\/livre\/uncategorized\/oracle-la-ptite-carte-du-jour"},"modified":"2023-01-16T12:04:51","modified_gmt":"2023-01-16T11:04:51","slug":"oracle-la-ptite-carte-du-jour","status":"publish","type":"product","link":"https:\/\/editionsdudauphin.com\/en\/livre\/subjects\/spirituality-esoterism\/esoterism\/divination\/oracle-la-ptite-carte-du-jour","title":{"rendered":"Oracle &#8220;La p&#8217;tite carte du jour&#8221;"},"content":{"rendered":"<p>A simple oracle to use on a daily basis to know the advice of the Universe and your guardian angel who support you in all circumstances.<\/p>\n","protected":false},"excerpt":{"rendered":"<p>A simple oracle to use on a daily basis to  [&#8230;]<\/p>\n","protected":false},"featured_media":14574,"template":"","meta":{"_acf_changed":false,"wpupg_custom_link":[],"wpupg_custom_link_behaviour":[],"wpupg_custom_link_nofollow":[],"wpupg_custom_image":[],"wpupg_custom_image_id":[]},"product_brand":[],"product_cat":[179,342],"product_tag":[],"class_list":{"0":"post-15130","1":"product","2":"type-product","3":"status-publish","4":"has-post-thumbnail","6":"product_cat-divination","7":"product_cat-cadeaux-de-noel-en","9":"first","10":"instock","11":"taxable","12":"shipping-taxable","13":"purchasable","14":"product-type-simple"},"acf":[],"yoast_head":"<!-- This site is optimized with the Yoast SEO plugin v27.4 - https:\/\/yoast.com\/product\/yoast-seo-wordpress\/ -->\n<title>Oracle &quot;La p&#039;tite carte du jour&quot; - \u00c9ditions du Dauphin<\/title>\n<meta name=\"description\" content=\"Oracle &quot;La p&#039;tite carte du jour&quot; vous accompagne avec ses 90 cartes \u00e0 tirer de th\u00e9matiques in\u00e9dites, et son livret explicatif !\" \/>\n<meta name=\"robots\" content=\"index, follow, max-snippet:-1, max-image-preview:large, max-video-preview:-1\" \/>\n<link rel=\"canonical\" href=\"https:\/\/editionsdudauphin.com\/en\/livre\/subjects\/spirituality-esoterism\/esoterism\/divination\/oracle-la-ptite-carte-du-jour\" \/>\n<meta property=\"og:locale\" content=\"en_US\" \/>\n<meta property=\"og:type\" content=\"article\" \/>\n<meta property=\"og:title\" content=\"Oracle &quot;La p&#039;tite carte du jour&quot; - \u00c9ditions du Dauphin\" \/>\n<meta property=\"og:description\" content=\"Oracle &quot;La p&#039;tite carte du jour&quot; vous accompagne avec ses 90 cartes \u00e0 tirer de th\u00e9matiques in\u00e9dites, et son livret explicatif !\" \/>\n<meta property=\"og:url\" content=\"https:\/\/editionsdudauphin.com\/en\/livre\/subjects\/spirituality-esoterism\/esoterism\/divination\/oracle-la-ptite-carte-du-jour\" \/>\n<meta property=\"og:site_name\" content=\"\u00c9ditions du Dauphin\" \/>\n<meta property=\"article:modified_time\" content=\"2023-01-16T11:04:51+00:00\" \/>\n<meta property=\"og:image\" content=\"https:\/\/editionsdudauphin.com\/wp-content\/uploads\/2022\/08\/9782716317818_oracle_la_ptite_carte.png\" \/>\n\t<meta property=\"og:image:width\" content=\"1316\" \/>\n\t<meta property=\"og:image:height\" content=\"1492\" \/>\n\t<meta property=\"og:image:type\" content=\"image\/png\" \/>\n<meta name=\"twitter:card\" content=\"summary_large_image\" \/>\n<meta name=\"twitter:label1\" content=\"Est. reading time\" \/>\n\t<meta name=\"twitter:data1\" content=\"1 minute\" \/>\n<script type=\"application\/ld+json\" class=\"yoast-schema-graph\">{\"@context\":\"https:\\\/\\\/schema.org\",\"@graph\":[{\"@type\":\"WebPage\",\"@id\":\"https:\\\/\\\/editionsdudauphin.com\\\/en\\\/livre\\\/subjects\\\/spirituality-esoterism\\\/esoterism\\\/divination\\\/oracle-la-ptite-carte-du-jour\",\"url\":\"https:\\\/\\\/editionsdudauphin.com\\\/en\\\/livre\\\/subjects\\\/spirituality-esoterism\\\/esoterism\\\/divination\\\/oracle-la-ptite-carte-du-jour\",\"name\":\"Oracle \\\"La p'tite carte du jour\\\" - \u00c9ditions du Dauphin\",\"isPartOf\":{\"@id\":\"https:\\\/\\\/editionsdudauphin.com\\\/en#website\"},\"primaryImageOfPage\":{\"@id\":\"https:\\\/\\\/editionsdudauphin.com\\\/en\\\/livre\\\/subjects\\\/spirituality-esoterism\\\/esoterism\\\/divination\\\/oracle-la-ptite-carte-du-jour#primaryimage\"},\"image\":{\"@id\":\"https:\\\/\\\/editionsdudauphin.com\\\/en\\\/livre\\\/subjects\\\/spirituality-esoterism\\\/esoterism\\\/divination\\\/oracle-la-ptite-carte-du-jour#primaryimage\"},\"thumbnailUrl\":\"https:\\\/\\\/editionsdudauphin.com\\\/wp-content\\\/uploads\\\/2022\\\/08\\\/9782716317818_oracle_la_ptite_carte.png\",\"datePublished\":\"2022-08-31T15:48:59+00:00\",\"dateModified\":\"2023-01-16T11:04:51+00:00\",\"description\":\"Oracle \\\"La p'tite carte du jour\\\" vous accompagne avec ses 90 cartes \u00e0 tirer de th\u00e9matiques in\u00e9dites, et son livret explicatif !\",\"breadcrumb\":{\"@id\":\"https:\\\/\\\/editionsdudauphin.com\\\/en\\\/livre\\\/subjects\\\/spirituality-esoterism\\\/esoterism\\\/divination\\\/oracle-la-ptite-carte-du-jour#breadcrumb\"},\"inLanguage\":\"en-US\",\"potentialAction\":[{\"@type\":\"ReadAction\",\"target\":[\"https:\\\/\\\/editionsdudauphin.com\\\/en\\\/livre\\\/subjects\\\/spirituality-esoterism\\\/esoterism\\\/divination\\\/oracle-la-ptite-carte-du-jour\"]}]},{\"@type\":\"ImageObject\",\"inLanguage\":\"en-US\",\"@id\":\"https:\\\/\\\/editionsdudauphin.com\\\/en\\\/livre\\\/subjects\\\/spirituality-esoterism\\\/esoterism\\\/divination\\\/oracle-la-ptite-carte-du-jour#primaryimage\",\"url\":\"https:\\\/\\\/editionsdudauphin.com\\\/wp-content\\\/uploads\\\/2022\\\/08\\\/9782716317818_oracle_la_ptite_carte.png\",\"contentUrl\":\"https:\\\/\\\/editionsdudauphin.com\\\/wp-content\\\/uploads\\\/2022\\\/08\\\/9782716317818_oracle_la_ptite_carte.png\",\"width\":1316,\"height\":1492,\"caption\":\"Oracle la p'tite carte du jour\"},{\"@type\":\"BreadcrumbList\",\"@id\":\"https:\\\/\\\/editionsdudauphin.com\\\/en\\\/livre\\\/subjects\\\/spirituality-esoterism\\\/esoterism\\\/divination\\\/oracle-la-ptite-carte-du-jour#breadcrumb\",\"itemListElement\":[{\"@type\":\"ListItem\",\"position\":1,\"name\":\"Accueil\",\"item\":\"https:\\\/\\\/editionsdudauphin.com\\\/en\"},{\"@type\":\"ListItem\",\"position\":2,\"name\":\"Boutique\",\"item\":\"https:\\\/\\\/editionsdudauphin.com\\\/boutique\"},{\"@type\":\"ListItem\",\"position\":3,\"name\":\"Oracle \u00ab\u00a0La p&rsquo;tite carte du jour\u00a0\u00bb\"}]},{\"@type\":\"WebSite\",\"@id\":\"https:\\\/\\\/editionsdudauphin.com\\\/en#website\",\"url\":\"https:\\\/\\\/editionsdudauphin.com\\\/en\",\"name\":\"\u00c9ditions du Dauphin\",\"description\":\"\",\"potentialAction\":[{\"@type\":\"SearchAction\",\"target\":{\"@type\":\"EntryPoint\",\"urlTemplate\":\"https:\\\/\\\/editionsdudauphin.com\\\/en?s={search_term_string}\"},\"query-input\":{\"@type\":\"PropertyValueSpecification\",\"valueRequired\":true,\"valueName\":\"search_term_string\"}}],\"inLanguage\":\"en-US\"}]}<\/script>\n<!-- \/ Yoast SEO plugin. -->","yoast_head_json":{"title":"Oracle \"La p'tite carte du jour\" - \u00c9ditions du Dauphin","description":"Oracle \"La p'tite carte du jour\" vous accompagne avec ses 90 cartes \u00e0 tirer de th\u00e9matiques in\u00e9dites, et son livret explicatif !","robots":{"index":"index","follow":"follow","max-snippet":"max-snippet:-1","max-image-preview":"max-image-preview:large","max-video-preview":"max-video-preview:-1"},"canonical":"https:\/\/editionsdudauphin.com\/en\/livre\/subjects\/spirituality-esoterism\/esoterism\/divination\/oracle-la-ptite-carte-du-jour","og_locale":"en_US","og_type":"article","og_title":"Oracle \"La p'tite carte du jour\" - \u00c9ditions du Dauphin","og_description":"Oracle \"La p'tite carte du jour\" vous accompagne avec ses 90 cartes \u00e0 tirer de th\u00e9matiques in\u00e9dites, et son livret explicatif !","og_url":"https:\/\/editionsdudauphin.com\/en\/livre\/subjects\/spirituality-esoterism\/esoterism\/divination\/oracle-la-ptite-carte-du-jour","og_site_name":"\u00c9ditions du Dauphin","article_modified_time":"2023-01-16T11:04:51+00:00","og_image":[{"width":1316,"height":1492,"url":"https:\/\/editionsdudauphin.com\/wp-content\/uploads\/2022\/08\/9782716317818_oracle_la_ptite_carte.png","type":"image\/png"}],"twitter_card":"summary_large_image","twitter_misc":{"Est. reading time":"1 minute"},"schema":{"@context":"https:\/\/schema.org","@graph":[{"@type":"WebPage","@id":"https:\/\/editionsdudauphin.com\/en\/livre\/subjects\/spirituality-esoterism\/esoterism\/divination\/oracle-la-ptite-carte-du-jour","url":"https:\/\/editionsdudauphin.com\/en\/livre\/subjects\/spirituality-esoterism\/esoterism\/divination\/oracle-la-ptite-carte-du-jour","name":"Oracle \"La p'tite carte du jour\" - \u00c9ditions du Dauphin","isPartOf":{"@id":"https:\/\/editionsdudauphin.com\/en#website"},"primaryImageOfPage":{"@id":"https:\/\/editionsdudauphin.com\/en\/livre\/subjects\/spirituality-esoterism\/esoterism\/divination\/oracle-la-ptite-carte-du-jour#primaryimage"},"image":{"@id":"https:\/\/editionsdudauphin.com\/en\/livre\/subjects\/spirituality-esoterism\/esoterism\/divination\/oracle-la-ptite-carte-du-jour#primaryimage"},"thumbnailUrl":"https:\/\/editionsdudauphin.com\/wp-content\/uploads\/2022\/08\/9782716317818_oracle_la_ptite_carte.png","datePublished":"2022-08-31T15:48:59+00:00","dateModified":"2023-01-16T11:04:51+00:00","description":"Oracle \"La p'tite carte du jour\" vous accompagne avec ses 90 cartes \u00e0 tirer de th\u00e9matiques in\u00e9dites, et son livret explicatif !","breadcrumb":{"@id":"https:\/\/editionsdudauphin.com\/en\/livre\/subjects\/spirituality-esoterism\/esoterism\/divination\/oracle-la-ptite-carte-du-jour#breadcrumb"},"inLanguage":"en-US","potentialAction":[{"@type":"ReadAction","target":["https:\/\/editionsdudauphin.com\/en\/livre\/subjects\/spirituality-esoterism\/esoterism\/divination\/oracle-la-ptite-carte-du-jour"]}]},{"@type":"ImageObject","inLanguage":"en-US","@id":"https:\/\/editionsdudauphin.com\/en\/livre\/subjects\/spirituality-esoterism\/esoterism\/divination\/oracle-la-ptite-carte-du-jour#primaryimage","url":"https:\/\/editionsdudauphin.com\/wp-content\/uploads\/2022\/08\/9782716317818_oracle_la_ptite_carte.png","contentUrl":"https:\/\/editionsdudauphin.com\/wp-content\/uploads\/2022\/08\/9782716317818_oracle_la_ptite_carte.png","width":1316,"height":1492,"caption":"Oracle la p'tite carte du jour"},{"@type":"BreadcrumbList","@id":"https:\/\/editionsdudauphin.com\/en\/livre\/subjects\/spirituality-esoterism\/esoterism\/divination\/oracle-la-ptite-carte-du-jour#breadcrumb","itemListElement":[{"@type":"ListItem","position":1,"name":"Accueil","item":"https:\/\/editionsdudauphin.com\/en"},{"@type":"ListItem","position":2,"name":"Boutique","item":"https:\/\/editionsdudauphin.com\/boutique"},{"@type":"ListItem","position":3,"name":"Oracle \u00ab\u00a0La p&rsquo;tite carte du jour\u00a0\u00bb"}]},{"@type":"WebSite","@id":"https:\/\/editionsdudauphin.com\/en#website","url":"https:\/\/editionsdudauphin.com\/en","name":"\u00c9ditions du Dauphin","description":"","potentialAction":[{"@type":"SearchAction","target":{"@type":"EntryPoint","urlTemplate":"https:\/\/editionsdudauphin.com\/en?s={search_term_string}"},"query-input":{"@type":"PropertyValueSpecification","valueRequired":true,"valueName":"search_term_string"}}],"inLanguage":"en-US"}]}},"_links":{"self":[{"href":"https:\/\/editionsdudauphin.com\/en\/wp-json\/wp\/v2\/product\/15130","targetHints":{"allow":["GET"]}}],"collection":[{"href":"https:\/\/editionsdudauphin.com\/en\/wp-json\/wp\/v2\/product"}],"about":[{"href":"https:\/\/editionsdudauphin.com\/en\/wp-json\/wp\/v2\/types\/product"}],"wp:featuredmedia":[{"embeddable":true,"href":"https:\/\/editionsdudauphin.com\/en\/wp-json\/wp\/v2\/media\/14574"}],"wp:attachment":[{"href":"https:\/\/editionsdudauphin.com\/en\/wp-json\/wp\/v2\/media?parent=15130"}],"wp:term":[{"taxonomy":"product_brand","embeddable":true,"href":"https:\/\/editionsdudauphin.com\/en\/wp-json\/wp\/v2\/product_brand?post=15130"},{"taxonomy":"product_cat","embeddable":true,"href":"https:\/\/editionsdudauphin.com\/en\/wp-json\/wp\/v2\/product_cat?post=15130"},{"taxonomy":"product_tag","embeddable":true,"href":"https:\/\/editionsdudauphin.com\/en\/wp-json\/wp\/v2\/product_tag?post=15130"}],"curies":[{"name":"wp","href":"https:\/\/api.w.org\/{rel}","templated":true}]}}