{"id":15177,"date":"2004-10-05T09:38:02","date_gmt":"2004-10-05T07:38:02","guid":{"rendered":"https:\/\/editionsdudauphin.com\/livre\/uncategorized\/dict-francais-arabe-arabe-francais"},"modified":"2023-02-10T10:31:07","modified_gmt":"2023-02-10T09:31:07","slug":"dict-francais-arabe-arabe-francais","status":"publish","type":"product","link":"https:\/\/editionsdudauphin.com\/en\/livre\/subjects\/foreign-language\/dictionaries\/dict-francais-arabe-arabe-francais","title":{"rendered":"Dict. Fran\u00e7ais Arabe &#8211; Arabe Fran\u00e7ais"},"content":{"rendered":"<p>The purpose of this book is to gather a large number of useful words from everyday life in order to allow the tourist or the business man to be understood on any occasion in arabian countries. Each Arabic term is followed by its phonetic transcription.<\/p>\n","protected":false},"excerpt":{"rendered":"<p>The purpose of this book is to gather a large  [&#8230;]<\/p>\n","protected":false},"featured_media":8395,"template":"","meta":{"_acf_changed":false,"wpupg_custom_link":[],"wpupg_custom_link_behaviour":[],"wpupg_custom_link_nofollow":[],"wpupg_custom_image":[],"wpupg_custom_image_id":[]},"product_brand":[],"product_cat":[193],"product_tag":[],"class_list":{"0":"post-15177","1":"product","2":"type-product","3":"status-publish","4":"has-post-thumbnail","6":"product_cat-dictionaries","8":"first","9":"instock","10":"taxable","11":"shipping-taxable","12":"purchasable","13":"product-type-simple"},"acf":[],"yoast_head":"<!-- This site is optimized with the Yoast SEO plugin v27.5 - https:\/\/yoast.com\/product\/yoast-seo-wordpress\/ -->\n<title>Dict. Fran\u00e7ais Arabe - Arabe Fran\u00e7ais - \u00c9ditions du Dauphin<\/title>\n<meta name=\"description\" content=\"The purpose of this book is to gather a large number of useful words from everyday life in order to allow the tourist or the business man to be understood\" \/>\n<meta name=\"robots\" content=\"index, follow, max-snippet:-1, max-image-preview:large, max-video-preview:-1\" \/>\n<link rel=\"canonical\" href=\"https:\/\/editionsdudauphin.com\/en\/livre\/subjects\/foreign-language\/dictionaries\/dict-francais-arabe-arabe-francais\" \/>\n<meta property=\"og:locale\" content=\"en_US\" \/>\n<meta property=\"og:type\" content=\"article\" \/>\n<meta property=\"og:title\" content=\"Dict. Fran\u00e7ais Arabe - Arabe Fran\u00e7ais - \u00c9ditions du Dauphin\" \/>\n<meta property=\"og:description\" content=\"The purpose of this book is to gather a large number of useful words from everyday life in order to allow the tourist or the business man to be understood\" \/>\n<meta property=\"og:url\" content=\"https:\/\/editionsdudauphin.com\/en\/livre\/subjects\/foreign-language\/dictionaries\/dict-francais-arabe-arabe-francais\" \/>\n<meta property=\"og:site_name\" content=\"\u00c9ditions du Dauphin\" \/>\n<meta property=\"article:modified_time\" content=\"2023-02-10T09:31:07+00:00\" \/>\n<meta property=\"og:image\" content=\"https:\/\/editionsdudauphin.com\/wp-content\/uploads\/2004\/10\/9782716310307_Dictionnaire_arabe_fran\u00e7ais.png\" \/>\n\t<meta property=\"og:image:width\" content=\"800\" \/>\n\t<meta property=\"og:image:height\" content=\"1248\" \/>\n\t<meta property=\"og:image:type\" content=\"image\/png\" \/>\n<meta name=\"twitter:card\" content=\"summary_large_image\" \/>\n<meta name=\"twitter:label1\" content=\"Est. reading time\" \/>\n\t<meta name=\"twitter:data1\" content=\"1 minute\" \/>\n<script type=\"application\/ld+json\" class=\"yoast-schema-graph\">{\"@context\":\"https:\\\/\\\/schema.org\",\"@graph\":[{\"@type\":\"WebPage\",\"@id\":\"https:\\\/\\\/editionsdudauphin.com\\\/en\\\/livre\\\/subjects\\\/foreign-language\\\/dictionaries\\\/dict-francais-arabe-arabe-francais\",\"url\":\"https:\\\/\\\/editionsdudauphin.com\\\/en\\\/livre\\\/subjects\\\/foreign-language\\\/dictionaries\\\/dict-francais-arabe-arabe-francais\",\"name\":\"Dict. Fran\u00e7ais Arabe - Arabe Fran\u00e7ais - \u00c9ditions du Dauphin\",\"isPartOf\":{\"@id\":\"https:\\\/\\\/editionsdudauphin.com\\\/en#website\"},\"primaryImageOfPage\":{\"@id\":\"https:\\\/\\\/editionsdudauphin.com\\\/en\\\/livre\\\/subjects\\\/foreign-language\\\/dictionaries\\\/dict-francais-arabe-arabe-francais#primaryimage\"},\"image\":{\"@id\":\"https:\\\/\\\/editionsdudauphin.com\\\/en\\\/livre\\\/subjects\\\/foreign-language\\\/dictionaries\\\/dict-francais-arabe-arabe-francais#primaryimage\"},\"thumbnailUrl\":\"https:\\\/\\\/editionsdudauphin.com\\\/wp-content\\\/uploads\\\/2004\\\/10\\\/9782716310307_Dictionnaire_arabe_fran\u00e7ais.png\",\"datePublished\":\"2004-10-05T07:38:02+00:00\",\"dateModified\":\"2023-02-10T09:31:07+00:00\",\"description\":\"The purpose of this book is to gather a large number of useful words from everyday life in order to allow the tourist or the business man to be understood\",\"breadcrumb\":{\"@id\":\"https:\\\/\\\/editionsdudauphin.com\\\/en\\\/livre\\\/subjects\\\/foreign-language\\\/dictionaries\\\/dict-francais-arabe-arabe-francais#breadcrumb\"},\"inLanguage\":\"en-US\",\"potentialAction\":[{\"@type\":\"ReadAction\",\"target\":[\"https:\\\/\\\/editionsdudauphin.com\\\/en\\\/livre\\\/subjects\\\/foreign-language\\\/dictionaries\\\/dict-francais-arabe-arabe-francais\"]}]},{\"@type\":\"ImageObject\",\"inLanguage\":\"en-US\",\"@id\":\"https:\\\/\\\/editionsdudauphin.com\\\/en\\\/livre\\\/subjects\\\/foreign-language\\\/dictionaries\\\/dict-francais-arabe-arabe-francais#primaryimage\",\"url\":\"https:\\\/\\\/editionsdudauphin.com\\\/wp-content\\\/uploads\\\/2004\\\/10\\\/9782716310307_Dictionnaire_arabe_fran\u00e7ais.png\",\"contentUrl\":\"https:\\\/\\\/editionsdudauphin.com\\\/wp-content\\\/uploads\\\/2004\\\/10\\\/9782716310307_Dictionnaire_arabe_fran\u00e7ais.png\",\"width\":800,\"height\":1248,\"caption\":\"Dictionnaire fran\u00e7ais-arabe\"},{\"@type\":\"BreadcrumbList\",\"@id\":\"https:\\\/\\\/editionsdudauphin.com\\\/en\\\/livre\\\/subjects\\\/foreign-language\\\/dictionaries\\\/dict-francais-arabe-arabe-francais#breadcrumb\",\"itemListElement\":[{\"@type\":\"ListItem\",\"position\":1,\"name\":\"Accueil\",\"item\":\"https:\\\/\\\/editionsdudauphin.com\\\/en\"},{\"@type\":\"ListItem\",\"position\":2,\"name\":\"Boutique\",\"item\":\"https:\\\/\\\/editionsdudauphin.com\\\/boutique\"},{\"@type\":\"ListItem\",\"position\":3,\"name\":\"Dict. Fran\u00e7ais Arabe &#8211; Arabe Fran\u00e7ais\"}]},{\"@type\":\"WebSite\",\"@id\":\"https:\\\/\\\/editionsdudauphin.com\\\/en#website\",\"url\":\"https:\\\/\\\/editionsdudauphin.com\\\/en\",\"name\":\"\u00c9ditions du Dauphin\",\"description\":\"\",\"potentialAction\":[{\"@type\":\"SearchAction\",\"target\":{\"@type\":\"EntryPoint\",\"urlTemplate\":\"https:\\\/\\\/editionsdudauphin.com\\\/en?s={search_term_string}\"},\"query-input\":{\"@type\":\"PropertyValueSpecification\",\"valueRequired\":true,\"valueName\":\"search_term_string\"}}],\"inLanguage\":\"en-US\"}]}<\/script>\n<!-- \/ Yoast SEO plugin. -->","yoast_head_json":{"title":"Dict. Fran\u00e7ais Arabe - Arabe Fran\u00e7ais - \u00c9ditions du Dauphin","description":"The purpose of this book is to gather a large number of useful words from everyday life in order to allow the tourist or the business man to be understood","robots":{"index":"index","follow":"follow","max-snippet":"max-snippet:-1","max-image-preview":"max-image-preview:large","max-video-preview":"max-video-preview:-1"},"canonical":"https:\/\/editionsdudauphin.com\/en\/livre\/subjects\/foreign-language\/dictionaries\/dict-francais-arabe-arabe-francais","og_locale":"en_US","og_type":"article","og_title":"Dict. Fran\u00e7ais Arabe - Arabe Fran\u00e7ais - \u00c9ditions du Dauphin","og_description":"The purpose of this book is to gather a large number of useful words from everyday life in order to allow the tourist or the business man to be understood","og_url":"https:\/\/editionsdudauphin.com\/en\/livre\/subjects\/foreign-language\/dictionaries\/dict-francais-arabe-arabe-francais","og_site_name":"\u00c9ditions du Dauphin","article_modified_time":"2023-02-10T09:31:07+00:00","og_image":[{"width":800,"height":1248,"url":"https:\/\/editionsdudauphin.com\/wp-content\/uploads\/2004\/10\/9782716310307_Dictionnaire_arabe_fran\u00e7ais.png","type":"image\/png"}],"twitter_card":"summary_large_image","twitter_misc":{"Est. reading time":"1 minute"},"schema":{"@context":"https:\/\/schema.org","@graph":[{"@type":"WebPage","@id":"https:\/\/editionsdudauphin.com\/en\/livre\/subjects\/foreign-language\/dictionaries\/dict-francais-arabe-arabe-francais","url":"https:\/\/editionsdudauphin.com\/en\/livre\/subjects\/foreign-language\/dictionaries\/dict-francais-arabe-arabe-francais","name":"Dict. Fran\u00e7ais Arabe - Arabe Fran\u00e7ais - \u00c9ditions du Dauphin","isPartOf":{"@id":"https:\/\/editionsdudauphin.com\/en#website"},"primaryImageOfPage":{"@id":"https:\/\/editionsdudauphin.com\/en\/livre\/subjects\/foreign-language\/dictionaries\/dict-francais-arabe-arabe-francais#primaryimage"},"image":{"@id":"https:\/\/editionsdudauphin.com\/en\/livre\/subjects\/foreign-language\/dictionaries\/dict-francais-arabe-arabe-francais#primaryimage"},"thumbnailUrl":"https:\/\/editionsdudauphin.com\/wp-content\/uploads\/2004\/10\/9782716310307_Dictionnaire_arabe_fran\u00e7ais.png","datePublished":"2004-10-05T07:38:02+00:00","dateModified":"2023-02-10T09:31:07+00:00","description":"The purpose of this book is to gather a large number of useful words from everyday life in order to allow the tourist or the business man to be understood","breadcrumb":{"@id":"https:\/\/editionsdudauphin.com\/en\/livre\/subjects\/foreign-language\/dictionaries\/dict-francais-arabe-arabe-francais#breadcrumb"},"inLanguage":"en-US","potentialAction":[{"@type":"ReadAction","target":["https:\/\/editionsdudauphin.com\/en\/livre\/subjects\/foreign-language\/dictionaries\/dict-francais-arabe-arabe-francais"]}]},{"@type":"ImageObject","inLanguage":"en-US","@id":"https:\/\/editionsdudauphin.com\/en\/livre\/subjects\/foreign-language\/dictionaries\/dict-francais-arabe-arabe-francais#primaryimage","url":"https:\/\/editionsdudauphin.com\/wp-content\/uploads\/2004\/10\/9782716310307_Dictionnaire_arabe_fran\u00e7ais.png","contentUrl":"https:\/\/editionsdudauphin.com\/wp-content\/uploads\/2004\/10\/9782716310307_Dictionnaire_arabe_fran\u00e7ais.png","width":800,"height":1248,"caption":"Dictionnaire fran\u00e7ais-arabe"},{"@type":"BreadcrumbList","@id":"https:\/\/editionsdudauphin.com\/en\/livre\/subjects\/foreign-language\/dictionaries\/dict-francais-arabe-arabe-francais#breadcrumb","itemListElement":[{"@type":"ListItem","position":1,"name":"Accueil","item":"https:\/\/editionsdudauphin.com\/en"},{"@type":"ListItem","position":2,"name":"Boutique","item":"https:\/\/editionsdudauphin.com\/boutique"},{"@type":"ListItem","position":3,"name":"Dict. Fran\u00e7ais Arabe &#8211; Arabe Fran\u00e7ais"}]},{"@type":"WebSite","@id":"https:\/\/editionsdudauphin.com\/en#website","url":"https:\/\/editionsdudauphin.com\/en","name":"\u00c9ditions du Dauphin","description":"","potentialAction":[{"@type":"SearchAction","target":{"@type":"EntryPoint","urlTemplate":"https:\/\/editionsdudauphin.com\/en?s={search_term_string}"},"query-input":{"@type":"PropertyValueSpecification","valueRequired":true,"valueName":"search_term_string"}}],"inLanguage":"en-US"}]}},"_links":{"self":[{"href":"https:\/\/editionsdudauphin.com\/en\/wp-json\/wp\/v2\/product\/15177","targetHints":{"allow":["GET"]}}],"collection":[{"href":"https:\/\/editionsdudauphin.com\/en\/wp-json\/wp\/v2\/product"}],"about":[{"href":"https:\/\/editionsdudauphin.com\/en\/wp-json\/wp\/v2\/types\/product"}],"wp:featuredmedia":[{"embeddable":true,"href":"https:\/\/editionsdudauphin.com\/en\/wp-json\/wp\/v2\/media\/8395"}],"wp:attachment":[{"href":"https:\/\/editionsdudauphin.com\/en\/wp-json\/wp\/v2\/media?parent=15177"}],"wp:term":[{"taxonomy":"product_brand","embeddable":true,"href":"https:\/\/editionsdudauphin.com\/en\/wp-json\/wp\/v2\/product_brand?post=15177"},{"taxonomy":"product_cat","embeddable":true,"href":"https:\/\/editionsdudauphin.com\/en\/wp-json\/wp\/v2\/product_cat?post=15177"},{"taxonomy":"product_tag","embeddable":true,"href":"https:\/\/editionsdudauphin.com\/en\/wp-json\/wp\/v2\/product_tag?post=15177"}],"curies":[{"name":"wp","href":"https:\/\/api.w.org\/{rel}","templated":true}]}}