{"id":15180,"date":"2007-04-05T16:06:57","date_gmt":"2007-04-05T14:06:57","guid":{"rendered":"https:\/\/editionsdudauphin.com\/livre\/uncategorized\/kriya-yoga-la-voie-sprituelle-originelle-transmise-par-les-maitres-realises"},"modified":"2023-02-10T11:06:21","modified_gmt":"2023-02-10T10:06:21","slug":"kriya-yoga-la-voie-sprituelle-originelle-transmise-par-les-maitres-realises","status":"publish","type":"product","link":"https:\/\/editionsdudauphin.com\/en\/livre\/subjects\/spirituality-esoterism\/spirituality\/kriya-yoga-en\/kriya-yoga-la-voie-sprituelle-originelle-transmise-par-les-maitres-realises","title":{"rendered":"KRIYA YOGA &#8211; La voie spirituelle originelle transmise par les ma\u00eetres r\u00e9alis\u00e9s"},"content":{"rendered":"<p>This book describes the scientifically proven benefits of Kriya Yoga. Written by Hariharanandan himself, \u00a0he describes in detail the different stages of spiritual transformation and mentions many experiences that practitioners may encounter on their journeys. The scientific approach of Kriya Yoga explains how to improve our physical and mental functions.<\/p>\n","protected":false},"excerpt":{"rendered":"<p>This book describes the scientifically proven benefits of Kriya Yoga.  [&#8230;]<\/p>\n","protected":false},"featured_media":15179,"template":"","meta":{"_acf_changed":false,"wpupg_custom_link":[],"wpupg_custom_link_behaviour":[],"wpupg_custom_link_nofollow":[],"wpupg_custom_image":[],"wpupg_custom_image_id":[]},"product_brand":[],"product_cat":[175],"product_tag":[],"class_list":{"0":"post-15180","1":"product","2":"type-product","3":"status-publish","4":"has-post-thumbnail","6":"product_cat-kriya-yoga-en","8":"first","9":"instock","10":"taxable","11":"shipping-taxable","12":"purchasable","13":"product-type-simple"},"acf":[],"yoast_head":"<!-- This site is optimized with the Yoast SEO plugin v27.4 - https:\/\/yoast.com\/product\/yoast-seo-wordpress\/ -->\n<title>KRIYA YOGA - La voie spirituelle originelle transmise par les ma\u00eetres r\u00e9alis\u00e9s - \u00c9ditions du Dauphin<\/title>\n<meta name=\"description\" content=\"This book describes the scientifically proven benefits of Kriya Yoga. Written by Hariharanandan himself, \u00a0he describes in detail the different stages of\" \/>\n<meta name=\"robots\" content=\"index, follow, max-snippet:-1, max-image-preview:large, max-video-preview:-1\" \/>\n<link rel=\"canonical\" href=\"https:\/\/editionsdudauphin.com\/en\/livre\/subjects\/spirituality-esoterism\/spirituality\/kriya-yoga-en\/kriya-yoga-la-voie-sprituelle-originelle-transmise-par-les-maitres-realises\" \/>\n<meta property=\"og:locale\" content=\"en_US\" \/>\n<meta property=\"og:type\" content=\"article\" \/>\n<meta property=\"og:title\" content=\"KRIYA YOGA - La voie spirituelle originelle transmise par les ma\u00eetres r\u00e9alis\u00e9s - \u00c9ditions du Dauphin\" \/>\n<meta property=\"og:description\" content=\"This book describes the scientifically proven benefits of Kriya Yoga. Written by Hariharanandan himself, \u00a0he describes in detail the different stages of\" \/>\n<meta property=\"og:url\" content=\"https:\/\/editionsdudauphin.com\/en\/livre\/subjects\/spirituality-esoterism\/spirituality\/kriya-yoga-en\/kriya-yoga-la-voie-sprituelle-originelle-transmise-par-les-maitres-realises\" \/>\n<meta property=\"og:site_name\" content=\"\u00c9ditions du Dauphin\" \/>\n<meta property=\"article:modified_time\" content=\"2023-02-10T10:06:21+00:00\" \/>\n<meta property=\"og:image\" content=\"https:\/\/editionsdudauphin.com\/wp-content\/uploads\/2007\/04\/9782716313513_kriya_yoga.jpg\" \/>\n\t<meta property=\"og:image:width\" content=\"800\" \/>\n\t<meta property=\"og:image:height\" content=\"1178\" \/>\n\t<meta property=\"og:image:type\" content=\"image\/jpeg\" \/>\n<meta name=\"twitter:card\" content=\"summary_large_image\" \/>\n<meta name=\"twitter:label1\" content=\"Est. reading time\" \/>\n\t<meta name=\"twitter:data1\" content=\"1 minute\" \/>\n<script type=\"application\/ld+json\" class=\"yoast-schema-graph\">{\"@context\":\"https:\\\/\\\/schema.org\",\"@graph\":[{\"@type\":\"WebPage\",\"@id\":\"https:\\\/\\\/editionsdudauphin.com\\\/en\\\/livre\\\/subjects\\\/spirituality-esoterism\\\/spirituality\\\/kriya-yoga-en\\\/kriya-yoga-la-voie-sprituelle-originelle-transmise-par-les-maitres-realises\",\"url\":\"https:\\\/\\\/editionsdudauphin.com\\\/en\\\/livre\\\/subjects\\\/spirituality-esoterism\\\/spirituality\\\/kriya-yoga-en\\\/kriya-yoga-la-voie-sprituelle-originelle-transmise-par-les-maitres-realises\",\"name\":\"KRIYA YOGA - La voie spirituelle originelle transmise par les ma\u00eetres r\u00e9alis\u00e9s - \u00c9ditions du Dauphin\",\"isPartOf\":{\"@id\":\"https:\\\/\\\/editionsdudauphin.com\\\/en#website\"},\"primaryImageOfPage\":{\"@id\":\"https:\\\/\\\/editionsdudauphin.com\\\/en\\\/livre\\\/subjects\\\/spirituality-esoterism\\\/spirituality\\\/kriya-yoga-en\\\/kriya-yoga-la-voie-sprituelle-originelle-transmise-par-les-maitres-realises#primaryimage\"},\"image\":{\"@id\":\"https:\\\/\\\/editionsdudauphin.com\\\/en\\\/livre\\\/subjects\\\/spirituality-esoterism\\\/spirituality\\\/kriya-yoga-en\\\/kriya-yoga-la-voie-sprituelle-originelle-transmise-par-les-maitres-realises#primaryimage\"},\"thumbnailUrl\":\"https:\\\/\\\/editionsdudauphin.com\\\/wp-content\\\/uploads\\\/2007\\\/04\\\/9782716313513_kriya_yoga.jpg\",\"datePublished\":\"2007-04-05T14:06:57+00:00\",\"dateModified\":\"2023-02-10T10:06:21+00:00\",\"description\":\"This book describes the scientifically proven benefits of Kriya Yoga. Written by Hariharanandan himself, \u00a0he describes in detail the different stages of\",\"breadcrumb\":{\"@id\":\"https:\\\/\\\/editionsdudauphin.com\\\/en\\\/livre\\\/subjects\\\/spirituality-esoterism\\\/spirituality\\\/kriya-yoga-en\\\/kriya-yoga-la-voie-sprituelle-originelle-transmise-par-les-maitres-realises#breadcrumb\"},\"inLanguage\":\"en-US\",\"potentialAction\":[{\"@type\":\"ReadAction\",\"target\":[\"https:\\\/\\\/editionsdudauphin.com\\\/en\\\/livre\\\/subjects\\\/spirituality-esoterism\\\/spirituality\\\/kriya-yoga-en\\\/kriya-yoga-la-voie-sprituelle-originelle-transmise-par-les-maitres-realises\"]}]},{\"@type\":\"ImageObject\",\"inLanguage\":\"en-US\",\"@id\":\"https:\\\/\\\/editionsdudauphin.com\\\/en\\\/livre\\\/subjects\\\/spirituality-esoterism\\\/spirituality\\\/kriya-yoga-en\\\/kriya-yoga-la-voie-sprituelle-originelle-transmise-par-les-maitres-realises#primaryimage\",\"url\":\"https:\\\/\\\/editionsdudauphin.com\\\/wp-content\\\/uploads\\\/2007\\\/04\\\/9782716313513_kriya_yoga.jpg\",\"contentUrl\":\"https:\\\/\\\/editionsdudauphin.com\\\/wp-content\\\/uploads\\\/2007\\\/04\\\/9782716313513_kriya_yoga.jpg\",\"width\":800,\"height\":1178,\"caption\":\"Kriya Yoga\"},{\"@type\":\"BreadcrumbList\",\"@id\":\"https:\\\/\\\/editionsdudauphin.com\\\/en\\\/livre\\\/subjects\\\/spirituality-esoterism\\\/spirituality\\\/kriya-yoga-en\\\/kriya-yoga-la-voie-sprituelle-originelle-transmise-par-les-maitres-realises#breadcrumb\",\"itemListElement\":[{\"@type\":\"ListItem\",\"position\":1,\"name\":\"Accueil\",\"item\":\"https:\\\/\\\/editionsdudauphin.com\\\/en\"},{\"@type\":\"ListItem\",\"position\":2,\"name\":\"Boutique\",\"item\":\"https:\\\/\\\/editionsdudauphin.com\\\/boutique\"},{\"@type\":\"ListItem\",\"position\":3,\"name\":\"KRIYA YOGA &#8211; La voie spirituelle originelle transmise par les ma\u00eetres r\u00e9alis\u00e9s\"}]},{\"@type\":\"WebSite\",\"@id\":\"https:\\\/\\\/editionsdudauphin.com\\\/en#website\",\"url\":\"https:\\\/\\\/editionsdudauphin.com\\\/en\",\"name\":\"\u00c9ditions du Dauphin\",\"description\":\"\",\"potentialAction\":[{\"@type\":\"SearchAction\",\"target\":{\"@type\":\"EntryPoint\",\"urlTemplate\":\"https:\\\/\\\/editionsdudauphin.com\\\/en?s={search_term_string}\"},\"query-input\":{\"@type\":\"PropertyValueSpecification\",\"valueRequired\":true,\"valueName\":\"search_term_string\"}}],\"inLanguage\":\"en-US\"}]}<\/script>\n<!-- \/ Yoast SEO plugin. -->","yoast_head_json":{"title":"KRIYA YOGA - La voie spirituelle originelle transmise par les ma\u00eetres r\u00e9alis\u00e9s - \u00c9ditions du Dauphin","description":"This book describes the scientifically proven benefits of Kriya Yoga. Written by Hariharanandan himself, \u00a0he describes in detail the different stages of","robots":{"index":"index","follow":"follow","max-snippet":"max-snippet:-1","max-image-preview":"max-image-preview:large","max-video-preview":"max-video-preview:-1"},"canonical":"https:\/\/editionsdudauphin.com\/en\/livre\/subjects\/spirituality-esoterism\/spirituality\/kriya-yoga-en\/kriya-yoga-la-voie-sprituelle-originelle-transmise-par-les-maitres-realises","og_locale":"en_US","og_type":"article","og_title":"KRIYA YOGA - La voie spirituelle originelle transmise par les ma\u00eetres r\u00e9alis\u00e9s - \u00c9ditions du Dauphin","og_description":"This book describes the scientifically proven benefits of Kriya Yoga. Written by Hariharanandan himself, \u00a0he describes in detail the different stages of","og_url":"https:\/\/editionsdudauphin.com\/en\/livre\/subjects\/spirituality-esoterism\/spirituality\/kriya-yoga-en\/kriya-yoga-la-voie-sprituelle-originelle-transmise-par-les-maitres-realises","og_site_name":"\u00c9ditions du Dauphin","article_modified_time":"2023-02-10T10:06:21+00:00","og_image":[{"width":800,"height":1178,"url":"https:\/\/editionsdudauphin.com\/wp-content\/uploads\/2007\/04\/9782716313513_kriya_yoga.jpg","type":"image\/jpeg"}],"twitter_card":"summary_large_image","twitter_misc":{"Est. reading time":"1 minute"},"schema":{"@context":"https:\/\/schema.org","@graph":[{"@type":"WebPage","@id":"https:\/\/editionsdudauphin.com\/en\/livre\/subjects\/spirituality-esoterism\/spirituality\/kriya-yoga-en\/kriya-yoga-la-voie-sprituelle-originelle-transmise-par-les-maitres-realises","url":"https:\/\/editionsdudauphin.com\/en\/livre\/subjects\/spirituality-esoterism\/spirituality\/kriya-yoga-en\/kriya-yoga-la-voie-sprituelle-originelle-transmise-par-les-maitres-realises","name":"KRIYA YOGA - La voie spirituelle originelle transmise par les ma\u00eetres r\u00e9alis\u00e9s - \u00c9ditions du Dauphin","isPartOf":{"@id":"https:\/\/editionsdudauphin.com\/en#website"},"primaryImageOfPage":{"@id":"https:\/\/editionsdudauphin.com\/en\/livre\/subjects\/spirituality-esoterism\/spirituality\/kriya-yoga-en\/kriya-yoga-la-voie-sprituelle-originelle-transmise-par-les-maitres-realises#primaryimage"},"image":{"@id":"https:\/\/editionsdudauphin.com\/en\/livre\/subjects\/spirituality-esoterism\/spirituality\/kriya-yoga-en\/kriya-yoga-la-voie-sprituelle-originelle-transmise-par-les-maitres-realises#primaryimage"},"thumbnailUrl":"https:\/\/editionsdudauphin.com\/wp-content\/uploads\/2007\/04\/9782716313513_kriya_yoga.jpg","datePublished":"2007-04-05T14:06:57+00:00","dateModified":"2023-02-10T10:06:21+00:00","description":"This book describes the scientifically proven benefits of Kriya Yoga. Written by Hariharanandan himself, \u00a0he describes in detail the different stages of","breadcrumb":{"@id":"https:\/\/editionsdudauphin.com\/en\/livre\/subjects\/spirituality-esoterism\/spirituality\/kriya-yoga-en\/kriya-yoga-la-voie-sprituelle-originelle-transmise-par-les-maitres-realises#breadcrumb"},"inLanguage":"en-US","potentialAction":[{"@type":"ReadAction","target":["https:\/\/editionsdudauphin.com\/en\/livre\/subjects\/spirituality-esoterism\/spirituality\/kriya-yoga-en\/kriya-yoga-la-voie-sprituelle-originelle-transmise-par-les-maitres-realises"]}]},{"@type":"ImageObject","inLanguage":"en-US","@id":"https:\/\/editionsdudauphin.com\/en\/livre\/subjects\/spirituality-esoterism\/spirituality\/kriya-yoga-en\/kriya-yoga-la-voie-sprituelle-originelle-transmise-par-les-maitres-realises#primaryimage","url":"https:\/\/editionsdudauphin.com\/wp-content\/uploads\/2007\/04\/9782716313513_kriya_yoga.jpg","contentUrl":"https:\/\/editionsdudauphin.com\/wp-content\/uploads\/2007\/04\/9782716313513_kriya_yoga.jpg","width":800,"height":1178,"caption":"Kriya Yoga"},{"@type":"BreadcrumbList","@id":"https:\/\/editionsdudauphin.com\/en\/livre\/subjects\/spirituality-esoterism\/spirituality\/kriya-yoga-en\/kriya-yoga-la-voie-sprituelle-originelle-transmise-par-les-maitres-realises#breadcrumb","itemListElement":[{"@type":"ListItem","position":1,"name":"Accueil","item":"https:\/\/editionsdudauphin.com\/en"},{"@type":"ListItem","position":2,"name":"Boutique","item":"https:\/\/editionsdudauphin.com\/boutique"},{"@type":"ListItem","position":3,"name":"KRIYA YOGA &#8211; La voie spirituelle originelle transmise par les ma\u00eetres r\u00e9alis\u00e9s"}]},{"@type":"WebSite","@id":"https:\/\/editionsdudauphin.com\/en#website","url":"https:\/\/editionsdudauphin.com\/en","name":"\u00c9ditions du Dauphin","description":"","potentialAction":[{"@type":"SearchAction","target":{"@type":"EntryPoint","urlTemplate":"https:\/\/editionsdudauphin.com\/en?s={search_term_string}"},"query-input":{"@type":"PropertyValueSpecification","valueRequired":true,"valueName":"search_term_string"}}],"inLanguage":"en-US"}]}},"_links":{"self":[{"href":"https:\/\/editionsdudauphin.com\/en\/wp-json\/wp\/v2\/product\/15180","targetHints":{"allow":["GET"]}}],"collection":[{"href":"https:\/\/editionsdudauphin.com\/en\/wp-json\/wp\/v2\/product"}],"about":[{"href":"https:\/\/editionsdudauphin.com\/en\/wp-json\/wp\/v2\/types\/product"}],"wp:featuredmedia":[{"embeddable":true,"href":"https:\/\/editionsdudauphin.com\/en\/wp-json\/wp\/v2\/media\/15179"}],"wp:attachment":[{"href":"https:\/\/editionsdudauphin.com\/en\/wp-json\/wp\/v2\/media?parent=15180"}],"wp:term":[{"taxonomy":"product_brand","embeddable":true,"href":"https:\/\/editionsdudauphin.com\/en\/wp-json\/wp\/v2\/product_brand?post=15180"},{"taxonomy":"product_cat","embeddable":true,"href":"https:\/\/editionsdudauphin.com\/en\/wp-json\/wp\/v2\/product_cat?post=15180"},{"taxonomy":"product_tag","embeddable":true,"href":"https:\/\/editionsdudauphin.com\/en\/wp-json\/wp\/v2\/product_tag?post=15180"}],"curies":[{"name":"wp","href":"https:\/\/api.w.org\/{rel}","templated":true}]}}