{"id":15572,"date":"2023-04-18T10:21:17","date_gmt":"2023-04-18T08:21:17","guid":{"rendered":"https:\/\/editionsdudauphin.com\/livre\/uncategorized\/le-guide-anti-douleurs"},"modified":"2023-06-02T14:21:19","modified_gmt":"2023-06-02T12:21:19","slug":"le-guide-anti-douleurs","status":"publish","type":"product","link":"https:\/\/editionsdudauphin.com\/en\/livre\/subjects\/health-wellness\/health\/prevention-en\/le-guide-anti-douleurs","title":{"rendered":"Le guide anti-douleurs &#8211; soulager et pr\u00e9venir"},"content":{"rendered":"<p>Pain is a signal for your body. This signal is to find a solution to soothe it. Whatever is your age, we are all concerned. The author proposes several exercises to releave your pain. No specific physical condition is required, the practice is suitable for everyone. If you are you experiencing pain in your lower back? Go to the chapter Lower back, pelvis and hips. If you have cervical pain? Go to the chapter Upper back, cervical and thorax etc.Exercises, diagrams and illustrations are there to guide you. You will also find breathing exercises to reduce your stress, stretching and strengthening exercises to improve your posture, or flexibility to prevent your pain or get rid of it permanently.<span class=\"Apple-converted-space\">\u00a0 <\/span>With this book you will understand the origin of your pain (muscles, bones, organs, ligaments, tendons). And if a word is unknown to you, the glossary will help you to understand it better.<span class=\"Apple-converted-space\">\u00a0<\/span><\/p>\n","protected":false},"excerpt":{"rendered":"<p>Pain is a signal for your body. This signal is  [&#8230;]<\/p>\n","protected":false},"featured_media":15472,"template":"","meta":{"_acf_changed":false,"wpupg_custom_link":[],"wpupg_custom_link_behaviour":[],"wpupg_custom_link_nofollow":[],"wpupg_custom_image":[],"wpupg_custom_image_id":[]},"product_brand":[],"product_cat":[166],"product_tag":[],"class_list":{"0":"post-15572","1":"product","2":"type-product","3":"status-publish","4":"has-post-thumbnail","6":"product_cat-prevention-en","8":"first","9":"instock","10":"taxable","11":"shipping-taxable","12":"purchasable","13":"product-type-simple"},"acf":[],"yoast_head":"<!-- This site is optimized with the Yoast SEO plugin v27.3 - https:\/\/yoast.com\/product\/yoast-seo-wordpress\/ -->\n<title>Le guide anti-douleurs - soulager et pr\u00e9venir - \u00c9ditions du Dauphin<\/title>\n<meta name=\"description\" content=\"D\u00e9couvrez notre guide anti-douleurs, votre alli\u00e9 au quotidien pour les soulager vous-m\u00eame, de chez vous, en attendant un rendez-vous chez l&#039;ost\u00e9opathe.\" \/>\n<meta name=\"robots\" content=\"index, follow, max-snippet:-1, max-image-preview:large, max-video-preview:-1\" \/>\n<link rel=\"canonical\" href=\"https:\/\/editionsdudauphin.com\/en\/livre\/subjects\/health-wellness\/health\/prevention-en\/le-guide-anti-douleurs\" \/>\n<meta property=\"og:locale\" content=\"en_US\" \/>\n<meta property=\"og:type\" content=\"article\" \/>\n<meta property=\"og:title\" content=\"Le guide anti-douleurs - soulager et pr\u00e9venir - \u00c9ditions du Dauphin\" \/>\n<meta property=\"og:description\" content=\"D\u00e9couvrez notre guide anti-douleurs, votre alli\u00e9 au quotidien pour les soulager vous-m\u00eame, de chez vous, en attendant un rendez-vous chez l&#039;ost\u00e9opathe.\" \/>\n<meta property=\"og:url\" content=\"https:\/\/editionsdudauphin.com\/en\/livre\/subjects\/health-wellness\/health\/prevention-en\/le-guide-anti-douleurs\" \/>\n<meta property=\"og:site_name\" content=\"\u00c9ditions du Dauphin\" \/>\n<meta property=\"article:modified_time\" content=\"2023-06-02T12:21:19+00:00\" \/>\n<meta property=\"og:image\" content=\"https:\/\/editionsdudauphin.com\/wp-content\/uploads\/2023\/04\/9782716318129_douleurs-scaled.jpg\" \/>\n\t<meta property=\"og:image:width\" content=\"1968\" \/>\n\t<meta property=\"og:image:height\" content=\"2560\" \/>\n\t<meta property=\"og:image:type\" content=\"image\/jpeg\" \/>\n<meta name=\"twitter:card\" content=\"summary_large_image\" \/>\n<meta name=\"twitter:label1\" content=\"Est. reading time\" \/>\n\t<meta name=\"twitter:data1\" content=\"1 minute\" \/>\n<script type=\"application\/ld+json\" class=\"yoast-schema-graph\">{\"@context\":\"https:\\\/\\\/schema.org\",\"@graph\":[{\"@type\":\"WebPage\",\"@id\":\"https:\\\/\\\/editionsdudauphin.com\\\/en\\\/livre\\\/subjects\\\/health-wellness\\\/health\\\/prevention-en\\\/le-guide-anti-douleurs\",\"url\":\"https:\\\/\\\/editionsdudauphin.com\\\/en\\\/livre\\\/subjects\\\/health-wellness\\\/health\\\/prevention-en\\\/le-guide-anti-douleurs\",\"name\":\"Le guide anti-douleurs - soulager et pr\u00e9venir - \u00c9ditions du Dauphin\",\"isPartOf\":{\"@id\":\"https:\\\/\\\/editionsdudauphin.com\\\/en#website\"},\"primaryImageOfPage\":{\"@id\":\"https:\\\/\\\/editionsdudauphin.com\\\/en\\\/livre\\\/subjects\\\/health-wellness\\\/health\\\/prevention-en\\\/le-guide-anti-douleurs#primaryimage\"},\"image\":{\"@id\":\"https:\\\/\\\/editionsdudauphin.com\\\/en\\\/livre\\\/subjects\\\/health-wellness\\\/health\\\/prevention-en\\\/le-guide-anti-douleurs#primaryimage\"},\"thumbnailUrl\":\"https:\\\/\\\/editionsdudauphin.com\\\/wp-content\\\/uploads\\\/2023\\\/04\\\/9782716318129_douleurs-scaled.jpg\",\"datePublished\":\"2023-04-18T08:21:17+00:00\",\"dateModified\":\"2023-06-02T12:21:19+00:00\",\"description\":\"D\u00e9couvrez notre guide anti-douleurs, votre alli\u00e9 au quotidien pour les soulager vous-m\u00eame, de chez vous, en attendant un rendez-vous chez l'ost\u00e9opathe.\",\"breadcrumb\":{\"@id\":\"https:\\\/\\\/editionsdudauphin.com\\\/en\\\/livre\\\/subjects\\\/health-wellness\\\/health\\\/prevention-en\\\/le-guide-anti-douleurs#breadcrumb\"},\"inLanguage\":\"en-US\",\"potentialAction\":[{\"@type\":\"ReadAction\",\"target\":[\"https:\\\/\\\/editionsdudauphin.com\\\/en\\\/livre\\\/subjects\\\/health-wellness\\\/health\\\/prevention-en\\\/le-guide-anti-douleurs\"]}]},{\"@type\":\"ImageObject\",\"inLanguage\":\"en-US\",\"@id\":\"https:\\\/\\\/editionsdudauphin.com\\\/en\\\/livre\\\/subjects\\\/health-wellness\\\/health\\\/prevention-en\\\/le-guide-anti-douleurs#primaryimage\",\"url\":\"https:\\\/\\\/editionsdudauphin.com\\\/wp-content\\\/uploads\\\/2023\\\/04\\\/9782716318129_douleurs-scaled.jpg\",\"contentUrl\":\"https:\\\/\\\/editionsdudauphin.com\\\/wp-content\\\/uploads\\\/2023\\\/04\\\/9782716318129_douleurs-scaled.jpg\",\"width\":1968,\"height\":2560,\"caption\":\"le guide anti-douleurs\"},{\"@type\":\"BreadcrumbList\",\"@id\":\"https:\\\/\\\/editionsdudauphin.com\\\/en\\\/livre\\\/subjects\\\/health-wellness\\\/health\\\/prevention-en\\\/le-guide-anti-douleurs#breadcrumb\",\"itemListElement\":[{\"@type\":\"ListItem\",\"position\":1,\"name\":\"Accueil\",\"item\":\"https:\\\/\\\/editionsdudauphin.com\\\/en\"},{\"@type\":\"ListItem\",\"position\":2,\"name\":\"Boutique\",\"item\":\"https:\\\/\\\/editionsdudauphin.com\\\/boutique\"},{\"@type\":\"ListItem\",\"position\":3,\"name\":\"Le guide anti-douleurs &#8211; soulager et pr\u00e9venir\"}]},{\"@type\":\"WebSite\",\"@id\":\"https:\\\/\\\/editionsdudauphin.com\\\/en#website\",\"url\":\"https:\\\/\\\/editionsdudauphin.com\\\/en\",\"name\":\"\u00c9ditions du Dauphin\",\"description\":\"\",\"potentialAction\":[{\"@type\":\"SearchAction\",\"target\":{\"@type\":\"EntryPoint\",\"urlTemplate\":\"https:\\\/\\\/editionsdudauphin.com\\\/en?s={search_term_string}\"},\"query-input\":{\"@type\":\"PropertyValueSpecification\",\"valueRequired\":true,\"valueName\":\"search_term_string\"}}],\"inLanguage\":\"en-US\"}]}<\/script>\n<!-- \/ Yoast SEO plugin. -->","yoast_head_json":{"title":"Le guide anti-douleurs - soulager et pr\u00e9venir - \u00c9ditions du Dauphin","description":"D\u00e9couvrez notre guide anti-douleurs, votre alli\u00e9 au quotidien pour les soulager vous-m\u00eame, de chez vous, en attendant un rendez-vous chez l'ost\u00e9opathe.","robots":{"index":"index","follow":"follow","max-snippet":"max-snippet:-1","max-image-preview":"max-image-preview:large","max-video-preview":"max-video-preview:-1"},"canonical":"https:\/\/editionsdudauphin.com\/en\/livre\/subjects\/health-wellness\/health\/prevention-en\/le-guide-anti-douleurs","og_locale":"en_US","og_type":"article","og_title":"Le guide anti-douleurs - soulager et pr\u00e9venir - \u00c9ditions du Dauphin","og_description":"D\u00e9couvrez notre guide anti-douleurs, votre alli\u00e9 au quotidien pour les soulager vous-m\u00eame, de chez vous, en attendant un rendez-vous chez l'ost\u00e9opathe.","og_url":"https:\/\/editionsdudauphin.com\/en\/livre\/subjects\/health-wellness\/health\/prevention-en\/le-guide-anti-douleurs","og_site_name":"\u00c9ditions du Dauphin","article_modified_time":"2023-06-02T12:21:19+00:00","og_image":[{"width":1968,"height":2560,"url":"https:\/\/editionsdudauphin.com\/wp-content\/uploads\/2023\/04\/9782716318129_douleurs-scaled.jpg","type":"image\/jpeg"}],"twitter_card":"summary_large_image","twitter_misc":{"Est. reading time":"1 minute"},"schema":{"@context":"https:\/\/schema.org","@graph":[{"@type":"WebPage","@id":"https:\/\/editionsdudauphin.com\/en\/livre\/subjects\/health-wellness\/health\/prevention-en\/le-guide-anti-douleurs","url":"https:\/\/editionsdudauphin.com\/en\/livre\/subjects\/health-wellness\/health\/prevention-en\/le-guide-anti-douleurs","name":"Le guide anti-douleurs - soulager et pr\u00e9venir - \u00c9ditions du Dauphin","isPartOf":{"@id":"https:\/\/editionsdudauphin.com\/en#website"},"primaryImageOfPage":{"@id":"https:\/\/editionsdudauphin.com\/en\/livre\/subjects\/health-wellness\/health\/prevention-en\/le-guide-anti-douleurs#primaryimage"},"image":{"@id":"https:\/\/editionsdudauphin.com\/en\/livre\/subjects\/health-wellness\/health\/prevention-en\/le-guide-anti-douleurs#primaryimage"},"thumbnailUrl":"https:\/\/editionsdudauphin.com\/wp-content\/uploads\/2023\/04\/9782716318129_douleurs-scaled.jpg","datePublished":"2023-04-18T08:21:17+00:00","dateModified":"2023-06-02T12:21:19+00:00","description":"D\u00e9couvrez notre guide anti-douleurs, votre alli\u00e9 au quotidien pour les soulager vous-m\u00eame, de chez vous, en attendant un rendez-vous chez l'ost\u00e9opathe.","breadcrumb":{"@id":"https:\/\/editionsdudauphin.com\/en\/livre\/subjects\/health-wellness\/health\/prevention-en\/le-guide-anti-douleurs#breadcrumb"},"inLanguage":"en-US","potentialAction":[{"@type":"ReadAction","target":["https:\/\/editionsdudauphin.com\/en\/livre\/subjects\/health-wellness\/health\/prevention-en\/le-guide-anti-douleurs"]}]},{"@type":"ImageObject","inLanguage":"en-US","@id":"https:\/\/editionsdudauphin.com\/en\/livre\/subjects\/health-wellness\/health\/prevention-en\/le-guide-anti-douleurs#primaryimage","url":"https:\/\/editionsdudauphin.com\/wp-content\/uploads\/2023\/04\/9782716318129_douleurs-scaled.jpg","contentUrl":"https:\/\/editionsdudauphin.com\/wp-content\/uploads\/2023\/04\/9782716318129_douleurs-scaled.jpg","width":1968,"height":2560,"caption":"le guide anti-douleurs"},{"@type":"BreadcrumbList","@id":"https:\/\/editionsdudauphin.com\/en\/livre\/subjects\/health-wellness\/health\/prevention-en\/le-guide-anti-douleurs#breadcrumb","itemListElement":[{"@type":"ListItem","position":1,"name":"Accueil","item":"https:\/\/editionsdudauphin.com\/en"},{"@type":"ListItem","position":2,"name":"Boutique","item":"https:\/\/editionsdudauphin.com\/boutique"},{"@type":"ListItem","position":3,"name":"Le guide anti-douleurs &#8211; soulager et pr\u00e9venir"}]},{"@type":"WebSite","@id":"https:\/\/editionsdudauphin.com\/en#website","url":"https:\/\/editionsdudauphin.com\/en","name":"\u00c9ditions du Dauphin","description":"","potentialAction":[{"@type":"SearchAction","target":{"@type":"EntryPoint","urlTemplate":"https:\/\/editionsdudauphin.com\/en?s={search_term_string}"},"query-input":{"@type":"PropertyValueSpecification","valueRequired":true,"valueName":"search_term_string"}}],"inLanguage":"en-US"}]}},"_links":{"self":[{"href":"https:\/\/editionsdudauphin.com\/en\/wp-json\/wp\/v2\/product\/15572","targetHints":{"allow":["GET"]}}],"collection":[{"href":"https:\/\/editionsdudauphin.com\/en\/wp-json\/wp\/v2\/product"}],"about":[{"href":"https:\/\/editionsdudauphin.com\/en\/wp-json\/wp\/v2\/types\/product"}],"wp:featuredmedia":[{"embeddable":true,"href":"https:\/\/editionsdudauphin.com\/en\/wp-json\/wp\/v2\/media\/15472"}],"wp:attachment":[{"href":"https:\/\/editionsdudauphin.com\/en\/wp-json\/wp\/v2\/media?parent=15572"}],"wp:term":[{"taxonomy":"product_brand","embeddable":true,"href":"https:\/\/editionsdudauphin.com\/en\/wp-json\/wp\/v2\/product_brand?post=15572"},{"taxonomy":"product_cat","embeddable":true,"href":"https:\/\/editionsdudauphin.com\/en\/wp-json\/wp\/v2\/product_cat?post=15572"},{"taxonomy":"product_tag","embeddable":true,"href":"https:\/\/editionsdudauphin.com\/en\/wp-json\/wp\/v2\/product_tag?post=15572"}],"curies":[{"name":"wp","href":"https:\/\/api.w.org\/{rel}","templated":true}]}}