{"id":15573,"date":"2023-05-16T16:18:40","date_gmt":"2023-05-16T14:18:40","guid":{"rendered":"https:\/\/editionsdudauphin.com\/livre\/uncategorized\/le-monde-invisible-du-corps-humain"},"modified":"2023-11-09T14:16:50","modified_gmt":"2023-11-09T13:16:50","slug":"le-monde-invisible-du-corps-humain","status":"publish","type":"product","link":"https:\/\/editionsdudauphin.com\/en\/livre\/subjects\/health-wellness\/health\/cutting-edge-research\/le-monde-invisible-du-corps-humain","title":{"rendered":"Le monde invisible du corps humain"},"content":{"rendered":"<p><strong>Available in EBOOK, EPUB and KINDLE format, at your favorite bookstore.<\/strong><\/p>\n<p>Are you curious to discover this great machine that is your human body?<span class=\"Apple-converted-space\">\u00a0<\/span><\/p>\n<p>Do you know how every little piece of the huge puzzle we are comes together to maintain our health?<span class=\"Apple-converted-space\">\u00a0<\/span><\/p>\n<p>This passionate young author take you on this journey inside your body, dive into your cells or visit the inside of your microbiota, your brain, your heart\u2026<\/p>\n<p>A new way of offering you, with humour, a captivating journey into the heart of the infinitely small.<\/p>\n","protected":false},"excerpt":{"rendered":"<p>Available in EBOOK, EPUB and KINDLE format, at your favorite  [&#8230;]<\/p>\n","protected":false},"featured_media":15542,"template":"","meta":{"_acf_changed":false,"wpupg_custom_link":[],"wpupg_custom_link_behaviour":[],"wpupg_custom_link_nofollow":[],"wpupg_custom_image":[],"wpupg_custom_image_id":[]},"product_brand":[],"product_cat":[161],"product_tag":[],"class_list":{"0":"post-15573","1":"product","2":"type-product","3":"status-publish","4":"has-post-thumbnail","6":"product_cat-cutting-edge-research","8":"first","9":"instock","10":"taxable","11":"shipping-taxable","12":"purchasable","13":"product-type-simple"},"acf":[],"yoast_head":"<!-- This site is optimized with the Yoast SEO plugin v27.3 - https:\/\/yoast.com\/product\/yoast-seo-wordpress\/ -->\n<title>Le monde invisible du corps humain - \u00c9ditions du Dauphin<\/title>\n<meta name=\"description\" content=\"Avez-vous d\u00e9j\u00e0 eu envie de savoir ce qui se cache dans le monde invisible de notre corps humain ? Oui ? Alors d\u00e9couvrez notre derni\u00e8re nouveaut\u00e9.\" \/>\n<meta name=\"robots\" content=\"index, follow, max-snippet:-1, max-image-preview:large, max-video-preview:-1\" \/>\n<link rel=\"canonical\" href=\"https:\/\/editionsdudauphin.com\/en\/livre\/subjects\/health-wellness\/health\/cutting-edge-research\/le-monde-invisible-du-corps-humain\" \/>\n<meta property=\"og:locale\" content=\"en_US\" \/>\n<meta property=\"og:type\" content=\"article\" \/>\n<meta property=\"og:title\" content=\"Le monde invisible du corps humain - \u00c9ditions du Dauphin\" \/>\n<meta property=\"og:description\" content=\"Avez-vous d\u00e9j\u00e0 eu envie de savoir ce qui se cache dans le monde invisible de notre corps humain ? Oui ? Alors d\u00e9couvrez notre derni\u00e8re nouveaut\u00e9.\" \/>\n<meta property=\"og:url\" content=\"https:\/\/editionsdudauphin.com\/en\/livre\/subjects\/health-wellness\/health\/cutting-edge-research\/le-monde-invisible-du-corps-humain\" \/>\n<meta property=\"og:site_name\" content=\"\u00c9ditions du Dauphin\" \/>\n<meta property=\"article:modified_time\" content=\"2023-11-09T13:16:50+00:00\" \/>\n<meta property=\"og:image\" content=\"https:\/\/editionsdudauphin.com\/wp-content\/uploads\/2023\/05\/9782716318136_monde_invisible_corps_humain.png\" \/>\n\t<meta property=\"og:image:width\" content=\"800\" \/>\n\t<meta property=\"og:image:height\" content=\"1179\" \/>\n\t<meta property=\"og:image:type\" content=\"image\/png\" \/>\n<meta name=\"twitter:card\" content=\"summary_large_image\" \/>\n<meta name=\"twitter:label1\" content=\"Est. reading time\" \/>\n\t<meta name=\"twitter:data1\" content=\"1 minute\" \/>\n<script type=\"application\/ld+json\" class=\"yoast-schema-graph\">{\"@context\":\"https:\\\/\\\/schema.org\",\"@graph\":[{\"@type\":\"WebPage\",\"@id\":\"https:\\\/\\\/editionsdudauphin.com\\\/en\\\/livre\\\/subjects\\\/health-wellness\\\/health\\\/cutting-edge-research\\\/le-monde-invisible-du-corps-humain\",\"url\":\"https:\\\/\\\/editionsdudauphin.com\\\/en\\\/livre\\\/subjects\\\/health-wellness\\\/health\\\/cutting-edge-research\\\/le-monde-invisible-du-corps-humain\",\"name\":\"Le monde invisible du corps humain - \u00c9ditions du Dauphin\",\"isPartOf\":{\"@id\":\"https:\\\/\\\/editionsdudauphin.com\\\/en#website\"},\"primaryImageOfPage\":{\"@id\":\"https:\\\/\\\/editionsdudauphin.com\\\/en\\\/livre\\\/subjects\\\/health-wellness\\\/health\\\/cutting-edge-research\\\/le-monde-invisible-du-corps-humain#primaryimage\"},\"image\":{\"@id\":\"https:\\\/\\\/editionsdudauphin.com\\\/en\\\/livre\\\/subjects\\\/health-wellness\\\/health\\\/cutting-edge-research\\\/le-monde-invisible-du-corps-humain#primaryimage\"},\"thumbnailUrl\":\"https:\\\/\\\/editionsdudauphin.com\\\/wp-content\\\/uploads\\\/2023\\\/05\\\/9782716318136_monde_invisible_corps_humain.png\",\"datePublished\":\"2023-05-16T14:18:40+00:00\",\"dateModified\":\"2023-11-09T13:16:50+00:00\",\"description\":\"Avez-vous d\u00e9j\u00e0 eu envie de savoir ce qui se cache dans le monde invisible de notre corps humain ? Oui ? Alors d\u00e9couvrez notre derni\u00e8re nouveaut\u00e9.\",\"breadcrumb\":{\"@id\":\"https:\\\/\\\/editionsdudauphin.com\\\/en\\\/livre\\\/subjects\\\/health-wellness\\\/health\\\/cutting-edge-research\\\/le-monde-invisible-du-corps-humain#breadcrumb\"},\"inLanguage\":\"en-US\",\"potentialAction\":[{\"@type\":\"ReadAction\",\"target\":[\"https:\\\/\\\/editionsdudauphin.com\\\/en\\\/livre\\\/subjects\\\/health-wellness\\\/health\\\/cutting-edge-research\\\/le-monde-invisible-du-corps-humain\"]}]},{\"@type\":\"ImageObject\",\"inLanguage\":\"en-US\",\"@id\":\"https:\\\/\\\/editionsdudauphin.com\\\/en\\\/livre\\\/subjects\\\/health-wellness\\\/health\\\/cutting-edge-research\\\/le-monde-invisible-du-corps-humain#primaryimage\",\"url\":\"https:\\\/\\\/editionsdudauphin.com\\\/wp-content\\\/uploads\\\/2023\\\/05\\\/9782716318136_monde_invisible_corps_humain.png\",\"contentUrl\":\"https:\\\/\\\/editionsdudauphin.com\\\/wp-content\\\/uploads\\\/2023\\\/05\\\/9782716318136_monde_invisible_corps_humain.png\",\"width\":800,\"height\":1179,\"caption\":\"monde invisible du corps humain\"},{\"@type\":\"BreadcrumbList\",\"@id\":\"https:\\\/\\\/editionsdudauphin.com\\\/en\\\/livre\\\/subjects\\\/health-wellness\\\/health\\\/cutting-edge-research\\\/le-monde-invisible-du-corps-humain#breadcrumb\",\"itemListElement\":[{\"@type\":\"ListItem\",\"position\":1,\"name\":\"Accueil\",\"item\":\"https:\\\/\\\/editionsdudauphin.com\\\/en\"},{\"@type\":\"ListItem\",\"position\":2,\"name\":\"Boutique\",\"item\":\"https:\\\/\\\/editionsdudauphin.com\\\/boutique\"},{\"@type\":\"ListItem\",\"position\":3,\"name\":\"Le monde invisible du corps humain\"}]},{\"@type\":\"WebSite\",\"@id\":\"https:\\\/\\\/editionsdudauphin.com\\\/en#website\",\"url\":\"https:\\\/\\\/editionsdudauphin.com\\\/en\",\"name\":\"\u00c9ditions du Dauphin\",\"description\":\"\",\"potentialAction\":[{\"@type\":\"SearchAction\",\"target\":{\"@type\":\"EntryPoint\",\"urlTemplate\":\"https:\\\/\\\/editionsdudauphin.com\\\/en?s={search_term_string}\"},\"query-input\":{\"@type\":\"PropertyValueSpecification\",\"valueRequired\":true,\"valueName\":\"search_term_string\"}}],\"inLanguage\":\"en-US\"}]}<\/script>\n<!-- \/ Yoast SEO plugin. -->","yoast_head_json":{"title":"Le monde invisible du corps humain - \u00c9ditions du Dauphin","description":"Avez-vous d\u00e9j\u00e0 eu envie de savoir ce qui se cache dans le monde invisible de notre corps humain ? Oui ? Alors d\u00e9couvrez notre derni\u00e8re nouveaut\u00e9.","robots":{"index":"index","follow":"follow","max-snippet":"max-snippet:-1","max-image-preview":"max-image-preview:large","max-video-preview":"max-video-preview:-1"},"canonical":"https:\/\/editionsdudauphin.com\/en\/livre\/subjects\/health-wellness\/health\/cutting-edge-research\/le-monde-invisible-du-corps-humain","og_locale":"en_US","og_type":"article","og_title":"Le monde invisible du corps humain - \u00c9ditions du Dauphin","og_description":"Avez-vous d\u00e9j\u00e0 eu envie de savoir ce qui se cache dans le monde invisible de notre corps humain ? Oui ? Alors d\u00e9couvrez notre derni\u00e8re nouveaut\u00e9.","og_url":"https:\/\/editionsdudauphin.com\/en\/livre\/subjects\/health-wellness\/health\/cutting-edge-research\/le-monde-invisible-du-corps-humain","og_site_name":"\u00c9ditions du Dauphin","article_modified_time":"2023-11-09T13:16:50+00:00","og_image":[{"width":800,"height":1179,"url":"https:\/\/editionsdudauphin.com\/wp-content\/uploads\/2023\/05\/9782716318136_monde_invisible_corps_humain.png","type":"image\/png"}],"twitter_card":"summary_large_image","twitter_misc":{"Est. reading time":"1 minute"},"schema":{"@context":"https:\/\/schema.org","@graph":[{"@type":"WebPage","@id":"https:\/\/editionsdudauphin.com\/en\/livre\/subjects\/health-wellness\/health\/cutting-edge-research\/le-monde-invisible-du-corps-humain","url":"https:\/\/editionsdudauphin.com\/en\/livre\/subjects\/health-wellness\/health\/cutting-edge-research\/le-monde-invisible-du-corps-humain","name":"Le monde invisible du corps humain - \u00c9ditions du Dauphin","isPartOf":{"@id":"https:\/\/editionsdudauphin.com\/en#website"},"primaryImageOfPage":{"@id":"https:\/\/editionsdudauphin.com\/en\/livre\/subjects\/health-wellness\/health\/cutting-edge-research\/le-monde-invisible-du-corps-humain#primaryimage"},"image":{"@id":"https:\/\/editionsdudauphin.com\/en\/livre\/subjects\/health-wellness\/health\/cutting-edge-research\/le-monde-invisible-du-corps-humain#primaryimage"},"thumbnailUrl":"https:\/\/editionsdudauphin.com\/wp-content\/uploads\/2023\/05\/9782716318136_monde_invisible_corps_humain.png","datePublished":"2023-05-16T14:18:40+00:00","dateModified":"2023-11-09T13:16:50+00:00","description":"Avez-vous d\u00e9j\u00e0 eu envie de savoir ce qui se cache dans le monde invisible de notre corps humain ? Oui ? Alors d\u00e9couvrez notre derni\u00e8re nouveaut\u00e9.","breadcrumb":{"@id":"https:\/\/editionsdudauphin.com\/en\/livre\/subjects\/health-wellness\/health\/cutting-edge-research\/le-monde-invisible-du-corps-humain#breadcrumb"},"inLanguage":"en-US","potentialAction":[{"@type":"ReadAction","target":["https:\/\/editionsdudauphin.com\/en\/livre\/subjects\/health-wellness\/health\/cutting-edge-research\/le-monde-invisible-du-corps-humain"]}]},{"@type":"ImageObject","inLanguage":"en-US","@id":"https:\/\/editionsdudauphin.com\/en\/livre\/subjects\/health-wellness\/health\/cutting-edge-research\/le-monde-invisible-du-corps-humain#primaryimage","url":"https:\/\/editionsdudauphin.com\/wp-content\/uploads\/2023\/05\/9782716318136_monde_invisible_corps_humain.png","contentUrl":"https:\/\/editionsdudauphin.com\/wp-content\/uploads\/2023\/05\/9782716318136_monde_invisible_corps_humain.png","width":800,"height":1179,"caption":"monde invisible du corps humain"},{"@type":"BreadcrumbList","@id":"https:\/\/editionsdudauphin.com\/en\/livre\/subjects\/health-wellness\/health\/cutting-edge-research\/le-monde-invisible-du-corps-humain#breadcrumb","itemListElement":[{"@type":"ListItem","position":1,"name":"Accueil","item":"https:\/\/editionsdudauphin.com\/en"},{"@type":"ListItem","position":2,"name":"Boutique","item":"https:\/\/editionsdudauphin.com\/boutique"},{"@type":"ListItem","position":3,"name":"Le monde invisible du corps humain"}]},{"@type":"WebSite","@id":"https:\/\/editionsdudauphin.com\/en#website","url":"https:\/\/editionsdudauphin.com\/en","name":"\u00c9ditions du Dauphin","description":"","potentialAction":[{"@type":"SearchAction","target":{"@type":"EntryPoint","urlTemplate":"https:\/\/editionsdudauphin.com\/en?s={search_term_string}"},"query-input":{"@type":"PropertyValueSpecification","valueRequired":true,"valueName":"search_term_string"}}],"inLanguage":"en-US"}]}},"_links":{"self":[{"href":"https:\/\/editionsdudauphin.com\/en\/wp-json\/wp\/v2\/product\/15573","targetHints":{"allow":["GET"]}}],"collection":[{"href":"https:\/\/editionsdudauphin.com\/en\/wp-json\/wp\/v2\/product"}],"about":[{"href":"https:\/\/editionsdudauphin.com\/en\/wp-json\/wp\/v2\/types\/product"}],"wp:featuredmedia":[{"embeddable":true,"href":"https:\/\/editionsdudauphin.com\/en\/wp-json\/wp\/v2\/media\/15542"}],"wp:attachment":[{"href":"https:\/\/editionsdudauphin.com\/en\/wp-json\/wp\/v2\/media?parent=15573"}],"wp:term":[{"taxonomy":"product_brand","embeddable":true,"href":"https:\/\/editionsdudauphin.com\/en\/wp-json\/wp\/v2\/product_brand?post=15573"},{"taxonomy":"product_cat","embeddable":true,"href":"https:\/\/editionsdudauphin.com\/en\/wp-json\/wp\/v2\/product_cat?post=15573"},{"taxonomy":"product_tag","embeddable":true,"href":"https:\/\/editionsdudauphin.com\/en\/wp-json\/wp\/v2\/product_tag?post=15573"}],"curies":[{"name":"wp","href":"https:\/\/api.w.org\/{rel}","templated":true}]}}