{"id":16033,"date":"2023-09-08T16:17:54","date_gmt":"2023-09-08T14:17:54","guid":{"rendered":"https:\/\/editionsdudauphin.com\/?post_type=product&#038;p=16033"},"modified":"2025-09-17T12:41:56","modified_gmt":"2025-09-17T10:41:56","slug":"votre-boite-a-outils-mieux-etre","status":"publish","type":"product","link":"https:\/\/editionsdudauphin.com\/en\/livre\/subjects\/health-wellness\/health\/natural-medecine\/sophrology\/votre-boite-a-outils-mieux-etre","title":{"rendered":"Votre bo\u00eete \u00e0 outils Mieux-Etre"},"content":{"rendered":"<p>First steps &#8211; Exercises to do at any time Well-being in your pocket. You are professional? Active? Student? just retired and looking for new activities? You are stressed, overworked, mentally overloaded, you need to relax or maintain your inner balance? Is your well-being at work also one of your concerns? Like a Swiss army knife, this little book (to bring everywhere) gives you solutions to eliminate your emotional blockages, improve your self-esteem, develop a clear vision of your goals and personal way of life to succeed. An index of exercises according to your needs, at the end of the book, makes this book a precious companion.<\/p>\n","protected":false},"excerpt":{"rendered":"<p>First steps &#8211; Exercises to do at any time Well-being  [&#8230;]<\/p>\n","protected":false},"featured_media":16034,"template":"","meta":{"_acf_changed":false,"wpupg_custom_link":[],"wpupg_custom_link_behaviour":[],"wpupg_custom_link_nofollow":[],"wpupg_custom_image":[],"wpupg_custom_image_id":[]},"product_brand":[],"product_cat":[358,165],"product_tag":[],"class_list":{"0":"post-16033","1":"product","2":"type-product","3":"status-publish","4":"has-post-thumbnail","6":"product_cat-sophrology","7":"product_cat-natural-medecine","9":"first","10":"instock","11":"taxable","12":"shipping-taxable","13":"purchasable","14":"product-type-simple"},"acf":[],"yoast_head":"<!-- This site is optimized with the Yoast SEO plugin v27.3 - https:\/\/yoast.com\/product\/yoast-seo-wordpress\/ -->\n<title>Votre bo\u00eete \u00e0 outils Mieux-Etre - \u00c9ditions du Dauphin<\/title>\n<meta name=\"description\" content=\"First steps - Exercises to do at any time Well-being in your pocket. You are professional? Active? Student? just retired and looking for new activities?\" \/>\n<meta name=\"robots\" content=\"index, follow, max-snippet:-1, max-image-preview:large, max-video-preview:-1\" \/>\n<link rel=\"canonical\" href=\"https:\/\/editionsdudauphin.com\/en\/livre\/subjects\/health-wellness\/health\/natural-medecine\/sophrology\/votre-boite-a-outils-mieux-etre\" \/>\n<meta property=\"og:locale\" content=\"en_US\" \/>\n<meta property=\"og:type\" content=\"article\" \/>\n<meta property=\"og:title\" content=\"Votre bo\u00eete \u00e0 outils Mieux-Etre - \u00c9ditions du Dauphin\" \/>\n<meta property=\"og:description\" content=\"First steps - Exercises to do at any time Well-being in your pocket. You are professional? Active? Student? just retired and looking for new activities?\" \/>\n<meta property=\"og:url\" content=\"https:\/\/editionsdudauphin.com\/en\/livre\/subjects\/health-wellness\/health\/natural-medecine\/sophrology\/votre-boite-a-outils-mieux-etre\" \/>\n<meta property=\"og:site_name\" content=\"\u00c9ditions du Dauphin\" \/>\n<meta property=\"article:modified_time\" content=\"2025-09-17T10:41:56+00:00\" \/>\n<meta property=\"og:image\" content=\"https:\/\/editionsdudauphin.com\/wp-content\/uploads\/2023\/09\/9782716318266_boite_mieux_etre.jpg\" \/>\n\t<meta property=\"og:image:width\" content=\"800\" \/>\n\t<meta property=\"og:image:height\" content=\"1294\" \/>\n\t<meta property=\"og:image:type\" content=\"image\/jpeg\" \/>\n<meta name=\"twitter:card\" content=\"summary_large_image\" \/>\n<meta name=\"twitter:label1\" content=\"Est. reading time\" \/>\n\t<meta name=\"twitter:data1\" content=\"1 minute\" \/>\n<script type=\"application\/ld+json\" class=\"yoast-schema-graph\">{\"@context\":\"https:\\\/\\\/schema.org\",\"@graph\":[{\"@type\":\"WebPage\",\"@id\":\"https:\\\/\\\/editionsdudauphin.com\\\/en\\\/livre\\\/subjects\\\/health-wellness\\\/health\\\/natural-medecine\\\/sophrology\\\/votre-boite-a-outils-mieux-etre\",\"url\":\"https:\\\/\\\/editionsdudauphin.com\\\/en\\\/livre\\\/subjects\\\/health-wellness\\\/health\\\/natural-medecine\\\/sophrology\\\/votre-boite-a-outils-mieux-etre\",\"name\":\"Votre bo\u00eete \u00e0 outils Mieux-Etre - \u00c9ditions du Dauphin\",\"isPartOf\":{\"@id\":\"https:\\\/\\\/editionsdudauphin.com\\\/en#website\"},\"primaryImageOfPage\":{\"@id\":\"https:\\\/\\\/editionsdudauphin.com\\\/en\\\/livre\\\/subjects\\\/health-wellness\\\/health\\\/natural-medecine\\\/sophrology\\\/votre-boite-a-outils-mieux-etre#primaryimage\"},\"image\":{\"@id\":\"https:\\\/\\\/editionsdudauphin.com\\\/en\\\/livre\\\/subjects\\\/health-wellness\\\/health\\\/natural-medecine\\\/sophrology\\\/votre-boite-a-outils-mieux-etre#primaryimage\"},\"thumbnailUrl\":\"https:\\\/\\\/editionsdudauphin.com\\\/wp-content\\\/uploads\\\/2023\\\/09\\\/9782716318266_boite_mieux_etre.jpg\",\"datePublished\":\"2023-09-08T14:17:54+00:00\",\"dateModified\":\"2025-09-17T10:41:56+00:00\",\"description\":\"First steps - Exercises to do at any time Well-being in your pocket. You are professional? Active? Student? just retired and looking for new activities?\",\"breadcrumb\":{\"@id\":\"https:\\\/\\\/editionsdudauphin.com\\\/en\\\/livre\\\/subjects\\\/health-wellness\\\/health\\\/natural-medecine\\\/sophrology\\\/votre-boite-a-outils-mieux-etre#breadcrumb\"},\"inLanguage\":\"en-US\",\"potentialAction\":[{\"@type\":\"ReadAction\",\"target\":[\"https:\\\/\\\/editionsdudauphin.com\\\/en\\\/livre\\\/subjects\\\/health-wellness\\\/health\\\/natural-medecine\\\/sophrology\\\/votre-boite-a-outils-mieux-etre\"]}]},{\"@type\":\"ImageObject\",\"inLanguage\":\"en-US\",\"@id\":\"https:\\\/\\\/editionsdudauphin.com\\\/en\\\/livre\\\/subjects\\\/health-wellness\\\/health\\\/natural-medecine\\\/sophrology\\\/votre-boite-a-outils-mieux-etre#primaryimage\",\"url\":\"https:\\\/\\\/editionsdudauphin.com\\\/wp-content\\\/uploads\\\/2023\\\/09\\\/9782716318266_boite_mieux_etre.jpg\",\"contentUrl\":\"https:\\\/\\\/editionsdudauphin.com\\\/wp-content\\\/uploads\\\/2023\\\/09\\\/9782716318266_boite_mieux_etre.jpg\",\"width\":800,\"height\":1294,\"caption\":\"Votre bo\u00eete \u00e0 outils Mieux-\u00ebtre\"},{\"@type\":\"BreadcrumbList\",\"@id\":\"https:\\\/\\\/editionsdudauphin.com\\\/en\\\/livre\\\/subjects\\\/health-wellness\\\/health\\\/natural-medecine\\\/sophrology\\\/votre-boite-a-outils-mieux-etre#breadcrumb\",\"itemListElement\":[{\"@type\":\"ListItem\",\"position\":1,\"name\":\"Accueil\",\"item\":\"https:\\\/\\\/editionsdudauphin.com\\\/en\"},{\"@type\":\"ListItem\",\"position\":2,\"name\":\"Boutique\",\"item\":\"https:\\\/\\\/editionsdudauphin.com\\\/boutique\"},{\"@type\":\"ListItem\",\"position\":3,\"name\":\"Votre bo\u00eete \u00e0 outils Mieux-Etre\"}]},{\"@type\":\"WebSite\",\"@id\":\"https:\\\/\\\/editionsdudauphin.com\\\/en#website\",\"url\":\"https:\\\/\\\/editionsdudauphin.com\\\/en\",\"name\":\"\u00c9ditions du Dauphin\",\"description\":\"\",\"potentialAction\":[{\"@type\":\"SearchAction\",\"target\":{\"@type\":\"EntryPoint\",\"urlTemplate\":\"https:\\\/\\\/editionsdudauphin.com\\\/en?s={search_term_string}\"},\"query-input\":{\"@type\":\"PropertyValueSpecification\",\"valueRequired\":true,\"valueName\":\"search_term_string\"}}],\"inLanguage\":\"en-US\"}]}<\/script>\n<!-- \/ Yoast SEO plugin. -->","yoast_head_json":{"title":"Votre bo\u00eete \u00e0 outils Mieux-Etre - \u00c9ditions du Dauphin","description":"First steps - Exercises to do at any time Well-being in your pocket. You are professional? Active? Student? just retired and looking for new activities?","robots":{"index":"index","follow":"follow","max-snippet":"max-snippet:-1","max-image-preview":"max-image-preview:large","max-video-preview":"max-video-preview:-1"},"canonical":"https:\/\/editionsdudauphin.com\/en\/livre\/subjects\/health-wellness\/health\/natural-medecine\/sophrology\/votre-boite-a-outils-mieux-etre","og_locale":"en_US","og_type":"article","og_title":"Votre bo\u00eete \u00e0 outils Mieux-Etre - \u00c9ditions du Dauphin","og_description":"First steps - Exercises to do at any time Well-being in your pocket. You are professional? Active? Student? just retired and looking for new activities?","og_url":"https:\/\/editionsdudauphin.com\/en\/livre\/subjects\/health-wellness\/health\/natural-medecine\/sophrology\/votre-boite-a-outils-mieux-etre","og_site_name":"\u00c9ditions du Dauphin","article_modified_time":"2025-09-17T10:41:56+00:00","og_image":[{"width":800,"height":1294,"url":"https:\/\/editionsdudauphin.com\/wp-content\/uploads\/2023\/09\/9782716318266_boite_mieux_etre.jpg","type":"image\/jpeg"}],"twitter_card":"summary_large_image","twitter_misc":{"Est. reading time":"1 minute"},"schema":{"@context":"https:\/\/schema.org","@graph":[{"@type":"WebPage","@id":"https:\/\/editionsdudauphin.com\/en\/livre\/subjects\/health-wellness\/health\/natural-medecine\/sophrology\/votre-boite-a-outils-mieux-etre","url":"https:\/\/editionsdudauphin.com\/en\/livre\/subjects\/health-wellness\/health\/natural-medecine\/sophrology\/votre-boite-a-outils-mieux-etre","name":"Votre bo\u00eete \u00e0 outils Mieux-Etre - \u00c9ditions du Dauphin","isPartOf":{"@id":"https:\/\/editionsdudauphin.com\/en#website"},"primaryImageOfPage":{"@id":"https:\/\/editionsdudauphin.com\/en\/livre\/subjects\/health-wellness\/health\/natural-medecine\/sophrology\/votre-boite-a-outils-mieux-etre#primaryimage"},"image":{"@id":"https:\/\/editionsdudauphin.com\/en\/livre\/subjects\/health-wellness\/health\/natural-medecine\/sophrology\/votre-boite-a-outils-mieux-etre#primaryimage"},"thumbnailUrl":"https:\/\/editionsdudauphin.com\/wp-content\/uploads\/2023\/09\/9782716318266_boite_mieux_etre.jpg","datePublished":"2023-09-08T14:17:54+00:00","dateModified":"2025-09-17T10:41:56+00:00","description":"First steps - Exercises to do at any time Well-being in your pocket. You are professional? Active? Student? just retired and looking for new activities?","breadcrumb":{"@id":"https:\/\/editionsdudauphin.com\/en\/livre\/subjects\/health-wellness\/health\/natural-medecine\/sophrology\/votre-boite-a-outils-mieux-etre#breadcrumb"},"inLanguage":"en-US","potentialAction":[{"@type":"ReadAction","target":["https:\/\/editionsdudauphin.com\/en\/livre\/subjects\/health-wellness\/health\/natural-medecine\/sophrology\/votre-boite-a-outils-mieux-etre"]}]},{"@type":"ImageObject","inLanguage":"en-US","@id":"https:\/\/editionsdudauphin.com\/en\/livre\/subjects\/health-wellness\/health\/natural-medecine\/sophrology\/votre-boite-a-outils-mieux-etre#primaryimage","url":"https:\/\/editionsdudauphin.com\/wp-content\/uploads\/2023\/09\/9782716318266_boite_mieux_etre.jpg","contentUrl":"https:\/\/editionsdudauphin.com\/wp-content\/uploads\/2023\/09\/9782716318266_boite_mieux_etre.jpg","width":800,"height":1294,"caption":"Votre bo\u00eete \u00e0 outils Mieux-\u00ebtre"},{"@type":"BreadcrumbList","@id":"https:\/\/editionsdudauphin.com\/en\/livre\/subjects\/health-wellness\/health\/natural-medecine\/sophrology\/votre-boite-a-outils-mieux-etre#breadcrumb","itemListElement":[{"@type":"ListItem","position":1,"name":"Accueil","item":"https:\/\/editionsdudauphin.com\/en"},{"@type":"ListItem","position":2,"name":"Boutique","item":"https:\/\/editionsdudauphin.com\/boutique"},{"@type":"ListItem","position":3,"name":"Votre bo\u00eete \u00e0 outils Mieux-Etre"}]},{"@type":"WebSite","@id":"https:\/\/editionsdudauphin.com\/en#website","url":"https:\/\/editionsdudauphin.com\/en","name":"\u00c9ditions du Dauphin","description":"","potentialAction":[{"@type":"SearchAction","target":{"@type":"EntryPoint","urlTemplate":"https:\/\/editionsdudauphin.com\/en?s={search_term_string}"},"query-input":{"@type":"PropertyValueSpecification","valueRequired":true,"valueName":"search_term_string"}}],"inLanguage":"en-US"}]}},"_links":{"self":[{"href":"https:\/\/editionsdudauphin.com\/en\/wp-json\/wp\/v2\/product\/16033","targetHints":{"allow":["GET"]}}],"collection":[{"href":"https:\/\/editionsdudauphin.com\/en\/wp-json\/wp\/v2\/product"}],"about":[{"href":"https:\/\/editionsdudauphin.com\/en\/wp-json\/wp\/v2\/types\/product"}],"wp:featuredmedia":[{"embeddable":true,"href":"https:\/\/editionsdudauphin.com\/en\/wp-json\/wp\/v2\/media\/16034"}],"wp:attachment":[{"href":"https:\/\/editionsdudauphin.com\/en\/wp-json\/wp\/v2\/media?parent=16033"}],"wp:term":[{"taxonomy":"product_brand","embeddable":true,"href":"https:\/\/editionsdudauphin.com\/en\/wp-json\/wp\/v2\/product_brand?post=16033"},{"taxonomy":"product_cat","embeddable":true,"href":"https:\/\/editionsdudauphin.com\/en\/wp-json\/wp\/v2\/product_cat?post=16033"},{"taxonomy":"product_tag","embeddable":true,"href":"https:\/\/editionsdudauphin.com\/en\/wp-json\/wp\/v2\/product_tag?post=16033"}],"curies":[{"name":"wp","href":"https:\/\/api.w.org\/{rel}","templated":true}]}}