{"id":16105,"date":"2019-08-29T17:16:53","date_gmt":"2019-08-29T15:16:53","guid":{"rendered":"https:\/\/editionsdudauphin.com\/livre\/uncategorized\/le-secret-de-la-guerison"},"modified":"2023-09-15T15:10:39","modified_gmt":"2023-09-15T13:10:39","slug":"le-secret-de-la-guerison","status":"publish","type":"product","link":"https:\/\/editionsdudauphin.com\/en\/livre\/subjects\/personal-growth-psycho\/personal-growth\/le-secret-de-la-guerison","title":{"rendered":"Le secret de la gu\u00e9rison"},"content":{"rendered":"<p>Foreign rights not available<\/p>\n","protected":false},"excerpt":{"rendered":"<p>Foreign rights not available<\/p>\n","protected":false},"featured_media":5198,"template":"","meta":{"_acf_changed":false,"wpupg_custom_link":[],"wpupg_custom_link_behaviour":[],"wpupg_custom_link_nofollow":[],"wpupg_custom_image":[],"wpupg_custom_image_id":[]},"product_brand":[],"product_cat":[168],"product_tag":[],"class_list":{"0":"post-16105","1":"product","2":"type-product","3":"status-publish","4":"has-post-thumbnail","6":"product_cat-personal-growth","8":"first","9":"instock","10":"taxable","11":"shipping-taxable","12":"purchasable","13":"product-type-simple"},"acf":[],"yoast_head":"<!-- This site is optimized with the Yoast SEO plugin v27.3 - https:\/\/yoast.com\/product\/yoast-seo-wordpress\/ -->\n<title>Le secret de la gu\u00e9rison - \u00c9ditions du Dauphin<\/title>\n<meta name=\"description\" content=\"Publi\u00e9 d&#039;abord dans les ann\u00e9es 70, l\u2019auteur livre ici la mise en pratique de ses connaissances spirituelles sur le secret de la gu\u00e9rison.\" \/>\n<meta name=\"robots\" content=\"index, follow, max-snippet:-1, max-image-preview:large, max-video-preview:-1\" \/>\n<link rel=\"canonical\" href=\"https:\/\/editionsdudauphin.com\/en\/livre\/subjects\/personal-growth-psycho\/personal-growth\/le-secret-de-la-guerison\" \/>\n<meta property=\"og:locale\" content=\"en_US\" \/>\n<meta property=\"og:type\" content=\"article\" \/>\n<meta property=\"og:title\" content=\"Le secret de la gu\u00e9rison - \u00c9ditions du Dauphin\" \/>\n<meta property=\"og:description\" content=\"Publi\u00e9 d&#039;abord dans les ann\u00e9es 70, l\u2019auteur livre ici la mise en pratique de ses connaissances spirituelles sur le secret de la gu\u00e9rison.\" \/>\n<meta property=\"og:url\" content=\"https:\/\/editionsdudauphin.com\/en\/livre\/subjects\/personal-growth-psycho\/personal-growth\/le-secret-de-la-guerison\" \/>\n<meta property=\"og:site_name\" content=\"\u00c9ditions du Dauphin\" \/>\n<meta property=\"article:modified_time\" content=\"2023-09-15T13:10:39+00:00\" \/>\n<meta property=\"og:image\" content=\"https:\/\/editionsdudauphin.com\/wp-content\/uploads\/2002\/11\/9782716317115_guerison_pens\u00e9e_positive.jpg\" \/>\n\t<meta property=\"og:image:width\" content=\"1277\" \/>\n\t<meta property=\"og:image:height\" content=\"1920\" \/>\n\t<meta property=\"og:image:type\" content=\"image\/jpeg\" \/>\n<meta name=\"twitter:card\" content=\"summary_large_image\" \/>\n<meta name=\"twitter:label1\" content=\"Est. reading time\" \/>\n\t<meta name=\"twitter:data1\" content=\"1 minute\" \/>\n<script type=\"application\/ld+json\" class=\"yoast-schema-graph\">{\"@context\":\"https:\\\/\\\/schema.org\",\"@graph\":[{\"@type\":\"WebPage\",\"@id\":\"https:\\\/\\\/editionsdudauphin.com\\\/en\\\/livre\\\/subjects\\\/personal-growth-psycho\\\/personal-growth\\\/le-secret-de-la-guerison\",\"url\":\"https:\\\/\\\/editionsdudauphin.com\\\/en\\\/livre\\\/subjects\\\/personal-growth-psycho\\\/personal-growth\\\/le-secret-de-la-guerison\",\"name\":\"Le secret de la gu\u00e9rison - \u00c9ditions du Dauphin\",\"isPartOf\":{\"@id\":\"https:\\\/\\\/editionsdudauphin.com\\\/en#website\"},\"primaryImageOfPage\":{\"@id\":\"https:\\\/\\\/editionsdudauphin.com\\\/en\\\/livre\\\/subjects\\\/personal-growth-psycho\\\/personal-growth\\\/le-secret-de-la-guerison#primaryimage\"},\"image\":{\"@id\":\"https:\\\/\\\/editionsdudauphin.com\\\/en\\\/livre\\\/subjects\\\/personal-growth-psycho\\\/personal-growth\\\/le-secret-de-la-guerison#primaryimage\"},\"thumbnailUrl\":\"https:\\\/\\\/editionsdudauphin.com\\\/wp-content\\\/uploads\\\/2002\\\/11\\\/9782716317115_guerison_pens\u00e9e_positive.jpg\",\"datePublished\":\"2019-08-29T15:16:53+00:00\",\"dateModified\":\"2023-09-15T13:10:39+00:00\",\"description\":\"Publi\u00e9 d'abord dans les ann\u00e9es 70, l\u2019auteur livre ici la mise en pratique de ses connaissances spirituelles sur le secret de la gu\u00e9rison.\",\"breadcrumb\":{\"@id\":\"https:\\\/\\\/editionsdudauphin.com\\\/en\\\/livre\\\/subjects\\\/personal-growth-psycho\\\/personal-growth\\\/le-secret-de-la-guerison#breadcrumb\"},\"inLanguage\":\"en-US\",\"potentialAction\":[{\"@type\":\"ReadAction\",\"target\":[\"https:\\\/\\\/editionsdudauphin.com\\\/en\\\/livre\\\/subjects\\\/personal-growth-psycho\\\/personal-growth\\\/le-secret-de-la-guerison\"]}]},{\"@type\":\"ImageObject\",\"inLanguage\":\"en-US\",\"@id\":\"https:\\\/\\\/editionsdudauphin.com\\\/en\\\/livre\\\/subjects\\\/personal-growth-psycho\\\/personal-growth\\\/le-secret-de-la-guerison#primaryimage\",\"url\":\"https:\\\/\\\/editionsdudauphin.com\\\/wp-content\\\/uploads\\\/2002\\\/11\\\/9782716317115_guerison_pens\u00e9e_positive.jpg\",\"contentUrl\":\"https:\\\/\\\/editionsdudauphin.com\\\/wp-content\\\/uploads\\\/2002\\\/11\\\/9782716317115_guerison_pens\u00e9e_positive.jpg\",\"width\":1277,\"height\":1920,\"caption\":\"secret gu\u00e9rison\"},{\"@type\":\"BreadcrumbList\",\"@id\":\"https:\\\/\\\/editionsdudauphin.com\\\/en\\\/livre\\\/subjects\\\/personal-growth-psycho\\\/personal-growth\\\/le-secret-de-la-guerison#breadcrumb\",\"itemListElement\":[{\"@type\":\"ListItem\",\"position\":1,\"name\":\"Accueil\",\"item\":\"https:\\\/\\\/editionsdudauphin.com\\\/en\"},{\"@type\":\"ListItem\",\"position\":2,\"name\":\"Boutique\",\"item\":\"https:\\\/\\\/editionsdudauphin.com\\\/boutique\"},{\"@type\":\"ListItem\",\"position\":3,\"name\":\"Le secret de la gu\u00e9rison\"}]},{\"@type\":\"WebSite\",\"@id\":\"https:\\\/\\\/editionsdudauphin.com\\\/en#website\",\"url\":\"https:\\\/\\\/editionsdudauphin.com\\\/en\",\"name\":\"\u00c9ditions du Dauphin\",\"description\":\"\",\"potentialAction\":[{\"@type\":\"SearchAction\",\"target\":{\"@type\":\"EntryPoint\",\"urlTemplate\":\"https:\\\/\\\/editionsdudauphin.com\\\/en?s={search_term_string}\"},\"query-input\":{\"@type\":\"PropertyValueSpecification\",\"valueRequired\":true,\"valueName\":\"search_term_string\"}}],\"inLanguage\":\"en-US\"}]}<\/script>\n<!-- \/ Yoast SEO plugin. -->","yoast_head_json":{"title":"Le secret de la gu\u00e9rison - \u00c9ditions du Dauphin","description":"Publi\u00e9 d'abord dans les ann\u00e9es 70, l\u2019auteur livre ici la mise en pratique de ses connaissances spirituelles sur le secret de la gu\u00e9rison.","robots":{"index":"index","follow":"follow","max-snippet":"max-snippet:-1","max-image-preview":"max-image-preview:large","max-video-preview":"max-video-preview:-1"},"canonical":"https:\/\/editionsdudauphin.com\/en\/livre\/subjects\/personal-growth-psycho\/personal-growth\/le-secret-de-la-guerison","og_locale":"en_US","og_type":"article","og_title":"Le secret de la gu\u00e9rison - \u00c9ditions du Dauphin","og_description":"Publi\u00e9 d'abord dans les ann\u00e9es 70, l\u2019auteur livre ici la mise en pratique de ses connaissances spirituelles sur le secret de la gu\u00e9rison.","og_url":"https:\/\/editionsdudauphin.com\/en\/livre\/subjects\/personal-growth-psycho\/personal-growth\/le-secret-de-la-guerison","og_site_name":"\u00c9ditions du Dauphin","article_modified_time":"2023-09-15T13:10:39+00:00","og_image":[{"width":1277,"height":1920,"url":"https:\/\/editionsdudauphin.com\/wp-content\/uploads\/2002\/11\/9782716317115_guerison_pens\u00e9e_positive.jpg","type":"image\/jpeg"}],"twitter_card":"summary_large_image","twitter_misc":{"Est. reading time":"1 minute"},"schema":{"@context":"https:\/\/schema.org","@graph":[{"@type":"WebPage","@id":"https:\/\/editionsdudauphin.com\/en\/livre\/subjects\/personal-growth-psycho\/personal-growth\/le-secret-de-la-guerison","url":"https:\/\/editionsdudauphin.com\/en\/livre\/subjects\/personal-growth-psycho\/personal-growth\/le-secret-de-la-guerison","name":"Le secret de la gu\u00e9rison - \u00c9ditions du Dauphin","isPartOf":{"@id":"https:\/\/editionsdudauphin.com\/en#website"},"primaryImageOfPage":{"@id":"https:\/\/editionsdudauphin.com\/en\/livre\/subjects\/personal-growth-psycho\/personal-growth\/le-secret-de-la-guerison#primaryimage"},"image":{"@id":"https:\/\/editionsdudauphin.com\/en\/livre\/subjects\/personal-growth-psycho\/personal-growth\/le-secret-de-la-guerison#primaryimage"},"thumbnailUrl":"https:\/\/editionsdudauphin.com\/wp-content\/uploads\/2002\/11\/9782716317115_guerison_pens\u00e9e_positive.jpg","datePublished":"2019-08-29T15:16:53+00:00","dateModified":"2023-09-15T13:10:39+00:00","description":"Publi\u00e9 d'abord dans les ann\u00e9es 70, l\u2019auteur livre ici la mise en pratique de ses connaissances spirituelles sur le secret de la gu\u00e9rison.","breadcrumb":{"@id":"https:\/\/editionsdudauphin.com\/en\/livre\/subjects\/personal-growth-psycho\/personal-growth\/le-secret-de-la-guerison#breadcrumb"},"inLanguage":"en-US","potentialAction":[{"@type":"ReadAction","target":["https:\/\/editionsdudauphin.com\/en\/livre\/subjects\/personal-growth-psycho\/personal-growth\/le-secret-de-la-guerison"]}]},{"@type":"ImageObject","inLanguage":"en-US","@id":"https:\/\/editionsdudauphin.com\/en\/livre\/subjects\/personal-growth-psycho\/personal-growth\/le-secret-de-la-guerison#primaryimage","url":"https:\/\/editionsdudauphin.com\/wp-content\/uploads\/2002\/11\/9782716317115_guerison_pens\u00e9e_positive.jpg","contentUrl":"https:\/\/editionsdudauphin.com\/wp-content\/uploads\/2002\/11\/9782716317115_guerison_pens\u00e9e_positive.jpg","width":1277,"height":1920,"caption":"secret gu\u00e9rison"},{"@type":"BreadcrumbList","@id":"https:\/\/editionsdudauphin.com\/en\/livre\/subjects\/personal-growth-psycho\/personal-growth\/le-secret-de-la-guerison#breadcrumb","itemListElement":[{"@type":"ListItem","position":1,"name":"Accueil","item":"https:\/\/editionsdudauphin.com\/en"},{"@type":"ListItem","position":2,"name":"Boutique","item":"https:\/\/editionsdudauphin.com\/boutique"},{"@type":"ListItem","position":3,"name":"Le secret de la gu\u00e9rison"}]},{"@type":"WebSite","@id":"https:\/\/editionsdudauphin.com\/en#website","url":"https:\/\/editionsdudauphin.com\/en","name":"\u00c9ditions du Dauphin","description":"","potentialAction":[{"@type":"SearchAction","target":{"@type":"EntryPoint","urlTemplate":"https:\/\/editionsdudauphin.com\/en?s={search_term_string}"},"query-input":{"@type":"PropertyValueSpecification","valueRequired":true,"valueName":"search_term_string"}}],"inLanguage":"en-US"}]}},"_links":{"self":[{"href":"https:\/\/editionsdudauphin.com\/en\/wp-json\/wp\/v2\/product\/16105","targetHints":{"allow":["GET"]}}],"collection":[{"href":"https:\/\/editionsdudauphin.com\/en\/wp-json\/wp\/v2\/product"}],"about":[{"href":"https:\/\/editionsdudauphin.com\/en\/wp-json\/wp\/v2\/types\/product"}],"wp:featuredmedia":[{"embeddable":true,"href":"https:\/\/editionsdudauphin.com\/en\/wp-json\/wp\/v2\/media\/5198"}],"wp:attachment":[{"href":"https:\/\/editionsdudauphin.com\/en\/wp-json\/wp\/v2\/media?parent=16105"}],"wp:term":[{"taxonomy":"product_brand","embeddable":true,"href":"https:\/\/editionsdudauphin.com\/en\/wp-json\/wp\/v2\/product_brand?post=16105"},{"taxonomy":"product_cat","embeddable":true,"href":"https:\/\/editionsdudauphin.com\/en\/wp-json\/wp\/v2\/product_cat?post=16105"},{"taxonomy":"product_tag","embeddable":true,"href":"https:\/\/editionsdudauphin.com\/en\/wp-json\/wp\/v2\/product_tag?post=16105"}],"curies":[{"name":"wp","href":"https:\/\/api.w.org\/{rel}","templated":true}]}}