{"id":16517,"date":"2023-11-02T19:23:34","date_gmt":"2023-11-02T18:23:34","guid":{"rendered":"https:\/\/editionsdudauphin.com\/livre\/uncategorized\/autohypnose-adaptee-a-vos-besoins-l"},"modified":"2025-07-04T10:07:22","modified_gmt":"2025-07-04T08:07:22","slug":"autohypnose-adaptee-a-vos-besoins-l","status":"publish","type":"product","link":"https:\/\/editionsdudauphin.com\/en\/livre\/subjects\/health-wellness\/health\/prevention-en\/autohypnose-adaptee-a-vos-besoins-l","title":{"rendered":"Autohypnose adapt\u00e9e \u00e0 vos besoins (L&#8217;)"},"content":{"rendered":"<p>Do you know self-hypnosis? It is a modified state of consciousness in which you voluntarily stop directing the course of your thoughts, in order to relax or act on some of your behaviors. Your mind becomes the real architect of your well-being. Step by step, the authors help you in this discovery of self-hypnosis with its amazing results: stop smoking, managing your pain, controlling your weight or your diet, But also overcoming your deep fears, exploring your full potential of\u00a0 creativity. 64 audios complete this book, According to your needs, an index of the protocols to be achieved is available at the end of the book.<\/p>\n","protected":false},"excerpt":{"rendered":"<p>Do you know self-hypnosis? It is a modified state of  [&#8230;]<\/p>\n","protected":false},"featured_media":16516,"template":"","meta":{"_acf_changed":false,"wpupg_custom_link":[],"wpupg_custom_link_behaviour":[],"wpupg_custom_link_nofollow":[],"wpupg_custom_image":[],"wpupg_custom_image_id":[]},"product_brand":[],"product_cat":[166],"product_tag":[],"class_list":{"0":"post-16517","1":"product","2":"type-product","3":"status-publish","4":"has-post-thumbnail","6":"product_cat-prevention-en","8":"first","9":"instock","10":"taxable","11":"shipping-taxable","12":"purchasable","13":"product-type-simple"},"acf":[],"yoast_head":"<!-- This site is optimized with the Yoast SEO plugin v27.3 - https:\/\/yoast.com\/product\/yoast-seo-wordpress\/ -->\n<title>Autohypnose adapt\u00e9e \u00e0 vos besoins (L&#039;) - \u00c9ditions du Dauphin<\/title>\n<meta name=\"description\" content=\"Do you know self-hypnosis? It is a modified state of consciousness in which you voluntarily stop directing the course of your thoughts, in order to relax\" \/>\n<meta name=\"robots\" content=\"index, follow, max-snippet:-1, max-image-preview:large, max-video-preview:-1\" \/>\n<link rel=\"canonical\" href=\"https:\/\/editionsdudauphin.com\/en\/livre\/subjects\/health-wellness\/health\/prevention-en\/autohypnose-adaptee-a-vos-besoins-l\" \/>\n<meta property=\"og:locale\" content=\"en_US\" \/>\n<meta property=\"og:type\" content=\"article\" \/>\n<meta property=\"og:title\" content=\"Autohypnose adapt\u00e9e \u00e0 vos besoins (L&#039;) - \u00c9ditions du Dauphin\" \/>\n<meta property=\"og:description\" content=\"Do you know self-hypnosis? It is a modified state of consciousness in which you voluntarily stop directing the course of your thoughts, in order to relax\" \/>\n<meta property=\"og:url\" content=\"https:\/\/editionsdudauphin.com\/en\/livre\/subjects\/health-wellness\/health\/prevention-en\/autohypnose-adaptee-a-vos-besoins-l\" \/>\n<meta property=\"og:site_name\" content=\"\u00c9ditions du Dauphin\" \/>\n<meta property=\"article:modified_time\" content=\"2025-07-04T08:07:22+00:00\" \/>\n<meta property=\"og:image\" content=\"https:\/\/editionsdudauphin.com\/wp-content\/uploads\/2023\/11\/9782716318280_autohypnose.jpg\" \/>\n\t<meta property=\"og:image:width\" content=\"800\" \/>\n\t<meta property=\"og:image:height\" content=\"1182\" \/>\n\t<meta property=\"og:image:type\" content=\"image\/jpeg\" \/>\n<meta name=\"twitter:card\" content=\"summary_large_image\" \/>\n<meta name=\"twitter:label1\" content=\"Est. reading time\" \/>\n\t<meta name=\"twitter:data1\" content=\"1 minute\" \/>\n<script type=\"application\/ld+json\" class=\"yoast-schema-graph\">{\"@context\":\"https:\\\/\\\/schema.org\",\"@graph\":[{\"@type\":\"WebPage\",\"@id\":\"https:\\\/\\\/editionsdudauphin.com\\\/en\\\/livre\\\/subjects\\\/health-wellness\\\/health\\\/prevention-en\\\/autohypnose-adaptee-a-vos-besoins-l\",\"url\":\"https:\\\/\\\/editionsdudauphin.com\\\/en\\\/livre\\\/subjects\\\/health-wellness\\\/health\\\/prevention-en\\\/autohypnose-adaptee-a-vos-besoins-l\",\"name\":\"Autohypnose adapt\u00e9e \u00e0 vos besoins (L') - \u00c9ditions du Dauphin\",\"isPartOf\":{\"@id\":\"https:\\\/\\\/editionsdudauphin.com\\\/en#website\"},\"primaryImageOfPage\":{\"@id\":\"https:\\\/\\\/editionsdudauphin.com\\\/en\\\/livre\\\/subjects\\\/health-wellness\\\/health\\\/prevention-en\\\/autohypnose-adaptee-a-vos-besoins-l#primaryimage\"},\"image\":{\"@id\":\"https:\\\/\\\/editionsdudauphin.com\\\/en\\\/livre\\\/subjects\\\/health-wellness\\\/health\\\/prevention-en\\\/autohypnose-adaptee-a-vos-besoins-l#primaryimage\"},\"thumbnailUrl\":\"https:\\\/\\\/editionsdudauphin.com\\\/wp-content\\\/uploads\\\/2023\\\/11\\\/9782716318280_autohypnose.jpg\",\"datePublished\":\"2023-11-02T18:23:34+00:00\",\"dateModified\":\"2025-07-04T08:07:22+00:00\",\"description\":\"Do you know self-hypnosis? It is a modified state of consciousness in which you voluntarily stop directing the course of your thoughts, in order to relax\",\"breadcrumb\":{\"@id\":\"https:\\\/\\\/editionsdudauphin.com\\\/en\\\/livre\\\/subjects\\\/health-wellness\\\/health\\\/prevention-en\\\/autohypnose-adaptee-a-vos-besoins-l#breadcrumb\"},\"inLanguage\":\"en-US\",\"potentialAction\":[{\"@type\":\"ReadAction\",\"target\":[\"https:\\\/\\\/editionsdudauphin.com\\\/en\\\/livre\\\/subjects\\\/health-wellness\\\/health\\\/prevention-en\\\/autohypnose-adaptee-a-vos-besoins-l\"]}]},{\"@type\":\"ImageObject\",\"inLanguage\":\"en-US\",\"@id\":\"https:\\\/\\\/editionsdudauphin.com\\\/en\\\/livre\\\/subjects\\\/health-wellness\\\/health\\\/prevention-en\\\/autohypnose-adaptee-a-vos-besoins-l#primaryimage\",\"url\":\"https:\\\/\\\/editionsdudauphin.com\\\/wp-content\\\/uploads\\\/2023\\\/11\\\/9782716318280_autohypnose.jpg\",\"contentUrl\":\"https:\\\/\\\/editionsdudauphin.com\\\/wp-content\\\/uploads\\\/2023\\\/11\\\/9782716318280_autohypnose.jpg\",\"width\":800,\"height\":1182,\"caption\":\"Autohypnose\"},{\"@type\":\"BreadcrumbList\",\"@id\":\"https:\\\/\\\/editionsdudauphin.com\\\/en\\\/livre\\\/subjects\\\/health-wellness\\\/health\\\/prevention-en\\\/autohypnose-adaptee-a-vos-besoins-l#breadcrumb\",\"itemListElement\":[{\"@type\":\"ListItem\",\"position\":1,\"name\":\"Accueil\",\"item\":\"https:\\\/\\\/editionsdudauphin.com\\\/en\"},{\"@type\":\"ListItem\",\"position\":2,\"name\":\"Boutique\",\"item\":\"https:\\\/\\\/editionsdudauphin.com\\\/boutique\"},{\"@type\":\"ListItem\",\"position\":3,\"name\":\"Autohypnose adapt\u00e9e \u00e0 vos besoins (L&rsquo;)\"}]},{\"@type\":\"WebSite\",\"@id\":\"https:\\\/\\\/editionsdudauphin.com\\\/en#website\",\"url\":\"https:\\\/\\\/editionsdudauphin.com\\\/en\",\"name\":\"\u00c9ditions du Dauphin\",\"description\":\"\",\"potentialAction\":[{\"@type\":\"SearchAction\",\"target\":{\"@type\":\"EntryPoint\",\"urlTemplate\":\"https:\\\/\\\/editionsdudauphin.com\\\/en?s={search_term_string}\"},\"query-input\":{\"@type\":\"PropertyValueSpecification\",\"valueRequired\":true,\"valueName\":\"search_term_string\"}}],\"inLanguage\":\"en-US\"}]}<\/script>\n<!-- \/ Yoast SEO plugin. -->","yoast_head_json":{"title":"Autohypnose adapt\u00e9e \u00e0 vos besoins (L') - \u00c9ditions du Dauphin","description":"Do you know self-hypnosis? It is a modified state of consciousness in which you voluntarily stop directing the course of your thoughts, in order to relax","robots":{"index":"index","follow":"follow","max-snippet":"max-snippet:-1","max-image-preview":"max-image-preview:large","max-video-preview":"max-video-preview:-1"},"canonical":"https:\/\/editionsdudauphin.com\/en\/livre\/subjects\/health-wellness\/health\/prevention-en\/autohypnose-adaptee-a-vos-besoins-l","og_locale":"en_US","og_type":"article","og_title":"Autohypnose adapt\u00e9e \u00e0 vos besoins (L') - \u00c9ditions du Dauphin","og_description":"Do you know self-hypnosis? It is a modified state of consciousness in which you voluntarily stop directing the course of your thoughts, in order to relax","og_url":"https:\/\/editionsdudauphin.com\/en\/livre\/subjects\/health-wellness\/health\/prevention-en\/autohypnose-adaptee-a-vos-besoins-l","og_site_name":"\u00c9ditions du Dauphin","article_modified_time":"2025-07-04T08:07:22+00:00","og_image":[{"width":800,"height":1182,"url":"https:\/\/editionsdudauphin.com\/wp-content\/uploads\/2023\/11\/9782716318280_autohypnose.jpg","type":"image\/jpeg"}],"twitter_card":"summary_large_image","twitter_misc":{"Est. reading time":"1 minute"},"schema":{"@context":"https:\/\/schema.org","@graph":[{"@type":"WebPage","@id":"https:\/\/editionsdudauphin.com\/en\/livre\/subjects\/health-wellness\/health\/prevention-en\/autohypnose-adaptee-a-vos-besoins-l","url":"https:\/\/editionsdudauphin.com\/en\/livre\/subjects\/health-wellness\/health\/prevention-en\/autohypnose-adaptee-a-vos-besoins-l","name":"Autohypnose adapt\u00e9e \u00e0 vos besoins (L') - \u00c9ditions du Dauphin","isPartOf":{"@id":"https:\/\/editionsdudauphin.com\/en#website"},"primaryImageOfPage":{"@id":"https:\/\/editionsdudauphin.com\/en\/livre\/subjects\/health-wellness\/health\/prevention-en\/autohypnose-adaptee-a-vos-besoins-l#primaryimage"},"image":{"@id":"https:\/\/editionsdudauphin.com\/en\/livre\/subjects\/health-wellness\/health\/prevention-en\/autohypnose-adaptee-a-vos-besoins-l#primaryimage"},"thumbnailUrl":"https:\/\/editionsdudauphin.com\/wp-content\/uploads\/2023\/11\/9782716318280_autohypnose.jpg","datePublished":"2023-11-02T18:23:34+00:00","dateModified":"2025-07-04T08:07:22+00:00","description":"Do you know self-hypnosis? It is a modified state of consciousness in which you voluntarily stop directing the course of your thoughts, in order to relax","breadcrumb":{"@id":"https:\/\/editionsdudauphin.com\/en\/livre\/subjects\/health-wellness\/health\/prevention-en\/autohypnose-adaptee-a-vos-besoins-l#breadcrumb"},"inLanguage":"en-US","potentialAction":[{"@type":"ReadAction","target":["https:\/\/editionsdudauphin.com\/en\/livre\/subjects\/health-wellness\/health\/prevention-en\/autohypnose-adaptee-a-vos-besoins-l"]}]},{"@type":"ImageObject","inLanguage":"en-US","@id":"https:\/\/editionsdudauphin.com\/en\/livre\/subjects\/health-wellness\/health\/prevention-en\/autohypnose-adaptee-a-vos-besoins-l#primaryimage","url":"https:\/\/editionsdudauphin.com\/wp-content\/uploads\/2023\/11\/9782716318280_autohypnose.jpg","contentUrl":"https:\/\/editionsdudauphin.com\/wp-content\/uploads\/2023\/11\/9782716318280_autohypnose.jpg","width":800,"height":1182,"caption":"Autohypnose"},{"@type":"BreadcrumbList","@id":"https:\/\/editionsdudauphin.com\/en\/livre\/subjects\/health-wellness\/health\/prevention-en\/autohypnose-adaptee-a-vos-besoins-l#breadcrumb","itemListElement":[{"@type":"ListItem","position":1,"name":"Accueil","item":"https:\/\/editionsdudauphin.com\/en"},{"@type":"ListItem","position":2,"name":"Boutique","item":"https:\/\/editionsdudauphin.com\/boutique"},{"@type":"ListItem","position":3,"name":"Autohypnose adapt\u00e9e \u00e0 vos besoins (L&rsquo;)"}]},{"@type":"WebSite","@id":"https:\/\/editionsdudauphin.com\/en#website","url":"https:\/\/editionsdudauphin.com\/en","name":"\u00c9ditions du Dauphin","description":"","potentialAction":[{"@type":"SearchAction","target":{"@type":"EntryPoint","urlTemplate":"https:\/\/editionsdudauphin.com\/en?s={search_term_string}"},"query-input":{"@type":"PropertyValueSpecification","valueRequired":true,"valueName":"search_term_string"}}],"inLanguage":"en-US"}]}},"_links":{"self":[{"href":"https:\/\/editionsdudauphin.com\/en\/wp-json\/wp\/v2\/product\/16517","targetHints":{"allow":["GET"]}}],"collection":[{"href":"https:\/\/editionsdudauphin.com\/en\/wp-json\/wp\/v2\/product"}],"about":[{"href":"https:\/\/editionsdudauphin.com\/en\/wp-json\/wp\/v2\/types\/product"}],"wp:featuredmedia":[{"embeddable":true,"href":"https:\/\/editionsdudauphin.com\/en\/wp-json\/wp\/v2\/media\/16516"}],"wp:attachment":[{"href":"https:\/\/editionsdudauphin.com\/en\/wp-json\/wp\/v2\/media?parent=16517"}],"wp:term":[{"taxonomy":"product_brand","embeddable":true,"href":"https:\/\/editionsdudauphin.com\/en\/wp-json\/wp\/v2\/product_brand?post=16517"},{"taxonomy":"product_cat","embeddable":true,"href":"https:\/\/editionsdudauphin.com\/en\/wp-json\/wp\/v2\/product_cat?post=16517"},{"taxonomy":"product_tag","embeddable":true,"href":"https:\/\/editionsdudauphin.com\/en\/wp-json\/wp\/v2\/product_tag?post=16517"}],"curies":[{"name":"wp","href":"https:\/\/api.w.org\/{rel}","templated":true}]}}