{"id":17071,"date":"2024-02-16T15:24:05","date_gmt":"2024-02-16T14:24:05","guid":{"rendered":"https:\/\/editionsdudauphin.com\/livre\/uncategorized\/lenergie-source-de-guerison"},"modified":"2024-02-16T15:37:43","modified_gmt":"2024-02-16T14:37:43","slug":"lenergie-source-de-guerison","status":"publish","type":"product","link":"https:\/\/editionsdudauphin.com\/en\/livre\/subjects\/spirituality-esoterism\/esoterism\/occult\/lenergie-source-de-guerison","title":{"rendered":"L&#8217;\u00e9nergie source de gu\u00e9rison"},"content":{"rendered":"<p>Do you have health problems that conventional medicine like alternative medicine could not solve ? The pain is still there ? Have you ever wondered if it has a reason, a particular meaning, an origin that you did not suspect ? The author answers to these questions and makes you discover how the location of your disease is closely related to your feelings. Through several case studies and examples, the author explains, in a simple way, the universe of the energetic and the cyclical character of diseases. Understanding the origin, the cause, the sense of pain, of the disease, will allow you to (re)become an actor of your health by reactivating your internal self-healing process. When you get rid of energy blockages and you activate this process, you can get rid of these chronic pain.<\/p>\n","protected":false},"excerpt":{"rendered":"<p>Do you have health problems that conventional medicine like alternative  [&#8230;]<\/p>\n","protected":false},"featured_media":17070,"template":"","meta":{"_acf_changed":false,"wpupg_custom_link":[],"wpupg_custom_link_behaviour":[],"wpupg_custom_link_nofollow":[],"wpupg_custom_image":[],"wpupg_custom_image_id":[]},"product_brand":[],"product_cat":[181],"product_tag":[],"class_list":{"0":"post-17071","1":"product","2":"type-product","3":"status-publish","4":"has-post-thumbnail","6":"product_cat-occult","8":"first","9":"instock","10":"taxable","11":"shipping-taxable","12":"purchasable","13":"product-type-simple"},"acf":[],"yoast_head":"<!-- This site is optimized with the Yoast SEO plugin v27.3 - https:\/\/yoast.com\/product\/yoast-seo-wordpress\/ -->\n<title>L&#039;\u00e9nergie source de gu\u00e9rison - \u00c9ditions du Dauphin<\/title>\n<meta name=\"description\" content=\"Do you have health problems that conventional medicine like alternative medicine could not solve ? The pain is still there ? Have you ever wondered if it\" \/>\n<meta name=\"robots\" content=\"index, follow, max-snippet:-1, max-image-preview:large, max-video-preview:-1\" \/>\n<link rel=\"canonical\" href=\"https:\/\/editionsdudauphin.com\/en\/livre\/subjects\/spirituality-esoterism\/esoterism\/occult\/lenergie-source-de-guerison\" \/>\n<meta property=\"og:locale\" content=\"en_US\" \/>\n<meta property=\"og:type\" content=\"article\" \/>\n<meta property=\"og:title\" content=\"L&#039;\u00e9nergie source de gu\u00e9rison - \u00c9ditions du Dauphin\" \/>\n<meta property=\"og:description\" content=\"Do you have health problems that conventional medicine like alternative medicine could not solve ? The pain is still there ? Have you ever wondered if it\" \/>\n<meta property=\"og:url\" content=\"https:\/\/editionsdudauphin.com\/en\/livre\/subjects\/spirituality-esoterism\/esoterism\/occult\/lenergie-source-de-guerison\" \/>\n<meta property=\"og:site_name\" content=\"\u00c9ditions du Dauphin\" \/>\n<meta property=\"article:modified_time\" content=\"2024-02-16T14:37:43+00:00\" \/>\n<meta property=\"og:image\" content=\"https:\/\/editionsdudauphin.com\/wp-content\/uploads\/2024\/02\/9782716318327_energie_guerison.jpg\" \/>\n\t<meta property=\"og:image:width\" content=\"800\" \/>\n\t<meta property=\"og:image:height\" content=\"1257\" \/>\n\t<meta property=\"og:image:type\" content=\"image\/jpeg\" \/>\n<meta name=\"twitter:card\" content=\"summary_large_image\" \/>\n<meta name=\"twitter:label1\" content=\"Est. reading time\" \/>\n\t<meta name=\"twitter:data1\" content=\"1 minute\" \/>\n<script type=\"application\/ld+json\" class=\"yoast-schema-graph\">{\"@context\":\"https:\\\/\\\/schema.org\",\"@graph\":[{\"@type\":\"WebPage\",\"@id\":\"https:\\\/\\\/editionsdudauphin.com\\\/en\\\/livre\\\/subjects\\\/spirituality-esoterism\\\/esoterism\\\/occult\\\/lenergie-source-de-guerison\",\"url\":\"https:\\\/\\\/editionsdudauphin.com\\\/en\\\/livre\\\/subjects\\\/spirituality-esoterism\\\/esoterism\\\/occult\\\/lenergie-source-de-guerison\",\"name\":\"L'\u00e9nergie source de gu\u00e9rison - \u00c9ditions du Dauphin\",\"isPartOf\":{\"@id\":\"https:\\\/\\\/editionsdudauphin.com\\\/en#website\"},\"primaryImageOfPage\":{\"@id\":\"https:\\\/\\\/editionsdudauphin.com\\\/en\\\/livre\\\/subjects\\\/spirituality-esoterism\\\/esoterism\\\/occult\\\/lenergie-source-de-guerison#primaryimage\"},\"image\":{\"@id\":\"https:\\\/\\\/editionsdudauphin.com\\\/en\\\/livre\\\/subjects\\\/spirituality-esoterism\\\/esoterism\\\/occult\\\/lenergie-source-de-guerison#primaryimage\"},\"thumbnailUrl\":\"https:\\\/\\\/editionsdudauphin.com\\\/wp-content\\\/uploads\\\/2024\\\/02\\\/9782716318327_energie_guerison.jpg\",\"datePublished\":\"2024-02-16T14:24:05+00:00\",\"dateModified\":\"2024-02-16T14:37:43+00:00\",\"description\":\"Do you have health problems that conventional medicine like alternative medicine could not solve ? The pain is still there ? Have you ever wondered if it\",\"breadcrumb\":{\"@id\":\"https:\\\/\\\/editionsdudauphin.com\\\/en\\\/livre\\\/subjects\\\/spirituality-esoterism\\\/esoterism\\\/occult\\\/lenergie-source-de-guerison#breadcrumb\"},\"inLanguage\":\"en-US\",\"potentialAction\":[{\"@type\":\"ReadAction\",\"target\":[\"https:\\\/\\\/editionsdudauphin.com\\\/en\\\/livre\\\/subjects\\\/spirituality-esoterism\\\/esoterism\\\/occult\\\/lenergie-source-de-guerison\"]}]},{\"@type\":\"ImageObject\",\"inLanguage\":\"en-US\",\"@id\":\"https:\\\/\\\/editionsdudauphin.com\\\/en\\\/livre\\\/subjects\\\/spirituality-esoterism\\\/esoterism\\\/occult\\\/lenergie-source-de-guerison#primaryimage\",\"url\":\"https:\\\/\\\/editionsdudauphin.com\\\/wp-content\\\/uploads\\\/2024\\\/02\\\/9782716318327_energie_guerison.jpg\",\"contentUrl\":\"https:\\\/\\\/editionsdudauphin.com\\\/wp-content\\\/uploads\\\/2024\\\/02\\\/9782716318327_energie_guerison.jpg\",\"width\":800,\"height\":1257,\"caption\":\"L'\u00e9nergie, source de gu\u00e9rison\"},{\"@type\":\"BreadcrumbList\",\"@id\":\"https:\\\/\\\/editionsdudauphin.com\\\/en\\\/livre\\\/subjects\\\/spirituality-esoterism\\\/esoterism\\\/occult\\\/lenergie-source-de-guerison#breadcrumb\",\"itemListElement\":[{\"@type\":\"ListItem\",\"position\":1,\"name\":\"Accueil\",\"item\":\"https:\\\/\\\/editionsdudauphin.com\\\/en\"},{\"@type\":\"ListItem\",\"position\":2,\"name\":\"Boutique\",\"item\":\"https:\\\/\\\/editionsdudauphin.com\\\/boutique\"},{\"@type\":\"ListItem\",\"position\":3,\"name\":\"L&#8217;\u00e9nergie source de gu\u00e9rison\"}]},{\"@type\":\"WebSite\",\"@id\":\"https:\\\/\\\/editionsdudauphin.com\\\/en#website\",\"url\":\"https:\\\/\\\/editionsdudauphin.com\\\/en\",\"name\":\"\u00c9ditions du Dauphin\",\"description\":\"\",\"potentialAction\":[{\"@type\":\"SearchAction\",\"target\":{\"@type\":\"EntryPoint\",\"urlTemplate\":\"https:\\\/\\\/editionsdudauphin.com\\\/en?s={search_term_string}\"},\"query-input\":{\"@type\":\"PropertyValueSpecification\",\"valueRequired\":true,\"valueName\":\"search_term_string\"}}],\"inLanguage\":\"en-US\"}]}<\/script>\n<!-- \/ Yoast SEO plugin. -->","yoast_head_json":{"title":"L'\u00e9nergie source de gu\u00e9rison - \u00c9ditions du Dauphin","description":"Do you have health problems that conventional medicine like alternative medicine could not solve ? The pain is still there ? Have you ever wondered if it","robots":{"index":"index","follow":"follow","max-snippet":"max-snippet:-1","max-image-preview":"max-image-preview:large","max-video-preview":"max-video-preview:-1"},"canonical":"https:\/\/editionsdudauphin.com\/en\/livre\/subjects\/spirituality-esoterism\/esoterism\/occult\/lenergie-source-de-guerison","og_locale":"en_US","og_type":"article","og_title":"L'\u00e9nergie source de gu\u00e9rison - \u00c9ditions du Dauphin","og_description":"Do you have health problems that conventional medicine like alternative medicine could not solve ? The pain is still there ? Have you ever wondered if it","og_url":"https:\/\/editionsdudauphin.com\/en\/livre\/subjects\/spirituality-esoterism\/esoterism\/occult\/lenergie-source-de-guerison","og_site_name":"\u00c9ditions du Dauphin","article_modified_time":"2024-02-16T14:37:43+00:00","og_image":[{"width":800,"height":1257,"url":"https:\/\/editionsdudauphin.com\/wp-content\/uploads\/2024\/02\/9782716318327_energie_guerison.jpg","type":"image\/jpeg"}],"twitter_card":"summary_large_image","twitter_misc":{"Est. reading time":"1 minute"},"schema":{"@context":"https:\/\/schema.org","@graph":[{"@type":"WebPage","@id":"https:\/\/editionsdudauphin.com\/en\/livre\/subjects\/spirituality-esoterism\/esoterism\/occult\/lenergie-source-de-guerison","url":"https:\/\/editionsdudauphin.com\/en\/livre\/subjects\/spirituality-esoterism\/esoterism\/occult\/lenergie-source-de-guerison","name":"L'\u00e9nergie source de gu\u00e9rison - \u00c9ditions du Dauphin","isPartOf":{"@id":"https:\/\/editionsdudauphin.com\/en#website"},"primaryImageOfPage":{"@id":"https:\/\/editionsdudauphin.com\/en\/livre\/subjects\/spirituality-esoterism\/esoterism\/occult\/lenergie-source-de-guerison#primaryimage"},"image":{"@id":"https:\/\/editionsdudauphin.com\/en\/livre\/subjects\/spirituality-esoterism\/esoterism\/occult\/lenergie-source-de-guerison#primaryimage"},"thumbnailUrl":"https:\/\/editionsdudauphin.com\/wp-content\/uploads\/2024\/02\/9782716318327_energie_guerison.jpg","datePublished":"2024-02-16T14:24:05+00:00","dateModified":"2024-02-16T14:37:43+00:00","description":"Do you have health problems that conventional medicine like alternative medicine could not solve ? The pain is still there ? Have you ever wondered if it","breadcrumb":{"@id":"https:\/\/editionsdudauphin.com\/en\/livre\/subjects\/spirituality-esoterism\/esoterism\/occult\/lenergie-source-de-guerison#breadcrumb"},"inLanguage":"en-US","potentialAction":[{"@type":"ReadAction","target":["https:\/\/editionsdudauphin.com\/en\/livre\/subjects\/spirituality-esoterism\/esoterism\/occult\/lenergie-source-de-guerison"]}]},{"@type":"ImageObject","inLanguage":"en-US","@id":"https:\/\/editionsdudauphin.com\/en\/livre\/subjects\/spirituality-esoterism\/esoterism\/occult\/lenergie-source-de-guerison#primaryimage","url":"https:\/\/editionsdudauphin.com\/wp-content\/uploads\/2024\/02\/9782716318327_energie_guerison.jpg","contentUrl":"https:\/\/editionsdudauphin.com\/wp-content\/uploads\/2024\/02\/9782716318327_energie_guerison.jpg","width":800,"height":1257,"caption":"L'\u00e9nergie, source de gu\u00e9rison"},{"@type":"BreadcrumbList","@id":"https:\/\/editionsdudauphin.com\/en\/livre\/subjects\/spirituality-esoterism\/esoterism\/occult\/lenergie-source-de-guerison#breadcrumb","itemListElement":[{"@type":"ListItem","position":1,"name":"Accueil","item":"https:\/\/editionsdudauphin.com\/en"},{"@type":"ListItem","position":2,"name":"Boutique","item":"https:\/\/editionsdudauphin.com\/boutique"},{"@type":"ListItem","position":3,"name":"L&#8217;\u00e9nergie source de gu\u00e9rison"}]},{"@type":"WebSite","@id":"https:\/\/editionsdudauphin.com\/en#website","url":"https:\/\/editionsdudauphin.com\/en","name":"\u00c9ditions du Dauphin","description":"","potentialAction":[{"@type":"SearchAction","target":{"@type":"EntryPoint","urlTemplate":"https:\/\/editionsdudauphin.com\/en?s={search_term_string}"},"query-input":{"@type":"PropertyValueSpecification","valueRequired":true,"valueName":"search_term_string"}}],"inLanguage":"en-US"}]}},"_links":{"self":[{"href":"https:\/\/editionsdudauphin.com\/en\/wp-json\/wp\/v2\/product\/17071","targetHints":{"allow":["GET"]}}],"collection":[{"href":"https:\/\/editionsdudauphin.com\/en\/wp-json\/wp\/v2\/product"}],"about":[{"href":"https:\/\/editionsdudauphin.com\/en\/wp-json\/wp\/v2\/types\/product"}],"wp:featuredmedia":[{"embeddable":true,"href":"https:\/\/editionsdudauphin.com\/en\/wp-json\/wp\/v2\/media\/17070"}],"wp:attachment":[{"href":"https:\/\/editionsdudauphin.com\/en\/wp-json\/wp\/v2\/media?parent=17071"}],"wp:term":[{"taxonomy":"product_brand","embeddable":true,"href":"https:\/\/editionsdudauphin.com\/en\/wp-json\/wp\/v2\/product_brand?post=17071"},{"taxonomy":"product_cat","embeddable":true,"href":"https:\/\/editionsdudauphin.com\/en\/wp-json\/wp\/v2\/product_cat?post=17071"},{"taxonomy":"product_tag","embeddable":true,"href":"https:\/\/editionsdudauphin.com\/en\/wp-json\/wp\/v2\/product_tag?post=17071"}],"curies":[{"name":"wp","href":"https:\/\/api.w.org\/{rel}","templated":true}]}}