{"id":17072,"date":"2024-01-11T19:48:36","date_gmt":"2024-01-11T18:48:36","guid":{"rendered":"https:\/\/editionsdudauphin.com\/livre\/uncategorized\/le-livre-sante-de-la-cuisine-vegetale"},"modified":"2025-02-04T17:02:34","modified_gmt":"2025-02-04T16:02:34","slug":"le-livre-sante-de-la-cuisine-vegetale","status":"publish","type":"product","link":"https:\/\/editionsdudauphin.com\/en\/livre\/subjects\/health-wellness\/health\/dietetic\/le-livre-sante-de-la-cuisine-vegetale","title":{"rendered":"Le livre sant\u00e9 de la cuisine v\u00e9g\u00e9tale"},"content":{"rendered":"<p>Easy and quick to prepare, discover: \u2022 Therapeutic benefits and virtues of 160 deliciously balanced recipes, from breakfast to dinner &#8211; \u2022 Original foods that are easy to prepare, that revitalize your body: \u2022 Recipes that adapt to all types of diets (meat, vegetarians, vegans, etc.) and all cultures. Whether you are an expert in cooking looking for new inspirations or totally new, get started in these recipes of Common Sense, both gourmet and beneficial for your health. You will find at the end of the book a therapeutic index of recipes.<\/p>\n","protected":false},"excerpt":{"rendered":"<p>Easy and quick to prepare, discover: \u2022 Therapeutic benefits and  [&#8230;]<\/p>\n","protected":false},"featured_media":16872,"template":"","meta":{"_acf_changed":false,"wpupg_custom_link":[],"wpupg_custom_link_behaviour":[],"wpupg_custom_link_nofollow":[],"wpupg_custom_image":[],"wpupg_custom_image_id":[]},"product_brand":[],"product_cat":[160,342],"product_tag":[],"class_list":{"0":"post-17072","1":"product","2":"type-product","3":"status-publish","4":"has-post-thumbnail","6":"product_cat-dietetic","7":"product_cat-cadeaux-de-noel-en","9":"first","10":"instock","11":"taxable","12":"shipping-taxable","13":"purchasable","14":"product-type-simple"},"acf":[],"yoast_head":"<!-- This site is optimized with the Yoast SEO plugin v27.3 - https:\/\/yoast.com\/product\/yoast-seo-wordpress\/ -->\n<title>Le livre sant\u00e9 de la cuisine v\u00e9g\u00e9tale - \u00c9ditions du Dauphin<\/title>\n<meta name=\"description\" content=\"Easy and quick to prepare, discover: \u2022 Therapeutic benefits and virtues of 160 deliciously balanced recipes, from breakfast to dinner - \u2022 Original foods\" \/>\n<meta name=\"robots\" content=\"index, follow, max-snippet:-1, max-image-preview:large, max-video-preview:-1\" \/>\n<link rel=\"canonical\" href=\"https:\/\/editionsdudauphin.com\/en\/livre\/subjects\/health-wellness\/health\/dietetic\/le-livre-sante-de-la-cuisine-vegetale\" \/>\n<meta property=\"og:locale\" content=\"en_US\" \/>\n<meta property=\"og:type\" content=\"article\" \/>\n<meta property=\"og:title\" content=\"Le livre sant\u00e9 de la cuisine v\u00e9g\u00e9tale - \u00c9ditions du Dauphin\" \/>\n<meta property=\"og:description\" content=\"Easy and quick to prepare, discover: \u2022 Therapeutic benefits and virtues of 160 deliciously balanced recipes, from breakfast to dinner - \u2022 Original foods\" \/>\n<meta property=\"og:url\" content=\"https:\/\/editionsdudauphin.com\/en\/livre\/subjects\/health-wellness\/health\/dietetic\/le-livre-sante-de-la-cuisine-vegetale\" \/>\n<meta property=\"og:site_name\" content=\"\u00c9ditions du Dauphin\" \/>\n<meta property=\"article:modified_time\" content=\"2025-02-04T16:02:34+00:00\" \/>\n<meta property=\"og:image\" content=\"https:\/\/editionsdudauphin.com\/wp-content\/uploads\/2024\/01\/9782716318310_Cuisine_sante_vegetale.jpg\" \/>\n\t<meta property=\"og:image:width\" content=\"800\" \/>\n\t<meta property=\"og:image:height\" content=\"1130\" \/>\n\t<meta property=\"og:image:type\" content=\"image\/jpeg\" \/>\n<meta name=\"twitter:card\" content=\"summary_large_image\" \/>\n<meta name=\"twitter:label1\" content=\"Est. reading time\" \/>\n\t<meta name=\"twitter:data1\" content=\"1 minute\" \/>\n<script type=\"application\/ld+json\" class=\"yoast-schema-graph\">{\"@context\":\"https:\\\/\\\/schema.org\",\"@graph\":[{\"@type\":\"WebPage\",\"@id\":\"https:\\\/\\\/editionsdudauphin.com\\\/en\\\/livre\\\/subjects\\\/health-wellness\\\/health\\\/dietetic\\\/le-livre-sante-de-la-cuisine-vegetale\",\"url\":\"https:\\\/\\\/editionsdudauphin.com\\\/en\\\/livre\\\/subjects\\\/health-wellness\\\/health\\\/dietetic\\\/le-livre-sante-de-la-cuisine-vegetale\",\"name\":\"Le livre sant\u00e9 de la cuisine v\u00e9g\u00e9tale - \u00c9ditions du Dauphin\",\"isPartOf\":{\"@id\":\"https:\\\/\\\/editionsdudauphin.com\\\/en#website\"},\"primaryImageOfPage\":{\"@id\":\"https:\\\/\\\/editionsdudauphin.com\\\/en\\\/livre\\\/subjects\\\/health-wellness\\\/health\\\/dietetic\\\/le-livre-sante-de-la-cuisine-vegetale#primaryimage\"},\"image\":{\"@id\":\"https:\\\/\\\/editionsdudauphin.com\\\/en\\\/livre\\\/subjects\\\/health-wellness\\\/health\\\/dietetic\\\/le-livre-sante-de-la-cuisine-vegetale#primaryimage\"},\"thumbnailUrl\":\"https:\\\/\\\/editionsdudauphin.com\\\/wp-content\\\/uploads\\\/2024\\\/01\\\/9782716318310_Cuisine_sante_vegetale.jpg\",\"datePublished\":\"2024-01-11T18:48:36+00:00\",\"dateModified\":\"2025-02-04T16:02:34+00:00\",\"description\":\"Easy and quick to prepare, discover: \u2022 Therapeutic benefits and virtues of 160 deliciously balanced recipes, from breakfast to dinner - \u2022 Original foods\",\"breadcrumb\":{\"@id\":\"https:\\\/\\\/editionsdudauphin.com\\\/en\\\/livre\\\/subjects\\\/health-wellness\\\/health\\\/dietetic\\\/le-livre-sante-de-la-cuisine-vegetale#breadcrumb\"},\"inLanguage\":\"en-US\",\"potentialAction\":[{\"@type\":\"ReadAction\",\"target\":[\"https:\\\/\\\/editionsdudauphin.com\\\/en\\\/livre\\\/subjects\\\/health-wellness\\\/health\\\/dietetic\\\/le-livre-sante-de-la-cuisine-vegetale\"]}]},{\"@type\":\"ImageObject\",\"inLanguage\":\"en-US\",\"@id\":\"https:\\\/\\\/editionsdudauphin.com\\\/en\\\/livre\\\/subjects\\\/health-wellness\\\/health\\\/dietetic\\\/le-livre-sante-de-la-cuisine-vegetale#primaryimage\",\"url\":\"https:\\\/\\\/editionsdudauphin.com\\\/wp-content\\\/uploads\\\/2024\\\/01\\\/9782716318310_Cuisine_sante_vegetale.jpg\",\"contentUrl\":\"https:\\\/\\\/editionsdudauphin.com\\\/wp-content\\\/uploads\\\/2024\\\/01\\\/9782716318310_Cuisine_sante_vegetale.jpg\",\"width\":800,\"height\":1130,\"caption\":\"Le livre sant\u00e9 de la cuisine v\u00e9g\u00e9tale\"},{\"@type\":\"BreadcrumbList\",\"@id\":\"https:\\\/\\\/editionsdudauphin.com\\\/en\\\/livre\\\/subjects\\\/health-wellness\\\/health\\\/dietetic\\\/le-livre-sante-de-la-cuisine-vegetale#breadcrumb\",\"itemListElement\":[{\"@type\":\"ListItem\",\"position\":1,\"name\":\"Accueil\",\"item\":\"https:\\\/\\\/editionsdudauphin.com\\\/en\"},{\"@type\":\"ListItem\",\"position\":2,\"name\":\"Boutique\",\"item\":\"https:\\\/\\\/editionsdudauphin.com\\\/boutique\"},{\"@type\":\"ListItem\",\"position\":3,\"name\":\"Le livre sant\u00e9 de la cuisine v\u00e9g\u00e9tale\"}]},{\"@type\":\"WebSite\",\"@id\":\"https:\\\/\\\/editionsdudauphin.com\\\/en#website\",\"url\":\"https:\\\/\\\/editionsdudauphin.com\\\/en\",\"name\":\"\u00c9ditions du Dauphin\",\"description\":\"\",\"potentialAction\":[{\"@type\":\"SearchAction\",\"target\":{\"@type\":\"EntryPoint\",\"urlTemplate\":\"https:\\\/\\\/editionsdudauphin.com\\\/en?s={search_term_string}\"},\"query-input\":{\"@type\":\"PropertyValueSpecification\",\"valueRequired\":true,\"valueName\":\"search_term_string\"}}],\"inLanguage\":\"en-US\"}]}<\/script>\n<!-- \/ Yoast SEO plugin. -->","yoast_head_json":{"title":"Le livre sant\u00e9 de la cuisine v\u00e9g\u00e9tale - \u00c9ditions du Dauphin","description":"Easy and quick to prepare, discover: \u2022 Therapeutic benefits and virtues of 160 deliciously balanced recipes, from breakfast to dinner - \u2022 Original foods","robots":{"index":"index","follow":"follow","max-snippet":"max-snippet:-1","max-image-preview":"max-image-preview:large","max-video-preview":"max-video-preview:-1"},"canonical":"https:\/\/editionsdudauphin.com\/en\/livre\/subjects\/health-wellness\/health\/dietetic\/le-livre-sante-de-la-cuisine-vegetale","og_locale":"en_US","og_type":"article","og_title":"Le livre sant\u00e9 de la cuisine v\u00e9g\u00e9tale - \u00c9ditions du Dauphin","og_description":"Easy and quick to prepare, discover: \u2022 Therapeutic benefits and virtues of 160 deliciously balanced recipes, from breakfast to dinner - \u2022 Original foods","og_url":"https:\/\/editionsdudauphin.com\/en\/livre\/subjects\/health-wellness\/health\/dietetic\/le-livre-sante-de-la-cuisine-vegetale","og_site_name":"\u00c9ditions du Dauphin","article_modified_time":"2025-02-04T16:02:34+00:00","og_image":[{"width":800,"height":1130,"url":"https:\/\/editionsdudauphin.com\/wp-content\/uploads\/2024\/01\/9782716318310_Cuisine_sante_vegetale.jpg","type":"image\/jpeg"}],"twitter_card":"summary_large_image","twitter_misc":{"Est. reading time":"1 minute"},"schema":{"@context":"https:\/\/schema.org","@graph":[{"@type":"WebPage","@id":"https:\/\/editionsdudauphin.com\/en\/livre\/subjects\/health-wellness\/health\/dietetic\/le-livre-sante-de-la-cuisine-vegetale","url":"https:\/\/editionsdudauphin.com\/en\/livre\/subjects\/health-wellness\/health\/dietetic\/le-livre-sante-de-la-cuisine-vegetale","name":"Le livre sant\u00e9 de la cuisine v\u00e9g\u00e9tale - \u00c9ditions du Dauphin","isPartOf":{"@id":"https:\/\/editionsdudauphin.com\/en#website"},"primaryImageOfPage":{"@id":"https:\/\/editionsdudauphin.com\/en\/livre\/subjects\/health-wellness\/health\/dietetic\/le-livre-sante-de-la-cuisine-vegetale#primaryimage"},"image":{"@id":"https:\/\/editionsdudauphin.com\/en\/livre\/subjects\/health-wellness\/health\/dietetic\/le-livre-sante-de-la-cuisine-vegetale#primaryimage"},"thumbnailUrl":"https:\/\/editionsdudauphin.com\/wp-content\/uploads\/2024\/01\/9782716318310_Cuisine_sante_vegetale.jpg","datePublished":"2024-01-11T18:48:36+00:00","dateModified":"2025-02-04T16:02:34+00:00","description":"Easy and quick to prepare, discover: \u2022 Therapeutic benefits and virtues of 160 deliciously balanced recipes, from breakfast to dinner - \u2022 Original foods","breadcrumb":{"@id":"https:\/\/editionsdudauphin.com\/en\/livre\/subjects\/health-wellness\/health\/dietetic\/le-livre-sante-de-la-cuisine-vegetale#breadcrumb"},"inLanguage":"en-US","potentialAction":[{"@type":"ReadAction","target":["https:\/\/editionsdudauphin.com\/en\/livre\/subjects\/health-wellness\/health\/dietetic\/le-livre-sante-de-la-cuisine-vegetale"]}]},{"@type":"ImageObject","inLanguage":"en-US","@id":"https:\/\/editionsdudauphin.com\/en\/livre\/subjects\/health-wellness\/health\/dietetic\/le-livre-sante-de-la-cuisine-vegetale#primaryimage","url":"https:\/\/editionsdudauphin.com\/wp-content\/uploads\/2024\/01\/9782716318310_Cuisine_sante_vegetale.jpg","contentUrl":"https:\/\/editionsdudauphin.com\/wp-content\/uploads\/2024\/01\/9782716318310_Cuisine_sante_vegetale.jpg","width":800,"height":1130,"caption":"Le livre sant\u00e9 de la cuisine v\u00e9g\u00e9tale"},{"@type":"BreadcrumbList","@id":"https:\/\/editionsdudauphin.com\/en\/livre\/subjects\/health-wellness\/health\/dietetic\/le-livre-sante-de-la-cuisine-vegetale#breadcrumb","itemListElement":[{"@type":"ListItem","position":1,"name":"Accueil","item":"https:\/\/editionsdudauphin.com\/en"},{"@type":"ListItem","position":2,"name":"Boutique","item":"https:\/\/editionsdudauphin.com\/boutique"},{"@type":"ListItem","position":3,"name":"Le livre sant\u00e9 de la cuisine v\u00e9g\u00e9tale"}]},{"@type":"WebSite","@id":"https:\/\/editionsdudauphin.com\/en#website","url":"https:\/\/editionsdudauphin.com\/en","name":"\u00c9ditions du Dauphin","description":"","potentialAction":[{"@type":"SearchAction","target":{"@type":"EntryPoint","urlTemplate":"https:\/\/editionsdudauphin.com\/en?s={search_term_string}"},"query-input":{"@type":"PropertyValueSpecification","valueRequired":true,"valueName":"search_term_string"}}],"inLanguage":"en-US"}]}},"_links":{"self":[{"href":"https:\/\/editionsdudauphin.com\/en\/wp-json\/wp\/v2\/product\/17072","targetHints":{"allow":["GET"]}}],"collection":[{"href":"https:\/\/editionsdudauphin.com\/en\/wp-json\/wp\/v2\/product"}],"about":[{"href":"https:\/\/editionsdudauphin.com\/en\/wp-json\/wp\/v2\/types\/product"}],"wp:featuredmedia":[{"embeddable":true,"href":"https:\/\/editionsdudauphin.com\/en\/wp-json\/wp\/v2\/media\/16872"}],"wp:attachment":[{"href":"https:\/\/editionsdudauphin.com\/en\/wp-json\/wp\/v2\/media?parent=17072"}],"wp:term":[{"taxonomy":"product_brand","embeddable":true,"href":"https:\/\/editionsdudauphin.com\/en\/wp-json\/wp\/v2\/product_brand?post=17072"},{"taxonomy":"product_cat","embeddable":true,"href":"https:\/\/editionsdudauphin.com\/en\/wp-json\/wp\/v2\/product_cat?post=17072"},{"taxonomy":"product_tag","embeddable":true,"href":"https:\/\/editionsdudauphin.com\/en\/wp-json\/wp\/v2\/product_tag?post=17072"}],"curies":[{"name":"wp","href":"https:\/\/api.w.org\/{rel}","templated":true}]}}