{"id":17177,"date":"2024-03-27T19:21:36","date_gmt":"2024-03-27T18:21:36","guid":{"rendered":"https:\/\/editionsdudauphin.com\/livre\/uncategorized\/je-me-libere-du-passe"},"modified":"2025-02-07T16:29:43","modified_gmt":"2025-02-07T15:29:43","slug":"je-me-libere-du-passe","status":"publish","type":"product","link":"https:\/\/editionsdudauphin.com\/en\/livre\/subjects\/personal-growth-psycho\/psychology-pop\/je-me-libere-du-passe","title":{"rendered":"Je me lib\u00e8re du pass\u00e9"},"content":{"rendered":"<p>Do you regularly feel yourself in the same type of worry ? Whether it&#8217;s for your private life or your professional activity, do you know what these constant repetitions are due to ?<br \/>\nYou can hope for more than a string of failures or disappointments. You deserve better!<br \/>\nThe author invites you to enter in the intimacy of her practice and the secrecy of her patients (aged 18 to 40), all victims of their repetitive patterns. They came to consult to understand their romantic disillusionment, the abuses they are subjected to, their anxiety in contact with certain people, their fear of commitment, the grip of a narcissistic pervert&#8230;<br \/>\nDiscover the paths of Rebecca, Florence, Jean, Laurent, Raphael, Romane and many others. All of them have one thing in common: realizing that their personal stories influence their behaviour. Like them, find the solution.<\/p>\n","protected":false},"excerpt":{"rendered":"<p>Do you regularly feel yourself in the same type of  [&#8230;]<\/p>\n","protected":false},"featured_media":17157,"template":"","meta":{"_acf_changed":false,"wpupg_custom_link":[],"wpupg_custom_link_behaviour":[],"wpupg_custom_link_nofollow":[],"wpupg_custom_image":[],"wpupg_custom_image_id":[]},"product_brand":[],"product_cat":[169],"product_tag":[],"class_list":{"0":"post-17177","1":"product","2":"type-product","3":"status-publish","4":"has-post-thumbnail","6":"product_cat-psychology-pop","8":"first","9":"instock","10":"taxable","11":"shipping-taxable","12":"purchasable","13":"product-type-simple"},"acf":[],"yoast_head":"<!-- This site is optimized with the Yoast SEO plugin v27.4 - https:\/\/yoast.com\/product\/yoast-seo-wordpress\/ -->\n<title>Je me lib\u00e8re du pass\u00e9 - \u00c9ditions du Dauphin<\/title>\n<meta name=\"description\" content=\"Do you regularly feel yourself in the same type of worry ? Whether it&#039;s for your private life or your professional activity, do you know what these\" \/>\n<meta name=\"robots\" content=\"index, follow, max-snippet:-1, max-image-preview:large, max-video-preview:-1\" \/>\n<link rel=\"canonical\" href=\"https:\/\/editionsdudauphin.com\/en\/livre\/subjects\/personal-growth-psycho\/psychology-pop\/je-me-libere-du-passe\" \/>\n<meta property=\"og:locale\" content=\"en_US\" \/>\n<meta property=\"og:type\" content=\"article\" \/>\n<meta property=\"og:title\" content=\"Je me lib\u00e8re du pass\u00e9 - \u00c9ditions du Dauphin\" \/>\n<meta property=\"og:description\" content=\"Do you regularly feel yourself in the same type of worry ? Whether it&#039;s for your private life or your professional activity, do you know what these\" \/>\n<meta property=\"og:url\" content=\"https:\/\/editionsdudauphin.com\/en\/livre\/subjects\/personal-growth-psycho\/psychology-pop\/je-me-libere-du-passe\" \/>\n<meta property=\"og:site_name\" content=\"\u00c9ditions du Dauphin\" \/>\n<meta property=\"article:modified_time\" content=\"2025-02-07T15:29:43+00:00\" \/>\n<meta property=\"og:image\" content=\"https:\/\/editionsdudauphin.com\/wp-content\/uploads\/2024\/03\/9782716318341_passe.png\" \/>\n\t<meta property=\"og:image:width\" content=\"800\" \/>\n\t<meta property=\"og:image:height\" content=\"1173\" \/>\n\t<meta property=\"og:image:type\" content=\"image\/png\" \/>\n<meta name=\"twitter:card\" content=\"summary_large_image\" \/>\n<meta name=\"twitter:label1\" content=\"Est. reading time\" \/>\n\t<meta name=\"twitter:data1\" content=\"1 minute\" \/>\n<script type=\"application\/ld+json\" class=\"yoast-schema-graph\">{\"@context\":\"https:\\\/\\\/schema.org\",\"@graph\":[{\"@type\":\"WebPage\",\"@id\":\"https:\\\/\\\/editionsdudauphin.com\\\/en\\\/livre\\\/subjects\\\/personal-growth-psycho\\\/psychology-pop\\\/je-me-libere-du-passe\",\"url\":\"https:\\\/\\\/editionsdudauphin.com\\\/en\\\/livre\\\/subjects\\\/personal-growth-psycho\\\/psychology-pop\\\/je-me-libere-du-passe\",\"name\":\"Je me lib\u00e8re du pass\u00e9 - \u00c9ditions du Dauphin\",\"isPartOf\":{\"@id\":\"https:\\\/\\\/editionsdudauphin.com\\\/en#website\"},\"primaryImageOfPage\":{\"@id\":\"https:\\\/\\\/editionsdudauphin.com\\\/en\\\/livre\\\/subjects\\\/personal-growth-psycho\\\/psychology-pop\\\/je-me-libere-du-passe#primaryimage\"},\"image\":{\"@id\":\"https:\\\/\\\/editionsdudauphin.com\\\/en\\\/livre\\\/subjects\\\/personal-growth-psycho\\\/psychology-pop\\\/je-me-libere-du-passe#primaryimage\"},\"thumbnailUrl\":\"https:\\\/\\\/editionsdudauphin.com\\\/wp-content\\\/uploads\\\/2024\\\/03\\\/9782716318341_passe.png\",\"datePublished\":\"2024-03-27T18:21:36+00:00\",\"dateModified\":\"2025-02-07T15:29:43+00:00\",\"description\":\"Do you regularly feel yourself in the same type of worry ? Whether it's for your private life or your professional activity, do you know what these\",\"breadcrumb\":{\"@id\":\"https:\\\/\\\/editionsdudauphin.com\\\/en\\\/livre\\\/subjects\\\/personal-growth-psycho\\\/psychology-pop\\\/je-me-libere-du-passe#breadcrumb\"},\"inLanguage\":\"en-US\",\"potentialAction\":[{\"@type\":\"ReadAction\",\"target\":[\"https:\\\/\\\/editionsdudauphin.com\\\/en\\\/livre\\\/subjects\\\/personal-growth-psycho\\\/psychology-pop\\\/je-me-libere-du-passe\"]}]},{\"@type\":\"ImageObject\",\"inLanguage\":\"en-US\",\"@id\":\"https:\\\/\\\/editionsdudauphin.com\\\/en\\\/livre\\\/subjects\\\/personal-growth-psycho\\\/psychology-pop\\\/je-me-libere-du-passe#primaryimage\",\"url\":\"https:\\\/\\\/editionsdudauphin.com\\\/wp-content\\\/uploads\\\/2024\\\/03\\\/9782716318341_passe.png\",\"contentUrl\":\"https:\\\/\\\/editionsdudauphin.com\\\/wp-content\\\/uploads\\\/2024\\\/03\\\/9782716318341_passe.png\",\"width\":800,\"height\":1173,\"caption\":\"Je me lib\u00e8re du pass\u00e9\"},{\"@type\":\"BreadcrumbList\",\"@id\":\"https:\\\/\\\/editionsdudauphin.com\\\/en\\\/livre\\\/subjects\\\/personal-growth-psycho\\\/psychology-pop\\\/je-me-libere-du-passe#breadcrumb\",\"itemListElement\":[{\"@type\":\"ListItem\",\"position\":1,\"name\":\"Accueil\",\"item\":\"https:\\\/\\\/editionsdudauphin.com\\\/en\"},{\"@type\":\"ListItem\",\"position\":2,\"name\":\"Boutique\",\"item\":\"https:\\\/\\\/editionsdudauphin.com\\\/boutique\"},{\"@type\":\"ListItem\",\"position\":3,\"name\":\"Je me lib\u00e8re du pass\u00e9\"}]},{\"@type\":\"WebSite\",\"@id\":\"https:\\\/\\\/editionsdudauphin.com\\\/en#website\",\"url\":\"https:\\\/\\\/editionsdudauphin.com\\\/en\",\"name\":\"\u00c9ditions du Dauphin\",\"description\":\"\",\"potentialAction\":[{\"@type\":\"SearchAction\",\"target\":{\"@type\":\"EntryPoint\",\"urlTemplate\":\"https:\\\/\\\/editionsdudauphin.com\\\/en?s={search_term_string}\"},\"query-input\":{\"@type\":\"PropertyValueSpecification\",\"valueRequired\":true,\"valueName\":\"search_term_string\"}}],\"inLanguage\":\"en-US\"}]}<\/script>\n<!-- \/ Yoast SEO plugin. -->","yoast_head_json":{"title":"Je me lib\u00e8re du pass\u00e9 - \u00c9ditions du Dauphin","description":"Do you regularly feel yourself in the same type of worry ? Whether it's for your private life or your professional activity, do you know what these","robots":{"index":"index","follow":"follow","max-snippet":"max-snippet:-1","max-image-preview":"max-image-preview:large","max-video-preview":"max-video-preview:-1"},"canonical":"https:\/\/editionsdudauphin.com\/en\/livre\/subjects\/personal-growth-psycho\/psychology-pop\/je-me-libere-du-passe","og_locale":"en_US","og_type":"article","og_title":"Je me lib\u00e8re du pass\u00e9 - \u00c9ditions du Dauphin","og_description":"Do you regularly feel yourself in the same type of worry ? Whether it's for your private life or your professional activity, do you know what these","og_url":"https:\/\/editionsdudauphin.com\/en\/livre\/subjects\/personal-growth-psycho\/psychology-pop\/je-me-libere-du-passe","og_site_name":"\u00c9ditions du Dauphin","article_modified_time":"2025-02-07T15:29:43+00:00","og_image":[{"width":800,"height":1173,"url":"https:\/\/editionsdudauphin.com\/wp-content\/uploads\/2024\/03\/9782716318341_passe.png","type":"image\/png"}],"twitter_card":"summary_large_image","twitter_misc":{"Est. reading time":"1 minute"},"schema":{"@context":"https:\/\/schema.org","@graph":[{"@type":"WebPage","@id":"https:\/\/editionsdudauphin.com\/en\/livre\/subjects\/personal-growth-psycho\/psychology-pop\/je-me-libere-du-passe","url":"https:\/\/editionsdudauphin.com\/en\/livre\/subjects\/personal-growth-psycho\/psychology-pop\/je-me-libere-du-passe","name":"Je me lib\u00e8re du pass\u00e9 - \u00c9ditions du Dauphin","isPartOf":{"@id":"https:\/\/editionsdudauphin.com\/en#website"},"primaryImageOfPage":{"@id":"https:\/\/editionsdudauphin.com\/en\/livre\/subjects\/personal-growth-psycho\/psychology-pop\/je-me-libere-du-passe#primaryimage"},"image":{"@id":"https:\/\/editionsdudauphin.com\/en\/livre\/subjects\/personal-growth-psycho\/psychology-pop\/je-me-libere-du-passe#primaryimage"},"thumbnailUrl":"https:\/\/editionsdudauphin.com\/wp-content\/uploads\/2024\/03\/9782716318341_passe.png","datePublished":"2024-03-27T18:21:36+00:00","dateModified":"2025-02-07T15:29:43+00:00","description":"Do you regularly feel yourself in the same type of worry ? Whether it's for your private life or your professional activity, do you know what these","breadcrumb":{"@id":"https:\/\/editionsdudauphin.com\/en\/livre\/subjects\/personal-growth-psycho\/psychology-pop\/je-me-libere-du-passe#breadcrumb"},"inLanguage":"en-US","potentialAction":[{"@type":"ReadAction","target":["https:\/\/editionsdudauphin.com\/en\/livre\/subjects\/personal-growth-psycho\/psychology-pop\/je-me-libere-du-passe"]}]},{"@type":"ImageObject","inLanguage":"en-US","@id":"https:\/\/editionsdudauphin.com\/en\/livre\/subjects\/personal-growth-psycho\/psychology-pop\/je-me-libere-du-passe#primaryimage","url":"https:\/\/editionsdudauphin.com\/wp-content\/uploads\/2024\/03\/9782716318341_passe.png","contentUrl":"https:\/\/editionsdudauphin.com\/wp-content\/uploads\/2024\/03\/9782716318341_passe.png","width":800,"height":1173,"caption":"Je me lib\u00e8re du pass\u00e9"},{"@type":"BreadcrumbList","@id":"https:\/\/editionsdudauphin.com\/en\/livre\/subjects\/personal-growth-psycho\/psychology-pop\/je-me-libere-du-passe#breadcrumb","itemListElement":[{"@type":"ListItem","position":1,"name":"Accueil","item":"https:\/\/editionsdudauphin.com\/en"},{"@type":"ListItem","position":2,"name":"Boutique","item":"https:\/\/editionsdudauphin.com\/boutique"},{"@type":"ListItem","position":3,"name":"Je me lib\u00e8re du pass\u00e9"}]},{"@type":"WebSite","@id":"https:\/\/editionsdudauphin.com\/en#website","url":"https:\/\/editionsdudauphin.com\/en","name":"\u00c9ditions du Dauphin","description":"","potentialAction":[{"@type":"SearchAction","target":{"@type":"EntryPoint","urlTemplate":"https:\/\/editionsdudauphin.com\/en?s={search_term_string}"},"query-input":{"@type":"PropertyValueSpecification","valueRequired":true,"valueName":"search_term_string"}}],"inLanguage":"en-US"}]}},"_links":{"self":[{"href":"https:\/\/editionsdudauphin.com\/en\/wp-json\/wp\/v2\/product\/17177","targetHints":{"allow":["GET"]}}],"collection":[{"href":"https:\/\/editionsdudauphin.com\/en\/wp-json\/wp\/v2\/product"}],"about":[{"href":"https:\/\/editionsdudauphin.com\/en\/wp-json\/wp\/v2\/types\/product"}],"wp:featuredmedia":[{"embeddable":true,"href":"https:\/\/editionsdudauphin.com\/en\/wp-json\/wp\/v2\/media\/17157"}],"wp:attachment":[{"href":"https:\/\/editionsdudauphin.com\/en\/wp-json\/wp\/v2\/media?parent=17177"}],"wp:term":[{"taxonomy":"product_brand","embeddable":true,"href":"https:\/\/editionsdudauphin.com\/en\/wp-json\/wp\/v2\/product_brand?post=17177"},{"taxonomy":"product_cat","embeddable":true,"href":"https:\/\/editionsdudauphin.com\/en\/wp-json\/wp\/v2\/product_cat?post=17177"},{"taxonomy":"product_tag","embeddable":true,"href":"https:\/\/editionsdudauphin.com\/en\/wp-json\/wp\/v2\/product_tag?post=17177"}],"curies":[{"name":"wp","href":"https:\/\/api.w.org\/{rel}","templated":true}]}}