{"id":17821,"date":"2024-10-07T18:54:08","date_gmt":"2024-10-07T16:54:08","guid":{"rendered":"https:\/\/editionsdudauphin.com\/livre\/uncategorized\/300-pathologies-soignees-au-naturel-dictionnaire-complet"},"modified":"2024-10-11T10:58:46","modified_gmt":"2024-10-11T08:58:46","slug":"300-pathologies-soignees-au-naturel-dictionnaire-complet","status":"publish","type":"product","link":"https:\/\/editionsdudauphin.com\/en\/livre\/subjects\/health-wellness\/health\/natural-medecine\/essential-oils-en\/300-pathologies-soignees-au-naturel-dictionnaire-complet","title":{"rendered":"300 pathologies soign\u00e9es au naturel &#8211; dictionnaire complet"},"content":{"rendered":"<p>Essential oils, medicinal plants, buds, floral waters, vegetable oils, plant extracts, all these natural remedies have become essential. Which one to choose when you have a health problem ? No need to ask you this question: you will find the efficient solutionmade for you. The complete dictionary of pathologies is the essential book for all those who wish to avoid chemical molecules. Written by the famous Doctor in pharmacy and author of best-sellers, this book offers several solutions tried and tested fo more than 300 common pathologies, and have proven their effectiveness.You will find the quick tip to relieve your first symptoms, and if necessary, the in-deepth treatment you might need.<\/p>\n","protected":false},"excerpt":{"rendered":"<p>Essential oils, medicinal plants, buds, floral waters, vegetable oils, plant  [&#8230;]<\/p>\n","protected":false},"featured_media":17778,"template":"","meta":{"_acf_changed":false,"wpupg_custom_link":[],"wpupg_custom_link_behaviour":[],"wpupg_custom_link_nofollow":[],"wpupg_custom_image":[],"wpupg_custom_image_id":[]},"product_brand":[],"product_cat":[165,352],"product_tag":[],"class_list":{"0":"post-17821","1":"product","2":"type-product","3":"status-publish","4":"has-post-thumbnail","6":"product_cat-natural-medecine","7":"product_cat-essential-oils-en","9":"first","10":"instock","11":"taxable","12":"shipping-taxable","13":"purchasable","14":"product-type-simple"},"acf":[],"yoast_head":"<!-- This site is optimized with the Yoast SEO plugin v27.3 - https:\/\/yoast.com\/product\/yoast-seo-wordpress\/ -->\n<title>300 pathologies soign\u00e9es au naturel - dictionnaire complet - \u00c9ditions du Dauphin<\/title>\n<meta name=\"description\" content=\"Dans 300 pathologies soign\u00e9es au naturel, suivez les conseils du Dr Zahalka, expert en traitements naturels, pour vous soigner efficacement.\" \/>\n<meta name=\"robots\" content=\"index, follow, max-snippet:-1, max-image-preview:large, max-video-preview:-1\" \/>\n<link rel=\"canonical\" href=\"https:\/\/editionsdudauphin.com\/en\/livre\/subjects\/health-wellness\/health\/natural-medecine\/essential-oils-en\/300-pathologies-soignees-au-naturel-dictionnaire-complet\" \/>\n<meta property=\"og:locale\" content=\"en_US\" \/>\n<meta property=\"og:type\" content=\"article\" \/>\n<meta property=\"og:title\" content=\"300 pathologies soign\u00e9es au naturel - dictionnaire complet - \u00c9ditions du Dauphin\" \/>\n<meta property=\"og:description\" content=\"Dans 300 pathologies soign\u00e9es au naturel, suivez les conseils du Dr Zahalka, expert en traitements naturels, pour vous soigner efficacement.\" \/>\n<meta property=\"og:url\" content=\"https:\/\/editionsdudauphin.com\/en\/livre\/subjects\/health-wellness\/health\/natural-medecine\/essential-oils-en\/300-pathologies-soignees-au-naturel-dictionnaire-complet\" \/>\n<meta property=\"og:site_name\" content=\"\u00c9ditions du Dauphin\" \/>\n<meta property=\"article:modified_time\" content=\"2024-10-11T08:58:46+00:00\" \/>\n<meta property=\"og:image\" content=\"https:\/\/editionsdudauphin.com\/wp-content\/uploads\/2024\/10\/9782716318419_300_pathologies-1.jpg\" \/>\n\t<meta property=\"og:image:width\" content=\"800\" \/>\n\t<meta property=\"og:image:height\" content=\"1058\" \/>\n\t<meta property=\"og:image:type\" content=\"image\/jpeg\" \/>\n<meta name=\"twitter:card\" content=\"summary_large_image\" \/>\n<meta name=\"twitter:label1\" content=\"Est. reading time\" \/>\n\t<meta name=\"twitter:data1\" content=\"1 minute\" \/>\n<script type=\"application\/ld+json\" class=\"yoast-schema-graph\">{\"@context\":\"https:\\\/\\\/schema.org\",\"@graph\":[{\"@type\":\"WebPage\",\"@id\":\"https:\\\/\\\/editionsdudauphin.com\\\/en\\\/livre\\\/subjects\\\/health-wellness\\\/health\\\/natural-medecine\\\/essential-oils-en\\\/300-pathologies-soignees-au-naturel-dictionnaire-complet\",\"url\":\"https:\\\/\\\/editionsdudauphin.com\\\/en\\\/livre\\\/subjects\\\/health-wellness\\\/health\\\/natural-medecine\\\/essential-oils-en\\\/300-pathologies-soignees-au-naturel-dictionnaire-complet\",\"name\":\"300 pathologies soign\u00e9es au naturel - dictionnaire complet - \u00c9ditions du Dauphin\",\"isPartOf\":{\"@id\":\"https:\\\/\\\/editionsdudauphin.com\\\/en#website\"},\"primaryImageOfPage\":{\"@id\":\"https:\\\/\\\/editionsdudauphin.com\\\/en\\\/livre\\\/subjects\\\/health-wellness\\\/health\\\/natural-medecine\\\/essential-oils-en\\\/300-pathologies-soignees-au-naturel-dictionnaire-complet#primaryimage\"},\"image\":{\"@id\":\"https:\\\/\\\/editionsdudauphin.com\\\/en\\\/livre\\\/subjects\\\/health-wellness\\\/health\\\/natural-medecine\\\/essential-oils-en\\\/300-pathologies-soignees-au-naturel-dictionnaire-complet#primaryimage\"},\"thumbnailUrl\":\"https:\\\/\\\/editionsdudauphin.com\\\/wp-content\\\/uploads\\\/2024\\\/10\\\/9782716318419_300_pathologies-1.jpg\",\"datePublished\":\"2024-10-07T16:54:08+00:00\",\"dateModified\":\"2024-10-11T08:58:46+00:00\",\"description\":\"Dans 300 pathologies soign\u00e9es au naturel, suivez les conseils du Dr Zahalka, expert en traitements naturels, pour vous soigner efficacement.\",\"breadcrumb\":{\"@id\":\"https:\\\/\\\/editionsdudauphin.com\\\/en\\\/livre\\\/subjects\\\/health-wellness\\\/health\\\/natural-medecine\\\/essential-oils-en\\\/300-pathologies-soignees-au-naturel-dictionnaire-complet#breadcrumb\"},\"inLanguage\":\"en-US\",\"potentialAction\":[{\"@type\":\"ReadAction\",\"target\":[\"https:\\\/\\\/editionsdudauphin.com\\\/en\\\/livre\\\/subjects\\\/health-wellness\\\/health\\\/natural-medecine\\\/essential-oils-en\\\/300-pathologies-soignees-au-naturel-dictionnaire-complet\"]}]},{\"@type\":\"ImageObject\",\"inLanguage\":\"en-US\",\"@id\":\"https:\\\/\\\/editionsdudauphin.com\\\/en\\\/livre\\\/subjects\\\/health-wellness\\\/health\\\/natural-medecine\\\/essential-oils-en\\\/300-pathologies-soignees-au-naturel-dictionnaire-complet#primaryimage\",\"url\":\"https:\\\/\\\/editionsdudauphin.com\\\/wp-content\\\/uploads\\\/2024\\\/10\\\/9782716318419_300_pathologies-1.jpg\",\"contentUrl\":\"https:\\\/\\\/editionsdudauphin.com\\\/wp-content\\\/uploads\\\/2024\\\/10\\\/9782716318419_300_pathologies-1.jpg\",\"width\":800,\"height\":1058,\"caption\":\"300 pathologies soign\u00e9es au naturel\"},{\"@type\":\"BreadcrumbList\",\"@id\":\"https:\\\/\\\/editionsdudauphin.com\\\/en\\\/livre\\\/subjects\\\/health-wellness\\\/health\\\/natural-medecine\\\/essential-oils-en\\\/300-pathologies-soignees-au-naturel-dictionnaire-complet#breadcrumb\",\"itemListElement\":[{\"@type\":\"ListItem\",\"position\":1,\"name\":\"Accueil\",\"item\":\"https:\\\/\\\/editionsdudauphin.com\\\/en\"},{\"@type\":\"ListItem\",\"position\":2,\"name\":\"Boutique\",\"item\":\"https:\\\/\\\/editionsdudauphin.com\\\/boutique\"},{\"@type\":\"ListItem\",\"position\":3,\"name\":\"300 pathologies soign\u00e9es au naturel &#8211; dictionnaire complet\"}]},{\"@type\":\"WebSite\",\"@id\":\"https:\\\/\\\/editionsdudauphin.com\\\/en#website\",\"url\":\"https:\\\/\\\/editionsdudauphin.com\\\/en\",\"name\":\"\u00c9ditions du Dauphin\",\"description\":\"\",\"potentialAction\":[{\"@type\":\"SearchAction\",\"target\":{\"@type\":\"EntryPoint\",\"urlTemplate\":\"https:\\\/\\\/editionsdudauphin.com\\\/en?s={search_term_string}\"},\"query-input\":{\"@type\":\"PropertyValueSpecification\",\"valueRequired\":true,\"valueName\":\"search_term_string\"}}],\"inLanguage\":\"en-US\"}]}<\/script>\n<!-- \/ Yoast SEO plugin. -->","yoast_head_json":{"title":"300 pathologies soign\u00e9es au naturel - dictionnaire complet - \u00c9ditions du Dauphin","description":"Dans 300 pathologies soign\u00e9es au naturel, suivez les conseils du Dr Zahalka, expert en traitements naturels, pour vous soigner efficacement.","robots":{"index":"index","follow":"follow","max-snippet":"max-snippet:-1","max-image-preview":"max-image-preview:large","max-video-preview":"max-video-preview:-1"},"canonical":"https:\/\/editionsdudauphin.com\/en\/livre\/subjects\/health-wellness\/health\/natural-medecine\/essential-oils-en\/300-pathologies-soignees-au-naturel-dictionnaire-complet","og_locale":"en_US","og_type":"article","og_title":"300 pathologies soign\u00e9es au naturel - dictionnaire complet - \u00c9ditions du Dauphin","og_description":"Dans 300 pathologies soign\u00e9es au naturel, suivez les conseils du Dr Zahalka, expert en traitements naturels, pour vous soigner efficacement.","og_url":"https:\/\/editionsdudauphin.com\/en\/livre\/subjects\/health-wellness\/health\/natural-medecine\/essential-oils-en\/300-pathologies-soignees-au-naturel-dictionnaire-complet","og_site_name":"\u00c9ditions du Dauphin","article_modified_time":"2024-10-11T08:58:46+00:00","og_image":[{"width":800,"height":1058,"url":"https:\/\/editionsdudauphin.com\/wp-content\/uploads\/2024\/10\/9782716318419_300_pathologies-1.jpg","type":"image\/jpeg"}],"twitter_card":"summary_large_image","twitter_misc":{"Est. reading time":"1 minute"},"schema":{"@context":"https:\/\/schema.org","@graph":[{"@type":"WebPage","@id":"https:\/\/editionsdudauphin.com\/en\/livre\/subjects\/health-wellness\/health\/natural-medecine\/essential-oils-en\/300-pathologies-soignees-au-naturel-dictionnaire-complet","url":"https:\/\/editionsdudauphin.com\/en\/livre\/subjects\/health-wellness\/health\/natural-medecine\/essential-oils-en\/300-pathologies-soignees-au-naturel-dictionnaire-complet","name":"300 pathologies soign\u00e9es au naturel - dictionnaire complet - \u00c9ditions du Dauphin","isPartOf":{"@id":"https:\/\/editionsdudauphin.com\/en#website"},"primaryImageOfPage":{"@id":"https:\/\/editionsdudauphin.com\/en\/livre\/subjects\/health-wellness\/health\/natural-medecine\/essential-oils-en\/300-pathologies-soignees-au-naturel-dictionnaire-complet#primaryimage"},"image":{"@id":"https:\/\/editionsdudauphin.com\/en\/livre\/subjects\/health-wellness\/health\/natural-medecine\/essential-oils-en\/300-pathologies-soignees-au-naturel-dictionnaire-complet#primaryimage"},"thumbnailUrl":"https:\/\/editionsdudauphin.com\/wp-content\/uploads\/2024\/10\/9782716318419_300_pathologies-1.jpg","datePublished":"2024-10-07T16:54:08+00:00","dateModified":"2024-10-11T08:58:46+00:00","description":"Dans 300 pathologies soign\u00e9es au naturel, suivez les conseils du Dr Zahalka, expert en traitements naturels, pour vous soigner efficacement.","breadcrumb":{"@id":"https:\/\/editionsdudauphin.com\/en\/livre\/subjects\/health-wellness\/health\/natural-medecine\/essential-oils-en\/300-pathologies-soignees-au-naturel-dictionnaire-complet#breadcrumb"},"inLanguage":"en-US","potentialAction":[{"@type":"ReadAction","target":["https:\/\/editionsdudauphin.com\/en\/livre\/subjects\/health-wellness\/health\/natural-medecine\/essential-oils-en\/300-pathologies-soignees-au-naturel-dictionnaire-complet"]}]},{"@type":"ImageObject","inLanguage":"en-US","@id":"https:\/\/editionsdudauphin.com\/en\/livre\/subjects\/health-wellness\/health\/natural-medecine\/essential-oils-en\/300-pathologies-soignees-au-naturel-dictionnaire-complet#primaryimage","url":"https:\/\/editionsdudauphin.com\/wp-content\/uploads\/2024\/10\/9782716318419_300_pathologies-1.jpg","contentUrl":"https:\/\/editionsdudauphin.com\/wp-content\/uploads\/2024\/10\/9782716318419_300_pathologies-1.jpg","width":800,"height":1058,"caption":"300 pathologies soign\u00e9es au naturel"},{"@type":"BreadcrumbList","@id":"https:\/\/editionsdudauphin.com\/en\/livre\/subjects\/health-wellness\/health\/natural-medecine\/essential-oils-en\/300-pathologies-soignees-au-naturel-dictionnaire-complet#breadcrumb","itemListElement":[{"@type":"ListItem","position":1,"name":"Accueil","item":"https:\/\/editionsdudauphin.com\/en"},{"@type":"ListItem","position":2,"name":"Boutique","item":"https:\/\/editionsdudauphin.com\/boutique"},{"@type":"ListItem","position":3,"name":"300 pathologies soign\u00e9es au naturel &#8211; dictionnaire complet"}]},{"@type":"WebSite","@id":"https:\/\/editionsdudauphin.com\/en#website","url":"https:\/\/editionsdudauphin.com\/en","name":"\u00c9ditions du Dauphin","description":"","potentialAction":[{"@type":"SearchAction","target":{"@type":"EntryPoint","urlTemplate":"https:\/\/editionsdudauphin.com\/en?s={search_term_string}"},"query-input":{"@type":"PropertyValueSpecification","valueRequired":true,"valueName":"search_term_string"}}],"inLanguage":"en-US"}]}},"_links":{"self":[{"href":"https:\/\/editionsdudauphin.com\/en\/wp-json\/wp\/v2\/product\/17821","targetHints":{"allow":["GET"]}}],"collection":[{"href":"https:\/\/editionsdudauphin.com\/en\/wp-json\/wp\/v2\/product"}],"about":[{"href":"https:\/\/editionsdudauphin.com\/en\/wp-json\/wp\/v2\/types\/product"}],"wp:featuredmedia":[{"embeddable":true,"href":"https:\/\/editionsdudauphin.com\/en\/wp-json\/wp\/v2\/media\/17778"}],"wp:attachment":[{"href":"https:\/\/editionsdudauphin.com\/en\/wp-json\/wp\/v2\/media?parent=17821"}],"wp:term":[{"taxonomy":"product_brand","embeddable":true,"href":"https:\/\/editionsdudauphin.com\/en\/wp-json\/wp\/v2\/product_brand?post=17821"},{"taxonomy":"product_cat","embeddable":true,"href":"https:\/\/editionsdudauphin.com\/en\/wp-json\/wp\/v2\/product_cat?post=17821"},{"taxonomy":"product_tag","embeddable":true,"href":"https:\/\/editionsdudauphin.com\/en\/wp-json\/wp\/v2\/product_tag?post=17821"}],"curies":[{"name":"wp","href":"https:\/\/api.w.org\/{rel}","templated":true}]}}