{"id":17829,"date":"2024-10-11T11:30:17","date_gmt":"2024-10-11T09:30:17","guid":{"rendered":"https:\/\/editionsdudauphin.com\/livre\/uncategorized\/intolerances-a-lhistamine"},"modified":"2024-10-11T11:53:11","modified_gmt":"2024-10-11T09:53:11","slug":"intolerances-a-lhistamine","status":"publish","type":"product","link":"https:\/\/editionsdudauphin.com\/en\/livre\/subjects\/health-wellness\/health\/prevention-en\/intolerances-a-lhistamine","title":{"rendered":"Intol\u00e9rances \u00e0 l&#8217;histamine"},"content":{"rendered":"<p>To understand symptoms, diagnoses and treatments.<\/p>\n<p>Around 20% of children aged 9 and older and 30% of adults are affected by allergies in France.<br \/>\nYou suffer from allergies, gastrointestinal discomfort, skin rash, breathing difficulties or other chronic symptoms that make you disabled?<br \/>\nWhat if you were intolerant to histamine without knowing it?<br \/>\nAllergies and intolerances are due to an imbalance of histamine produced by your body. This intolerance is usually due to its excess, caused by the ingestion of foods that are rich in it (fish, fermented food, avocados, etc.). Once the diagnosis is made, solutions can be settle. If you suffer from intolerances and allergies, this book will be essential to understand them. It will also give you key information about their symptoms, causes and treatment options. Andrea Fernandez Indulsky offers a thorough understanding and detailed exploration of histamine and how it works.<br \/>\nIt also provides practical and nutritional solutions to help managing symptoms associated with intolerances: cardiac, hormonal, digestive, dermatological.<\/p>\n","protected":false},"excerpt":{"rendered":"<p>To understand symptoms, diagnoses and treatments. Around 20% of children  [&#8230;]<\/p>\n","protected":false},"featured_media":17824,"template":"","meta":{"_acf_changed":false,"wpupg_custom_link":[],"wpupg_custom_link_behaviour":[],"wpupg_custom_link_nofollow":[],"wpupg_custom_image":[],"wpupg_custom_image_id":[]},"product_brand":[],"product_cat":[166],"product_tag":[],"class_list":{"0":"post-17829","1":"product","2":"type-product","3":"status-publish","4":"has-post-thumbnail","6":"product_cat-prevention-en","8":"first","9":"instock","10":"taxable","11":"shipping-taxable","12":"purchasable","13":"product-type-simple"},"acf":[],"yoast_head":"<!-- This site is optimized with the Yoast SEO plugin v27.4 - https:\/\/yoast.com\/product\/yoast-seo-wordpress\/ -->\n<title>Intol\u00e9rances \u00e0 l&#039;histamine - \u00c9ditions du Dauphin<\/title>\n<meta name=\"description\" content=\"To understand symptoms, diagnoses and treatments. Around 20% of children aged 9 and older and 30% of adults are affected by allergies in France. You\" \/>\n<meta name=\"robots\" content=\"index, follow, max-snippet:-1, max-image-preview:large, max-video-preview:-1\" \/>\n<link rel=\"canonical\" href=\"https:\/\/editionsdudauphin.com\/en\/livre\/subjects\/health-wellness\/health\/prevention-en\/intolerances-a-lhistamine\" \/>\n<meta property=\"og:locale\" content=\"en_US\" \/>\n<meta property=\"og:type\" content=\"article\" \/>\n<meta property=\"og:title\" content=\"Intol\u00e9rances \u00e0 l&#039;histamine - \u00c9ditions du Dauphin\" \/>\n<meta property=\"og:description\" content=\"To understand symptoms, diagnoses and treatments. Around 20% of children aged 9 and older and 30% of adults are affected by allergies in France. You\" \/>\n<meta property=\"og:url\" content=\"https:\/\/editionsdudauphin.com\/en\/livre\/subjects\/health-wellness\/health\/prevention-en\/intolerances-a-lhistamine\" \/>\n<meta property=\"og:site_name\" content=\"\u00c9ditions du Dauphin\" \/>\n<meta property=\"article:modified_time\" content=\"2024-10-11T09:53:11+00:00\" \/>\n<meta property=\"og:image\" content=\"https:\/\/editionsdudauphin.com\/wp-content\/uploads\/2024\/10\/9782716318433_histamine.jpg\" \/>\n\t<meta property=\"og:image:width\" content=\"800\" \/>\n\t<meta property=\"og:image:height\" content=\"1199\" \/>\n\t<meta property=\"og:image:type\" content=\"image\/jpeg\" \/>\n<meta name=\"twitter:card\" content=\"summary_large_image\" \/>\n<meta name=\"twitter:label1\" content=\"Est. reading time\" \/>\n\t<meta name=\"twitter:data1\" content=\"1 minute\" \/>\n<script type=\"application\/ld+json\" class=\"yoast-schema-graph\">{\"@context\":\"https:\\\/\\\/schema.org\",\"@graph\":[{\"@type\":\"WebPage\",\"@id\":\"https:\\\/\\\/editionsdudauphin.com\\\/en\\\/livre\\\/subjects\\\/health-wellness\\\/health\\\/prevention-en\\\/intolerances-a-lhistamine\",\"url\":\"https:\\\/\\\/editionsdudauphin.com\\\/en\\\/livre\\\/subjects\\\/health-wellness\\\/health\\\/prevention-en\\\/intolerances-a-lhistamine\",\"name\":\"Intol\u00e9rances \u00e0 l'histamine - \u00c9ditions du Dauphin\",\"isPartOf\":{\"@id\":\"https:\\\/\\\/editionsdudauphin.com\\\/en#website\"},\"primaryImageOfPage\":{\"@id\":\"https:\\\/\\\/editionsdudauphin.com\\\/en\\\/livre\\\/subjects\\\/health-wellness\\\/health\\\/prevention-en\\\/intolerances-a-lhistamine#primaryimage\"},\"image\":{\"@id\":\"https:\\\/\\\/editionsdudauphin.com\\\/en\\\/livre\\\/subjects\\\/health-wellness\\\/health\\\/prevention-en\\\/intolerances-a-lhistamine#primaryimage\"},\"thumbnailUrl\":\"https:\\\/\\\/editionsdudauphin.com\\\/wp-content\\\/uploads\\\/2024\\\/10\\\/9782716318433_histamine.jpg\",\"datePublished\":\"2024-10-11T09:30:17+00:00\",\"dateModified\":\"2024-10-11T09:53:11+00:00\",\"description\":\"To understand symptoms, diagnoses and treatments. Around 20% of children aged 9 and older and 30% of adults are affected by allergies in France. You\",\"breadcrumb\":{\"@id\":\"https:\\\/\\\/editionsdudauphin.com\\\/en\\\/livre\\\/subjects\\\/health-wellness\\\/health\\\/prevention-en\\\/intolerances-a-lhistamine#breadcrumb\"},\"inLanguage\":\"en-US\",\"potentialAction\":[{\"@type\":\"ReadAction\",\"target\":[\"https:\\\/\\\/editionsdudauphin.com\\\/en\\\/livre\\\/subjects\\\/health-wellness\\\/health\\\/prevention-en\\\/intolerances-a-lhistamine\"]}]},{\"@type\":\"ImageObject\",\"inLanguage\":\"en-US\",\"@id\":\"https:\\\/\\\/editionsdudauphin.com\\\/en\\\/livre\\\/subjects\\\/health-wellness\\\/health\\\/prevention-en\\\/intolerances-a-lhistamine#primaryimage\",\"url\":\"https:\\\/\\\/editionsdudauphin.com\\\/wp-content\\\/uploads\\\/2024\\\/10\\\/9782716318433_histamine.jpg\",\"contentUrl\":\"https:\\\/\\\/editionsdudauphin.com\\\/wp-content\\\/uploads\\\/2024\\\/10\\\/9782716318433_histamine.jpg\",\"width\":800,\"height\":1199,\"caption\":\"Intol\u00e9rance \u00e0 l'histamine\"},{\"@type\":\"BreadcrumbList\",\"@id\":\"https:\\\/\\\/editionsdudauphin.com\\\/en\\\/livre\\\/subjects\\\/health-wellness\\\/health\\\/prevention-en\\\/intolerances-a-lhistamine#breadcrumb\",\"itemListElement\":[{\"@type\":\"ListItem\",\"position\":1,\"name\":\"Accueil\",\"item\":\"https:\\\/\\\/editionsdudauphin.com\\\/en\"},{\"@type\":\"ListItem\",\"position\":2,\"name\":\"Boutique\",\"item\":\"https:\\\/\\\/editionsdudauphin.com\\\/boutique\"},{\"@type\":\"ListItem\",\"position\":3,\"name\":\"Intol\u00e9rances \u00e0 l&#8217;histamine\"}]},{\"@type\":\"WebSite\",\"@id\":\"https:\\\/\\\/editionsdudauphin.com\\\/en#website\",\"url\":\"https:\\\/\\\/editionsdudauphin.com\\\/en\",\"name\":\"\u00c9ditions du Dauphin\",\"description\":\"\",\"potentialAction\":[{\"@type\":\"SearchAction\",\"target\":{\"@type\":\"EntryPoint\",\"urlTemplate\":\"https:\\\/\\\/editionsdudauphin.com\\\/en?s={search_term_string}\"},\"query-input\":{\"@type\":\"PropertyValueSpecification\",\"valueRequired\":true,\"valueName\":\"search_term_string\"}}],\"inLanguage\":\"en-US\"}]}<\/script>\n<!-- \/ Yoast SEO plugin. -->","yoast_head_json":{"title":"Intol\u00e9rances \u00e0 l'histamine - \u00c9ditions du Dauphin","description":"To understand symptoms, diagnoses and treatments. Around 20% of children aged 9 and older and 30% of adults are affected by allergies in France. You","robots":{"index":"index","follow":"follow","max-snippet":"max-snippet:-1","max-image-preview":"max-image-preview:large","max-video-preview":"max-video-preview:-1"},"canonical":"https:\/\/editionsdudauphin.com\/en\/livre\/subjects\/health-wellness\/health\/prevention-en\/intolerances-a-lhistamine","og_locale":"en_US","og_type":"article","og_title":"Intol\u00e9rances \u00e0 l'histamine - \u00c9ditions du Dauphin","og_description":"To understand symptoms, diagnoses and treatments. Around 20% of children aged 9 and older and 30% of adults are affected by allergies in France. You","og_url":"https:\/\/editionsdudauphin.com\/en\/livre\/subjects\/health-wellness\/health\/prevention-en\/intolerances-a-lhistamine","og_site_name":"\u00c9ditions du Dauphin","article_modified_time":"2024-10-11T09:53:11+00:00","og_image":[{"width":800,"height":1199,"url":"https:\/\/editionsdudauphin.com\/wp-content\/uploads\/2024\/10\/9782716318433_histamine.jpg","type":"image\/jpeg"}],"twitter_card":"summary_large_image","twitter_misc":{"Est. reading time":"1 minute"},"schema":{"@context":"https:\/\/schema.org","@graph":[{"@type":"WebPage","@id":"https:\/\/editionsdudauphin.com\/en\/livre\/subjects\/health-wellness\/health\/prevention-en\/intolerances-a-lhistamine","url":"https:\/\/editionsdudauphin.com\/en\/livre\/subjects\/health-wellness\/health\/prevention-en\/intolerances-a-lhistamine","name":"Intol\u00e9rances \u00e0 l'histamine - \u00c9ditions du Dauphin","isPartOf":{"@id":"https:\/\/editionsdudauphin.com\/en#website"},"primaryImageOfPage":{"@id":"https:\/\/editionsdudauphin.com\/en\/livre\/subjects\/health-wellness\/health\/prevention-en\/intolerances-a-lhistamine#primaryimage"},"image":{"@id":"https:\/\/editionsdudauphin.com\/en\/livre\/subjects\/health-wellness\/health\/prevention-en\/intolerances-a-lhistamine#primaryimage"},"thumbnailUrl":"https:\/\/editionsdudauphin.com\/wp-content\/uploads\/2024\/10\/9782716318433_histamine.jpg","datePublished":"2024-10-11T09:30:17+00:00","dateModified":"2024-10-11T09:53:11+00:00","description":"To understand symptoms, diagnoses and treatments. Around 20% of children aged 9 and older and 30% of adults are affected by allergies in France. You","breadcrumb":{"@id":"https:\/\/editionsdudauphin.com\/en\/livre\/subjects\/health-wellness\/health\/prevention-en\/intolerances-a-lhistamine#breadcrumb"},"inLanguage":"en-US","potentialAction":[{"@type":"ReadAction","target":["https:\/\/editionsdudauphin.com\/en\/livre\/subjects\/health-wellness\/health\/prevention-en\/intolerances-a-lhistamine"]}]},{"@type":"ImageObject","inLanguage":"en-US","@id":"https:\/\/editionsdudauphin.com\/en\/livre\/subjects\/health-wellness\/health\/prevention-en\/intolerances-a-lhistamine#primaryimage","url":"https:\/\/editionsdudauphin.com\/wp-content\/uploads\/2024\/10\/9782716318433_histamine.jpg","contentUrl":"https:\/\/editionsdudauphin.com\/wp-content\/uploads\/2024\/10\/9782716318433_histamine.jpg","width":800,"height":1199,"caption":"Intol\u00e9rance \u00e0 l'histamine"},{"@type":"BreadcrumbList","@id":"https:\/\/editionsdudauphin.com\/en\/livre\/subjects\/health-wellness\/health\/prevention-en\/intolerances-a-lhistamine#breadcrumb","itemListElement":[{"@type":"ListItem","position":1,"name":"Accueil","item":"https:\/\/editionsdudauphin.com\/en"},{"@type":"ListItem","position":2,"name":"Boutique","item":"https:\/\/editionsdudauphin.com\/boutique"},{"@type":"ListItem","position":3,"name":"Intol\u00e9rances \u00e0 l&#8217;histamine"}]},{"@type":"WebSite","@id":"https:\/\/editionsdudauphin.com\/en#website","url":"https:\/\/editionsdudauphin.com\/en","name":"\u00c9ditions du Dauphin","description":"","potentialAction":[{"@type":"SearchAction","target":{"@type":"EntryPoint","urlTemplate":"https:\/\/editionsdudauphin.com\/en?s={search_term_string}"},"query-input":{"@type":"PropertyValueSpecification","valueRequired":true,"valueName":"search_term_string"}}],"inLanguage":"en-US"}]}},"_links":{"self":[{"href":"https:\/\/editionsdudauphin.com\/en\/wp-json\/wp\/v2\/product\/17829","targetHints":{"allow":["GET"]}}],"collection":[{"href":"https:\/\/editionsdudauphin.com\/en\/wp-json\/wp\/v2\/product"}],"about":[{"href":"https:\/\/editionsdudauphin.com\/en\/wp-json\/wp\/v2\/types\/product"}],"wp:featuredmedia":[{"embeddable":true,"href":"https:\/\/editionsdudauphin.com\/en\/wp-json\/wp\/v2\/media\/17824"}],"wp:attachment":[{"href":"https:\/\/editionsdudauphin.com\/en\/wp-json\/wp\/v2\/media?parent=17829"}],"wp:term":[{"taxonomy":"product_brand","embeddable":true,"href":"https:\/\/editionsdudauphin.com\/en\/wp-json\/wp\/v2\/product_brand?post=17829"},{"taxonomy":"product_cat","embeddable":true,"href":"https:\/\/editionsdudauphin.com\/en\/wp-json\/wp\/v2\/product_cat?post=17829"},{"taxonomy":"product_tag","embeddable":true,"href":"https:\/\/editionsdudauphin.com\/en\/wp-json\/wp\/v2\/product_tag?post=17829"}],"curies":[{"name":"wp","href":"https:\/\/api.w.org\/{rel}","templated":true}]}}