{"id":18666,"date":"2025-06-25T08:45:34","date_gmt":"2025-06-25T06:45:34","guid":{"rendered":"https:\/\/editionsdudauphin.com\/livre\/uncategorized\/pouvoir-des-plantes-medicinales-le"},"modified":"2025-07-04T10:04:03","modified_gmt":"2025-07-04T08:04:03","slug":"pouvoir-des-plantes-medicinales-le","status":"publish","type":"product","link":"https:\/\/editionsdudauphin.com\/en\/livre\/subjects\/health-wellness\/health\/natural-medecine\/medicinal-plants\/pouvoir-des-plantes-medicinales-le","title":{"rendered":"Pouvoir des plantes m\u00e9dicinales (Le)"},"content":{"rendered":"<p>After thirty years of medical experience in Senegal, Professor Yvette Par\u00e8s decided, in 1996, upon her return to Europe, to write therapeutic works based on the use of medicinal plants from Europe. She transmits all its formulas (decoction, infusion, maceration, miraculous waters, medicinal oils, medicinal vinegars, alcoholates, etc.) to treat several diseases for the skin, digestive system and respiratory system. She brings new and original care proposals to people who are looking for complementary solutions to traditional medicine. Each formula acts smoothly and deeply, without side effects, and heals in harmony with other medicines, thus demonstrating the essential contribution of Pr Par\u00e8s\u2019s work to therapeutic practice.<\/p>\n","protected":false},"excerpt":{"rendered":"<p>After thirty years of medical experience in Senegal, Professor Yvette  [&#8230;]<\/p>\n","protected":false},"featured_media":18665,"template":"","meta":{"_acf_changed":false,"wpupg_custom_link":[],"wpupg_custom_link_behaviour":[],"wpupg_custom_link_nofollow":[],"wpupg_custom_image":[],"wpupg_custom_image_id":[]},"product_brand":[],"product_cat":[151,350],"product_tag":[],"class_list":{"0":"post-18666","1":"product","2":"type-product","3":"status-publish","4":"has-post-thumbnail","6":"product_cat-new-releases","7":"product_cat-medicinal-plants","9":"first","10":"instock","11":"taxable","12":"shipping-taxable","13":"purchasable","14":"product-type-simple"},"acf":[],"yoast_head":"<!-- This site is optimized with the Yoast SEO plugin v27.3 - https:\/\/yoast.com\/product\/yoast-seo-wordpress\/ -->\n<title>Pouvoir des plantes m\u00e9dicinales (Le) - \u00c9ditions du Dauphin<\/title>\n<meta name=\"description\" content=\"After thirty years of medical experience in Senegal, Professor Yvette Par\u00e8s decided, in 1996, upon her return to Europe, to write therapeutic works based\" \/>\n<meta name=\"robots\" content=\"index, follow, max-snippet:-1, max-image-preview:large, max-video-preview:-1\" \/>\n<link rel=\"canonical\" href=\"https:\/\/editionsdudauphin.com\/en\/livre\/subjects\/health-wellness\/health\/natural-medecine\/medicinal-plants\/pouvoir-des-plantes-medicinales-le\" \/>\n<meta property=\"og:locale\" content=\"en_US\" \/>\n<meta property=\"og:type\" content=\"article\" \/>\n<meta property=\"og:title\" content=\"Pouvoir des plantes m\u00e9dicinales (Le) - \u00c9ditions du Dauphin\" \/>\n<meta property=\"og:description\" content=\"After thirty years of medical experience in Senegal, Professor Yvette Par\u00e8s decided, in 1996, upon her return to Europe, to write therapeutic works based\" \/>\n<meta property=\"og:url\" content=\"https:\/\/editionsdudauphin.com\/en\/livre\/subjects\/health-wellness\/health\/natural-medecine\/medicinal-plants\/pouvoir-des-plantes-medicinales-le\" \/>\n<meta property=\"og:site_name\" content=\"\u00c9ditions du Dauphin\" \/>\n<meta property=\"article:modified_time\" content=\"2025-07-04T08:04:03+00:00\" \/>\n<meta property=\"og:image\" content=\"https:\/\/editionsdudauphin.com\/wp-content\/uploads\/2025\/07\/9782716318723_plantes_pouvoir.png\" \/>\n\t<meta property=\"og:image:width\" content=\"800\" \/>\n\t<meta property=\"og:image:height\" content=\"1028\" \/>\n\t<meta property=\"og:image:type\" content=\"image\/png\" \/>\n<meta name=\"twitter:card\" content=\"summary_large_image\" \/>\n<meta name=\"twitter:label1\" content=\"Est. reading time\" \/>\n\t<meta name=\"twitter:data1\" content=\"1 minute\" \/>\n<script type=\"application\/ld+json\" class=\"yoast-schema-graph\">{\"@context\":\"https:\\\/\\\/schema.org\",\"@graph\":[{\"@type\":\"WebPage\",\"@id\":\"https:\\\/\\\/editionsdudauphin.com\\\/en\\\/livre\\\/subjects\\\/health-wellness\\\/health\\\/natural-medecine\\\/medicinal-plants\\\/pouvoir-des-plantes-medicinales-le\",\"url\":\"https:\\\/\\\/editionsdudauphin.com\\\/en\\\/livre\\\/subjects\\\/health-wellness\\\/health\\\/natural-medecine\\\/medicinal-plants\\\/pouvoir-des-plantes-medicinales-le\",\"name\":\"Pouvoir des plantes m\u00e9dicinales (Le) - \u00c9ditions du Dauphin\",\"isPartOf\":{\"@id\":\"https:\\\/\\\/editionsdudauphin.com\\\/en#website\"},\"primaryImageOfPage\":{\"@id\":\"https:\\\/\\\/editionsdudauphin.com\\\/en\\\/livre\\\/subjects\\\/health-wellness\\\/health\\\/natural-medecine\\\/medicinal-plants\\\/pouvoir-des-plantes-medicinales-le#primaryimage\"},\"image\":{\"@id\":\"https:\\\/\\\/editionsdudauphin.com\\\/en\\\/livre\\\/subjects\\\/health-wellness\\\/health\\\/natural-medecine\\\/medicinal-plants\\\/pouvoir-des-plantes-medicinales-le#primaryimage\"},\"thumbnailUrl\":\"https:\\\/\\\/editionsdudauphin.com\\\/wp-content\\\/uploads\\\/2025\\\/07\\\/9782716318723_plantes_pouvoir.png\",\"datePublished\":\"2025-06-25T06:45:34+00:00\",\"dateModified\":\"2025-07-04T08:04:03+00:00\",\"description\":\"After thirty years of medical experience in Senegal, Professor Yvette Par\u00e8s decided, in 1996, upon her return to Europe, to write therapeutic works based\",\"breadcrumb\":{\"@id\":\"https:\\\/\\\/editionsdudauphin.com\\\/en\\\/livre\\\/subjects\\\/health-wellness\\\/health\\\/natural-medecine\\\/medicinal-plants\\\/pouvoir-des-plantes-medicinales-le#breadcrumb\"},\"inLanguage\":\"en-US\",\"potentialAction\":[{\"@type\":\"ReadAction\",\"target\":[\"https:\\\/\\\/editionsdudauphin.com\\\/en\\\/livre\\\/subjects\\\/health-wellness\\\/health\\\/natural-medecine\\\/medicinal-plants\\\/pouvoir-des-plantes-medicinales-le\"]}]},{\"@type\":\"ImageObject\",\"inLanguage\":\"en-US\",\"@id\":\"https:\\\/\\\/editionsdudauphin.com\\\/en\\\/livre\\\/subjects\\\/health-wellness\\\/health\\\/natural-medecine\\\/medicinal-plants\\\/pouvoir-des-plantes-medicinales-le#primaryimage\",\"url\":\"https:\\\/\\\/editionsdudauphin.com\\\/wp-content\\\/uploads\\\/2025\\\/07\\\/9782716318723_plantes_pouvoir.png\",\"contentUrl\":\"https:\\\/\\\/editionsdudauphin.com\\\/wp-content\\\/uploads\\\/2025\\\/07\\\/9782716318723_plantes_pouvoir.png\",\"width\":800,\"height\":1028,\"caption\":\"pouvoir des plante m\u00e9dicinales\"},{\"@type\":\"BreadcrumbList\",\"@id\":\"https:\\\/\\\/editionsdudauphin.com\\\/en\\\/livre\\\/subjects\\\/health-wellness\\\/health\\\/natural-medecine\\\/medicinal-plants\\\/pouvoir-des-plantes-medicinales-le#breadcrumb\",\"itemListElement\":[{\"@type\":\"ListItem\",\"position\":1,\"name\":\"Accueil\",\"item\":\"https:\\\/\\\/editionsdudauphin.com\\\/en\"},{\"@type\":\"ListItem\",\"position\":2,\"name\":\"Boutique\",\"item\":\"https:\\\/\\\/editionsdudauphin.com\\\/boutique\"},{\"@type\":\"ListItem\",\"position\":3,\"name\":\"Pouvoir des plantes m\u00e9dicinales (Le)\"}]},{\"@type\":\"WebSite\",\"@id\":\"https:\\\/\\\/editionsdudauphin.com\\\/en#website\",\"url\":\"https:\\\/\\\/editionsdudauphin.com\\\/en\",\"name\":\"\u00c9ditions du Dauphin\",\"description\":\"\",\"potentialAction\":[{\"@type\":\"SearchAction\",\"target\":{\"@type\":\"EntryPoint\",\"urlTemplate\":\"https:\\\/\\\/editionsdudauphin.com\\\/en?s={search_term_string}\"},\"query-input\":{\"@type\":\"PropertyValueSpecification\",\"valueRequired\":true,\"valueName\":\"search_term_string\"}}],\"inLanguage\":\"en-US\"}]}<\/script>\n<!-- \/ Yoast SEO plugin. -->","yoast_head_json":{"title":"Pouvoir des plantes m\u00e9dicinales (Le) - \u00c9ditions du Dauphin","description":"After thirty years of medical experience in Senegal, Professor Yvette Par\u00e8s decided, in 1996, upon her return to Europe, to write therapeutic works based","robots":{"index":"index","follow":"follow","max-snippet":"max-snippet:-1","max-image-preview":"max-image-preview:large","max-video-preview":"max-video-preview:-1"},"canonical":"https:\/\/editionsdudauphin.com\/en\/livre\/subjects\/health-wellness\/health\/natural-medecine\/medicinal-plants\/pouvoir-des-plantes-medicinales-le","og_locale":"en_US","og_type":"article","og_title":"Pouvoir des plantes m\u00e9dicinales (Le) - \u00c9ditions du Dauphin","og_description":"After thirty years of medical experience in Senegal, Professor Yvette Par\u00e8s decided, in 1996, upon her return to Europe, to write therapeutic works based","og_url":"https:\/\/editionsdudauphin.com\/en\/livre\/subjects\/health-wellness\/health\/natural-medecine\/medicinal-plants\/pouvoir-des-plantes-medicinales-le","og_site_name":"\u00c9ditions du Dauphin","article_modified_time":"2025-07-04T08:04:03+00:00","og_image":[{"width":800,"height":1028,"url":"https:\/\/editionsdudauphin.com\/wp-content\/uploads\/2025\/07\/9782716318723_plantes_pouvoir.png","type":"image\/png"}],"twitter_card":"summary_large_image","twitter_misc":{"Est. reading time":"1 minute"},"schema":{"@context":"https:\/\/schema.org","@graph":[{"@type":"WebPage","@id":"https:\/\/editionsdudauphin.com\/en\/livre\/subjects\/health-wellness\/health\/natural-medecine\/medicinal-plants\/pouvoir-des-plantes-medicinales-le","url":"https:\/\/editionsdudauphin.com\/en\/livre\/subjects\/health-wellness\/health\/natural-medecine\/medicinal-plants\/pouvoir-des-plantes-medicinales-le","name":"Pouvoir des plantes m\u00e9dicinales (Le) - \u00c9ditions du Dauphin","isPartOf":{"@id":"https:\/\/editionsdudauphin.com\/en#website"},"primaryImageOfPage":{"@id":"https:\/\/editionsdudauphin.com\/en\/livre\/subjects\/health-wellness\/health\/natural-medecine\/medicinal-plants\/pouvoir-des-plantes-medicinales-le#primaryimage"},"image":{"@id":"https:\/\/editionsdudauphin.com\/en\/livre\/subjects\/health-wellness\/health\/natural-medecine\/medicinal-plants\/pouvoir-des-plantes-medicinales-le#primaryimage"},"thumbnailUrl":"https:\/\/editionsdudauphin.com\/wp-content\/uploads\/2025\/07\/9782716318723_plantes_pouvoir.png","datePublished":"2025-06-25T06:45:34+00:00","dateModified":"2025-07-04T08:04:03+00:00","description":"After thirty years of medical experience in Senegal, Professor Yvette Par\u00e8s decided, in 1996, upon her return to Europe, to write therapeutic works based","breadcrumb":{"@id":"https:\/\/editionsdudauphin.com\/en\/livre\/subjects\/health-wellness\/health\/natural-medecine\/medicinal-plants\/pouvoir-des-plantes-medicinales-le#breadcrumb"},"inLanguage":"en-US","potentialAction":[{"@type":"ReadAction","target":["https:\/\/editionsdudauphin.com\/en\/livre\/subjects\/health-wellness\/health\/natural-medecine\/medicinal-plants\/pouvoir-des-plantes-medicinales-le"]}]},{"@type":"ImageObject","inLanguage":"en-US","@id":"https:\/\/editionsdudauphin.com\/en\/livre\/subjects\/health-wellness\/health\/natural-medecine\/medicinal-plants\/pouvoir-des-plantes-medicinales-le#primaryimage","url":"https:\/\/editionsdudauphin.com\/wp-content\/uploads\/2025\/07\/9782716318723_plantes_pouvoir.png","contentUrl":"https:\/\/editionsdudauphin.com\/wp-content\/uploads\/2025\/07\/9782716318723_plantes_pouvoir.png","width":800,"height":1028,"caption":"pouvoir des plante m\u00e9dicinales"},{"@type":"BreadcrumbList","@id":"https:\/\/editionsdudauphin.com\/en\/livre\/subjects\/health-wellness\/health\/natural-medecine\/medicinal-plants\/pouvoir-des-plantes-medicinales-le#breadcrumb","itemListElement":[{"@type":"ListItem","position":1,"name":"Accueil","item":"https:\/\/editionsdudauphin.com\/en"},{"@type":"ListItem","position":2,"name":"Boutique","item":"https:\/\/editionsdudauphin.com\/boutique"},{"@type":"ListItem","position":3,"name":"Pouvoir des plantes m\u00e9dicinales (Le)"}]},{"@type":"WebSite","@id":"https:\/\/editionsdudauphin.com\/en#website","url":"https:\/\/editionsdudauphin.com\/en","name":"\u00c9ditions du Dauphin","description":"","potentialAction":[{"@type":"SearchAction","target":{"@type":"EntryPoint","urlTemplate":"https:\/\/editionsdudauphin.com\/en?s={search_term_string}"},"query-input":{"@type":"PropertyValueSpecification","valueRequired":true,"valueName":"search_term_string"}}],"inLanguage":"en-US"}]}},"_links":{"self":[{"href":"https:\/\/editionsdudauphin.com\/en\/wp-json\/wp\/v2\/product\/18666","targetHints":{"allow":["GET"]}}],"collection":[{"href":"https:\/\/editionsdudauphin.com\/en\/wp-json\/wp\/v2\/product"}],"about":[{"href":"https:\/\/editionsdudauphin.com\/en\/wp-json\/wp\/v2\/types\/product"}],"wp:featuredmedia":[{"embeddable":true,"href":"https:\/\/editionsdudauphin.com\/en\/wp-json\/wp\/v2\/media\/18665"}],"wp:attachment":[{"href":"https:\/\/editionsdudauphin.com\/en\/wp-json\/wp\/v2\/media?parent=18666"}],"wp:term":[{"taxonomy":"product_brand","embeddable":true,"href":"https:\/\/editionsdudauphin.com\/en\/wp-json\/wp\/v2\/product_brand?post=18666"},{"taxonomy":"product_cat","embeddable":true,"href":"https:\/\/editionsdudauphin.com\/en\/wp-json\/wp\/v2\/product_cat?post=18666"},{"taxonomy":"product_tag","embeddable":true,"href":"https:\/\/editionsdudauphin.com\/en\/wp-json\/wp\/v2\/product_tag?post=18666"}],"curies":[{"name":"wp","href":"https:\/\/api.w.org\/{rel}","templated":true}]}}