{"id":3399,"date":"2016-09-15T16:28:23","date_gmt":"2019-01-25T15:28:23","guid":{"rendered":"http:\/\/dev.editionsdudauphin.com\/.\/uncategorized\/3399"},"modified":"2023-02-23T12:48:01","modified_gmt":"2023-02-23T11:48:01","slug":"144-facettes-du-zodiaque-t2-lhistoire-du-peuple-hebreu-et-de-jesus","status":"publish","type":"product","link":"https:\/\/editionsdudauphin.com\/en\/livre\/subjects\/spirituality-esoterism\/esoterism\/divination\/144-facettes-du-zodiaque-t2-lhistoire-du-peuple-hebreu-et-de-jesus","title":{"rendered":"144 facettes du zodiaque &#8211; T2 &#8211; L&#8217;Histoire du peuple h\u00e9breu et de J\u00e9sus"},"content":{"rendered":"<p>Zodiac, the authentic cosmic clock, is probably the emerald in 144 facets bequeathed to the humanity by it expanding Guide of light&#8230; Archaic Sound division in 12 x 12 got lost over time, before being found today: each governed by a planet, its landings of 2\u00b030 &#8216; allow to plan tendencies and opportunities of all which possesses a story. Such as these of the Hebrew people: of Abraham to last kings of Israel, all climbed this zodiacal way. Or such as the public life of Jesus Christ. He can seem audacious to demonstrate that it also joins on this zodiacal progress, but it begins with a sermon on a mountain and ends in an other one, that of the Golgotha: two heights governed by the Capricorn. As examples, Hiltler and Mother Teresa&#8217;astrological charts.<\/p>\n","protected":false},"excerpt":{"rendered":"<p>Zodiac, the authentic cosmic clock, is probably the emerald in  [&#8230;]<\/p>\n","protected":false},"featured_media":3400,"template":"","meta":{"_acf_changed":false,"wpupg_custom_link":[],"wpupg_custom_link_behaviour":[],"wpupg_custom_link_nofollow":[],"wpupg_custom_image":[],"wpupg_custom_image_id":[]},"product_brand":[],"product_cat":[179],"product_tag":[],"class_list":{"0":"post-3399","1":"product","2":"type-product","3":"status-publish","4":"has-post-thumbnail","6":"product_cat-divination","8":"first","9":"instock","10":"taxable","11":"shipping-taxable","12":"purchasable","13":"product-type-simple"},"acf":[],"yoast_head":"<!-- This site is optimized with the Yoast SEO plugin v27.4 - https:\/\/yoast.com\/product\/yoast-seo-wordpress\/ -->\n<title>144 facettes du zodiaque - T2 - L&#039;Histoire du peuple h\u00e9breu et de J\u00e9sus - \u00c9ditions du Dauphin<\/title>\n<meta name=\"description\" content=\"Zodiac, the authentic cosmic clock, is probably the emerald in 144 facets bequeathed to the humanity by it expanding Guide of light... Archaic Sound\" \/>\n<meta name=\"robots\" content=\"index, follow, max-snippet:-1, max-image-preview:large, max-video-preview:-1\" \/>\n<link rel=\"canonical\" href=\"https:\/\/editionsdudauphin.com\/en\/livre\/subjects\/spirituality-esoterism\/esoterism\/divination\/144-facettes-du-zodiaque-t2-lhistoire-du-peuple-hebreu-et-de-jesus\" \/>\n<meta property=\"og:locale\" content=\"en_US\" \/>\n<meta property=\"og:type\" content=\"article\" \/>\n<meta property=\"og:title\" content=\"144 facettes du zodiaque - T2 - L&#039;Histoire du peuple h\u00e9breu et de J\u00e9sus - \u00c9ditions du Dauphin\" \/>\n<meta property=\"og:description\" content=\"Zodiac, the authentic cosmic clock, is probably the emerald in 144 facets bequeathed to the humanity by it expanding Guide of light... Archaic Sound\" \/>\n<meta property=\"og:url\" content=\"https:\/\/editionsdudauphin.com\/en\/livre\/subjects\/spirituality-esoterism\/esoterism\/divination\/144-facettes-du-zodiaque-t2-lhistoire-du-peuple-hebreu-et-de-jesus\" \/>\n<meta property=\"og:site_name\" content=\"\u00c9ditions du Dauphin\" \/>\n<meta property=\"article:modified_time\" content=\"2023-02-23T11:48:01+00:00\" \/>\n<meta property=\"og:image\" content=\"https:\/\/editionsdudauphin.com\/wp-content\/uploads\/2019\/01\/9782716315890_Zodiaque_Hebraique_Jesus-scaled.jpg\" \/>\n\t<meta property=\"og:image:width\" content=\"1313\" \/>\n\t<meta property=\"og:image:height\" content=\"1920\" \/>\n\t<meta property=\"og:image:type\" content=\"image\/jpeg\" \/>\n<meta name=\"twitter:card\" content=\"summary_large_image\" \/>\n<meta name=\"twitter:label1\" content=\"Est. reading time\" \/>\n\t<meta name=\"twitter:data1\" content=\"1 minute\" \/>\n<script type=\"application\/ld+json\" class=\"yoast-schema-graph\">{\"@context\":\"https:\\\/\\\/schema.org\",\"@graph\":[{\"@type\":\"WebPage\",\"@id\":\"https:\\\/\\\/editionsdudauphin.com\\\/en\\\/livre\\\/subjects\\\/spirituality-esoterism\\\/esoterism\\\/divination\\\/144-facettes-du-zodiaque-t2-lhistoire-du-peuple-hebreu-et-de-jesus\",\"url\":\"https:\\\/\\\/editionsdudauphin.com\\\/en\\\/livre\\\/subjects\\\/spirituality-esoterism\\\/esoterism\\\/divination\\\/144-facettes-du-zodiaque-t2-lhistoire-du-peuple-hebreu-et-de-jesus\",\"name\":\"144 facettes du zodiaque - T2 - L'Histoire du peuple h\u00e9breu et de J\u00e9sus - \u00c9ditions du Dauphin\",\"isPartOf\":{\"@id\":\"https:\\\/\\\/editionsdudauphin.com\\\/en#website\"},\"primaryImageOfPage\":{\"@id\":\"https:\\\/\\\/editionsdudauphin.com\\\/en\\\/livre\\\/subjects\\\/spirituality-esoterism\\\/esoterism\\\/divination\\\/144-facettes-du-zodiaque-t2-lhistoire-du-peuple-hebreu-et-de-jesus#primaryimage\"},\"image\":{\"@id\":\"https:\\\/\\\/editionsdudauphin.com\\\/en\\\/livre\\\/subjects\\\/spirituality-esoterism\\\/esoterism\\\/divination\\\/144-facettes-du-zodiaque-t2-lhistoire-du-peuple-hebreu-et-de-jesus#primaryimage\"},\"thumbnailUrl\":\"https:\\\/\\\/editionsdudauphin.com\\\/wp-content\\\/uploads\\\/2019\\\/01\\\/9782716315890_Zodiaque_Hebraique_Jesus-scaled.jpg\",\"datePublished\":\"2019-01-25T15:28:23+00:00\",\"dateModified\":\"2023-02-23T11:48:01+00:00\",\"description\":\"Zodiac, the authentic cosmic clock, is probably the emerald in 144 facets bequeathed to the humanity by it expanding Guide of light... Archaic Sound\",\"breadcrumb\":{\"@id\":\"https:\\\/\\\/editionsdudauphin.com\\\/en\\\/livre\\\/subjects\\\/spirituality-esoterism\\\/esoterism\\\/divination\\\/144-facettes-du-zodiaque-t2-lhistoire-du-peuple-hebreu-et-de-jesus#breadcrumb\"},\"inLanguage\":\"en-US\",\"potentialAction\":[{\"@type\":\"ReadAction\",\"target\":[\"https:\\\/\\\/editionsdudauphin.com\\\/en\\\/livre\\\/subjects\\\/spirituality-esoterism\\\/esoterism\\\/divination\\\/144-facettes-du-zodiaque-t2-lhistoire-du-peuple-hebreu-et-de-jesus\"]}]},{\"@type\":\"ImageObject\",\"inLanguage\":\"en-US\",\"@id\":\"https:\\\/\\\/editionsdudauphin.com\\\/en\\\/livre\\\/subjects\\\/spirituality-esoterism\\\/esoterism\\\/divination\\\/144-facettes-du-zodiaque-t2-lhistoire-du-peuple-hebreu-et-de-jesus#primaryimage\",\"url\":\"https:\\\/\\\/editionsdudauphin.com\\\/wp-content\\\/uploads\\\/2019\\\/01\\\/9782716315890_Zodiaque_Hebraique_Jesus-scaled.jpg\",\"contentUrl\":\"https:\\\/\\\/editionsdudauphin.com\\\/wp-content\\\/uploads\\\/2019\\\/01\\\/9782716315890_Zodiaque_Hebraique_Jesus-scaled.jpg\",\"width\":1313,\"height\":1920,\"caption\":\"Zodiaque_Hebraique_Jesus\"},{\"@type\":\"BreadcrumbList\",\"@id\":\"https:\\\/\\\/editionsdudauphin.com\\\/en\\\/livre\\\/subjects\\\/spirituality-esoterism\\\/esoterism\\\/divination\\\/144-facettes-du-zodiaque-t2-lhistoire-du-peuple-hebreu-et-de-jesus#breadcrumb\",\"itemListElement\":[{\"@type\":\"ListItem\",\"position\":1,\"name\":\"Accueil\",\"item\":\"https:\\\/\\\/editionsdudauphin.com\\\/en\"},{\"@type\":\"ListItem\",\"position\":2,\"name\":\"Boutique\",\"item\":\"https:\\\/\\\/editionsdudauphin.com\\\/boutique\"},{\"@type\":\"ListItem\",\"position\":3,\"name\":\"144 facettes du zodiaque &#8211; T2 &#8211; L&#8217;Histoire du peuple h\u00e9breu et de J\u00e9sus\"}]},{\"@type\":\"WebSite\",\"@id\":\"https:\\\/\\\/editionsdudauphin.com\\\/en#website\",\"url\":\"https:\\\/\\\/editionsdudauphin.com\\\/en\",\"name\":\"\u00c9ditions du Dauphin\",\"description\":\"\",\"potentialAction\":[{\"@type\":\"SearchAction\",\"target\":{\"@type\":\"EntryPoint\",\"urlTemplate\":\"https:\\\/\\\/editionsdudauphin.com\\\/en?s={search_term_string}\"},\"query-input\":{\"@type\":\"PropertyValueSpecification\",\"valueRequired\":true,\"valueName\":\"search_term_string\"}}],\"inLanguage\":\"en-US\"}]}<\/script>\n<!-- \/ Yoast SEO plugin. -->","yoast_head_json":{"title":"144 facettes du zodiaque - T2 - L'Histoire du peuple h\u00e9breu et de J\u00e9sus - \u00c9ditions du Dauphin","description":"Zodiac, the authentic cosmic clock, is probably the emerald in 144 facets bequeathed to the humanity by it expanding Guide of light... Archaic Sound","robots":{"index":"index","follow":"follow","max-snippet":"max-snippet:-1","max-image-preview":"max-image-preview:large","max-video-preview":"max-video-preview:-1"},"canonical":"https:\/\/editionsdudauphin.com\/en\/livre\/subjects\/spirituality-esoterism\/esoterism\/divination\/144-facettes-du-zodiaque-t2-lhistoire-du-peuple-hebreu-et-de-jesus","og_locale":"en_US","og_type":"article","og_title":"144 facettes du zodiaque - T2 - L'Histoire du peuple h\u00e9breu et de J\u00e9sus - \u00c9ditions du Dauphin","og_description":"Zodiac, the authentic cosmic clock, is probably the emerald in 144 facets bequeathed to the humanity by it expanding Guide of light... Archaic Sound","og_url":"https:\/\/editionsdudauphin.com\/en\/livre\/subjects\/spirituality-esoterism\/esoterism\/divination\/144-facettes-du-zodiaque-t2-lhistoire-du-peuple-hebreu-et-de-jesus","og_site_name":"\u00c9ditions du Dauphin","article_modified_time":"2023-02-23T11:48:01+00:00","og_image":[{"width":1313,"height":1920,"url":"https:\/\/editionsdudauphin.com\/wp-content\/uploads\/2019\/01\/9782716315890_Zodiaque_Hebraique_Jesus-scaled.jpg","type":"image\/jpeg"}],"twitter_card":"summary_large_image","twitter_misc":{"Est. reading time":"1 minute"},"schema":{"@context":"https:\/\/schema.org","@graph":[{"@type":"WebPage","@id":"https:\/\/editionsdudauphin.com\/en\/livre\/subjects\/spirituality-esoterism\/esoterism\/divination\/144-facettes-du-zodiaque-t2-lhistoire-du-peuple-hebreu-et-de-jesus","url":"https:\/\/editionsdudauphin.com\/en\/livre\/subjects\/spirituality-esoterism\/esoterism\/divination\/144-facettes-du-zodiaque-t2-lhistoire-du-peuple-hebreu-et-de-jesus","name":"144 facettes du zodiaque - T2 - L'Histoire du peuple h\u00e9breu et de J\u00e9sus - \u00c9ditions du Dauphin","isPartOf":{"@id":"https:\/\/editionsdudauphin.com\/en#website"},"primaryImageOfPage":{"@id":"https:\/\/editionsdudauphin.com\/en\/livre\/subjects\/spirituality-esoterism\/esoterism\/divination\/144-facettes-du-zodiaque-t2-lhistoire-du-peuple-hebreu-et-de-jesus#primaryimage"},"image":{"@id":"https:\/\/editionsdudauphin.com\/en\/livre\/subjects\/spirituality-esoterism\/esoterism\/divination\/144-facettes-du-zodiaque-t2-lhistoire-du-peuple-hebreu-et-de-jesus#primaryimage"},"thumbnailUrl":"https:\/\/editionsdudauphin.com\/wp-content\/uploads\/2019\/01\/9782716315890_Zodiaque_Hebraique_Jesus-scaled.jpg","datePublished":"2019-01-25T15:28:23+00:00","dateModified":"2023-02-23T11:48:01+00:00","description":"Zodiac, the authentic cosmic clock, is probably the emerald in 144 facets bequeathed to the humanity by it expanding Guide of light... Archaic Sound","breadcrumb":{"@id":"https:\/\/editionsdudauphin.com\/en\/livre\/subjects\/spirituality-esoterism\/esoterism\/divination\/144-facettes-du-zodiaque-t2-lhistoire-du-peuple-hebreu-et-de-jesus#breadcrumb"},"inLanguage":"en-US","potentialAction":[{"@type":"ReadAction","target":["https:\/\/editionsdudauphin.com\/en\/livre\/subjects\/spirituality-esoterism\/esoterism\/divination\/144-facettes-du-zodiaque-t2-lhistoire-du-peuple-hebreu-et-de-jesus"]}]},{"@type":"ImageObject","inLanguage":"en-US","@id":"https:\/\/editionsdudauphin.com\/en\/livre\/subjects\/spirituality-esoterism\/esoterism\/divination\/144-facettes-du-zodiaque-t2-lhistoire-du-peuple-hebreu-et-de-jesus#primaryimage","url":"https:\/\/editionsdudauphin.com\/wp-content\/uploads\/2019\/01\/9782716315890_Zodiaque_Hebraique_Jesus-scaled.jpg","contentUrl":"https:\/\/editionsdudauphin.com\/wp-content\/uploads\/2019\/01\/9782716315890_Zodiaque_Hebraique_Jesus-scaled.jpg","width":1313,"height":1920,"caption":"Zodiaque_Hebraique_Jesus"},{"@type":"BreadcrumbList","@id":"https:\/\/editionsdudauphin.com\/en\/livre\/subjects\/spirituality-esoterism\/esoterism\/divination\/144-facettes-du-zodiaque-t2-lhistoire-du-peuple-hebreu-et-de-jesus#breadcrumb","itemListElement":[{"@type":"ListItem","position":1,"name":"Accueil","item":"https:\/\/editionsdudauphin.com\/en"},{"@type":"ListItem","position":2,"name":"Boutique","item":"https:\/\/editionsdudauphin.com\/boutique"},{"@type":"ListItem","position":3,"name":"144 facettes du zodiaque &#8211; T2 &#8211; L&#8217;Histoire du peuple h\u00e9breu et de J\u00e9sus"}]},{"@type":"WebSite","@id":"https:\/\/editionsdudauphin.com\/en#website","url":"https:\/\/editionsdudauphin.com\/en","name":"\u00c9ditions du Dauphin","description":"","potentialAction":[{"@type":"SearchAction","target":{"@type":"EntryPoint","urlTemplate":"https:\/\/editionsdudauphin.com\/en?s={search_term_string}"},"query-input":{"@type":"PropertyValueSpecification","valueRequired":true,"valueName":"search_term_string"}}],"inLanguage":"en-US"}]}},"_links":{"self":[{"href":"https:\/\/editionsdudauphin.com\/en\/wp-json\/wp\/v2\/product\/3399","targetHints":{"allow":["GET"]}}],"collection":[{"href":"https:\/\/editionsdudauphin.com\/en\/wp-json\/wp\/v2\/product"}],"about":[{"href":"https:\/\/editionsdudauphin.com\/en\/wp-json\/wp\/v2\/types\/product"}],"wp:featuredmedia":[{"embeddable":true,"href":"https:\/\/editionsdudauphin.com\/en\/wp-json\/wp\/v2\/media\/3400"}],"wp:attachment":[{"href":"https:\/\/editionsdudauphin.com\/en\/wp-json\/wp\/v2\/media?parent=3399"}],"wp:term":[{"taxonomy":"product_brand","embeddable":true,"href":"https:\/\/editionsdudauphin.com\/en\/wp-json\/wp\/v2\/product_brand?post=3399"},{"taxonomy":"product_cat","embeddable":true,"href":"https:\/\/editionsdudauphin.com\/en\/wp-json\/wp\/v2\/product_cat?post=3399"},{"taxonomy":"product_tag","embeddable":true,"href":"https:\/\/editionsdudauphin.com\/en\/wp-json\/wp\/v2\/product_tag?post=3399"}],"curies":[{"name":"wp","href":"https:\/\/api.w.org\/{rel}","templated":true}]}}