{"id":3429,"date":"2010-08-31T10:01:41","date_gmt":"2019-01-24T09:01:41","guid":{"rendered":"http:\/\/dev.editionsdudauphin.com\/.\/uncategorized\/title-to-provide-11"},"modified":"2019-04-03T17:24:38","modified_gmt":"2019-04-03T15:24:38","slug":"title-to-provide-11","status":"publish","type":"product","link":"https:\/\/editionsdudauphin.com\/en\/livre\/subjects\/foreign-language\/dictionaries\/title-to-provide-11","title":{"rendered":"Proverbes, dictons comparaisons st\u00e9r\u00e9otyp\u00e9es de Mac\u00e9doine &#8211; sagesse populaire de Mac\u00e9doine"},"content":{"rendered":"<p>Three groups : proverbs, sayings and stereotypical comparisons coming from the same source : the popular wisdom conveyed orally. It is in this spirit that they were gathered here in order to be known by French speakers and promoted the literature of a small country: the Macedonia. At the end of the Second World War ( 1941-1945 ), Macedonia is recognized as one of the six republics of former Yugoslavia. After the split, Macedonia proclaims its independence. As Slovenia, Macedonia counts today more than two million inhabitants and so much outside the borders with the Macedonian minorities in Greece, Bulgaria, Serbia and the Diasporae in Australia, Canada, Sweden, Poland, Germany, France \u2026 The title of this work &#8221; Proverbs of Macedonia &#8221; was chosen to present the proverbs which exist, circulate and are used by its inhabitants. They are expressed in the macedonian mother tongue. Besides the native proverbs, it seemed interesting to the author to quote sometimes some comparison with others Balkan proverbs (Greek, Bulgarian, Serbian), more widely European, but also Turkish, Arabic, Chinese and other. This work required several working years. Jordanka Foulon-Hristova, was responsible for teaching Macedonian at the INALCO (ORIENTAL LANGUAGES INSTITUTE) in Paris.<\/p>\n","protected":false},"excerpt":{"rendered":"<p>Three groups : proverbs, sayings and stereotypical comparisons coming from  [&#8230;]<\/p>\n","protected":false},"featured_media":14332,"template":"","meta":{"_acf_changed":false,"wpupg_custom_link":[],"wpupg_custom_link_behaviour":[],"wpupg_custom_link_nofollow":[],"wpupg_custom_image":[],"wpupg_custom_image_id":[]},"product_brand":[],"product_cat":[193],"product_tag":[],"class_list":{"0":"post-3429","1":"product","2":"type-product","3":"status-publish","4":"has-post-thumbnail","6":"product_cat-dictionaries","8":"first","9":"instock","10":"taxable","11":"shipping-taxable","12":"purchasable","13":"product-type-simple"},"acf":[],"yoast_head":"<!-- This site is optimized with the Yoast SEO plugin v27.3 - https:\/\/yoast.com\/product\/yoast-seo-wordpress\/ -->\n<title>Proverbes, dictons comparaisons st\u00e9r\u00e9otyp\u00e9es de Mac\u00e9doine - sagesse populaire de Mac\u00e9doine - \u00c9ditions du Dauphin<\/title>\n<meta name=\"description\" content=\"Three groups : proverbs, sayings and stereotypical comparisons coming from the same source : the popular wisdom conveyed orally. It is in this spirit that\" \/>\n<meta name=\"robots\" content=\"index, follow, max-snippet:-1, max-image-preview:large, max-video-preview:-1\" \/>\n<link rel=\"canonical\" href=\"https:\/\/editionsdudauphin.com\/en\/livre\/subjects\/foreign-language\/dictionaries\/title-to-provide-11\" \/>\n<meta property=\"og:locale\" content=\"en_US\" \/>\n<meta property=\"og:type\" content=\"article\" \/>\n<meta property=\"og:title\" content=\"Proverbes, dictons comparaisons st\u00e9r\u00e9otyp\u00e9es de Mac\u00e9doine - sagesse populaire de Mac\u00e9doine - \u00c9ditions du Dauphin\" \/>\n<meta property=\"og:description\" content=\"Three groups : proverbs, sayings and stereotypical comparisons coming from the same source : the popular wisdom conveyed orally. It is in this spirit that\" \/>\n<meta property=\"og:url\" content=\"https:\/\/editionsdudauphin.com\/en\/livre\/subjects\/foreign-language\/dictionaries\/title-to-provide-11\" \/>\n<meta property=\"og:site_name\" content=\"\u00c9ditions du Dauphin\" \/>\n<meta property=\"article:modified_time\" content=\"2019-04-03T15:24:38+00:00\" \/>\n<meta property=\"og:image\" content=\"https:\/\/editionsdudauphin.com\/wp-content\/uploads\/2010\/08\/proverbes-dictons-mace\u0301doine.jpeg\" \/>\n\t<meta property=\"og:image:width\" content=\"500\" \/>\n\t<meta property=\"og:image:height\" content=\"764\" \/>\n\t<meta property=\"og:image:type\" content=\"image\/jpeg\" \/>\n<meta name=\"twitter:card\" content=\"summary_large_image\" \/>\n<meta name=\"twitter:label1\" content=\"Est. reading time\" \/>\n\t<meta name=\"twitter:data1\" content=\"1 minute\" \/>\n<script type=\"application\/ld+json\" class=\"yoast-schema-graph\">{\"@context\":\"https:\\\/\\\/schema.org\",\"@graph\":[{\"@type\":\"WebPage\",\"@id\":\"https:\\\/\\\/editionsdudauphin.com\\\/en\\\/livre\\\/subjects\\\/foreign-language\\\/dictionaries\\\/title-to-provide-11\",\"url\":\"https:\\\/\\\/editionsdudauphin.com\\\/en\\\/livre\\\/subjects\\\/foreign-language\\\/dictionaries\\\/title-to-provide-11\",\"name\":\"Proverbes, dictons comparaisons st\u00e9r\u00e9otyp\u00e9es de Mac\u00e9doine - sagesse populaire de Mac\u00e9doine - \u00c9ditions du Dauphin\",\"isPartOf\":{\"@id\":\"https:\\\/\\\/editionsdudauphin.com\\\/en#website\"},\"primaryImageOfPage\":{\"@id\":\"https:\\\/\\\/editionsdudauphin.com\\\/en\\\/livre\\\/subjects\\\/foreign-language\\\/dictionaries\\\/title-to-provide-11#primaryimage\"},\"image\":{\"@id\":\"https:\\\/\\\/editionsdudauphin.com\\\/en\\\/livre\\\/subjects\\\/foreign-language\\\/dictionaries\\\/title-to-provide-11#primaryimage\"},\"thumbnailUrl\":\"https:\\\/\\\/editionsdudauphin.com\\\/wp-content\\\/uploads\\\/2010\\\/08\\\/proverbes-dictons-mace\u0301doine.jpeg\",\"datePublished\":\"2019-01-24T09:01:41+00:00\",\"dateModified\":\"2019-04-03T15:24:38+00:00\",\"description\":\"Three groups : proverbs, sayings and stereotypical comparisons coming from the same source : the popular wisdom conveyed orally. It is in this spirit that\",\"breadcrumb\":{\"@id\":\"https:\\\/\\\/editionsdudauphin.com\\\/en\\\/livre\\\/subjects\\\/foreign-language\\\/dictionaries\\\/title-to-provide-11#breadcrumb\"},\"inLanguage\":\"en-US\",\"potentialAction\":[{\"@type\":\"ReadAction\",\"target\":[\"https:\\\/\\\/editionsdudauphin.com\\\/en\\\/livre\\\/subjects\\\/foreign-language\\\/dictionaries\\\/title-to-provide-11\"]}]},{\"@type\":\"ImageObject\",\"inLanguage\":\"en-US\",\"@id\":\"https:\\\/\\\/editionsdudauphin.com\\\/en\\\/livre\\\/subjects\\\/foreign-language\\\/dictionaries\\\/title-to-provide-11#primaryimage\",\"url\":\"https:\\\/\\\/editionsdudauphin.com\\\/wp-content\\\/uploads\\\/2010\\\/08\\\/proverbes-dictons-mace\u0301doine.jpeg\",\"contentUrl\":\"https:\\\/\\\/editionsdudauphin.com\\\/wp-content\\\/uploads\\\/2010\\\/08\\\/proverbes-dictons-mace\u0301doine.jpeg\",\"width\":500,\"height\":764,\"caption\":\"Proverbes, dictons de Mac\u00e9doine\"},{\"@type\":\"BreadcrumbList\",\"@id\":\"https:\\\/\\\/editionsdudauphin.com\\\/en\\\/livre\\\/subjects\\\/foreign-language\\\/dictionaries\\\/title-to-provide-11#breadcrumb\",\"itemListElement\":[{\"@type\":\"ListItem\",\"position\":1,\"name\":\"Accueil\",\"item\":\"https:\\\/\\\/editionsdudauphin.com\\\/en\"},{\"@type\":\"ListItem\",\"position\":2,\"name\":\"Boutique\",\"item\":\"https:\\\/\\\/editionsdudauphin.com\\\/boutique\"},{\"@type\":\"ListItem\",\"position\":3,\"name\":\"Proverbes, dictons comparaisons st\u00e9r\u00e9otyp\u00e9es de Mac\u00e9doine &#8211; sagesse populaire de Mac\u00e9doine\"}]},{\"@type\":\"WebSite\",\"@id\":\"https:\\\/\\\/editionsdudauphin.com\\\/en#website\",\"url\":\"https:\\\/\\\/editionsdudauphin.com\\\/en\",\"name\":\"\u00c9ditions du Dauphin\",\"description\":\"\",\"potentialAction\":[{\"@type\":\"SearchAction\",\"target\":{\"@type\":\"EntryPoint\",\"urlTemplate\":\"https:\\\/\\\/editionsdudauphin.com\\\/en?s={search_term_string}\"},\"query-input\":{\"@type\":\"PropertyValueSpecification\",\"valueRequired\":true,\"valueName\":\"search_term_string\"}}],\"inLanguage\":\"en-US\"}]}<\/script>\n<!-- \/ Yoast SEO plugin. -->","yoast_head_json":{"title":"Proverbes, dictons comparaisons st\u00e9r\u00e9otyp\u00e9es de Mac\u00e9doine - sagesse populaire de Mac\u00e9doine - \u00c9ditions du Dauphin","description":"Three groups : proverbs, sayings and stereotypical comparisons coming from the same source : the popular wisdom conveyed orally. It is in this spirit that","robots":{"index":"index","follow":"follow","max-snippet":"max-snippet:-1","max-image-preview":"max-image-preview:large","max-video-preview":"max-video-preview:-1"},"canonical":"https:\/\/editionsdudauphin.com\/en\/livre\/subjects\/foreign-language\/dictionaries\/title-to-provide-11","og_locale":"en_US","og_type":"article","og_title":"Proverbes, dictons comparaisons st\u00e9r\u00e9otyp\u00e9es de Mac\u00e9doine - sagesse populaire de Mac\u00e9doine - \u00c9ditions du Dauphin","og_description":"Three groups : proverbs, sayings and stereotypical comparisons coming from the same source : the popular wisdom conveyed orally. It is in this spirit that","og_url":"https:\/\/editionsdudauphin.com\/en\/livre\/subjects\/foreign-language\/dictionaries\/title-to-provide-11","og_site_name":"\u00c9ditions du Dauphin","article_modified_time":"2019-04-03T15:24:38+00:00","og_image":[{"width":500,"height":764,"url":"https:\/\/editionsdudauphin.com\/wp-content\/uploads\/2010\/08\/proverbes-dictons-mace\u0301doine.jpeg","type":"image\/jpeg"}],"twitter_card":"summary_large_image","twitter_misc":{"Est. reading time":"1 minute"},"schema":{"@context":"https:\/\/schema.org","@graph":[{"@type":"WebPage","@id":"https:\/\/editionsdudauphin.com\/en\/livre\/subjects\/foreign-language\/dictionaries\/title-to-provide-11","url":"https:\/\/editionsdudauphin.com\/en\/livre\/subjects\/foreign-language\/dictionaries\/title-to-provide-11","name":"Proverbes, dictons comparaisons st\u00e9r\u00e9otyp\u00e9es de Mac\u00e9doine - sagesse populaire de Mac\u00e9doine - \u00c9ditions du Dauphin","isPartOf":{"@id":"https:\/\/editionsdudauphin.com\/en#website"},"primaryImageOfPage":{"@id":"https:\/\/editionsdudauphin.com\/en\/livre\/subjects\/foreign-language\/dictionaries\/title-to-provide-11#primaryimage"},"image":{"@id":"https:\/\/editionsdudauphin.com\/en\/livre\/subjects\/foreign-language\/dictionaries\/title-to-provide-11#primaryimage"},"thumbnailUrl":"https:\/\/editionsdudauphin.com\/wp-content\/uploads\/2010\/08\/proverbes-dictons-mace\u0301doine.jpeg","datePublished":"2019-01-24T09:01:41+00:00","dateModified":"2019-04-03T15:24:38+00:00","description":"Three groups : proverbs, sayings and stereotypical comparisons coming from the same source : the popular wisdom conveyed orally. It is in this spirit that","breadcrumb":{"@id":"https:\/\/editionsdudauphin.com\/en\/livre\/subjects\/foreign-language\/dictionaries\/title-to-provide-11#breadcrumb"},"inLanguage":"en-US","potentialAction":[{"@type":"ReadAction","target":["https:\/\/editionsdudauphin.com\/en\/livre\/subjects\/foreign-language\/dictionaries\/title-to-provide-11"]}]},{"@type":"ImageObject","inLanguage":"en-US","@id":"https:\/\/editionsdudauphin.com\/en\/livre\/subjects\/foreign-language\/dictionaries\/title-to-provide-11#primaryimage","url":"https:\/\/editionsdudauphin.com\/wp-content\/uploads\/2010\/08\/proverbes-dictons-mace\u0301doine.jpeg","contentUrl":"https:\/\/editionsdudauphin.com\/wp-content\/uploads\/2010\/08\/proverbes-dictons-mace\u0301doine.jpeg","width":500,"height":764,"caption":"Proverbes, dictons de Mac\u00e9doine"},{"@type":"BreadcrumbList","@id":"https:\/\/editionsdudauphin.com\/en\/livre\/subjects\/foreign-language\/dictionaries\/title-to-provide-11#breadcrumb","itemListElement":[{"@type":"ListItem","position":1,"name":"Accueil","item":"https:\/\/editionsdudauphin.com\/en"},{"@type":"ListItem","position":2,"name":"Boutique","item":"https:\/\/editionsdudauphin.com\/boutique"},{"@type":"ListItem","position":3,"name":"Proverbes, dictons comparaisons st\u00e9r\u00e9otyp\u00e9es de Mac\u00e9doine &#8211; sagesse populaire de Mac\u00e9doine"}]},{"@type":"WebSite","@id":"https:\/\/editionsdudauphin.com\/en#website","url":"https:\/\/editionsdudauphin.com\/en","name":"\u00c9ditions du Dauphin","description":"","potentialAction":[{"@type":"SearchAction","target":{"@type":"EntryPoint","urlTemplate":"https:\/\/editionsdudauphin.com\/en?s={search_term_string}"},"query-input":{"@type":"PropertyValueSpecification","valueRequired":true,"valueName":"search_term_string"}}],"inLanguage":"en-US"}]}},"_links":{"self":[{"href":"https:\/\/editionsdudauphin.com\/en\/wp-json\/wp\/v2\/product\/3429","targetHints":{"allow":["GET"]}}],"collection":[{"href":"https:\/\/editionsdudauphin.com\/en\/wp-json\/wp\/v2\/product"}],"about":[{"href":"https:\/\/editionsdudauphin.com\/en\/wp-json\/wp\/v2\/types\/product"}],"wp:featuredmedia":[{"embeddable":true,"href":"https:\/\/editionsdudauphin.com\/en\/wp-json\/wp\/v2\/media\/14332"}],"wp:attachment":[{"href":"https:\/\/editionsdudauphin.com\/en\/wp-json\/wp\/v2\/media?parent=3429"}],"wp:term":[{"taxonomy":"product_brand","embeddable":true,"href":"https:\/\/editionsdudauphin.com\/en\/wp-json\/wp\/v2\/product_brand?post=3429"},{"taxonomy":"product_cat","embeddable":true,"href":"https:\/\/editionsdudauphin.com\/en\/wp-json\/wp\/v2\/product_cat?post=3429"},{"taxonomy":"product_tag","embeddable":true,"href":"https:\/\/editionsdudauphin.com\/en\/wp-json\/wp\/v2\/product_tag?post=3429"}],"curies":[{"name":"wp","href":"https:\/\/api.w.org\/{rel}","templated":true}]}}