{"id":3431,"date":"2019-11-07T17:29:25","date_gmt":"2019-11-07T16:29:25","guid":{"rendered":"http:\/\/dev.editionsdudauphin.com\/.\/uncategorized\/title-to-provide-12"},"modified":"2023-04-28T12:54:32","modified_gmt":"2023-04-28T10:54:32","slug":"title-to-provide-12","status":"publish","type":"product","link":"https:\/\/editionsdudauphin.com\/en\/livre\/subjects\/health-wellness\/health\/ayurvedic-medecine\/title-to-provide-12","title":{"rendered":"Le livre sant\u00e9 des \u00e9pices &#8211; 27 \u00e9pices &#8211; 200 recettes de sant\u00e9"},"content":{"rendered":"<p>This unique book integrate 27 spices in 200 quick and easy recipes. The author digs it and offers us a cooking book but also a book about health: every spice is introduced around its story, traditions, benefits and different use.<\/p>\n","protected":false},"excerpt":{"rendered":"<p>This unique book integrate 27 spices in 200 quick and  [&#8230;]<\/p>\n","protected":false},"featured_media":5367,"template":"","meta":{"_acf_changed":false,"wpupg_custom_link":[],"wpupg_custom_link_behaviour":[],"wpupg_custom_link_nofollow":[],"wpupg_custom_image":[],"wpupg_custom_image_id":[]},"product_brand":[],"product_cat":[150,163,342],"product_tag":[],"class_list":{"0":"post-3431","1":"product","2":"type-product","3":"status-publish","4":"has-post-thumbnail","6":"product_cat-long-sellers-en","7":"product_cat-ayurvedic-medecine","8":"product_cat-cadeaux-de-noel-en","10":"first","11":"instock","12":"taxable","13":"shipping-taxable","14":"purchasable","15":"product-type-simple"},"acf":[],"yoast_head":"<!-- This site is optimized with the Yoast SEO plugin v27.3 - https:\/\/yoast.com\/product\/yoast-seo-wordpress\/ -->\n<title>Le livre sant\u00e9 des \u00e9pices - 27 \u00e9pices - 200 recettes de sant\u00e9 - \u00c9ditions du Dauphin<\/title>\n<meta name=\"description\" content=\"This unique book integrate 27 spices in 200 quick and easy recipes. The author digs it and offers us a cooking book but also a book about health: every\" \/>\n<meta name=\"robots\" content=\"index, follow, max-snippet:-1, max-image-preview:large, max-video-preview:-1\" \/>\n<link rel=\"canonical\" href=\"https:\/\/editionsdudauphin.com\/en\/livre\/subjects\/health-wellness\/health\/ayurvedic-medecine\/title-to-provide-12\" \/>\n<meta property=\"og:locale\" content=\"en_US\" \/>\n<meta property=\"og:type\" content=\"article\" \/>\n<meta property=\"og:title\" content=\"Le livre sant\u00e9 des \u00e9pices - 27 \u00e9pices - 200 recettes de sant\u00e9 - \u00c9ditions du Dauphin\" \/>\n<meta property=\"og:description\" content=\"This unique book integrate 27 spices in 200 quick and easy recipes. The author digs it and offers us a cooking book but also a book about health: every\" \/>\n<meta property=\"og:url\" content=\"https:\/\/editionsdudauphin.com\/en\/livre\/subjects\/health-wellness\/health\/ayurvedic-medecine\/title-to-provide-12\" \/>\n<meta property=\"og:site_name\" content=\"\u00c9ditions du Dauphin\" \/>\n<meta property=\"article:modified_time\" content=\"2023-04-28T10:54:32+00:00\" \/>\n<meta property=\"og:image\" content=\"https:\/\/editionsdudauphin.com\/wp-content\/uploads\/2019\/10\/9782716317207_epices_sant\u00e9-scaled.jpg\" \/>\n\t<meta property=\"og:image:width\" content=\"1351\" \/>\n\t<meta property=\"og:image:height\" content=\"1920\" \/>\n\t<meta property=\"og:image:type\" content=\"image\/jpeg\" \/>\n<meta name=\"twitter:card\" content=\"summary_large_image\" \/>\n<meta name=\"twitter:label1\" content=\"Est. reading time\" \/>\n\t<meta name=\"twitter:data1\" content=\"1 minute\" \/>\n<script type=\"application\/ld+json\" class=\"yoast-schema-graph\">{\"@context\":\"https:\\\/\\\/schema.org\",\"@graph\":[{\"@type\":\"WebPage\",\"@id\":\"https:\\\/\\\/editionsdudauphin.com\\\/en\\\/livre\\\/subjects\\\/health-wellness\\\/health\\\/ayurvedic-medecine\\\/title-to-provide-12\",\"url\":\"https:\\\/\\\/editionsdudauphin.com\\\/en\\\/livre\\\/subjects\\\/health-wellness\\\/health\\\/ayurvedic-medecine\\\/title-to-provide-12\",\"name\":\"Le livre sant\u00e9 des \u00e9pices - 27 \u00e9pices - 200 recettes de sant\u00e9 - \u00c9ditions du Dauphin\",\"isPartOf\":{\"@id\":\"https:\\\/\\\/editionsdudauphin.com\\\/en#website\"},\"primaryImageOfPage\":{\"@id\":\"https:\\\/\\\/editionsdudauphin.com\\\/en\\\/livre\\\/subjects\\\/health-wellness\\\/health\\\/ayurvedic-medecine\\\/title-to-provide-12#primaryimage\"},\"image\":{\"@id\":\"https:\\\/\\\/editionsdudauphin.com\\\/en\\\/livre\\\/subjects\\\/health-wellness\\\/health\\\/ayurvedic-medecine\\\/title-to-provide-12#primaryimage\"},\"thumbnailUrl\":\"https:\\\/\\\/editionsdudauphin.com\\\/wp-content\\\/uploads\\\/2019\\\/10\\\/9782716317207_epices_sant\u00e9-scaled.jpg\",\"datePublished\":\"2019-11-07T16:29:25+00:00\",\"dateModified\":\"2023-04-28T10:54:32+00:00\",\"description\":\"This unique book integrate 27 spices in 200 quick and easy recipes. The author digs it and offers us a cooking book but also a book about health: every\",\"breadcrumb\":{\"@id\":\"https:\\\/\\\/editionsdudauphin.com\\\/en\\\/livre\\\/subjects\\\/health-wellness\\\/health\\\/ayurvedic-medecine\\\/title-to-provide-12#breadcrumb\"},\"inLanguage\":\"en-US\",\"potentialAction\":[{\"@type\":\"ReadAction\",\"target\":[\"https:\\\/\\\/editionsdudauphin.com\\\/en\\\/livre\\\/subjects\\\/health-wellness\\\/health\\\/ayurvedic-medecine\\\/title-to-provide-12\"]}]},{\"@type\":\"ImageObject\",\"inLanguage\":\"en-US\",\"@id\":\"https:\\\/\\\/editionsdudauphin.com\\\/en\\\/livre\\\/subjects\\\/health-wellness\\\/health\\\/ayurvedic-medecine\\\/title-to-provide-12#primaryimage\",\"url\":\"https:\\\/\\\/editionsdudauphin.com\\\/wp-content\\\/uploads\\\/2019\\\/10\\\/9782716317207_epices_sant\u00e9-scaled.jpg\",\"contentUrl\":\"https:\\\/\\\/editionsdudauphin.com\\\/wp-content\\\/uploads\\\/2019\\\/10\\\/9782716317207_epices_sant\u00e9-scaled.jpg\",\"width\":1351,\"height\":1920,\"caption\":\"\u00e9pices-sant\u00e9\"},{\"@type\":\"BreadcrumbList\",\"@id\":\"https:\\\/\\\/editionsdudauphin.com\\\/en\\\/livre\\\/subjects\\\/health-wellness\\\/health\\\/ayurvedic-medecine\\\/title-to-provide-12#breadcrumb\",\"itemListElement\":[{\"@type\":\"ListItem\",\"position\":1,\"name\":\"Accueil\",\"item\":\"https:\\\/\\\/editionsdudauphin.com\\\/en\"},{\"@type\":\"ListItem\",\"position\":2,\"name\":\"Boutique\",\"item\":\"https:\\\/\\\/editionsdudauphin.com\\\/boutique\"},{\"@type\":\"ListItem\",\"position\":3,\"name\":\"Le livre sant\u00e9 des \u00e9pices &#8211; 27 \u00e9pices &#8211; 200 recettes de sant\u00e9\"}]},{\"@type\":\"WebSite\",\"@id\":\"https:\\\/\\\/editionsdudauphin.com\\\/en#website\",\"url\":\"https:\\\/\\\/editionsdudauphin.com\\\/en\",\"name\":\"\u00c9ditions du Dauphin\",\"description\":\"\",\"potentialAction\":[{\"@type\":\"SearchAction\",\"target\":{\"@type\":\"EntryPoint\",\"urlTemplate\":\"https:\\\/\\\/editionsdudauphin.com\\\/en?s={search_term_string}\"},\"query-input\":{\"@type\":\"PropertyValueSpecification\",\"valueRequired\":true,\"valueName\":\"search_term_string\"}}],\"inLanguage\":\"en-US\"}]}<\/script>\n<!-- \/ Yoast SEO plugin. -->","yoast_head_json":{"title":"Le livre sant\u00e9 des \u00e9pices - 27 \u00e9pices - 200 recettes de sant\u00e9 - \u00c9ditions du Dauphin","description":"This unique book integrate 27 spices in 200 quick and easy recipes. The author digs it and offers us a cooking book but also a book about health: every","robots":{"index":"index","follow":"follow","max-snippet":"max-snippet:-1","max-image-preview":"max-image-preview:large","max-video-preview":"max-video-preview:-1"},"canonical":"https:\/\/editionsdudauphin.com\/en\/livre\/subjects\/health-wellness\/health\/ayurvedic-medecine\/title-to-provide-12","og_locale":"en_US","og_type":"article","og_title":"Le livre sant\u00e9 des \u00e9pices - 27 \u00e9pices - 200 recettes de sant\u00e9 - \u00c9ditions du Dauphin","og_description":"This unique book integrate 27 spices in 200 quick and easy recipes. The author digs it and offers us a cooking book but also a book about health: every","og_url":"https:\/\/editionsdudauphin.com\/en\/livre\/subjects\/health-wellness\/health\/ayurvedic-medecine\/title-to-provide-12","og_site_name":"\u00c9ditions du Dauphin","article_modified_time":"2023-04-28T10:54:32+00:00","og_image":[{"width":1351,"height":1920,"url":"https:\/\/editionsdudauphin.com\/wp-content\/uploads\/2019\/10\/9782716317207_epices_sant\u00e9-scaled.jpg","type":"image\/jpeg"}],"twitter_card":"summary_large_image","twitter_misc":{"Est. reading time":"1 minute"},"schema":{"@context":"https:\/\/schema.org","@graph":[{"@type":"WebPage","@id":"https:\/\/editionsdudauphin.com\/en\/livre\/subjects\/health-wellness\/health\/ayurvedic-medecine\/title-to-provide-12","url":"https:\/\/editionsdudauphin.com\/en\/livre\/subjects\/health-wellness\/health\/ayurvedic-medecine\/title-to-provide-12","name":"Le livre sant\u00e9 des \u00e9pices - 27 \u00e9pices - 200 recettes de sant\u00e9 - \u00c9ditions du Dauphin","isPartOf":{"@id":"https:\/\/editionsdudauphin.com\/en#website"},"primaryImageOfPage":{"@id":"https:\/\/editionsdudauphin.com\/en\/livre\/subjects\/health-wellness\/health\/ayurvedic-medecine\/title-to-provide-12#primaryimage"},"image":{"@id":"https:\/\/editionsdudauphin.com\/en\/livre\/subjects\/health-wellness\/health\/ayurvedic-medecine\/title-to-provide-12#primaryimage"},"thumbnailUrl":"https:\/\/editionsdudauphin.com\/wp-content\/uploads\/2019\/10\/9782716317207_epices_sant\u00e9-scaled.jpg","datePublished":"2019-11-07T16:29:25+00:00","dateModified":"2023-04-28T10:54:32+00:00","description":"This unique book integrate 27 spices in 200 quick and easy recipes. The author digs it and offers us a cooking book but also a book about health: every","breadcrumb":{"@id":"https:\/\/editionsdudauphin.com\/en\/livre\/subjects\/health-wellness\/health\/ayurvedic-medecine\/title-to-provide-12#breadcrumb"},"inLanguage":"en-US","potentialAction":[{"@type":"ReadAction","target":["https:\/\/editionsdudauphin.com\/en\/livre\/subjects\/health-wellness\/health\/ayurvedic-medecine\/title-to-provide-12"]}]},{"@type":"ImageObject","inLanguage":"en-US","@id":"https:\/\/editionsdudauphin.com\/en\/livre\/subjects\/health-wellness\/health\/ayurvedic-medecine\/title-to-provide-12#primaryimage","url":"https:\/\/editionsdudauphin.com\/wp-content\/uploads\/2019\/10\/9782716317207_epices_sant\u00e9-scaled.jpg","contentUrl":"https:\/\/editionsdudauphin.com\/wp-content\/uploads\/2019\/10\/9782716317207_epices_sant\u00e9-scaled.jpg","width":1351,"height":1920,"caption":"\u00e9pices-sant\u00e9"},{"@type":"BreadcrumbList","@id":"https:\/\/editionsdudauphin.com\/en\/livre\/subjects\/health-wellness\/health\/ayurvedic-medecine\/title-to-provide-12#breadcrumb","itemListElement":[{"@type":"ListItem","position":1,"name":"Accueil","item":"https:\/\/editionsdudauphin.com\/en"},{"@type":"ListItem","position":2,"name":"Boutique","item":"https:\/\/editionsdudauphin.com\/boutique"},{"@type":"ListItem","position":3,"name":"Le livre sant\u00e9 des \u00e9pices &#8211; 27 \u00e9pices &#8211; 200 recettes de sant\u00e9"}]},{"@type":"WebSite","@id":"https:\/\/editionsdudauphin.com\/en#website","url":"https:\/\/editionsdudauphin.com\/en","name":"\u00c9ditions du Dauphin","description":"","potentialAction":[{"@type":"SearchAction","target":{"@type":"EntryPoint","urlTemplate":"https:\/\/editionsdudauphin.com\/en?s={search_term_string}"},"query-input":{"@type":"PropertyValueSpecification","valueRequired":true,"valueName":"search_term_string"}}],"inLanguage":"en-US"}]}},"_links":{"self":[{"href":"https:\/\/editionsdudauphin.com\/en\/wp-json\/wp\/v2\/product\/3431","targetHints":{"allow":["GET"]}}],"collection":[{"href":"https:\/\/editionsdudauphin.com\/en\/wp-json\/wp\/v2\/product"}],"about":[{"href":"https:\/\/editionsdudauphin.com\/en\/wp-json\/wp\/v2\/types\/product"}],"wp:featuredmedia":[{"embeddable":true,"href":"https:\/\/editionsdudauphin.com\/en\/wp-json\/wp\/v2\/media\/5367"}],"wp:attachment":[{"href":"https:\/\/editionsdudauphin.com\/en\/wp-json\/wp\/v2\/media?parent=3431"}],"wp:term":[{"taxonomy":"product_brand","embeddable":true,"href":"https:\/\/editionsdudauphin.com\/en\/wp-json\/wp\/v2\/product_brand?post=3431"},{"taxonomy":"product_cat","embeddable":true,"href":"https:\/\/editionsdudauphin.com\/en\/wp-json\/wp\/v2\/product_cat?post=3431"},{"taxonomy":"product_tag","embeddable":true,"href":"https:\/\/editionsdudauphin.com\/en\/wp-json\/wp\/v2\/product_tag?post=3431"}],"curies":[{"name":"wp","href":"https:\/\/api.w.org\/{rel}","templated":true}]}}