{"id":3433,"date":"2014-06-12T10:33:06","date_gmt":"2019-01-24T09:33:06","guid":{"rendered":"http:\/\/dev.editionsdudauphin.com\/.\/uncategorized\/title-to-provide-13"},"modified":"2023-02-23T12:50:58","modified_gmt":"2023-02-23T11:50:58","slug":"title-to-provide-13","status":"publish","type":"product","link":"https:\/\/editionsdudauphin.com\/en\/livre\/subjects\/spirituality-esoterism\/esoterism\/divination\/title-to-provide-13","title":{"rendered":"Astrologie sacr\u00e9e selon l&#8217;enseignement du Ma\u00eetre tib\u00e9tain D.K"},"content":{"rendered":"<p>This teaching, by the master Djwahl Khul named also the &#8220;Tibetan&#8221;, belongs to the fifth spiritual reign of hierarchy of masters, guards and defenders of the humanity whose Christ is the supreme leader. In the XIXth century, with the agreement of this Hierarchy, a part of these lost knowledge was transmitted by Helena Petrovna Blavastky in its theosophical teaching. In the XXth century, under the telepathic dictation of Teacher Djwahl Khul, Alice Bailey transmitted also an even more gigantic work: beyond religions, she incites to open consciousness, and encourages each to turn upright to become a channel and a knight defender of cosmic light. This teaching can also be useful to all of those who worry about their own evolution and about the planet. It gives to human being all its cosmic and spiritual scale, inciting him to a work of increasing purification, until a total transparency and highest energy. In this work, based on transmissions by the Tibetan, Kl\u00e9a incorporated its own works, boards, graphs and example of interpretation. Kl\u00e9a is the author of numerous works on numerology, tarot and astrology.<\/p>\n","protected":false},"excerpt":{"rendered":"<p>This teaching, by the master Djwahl Khul named also the  [&#8230;]<\/p>\n","protected":false},"featured_media":3434,"template":"","meta":{"_acf_changed":false,"wpupg_custom_link":[],"wpupg_custom_link_behaviour":[],"wpupg_custom_link_nofollow":[],"wpupg_custom_image":[],"wpupg_custom_image_id":[]},"product_brand":[],"product_cat":[179],"product_tag":[],"class_list":{"0":"post-3433","1":"product","2":"type-product","3":"status-publish","4":"has-post-thumbnail","6":"product_cat-divination","8":"first","9":"instock","10":"taxable","11":"shipping-taxable","12":"purchasable","13":"product-type-simple"},"acf":[],"yoast_head":"<!-- This site is optimized with the Yoast SEO plugin v27.3 - https:\/\/yoast.com\/product\/yoast-seo-wordpress\/ -->\n<title>Astrologie sacr\u00e9e selon l&#039;enseignement du Ma\u00eetre tib\u00e9tain D.K - \u00c9ditions du Dauphin<\/title>\n<meta name=\"description\" content=\"This teaching, by the master Djwahl Khul named also the &quot;Tibetan&quot;, belongs to the fifth spiritual reign of hierarchy of masters, guards and defenders of\" \/>\n<meta name=\"robots\" content=\"index, follow, max-snippet:-1, max-image-preview:large, max-video-preview:-1\" \/>\n<link rel=\"canonical\" href=\"https:\/\/editionsdudauphin.com\/en\/livre\/subjects\/spirituality-esoterism\/esoterism\/divination\/title-to-provide-13\" \/>\n<meta property=\"og:locale\" content=\"en_US\" \/>\n<meta property=\"og:type\" content=\"article\" \/>\n<meta property=\"og:title\" content=\"Astrologie sacr\u00e9e selon l&#039;enseignement du Ma\u00eetre tib\u00e9tain D.K - \u00c9ditions du Dauphin\" \/>\n<meta property=\"og:description\" content=\"This teaching, by the master Djwahl Khul named also the &quot;Tibetan&quot;, belongs to the fifth spiritual reign of hierarchy of masters, guards and defenders of\" \/>\n<meta property=\"og:url\" content=\"https:\/\/editionsdudauphin.com\/en\/livre\/subjects\/spirituality-esoterism\/esoterism\/divination\/title-to-provide-13\" \/>\n<meta property=\"og:site_name\" content=\"\u00c9ditions du Dauphin\" \/>\n<meta property=\"article:modified_time\" content=\"2023-02-23T11:50:58+00:00\" \/>\n<meta property=\"og:image\" content=\"https:\/\/editionsdudauphin.com\/wp-content\/uploads\/2019\/01\/9782716315258_Astrologie_Sacree_Maitre_Tibetain_DK-scaled.jpg\" \/>\n\t<meta property=\"og:image:width\" content=\"1382\" \/>\n\t<meta property=\"og:image:height\" content=\"1920\" \/>\n\t<meta property=\"og:image:type\" content=\"image\/jpeg\" \/>\n<meta name=\"twitter:card\" content=\"summary_large_image\" \/>\n<meta name=\"twitter:label1\" content=\"Est. reading time\" \/>\n\t<meta name=\"twitter:data1\" content=\"1 minute\" \/>\n<script type=\"application\/ld+json\" class=\"yoast-schema-graph\">{\"@context\":\"https:\\\/\\\/schema.org\",\"@graph\":[{\"@type\":\"WebPage\",\"@id\":\"https:\\\/\\\/editionsdudauphin.com\\\/en\\\/livre\\\/subjects\\\/spirituality-esoterism\\\/esoterism\\\/divination\\\/title-to-provide-13\",\"url\":\"https:\\\/\\\/editionsdudauphin.com\\\/en\\\/livre\\\/subjects\\\/spirituality-esoterism\\\/esoterism\\\/divination\\\/title-to-provide-13\",\"name\":\"Astrologie sacr\u00e9e selon l'enseignement du Ma\u00eetre tib\u00e9tain D.K - \u00c9ditions du Dauphin\",\"isPartOf\":{\"@id\":\"https:\\\/\\\/editionsdudauphin.com\\\/en#website\"},\"primaryImageOfPage\":{\"@id\":\"https:\\\/\\\/editionsdudauphin.com\\\/en\\\/livre\\\/subjects\\\/spirituality-esoterism\\\/esoterism\\\/divination\\\/title-to-provide-13#primaryimage\"},\"image\":{\"@id\":\"https:\\\/\\\/editionsdudauphin.com\\\/en\\\/livre\\\/subjects\\\/spirituality-esoterism\\\/esoterism\\\/divination\\\/title-to-provide-13#primaryimage\"},\"thumbnailUrl\":\"https:\\\/\\\/editionsdudauphin.com\\\/wp-content\\\/uploads\\\/2019\\\/01\\\/9782716315258_Astrologie_Sacree_Maitre_Tibetain_DK-scaled.jpg\",\"datePublished\":\"2019-01-24T09:33:06+00:00\",\"dateModified\":\"2023-02-23T11:50:58+00:00\",\"description\":\"This teaching, by the master Djwahl Khul named also the \\\"Tibetan\\\", belongs to the fifth spiritual reign of hierarchy of masters, guards and defenders of\",\"breadcrumb\":{\"@id\":\"https:\\\/\\\/editionsdudauphin.com\\\/en\\\/livre\\\/subjects\\\/spirituality-esoterism\\\/esoterism\\\/divination\\\/title-to-provide-13#breadcrumb\"},\"inLanguage\":\"en-US\",\"potentialAction\":[{\"@type\":\"ReadAction\",\"target\":[\"https:\\\/\\\/editionsdudauphin.com\\\/en\\\/livre\\\/subjects\\\/spirituality-esoterism\\\/esoterism\\\/divination\\\/title-to-provide-13\"]}]},{\"@type\":\"ImageObject\",\"inLanguage\":\"en-US\",\"@id\":\"https:\\\/\\\/editionsdudauphin.com\\\/en\\\/livre\\\/subjects\\\/spirituality-esoterism\\\/esoterism\\\/divination\\\/title-to-provide-13#primaryimage\",\"url\":\"https:\\\/\\\/editionsdudauphin.com\\\/wp-content\\\/uploads\\\/2019\\\/01\\\/9782716315258_Astrologie_Sacree_Maitre_Tibetain_DK-scaled.jpg\",\"contentUrl\":\"https:\\\/\\\/editionsdudauphin.com\\\/wp-content\\\/uploads\\\/2019\\\/01\\\/9782716315258_Astrologie_Sacree_Maitre_Tibetain_DK-scaled.jpg\",\"width\":1382,\"height\":1920,\"caption\":\"Astrologie_Sacree_Maitre_Tibetain_DK\"},{\"@type\":\"BreadcrumbList\",\"@id\":\"https:\\\/\\\/editionsdudauphin.com\\\/en\\\/livre\\\/subjects\\\/spirituality-esoterism\\\/esoterism\\\/divination\\\/title-to-provide-13#breadcrumb\",\"itemListElement\":[{\"@type\":\"ListItem\",\"position\":1,\"name\":\"Accueil\",\"item\":\"https:\\\/\\\/editionsdudauphin.com\\\/en\"},{\"@type\":\"ListItem\",\"position\":2,\"name\":\"Boutique\",\"item\":\"https:\\\/\\\/editionsdudauphin.com\\\/boutique\"},{\"@type\":\"ListItem\",\"position\":3,\"name\":\"Astrologie sacr\u00e9e selon l&#8217;enseignement du Ma\u00eetre tib\u00e9tain D.K\"}]},{\"@type\":\"WebSite\",\"@id\":\"https:\\\/\\\/editionsdudauphin.com\\\/en#website\",\"url\":\"https:\\\/\\\/editionsdudauphin.com\\\/en\",\"name\":\"\u00c9ditions du Dauphin\",\"description\":\"\",\"potentialAction\":[{\"@type\":\"SearchAction\",\"target\":{\"@type\":\"EntryPoint\",\"urlTemplate\":\"https:\\\/\\\/editionsdudauphin.com\\\/en?s={search_term_string}\"},\"query-input\":{\"@type\":\"PropertyValueSpecification\",\"valueRequired\":true,\"valueName\":\"search_term_string\"}}],\"inLanguage\":\"en-US\"}]}<\/script>\n<!-- \/ Yoast SEO plugin. -->","yoast_head_json":{"title":"Astrologie sacr\u00e9e selon l'enseignement du Ma\u00eetre tib\u00e9tain D.K - \u00c9ditions du Dauphin","description":"This teaching, by the master Djwahl Khul named also the \"Tibetan\", belongs to the fifth spiritual reign of hierarchy of masters, guards and defenders of","robots":{"index":"index","follow":"follow","max-snippet":"max-snippet:-1","max-image-preview":"max-image-preview:large","max-video-preview":"max-video-preview:-1"},"canonical":"https:\/\/editionsdudauphin.com\/en\/livre\/subjects\/spirituality-esoterism\/esoterism\/divination\/title-to-provide-13","og_locale":"en_US","og_type":"article","og_title":"Astrologie sacr\u00e9e selon l'enseignement du Ma\u00eetre tib\u00e9tain D.K - \u00c9ditions du Dauphin","og_description":"This teaching, by the master Djwahl Khul named also the \"Tibetan\", belongs to the fifth spiritual reign of hierarchy of masters, guards and defenders of","og_url":"https:\/\/editionsdudauphin.com\/en\/livre\/subjects\/spirituality-esoterism\/esoterism\/divination\/title-to-provide-13","og_site_name":"\u00c9ditions du Dauphin","article_modified_time":"2023-02-23T11:50:58+00:00","og_image":[{"width":1382,"height":1920,"url":"https:\/\/editionsdudauphin.com\/wp-content\/uploads\/2019\/01\/9782716315258_Astrologie_Sacree_Maitre_Tibetain_DK-scaled.jpg","type":"image\/jpeg"}],"twitter_card":"summary_large_image","twitter_misc":{"Est. reading time":"1 minute"},"schema":{"@context":"https:\/\/schema.org","@graph":[{"@type":"WebPage","@id":"https:\/\/editionsdudauphin.com\/en\/livre\/subjects\/spirituality-esoterism\/esoterism\/divination\/title-to-provide-13","url":"https:\/\/editionsdudauphin.com\/en\/livre\/subjects\/spirituality-esoterism\/esoterism\/divination\/title-to-provide-13","name":"Astrologie sacr\u00e9e selon l'enseignement du Ma\u00eetre tib\u00e9tain D.K - \u00c9ditions du Dauphin","isPartOf":{"@id":"https:\/\/editionsdudauphin.com\/en#website"},"primaryImageOfPage":{"@id":"https:\/\/editionsdudauphin.com\/en\/livre\/subjects\/spirituality-esoterism\/esoterism\/divination\/title-to-provide-13#primaryimage"},"image":{"@id":"https:\/\/editionsdudauphin.com\/en\/livre\/subjects\/spirituality-esoterism\/esoterism\/divination\/title-to-provide-13#primaryimage"},"thumbnailUrl":"https:\/\/editionsdudauphin.com\/wp-content\/uploads\/2019\/01\/9782716315258_Astrologie_Sacree_Maitre_Tibetain_DK-scaled.jpg","datePublished":"2019-01-24T09:33:06+00:00","dateModified":"2023-02-23T11:50:58+00:00","description":"This teaching, by the master Djwahl Khul named also the \"Tibetan\", belongs to the fifth spiritual reign of hierarchy of masters, guards and defenders of","breadcrumb":{"@id":"https:\/\/editionsdudauphin.com\/en\/livre\/subjects\/spirituality-esoterism\/esoterism\/divination\/title-to-provide-13#breadcrumb"},"inLanguage":"en-US","potentialAction":[{"@type":"ReadAction","target":["https:\/\/editionsdudauphin.com\/en\/livre\/subjects\/spirituality-esoterism\/esoterism\/divination\/title-to-provide-13"]}]},{"@type":"ImageObject","inLanguage":"en-US","@id":"https:\/\/editionsdudauphin.com\/en\/livre\/subjects\/spirituality-esoterism\/esoterism\/divination\/title-to-provide-13#primaryimage","url":"https:\/\/editionsdudauphin.com\/wp-content\/uploads\/2019\/01\/9782716315258_Astrologie_Sacree_Maitre_Tibetain_DK-scaled.jpg","contentUrl":"https:\/\/editionsdudauphin.com\/wp-content\/uploads\/2019\/01\/9782716315258_Astrologie_Sacree_Maitre_Tibetain_DK-scaled.jpg","width":1382,"height":1920,"caption":"Astrologie_Sacree_Maitre_Tibetain_DK"},{"@type":"BreadcrumbList","@id":"https:\/\/editionsdudauphin.com\/en\/livre\/subjects\/spirituality-esoterism\/esoterism\/divination\/title-to-provide-13#breadcrumb","itemListElement":[{"@type":"ListItem","position":1,"name":"Accueil","item":"https:\/\/editionsdudauphin.com\/en"},{"@type":"ListItem","position":2,"name":"Boutique","item":"https:\/\/editionsdudauphin.com\/boutique"},{"@type":"ListItem","position":3,"name":"Astrologie sacr\u00e9e selon l&#8217;enseignement du Ma\u00eetre tib\u00e9tain D.K"}]},{"@type":"WebSite","@id":"https:\/\/editionsdudauphin.com\/en#website","url":"https:\/\/editionsdudauphin.com\/en","name":"\u00c9ditions du Dauphin","description":"","potentialAction":[{"@type":"SearchAction","target":{"@type":"EntryPoint","urlTemplate":"https:\/\/editionsdudauphin.com\/en?s={search_term_string}"},"query-input":{"@type":"PropertyValueSpecification","valueRequired":true,"valueName":"search_term_string"}}],"inLanguage":"en-US"}]}},"_links":{"self":[{"href":"https:\/\/editionsdudauphin.com\/en\/wp-json\/wp\/v2\/product\/3433","targetHints":{"allow":["GET"]}}],"collection":[{"href":"https:\/\/editionsdudauphin.com\/en\/wp-json\/wp\/v2\/product"}],"about":[{"href":"https:\/\/editionsdudauphin.com\/en\/wp-json\/wp\/v2\/types\/product"}],"wp:featuredmedia":[{"embeddable":true,"href":"https:\/\/editionsdudauphin.com\/en\/wp-json\/wp\/v2\/media\/3434"}],"wp:attachment":[{"href":"https:\/\/editionsdudauphin.com\/en\/wp-json\/wp\/v2\/media?parent=3433"}],"wp:term":[{"taxonomy":"product_brand","embeddable":true,"href":"https:\/\/editionsdudauphin.com\/en\/wp-json\/wp\/v2\/product_brand?post=3433"},{"taxonomy":"product_cat","embeddable":true,"href":"https:\/\/editionsdudauphin.com\/en\/wp-json\/wp\/v2\/product_cat?post=3433"},{"taxonomy":"product_tag","embeddable":true,"href":"https:\/\/editionsdudauphin.com\/en\/wp-json\/wp\/v2\/product_tag?post=3433"}],"curies":[{"name":"wp","href":"https:\/\/api.w.org\/{rel}","templated":true}]}}