{"id":3464,"date":"2019-09-19T06:05:35","date_gmt":"2019-01-25T15:55:35","guid":{"rendered":"http:\/\/dev.editionsdudauphin.com\/.\/uncategorized\/title-to-provide-28"},"modified":"2023-07-07T15:47:11","modified_gmt":"2023-07-07T13:47:11","slug":"title-to-provide-28","status":"publish","type":"product","link":"https:\/\/editionsdudauphin.com\/en\/livre\/subjects\/spirituality-esoterism\/esoterism\/occult\/title-to-provide-28","title":{"rendered":"La radiesth\u00e9sie au service de votre sant\u00e9 &#8211; m\u00e9thodes &#038; diagnostics"},"content":{"rendered":"<p>This book highlights differents work methods, precautions of use and explains the impact of radiance on our health, why dowsing and medecine are connected but also the influence of geobioogy on our system.<\/p>\n","protected":false},"excerpt":{"rendered":"<p>This book highlights differents work methods, precautions of use and  [&#8230;]<\/p>\n","protected":false},"featured_media":5204,"template":"","meta":{"_acf_changed":false,"wpupg_custom_link":[],"wpupg_custom_link_behaviour":[],"wpupg_custom_link_nofollow":[],"wpupg_custom_image":[],"wpupg_custom_image_id":[]},"product_brand":[],"product_cat":[181],"product_tag":[],"class_list":{"0":"post-3464","1":"product","2":"type-product","3":"status-publish","4":"has-post-thumbnail","6":"product_cat-occult","8":"first","9":"instock","10":"taxable","11":"shipping-taxable","12":"purchasable","13":"product-type-simple"},"acf":[],"yoast_head":"<!-- This site is optimized with the Yoast SEO plugin v27.3 - https:\/\/yoast.com\/product\/yoast-seo-wordpress\/ -->\n<title>La radiesth\u00e9sie au service de votre sant\u00e9 - m\u00e9thodes &amp; diagnostics - \u00c9ditions du Dauphin<\/title>\n<meta name=\"description\" content=\"This book highlights differents work methods, precautions of use and explains the impact of radiance on our health, why dowsing and medecine are connected\" \/>\n<meta name=\"robots\" content=\"index, follow, max-snippet:-1, max-image-preview:large, max-video-preview:-1\" \/>\n<link rel=\"canonical\" href=\"https:\/\/editionsdudauphin.com\/en\/livre\/subjects\/spirituality-esoterism\/esoterism\/occult\/title-to-provide-28\" \/>\n<meta property=\"og:locale\" content=\"en_US\" \/>\n<meta property=\"og:type\" content=\"article\" \/>\n<meta property=\"og:title\" content=\"La radiesth\u00e9sie au service de votre sant\u00e9 - m\u00e9thodes &amp; diagnostics - \u00c9ditions du Dauphin\" \/>\n<meta property=\"og:description\" content=\"This book highlights differents work methods, precautions of use and explains the impact of radiance on our health, why dowsing and medecine are connected\" \/>\n<meta property=\"og:url\" content=\"https:\/\/editionsdudauphin.com\/en\/livre\/subjects\/spirituality-esoterism\/esoterism\/occult\/title-to-provide-28\" \/>\n<meta property=\"og:site_name\" content=\"\u00c9ditions du Dauphin\" \/>\n<meta property=\"article:modified_time\" content=\"2023-07-07T13:47:11+00:00\" \/>\n<meta property=\"og:image\" content=\"https:\/\/editionsdudauphin.com\/wp-content\/uploads\/2017\/04\/9782716317085_radiesth\u00e9sie_sant\u00e9-scaled.jpg\" \/>\n\t<meta property=\"og:image:width\" content=\"1310\" \/>\n\t<meta property=\"og:image:height\" content=\"1920\" \/>\n\t<meta property=\"og:image:type\" content=\"image\/jpeg\" \/>\n<meta name=\"twitter:card\" content=\"summary_large_image\" \/>\n<meta name=\"twitter:label1\" content=\"Est. reading time\" \/>\n\t<meta name=\"twitter:data1\" content=\"1 minute\" \/>\n<script type=\"application\/ld+json\" class=\"yoast-schema-graph\">{\"@context\":\"https:\\\/\\\/schema.org\",\"@graph\":[{\"@type\":\"WebPage\",\"@id\":\"https:\\\/\\\/editionsdudauphin.com\\\/en\\\/livre\\\/subjects\\\/spirituality-esoterism\\\/esoterism\\\/occult\\\/title-to-provide-28\",\"url\":\"https:\\\/\\\/editionsdudauphin.com\\\/en\\\/livre\\\/subjects\\\/spirituality-esoterism\\\/esoterism\\\/occult\\\/title-to-provide-28\",\"name\":\"La radiesth\u00e9sie au service de votre sant\u00e9 - m\u00e9thodes & diagnostics - \u00c9ditions du Dauphin\",\"isPartOf\":{\"@id\":\"https:\\\/\\\/editionsdudauphin.com\\\/en#website\"},\"primaryImageOfPage\":{\"@id\":\"https:\\\/\\\/editionsdudauphin.com\\\/en\\\/livre\\\/subjects\\\/spirituality-esoterism\\\/esoterism\\\/occult\\\/title-to-provide-28#primaryimage\"},\"image\":{\"@id\":\"https:\\\/\\\/editionsdudauphin.com\\\/en\\\/livre\\\/subjects\\\/spirituality-esoterism\\\/esoterism\\\/occult\\\/title-to-provide-28#primaryimage\"},\"thumbnailUrl\":\"https:\\\/\\\/editionsdudauphin.com\\\/wp-content\\\/uploads\\\/2017\\\/04\\\/9782716317085_radiesth\u00e9sie_sant\u00e9-scaled.jpg\",\"datePublished\":\"2019-01-25T15:55:35+00:00\",\"dateModified\":\"2023-07-07T13:47:11+00:00\",\"description\":\"This book highlights differents work methods, precautions of use and explains the impact of radiance on our health, why dowsing and medecine are connected\",\"breadcrumb\":{\"@id\":\"https:\\\/\\\/editionsdudauphin.com\\\/en\\\/livre\\\/subjects\\\/spirituality-esoterism\\\/esoterism\\\/occult\\\/title-to-provide-28#breadcrumb\"},\"inLanguage\":\"en-US\",\"potentialAction\":[{\"@type\":\"ReadAction\",\"target\":[\"https:\\\/\\\/editionsdudauphin.com\\\/en\\\/livre\\\/subjects\\\/spirituality-esoterism\\\/esoterism\\\/occult\\\/title-to-provide-28\"]}]},{\"@type\":\"ImageObject\",\"inLanguage\":\"en-US\",\"@id\":\"https:\\\/\\\/editionsdudauphin.com\\\/en\\\/livre\\\/subjects\\\/spirituality-esoterism\\\/esoterism\\\/occult\\\/title-to-provide-28#primaryimage\",\"url\":\"https:\\\/\\\/editionsdudauphin.com\\\/wp-content\\\/uploads\\\/2017\\\/04\\\/9782716317085_radiesth\u00e9sie_sant\u00e9-scaled.jpg\",\"contentUrl\":\"https:\\\/\\\/editionsdudauphin.com\\\/wp-content\\\/uploads\\\/2017\\\/04\\\/9782716317085_radiesth\u00e9sie_sant\u00e9-scaled.jpg\",\"width\":1310,\"height\":1920,\"caption\":\"livre radiesth\u00e9sie au service de votre sant\u00e9\"},{\"@type\":\"BreadcrumbList\",\"@id\":\"https:\\\/\\\/editionsdudauphin.com\\\/en\\\/livre\\\/subjects\\\/spirituality-esoterism\\\/esoterism\\\/occult\\\/title-to-provide-28#breadcrumb\",\"itemListElement\":[{\"@type\":\"ListItem\",\"position\":1,\"name\":\"Accueil\",\"item\":\"https:\\\/\\\/editionsdudauphin.com\\\/en\"},{\"@type\":\"ListItem\",\"position\":2,\"name\":\"Boutique\",\"item\":\"https:\\\/\\\/editionsdudauphin.com\\\/boutique\"},{\"@type\":\"ListItem\",\"position\":3,\"name\":\"La radiesth\u00e9sie au service de votre sant\u00e9 &#8211; m\u00e9thodes &#038; diagnostics\"}]},{\"@type\":\"WebSite\",\"@id\":\"https:\\\/\\\/editionsdudauphin.com\\\/en#website\",\"url\":\"https:\\\/\\\/editionsdudauphin.com\\\/en\",\"name\":\"\u00c9ditions du Dauphin\",\"description\":\"\",\"potentialAction\":[{\"@type\":\"SearchAction\",\"target\":{\"@type\":\"EntryPoint\",\"urlTemplate\":\"https:\\\/\\\/editionsdudauphin.com\\\/en?s={search_term_string}\"},\"query-input\":{\"@type\":\"PropertyValueSpecification\",\"valueRequired\":true,\"valueName\":\"search_term_string\"}}],\"inLanguage\":\"en-US\"}]}<\/script>\n<!-- \/ Yoast SEO plugin. -->","yoast_head_json":{"title":"La radiesth\u00e9sie au service de votre sant\u00e9 - m\u00e9thodes & diagnostics - \u00c9ditions du Dauphin","description":"This book highlights differents work methods, precautions of use and explains the impact of radiance on our health, why dowsing and medecine are connected","robots":{"index":"index","follow":"follow","max-snippet":"max-snippet:-1","max-image-preview":"max-image-preview:large","max-video-preview":"max-video-preview:-1"},"canonical":"https:\/\/editionsdudauphin.com\/en\/livre\/subjects\/spirituality-esoterism\/esoterism\/occult\/title-to-provide-28","og_locale":"en_US","og_type":"article","og_title":"La radiesth\u00e9sie au service de votre sant\u00e9 - m\u00e9thodes & diagnostics - \u00c9ditions du Dauphin","og_description":"This book highlights differents work methods, precautions of use and explains the impact of radiance on our health, why dowsing and medecine are connected","og_url":"https:\/\/editionsdudauphin.com\/en\/livre\/subjects\/spirituality-esoterism\/esoterism\/occult\/title-to-provide-28","og_site_name":"\u00c9ditions du Dauphin","article_modified_time":"2023-07-07T13:47:11+00:00","og_image":[{"width":1310,"height":1920,"url":"https:\/\/editionsdudauphin.com\/wp-content\/uploads\/2017\/04\/9782716317085_radiesth\u00e9sie_sant\u00e9-scaled.jpg","type":"image\/jpeg"}],"twitter_card":"summary_large_image","twitter_misc":{"Est. reading time":"1 minute"},"schema":{"@context":"https:\/\/schema.org","@graph":[{"@type":"WebPage","@id":"https:\/\/editionsdudauphin.com\/en\/livre\/subjects\/spirituality-esoterism\/esoterism\/occult\/title-to-provide-28","url":"https:\/\/editionsdudauphin.com\/en\/livre\/subjects\/spirituality-esoterism\/esoterism\/occult\/title-to-provide-28","name":"La radiesth\u00e9sie au service de votre sant\u00e9 - m\u00e9thodes & diagnostics - \u00c9ditions du Dauphin","isPartOf":{"@id":"https:\/\/editionsdudauphin.com\/en#website"},"primaryImageOfPage":{"@id":"https:\/\/editionsdudauphin.com\/en\/livre\/subjects\/spirituality-esoterism\/esoterism\/occult\/title-to-provide-28#primaryimage"},"image":{"@id":"https:\/\/editionsdudauphin.com\/en\/livre\/subjects\/spirituality-esoterism\/esoterism\/occult\/title-to-provide-28#primaryimage"},"thumbnailUrl":"https:\/\/editionsdudauphin.com\/wp-content\/uploads\/2017\/04\/9782716317085_radiesth\u00e9sie_sant\u00e9-scaled.jpg","datePublished":"2019-01-25T15:55:35+00:00","dateModified":"2023-07-07T13:47:11+00:00","description":"This book highlights differents work methods, precautions of use and explains the impact of radiance on our health, why dowsing and medecine are connected","breadcrumb":{"@id":"https:\/\/editionsdudauphin.com\/en\/livre\/subjects\/spirituality-esoterism\/esoterism\/occult\/title-to-provide-28#breadcrumb"},"inLanguage":"en-US","potentialAction":[{"@type":"ReadAction","target":["https:\/\/editionsdudauphin.com\/en\/livre\/subjects\/spirituality-esoterism\/esoterism\/occult\/title-to-provide-28"]}]},{"@type":"ImageObject","inLanguage":"en-US","@id":"https:\/\/editionsdudauphin.com\/en\/livre\/subjects\/spirituality-esoterism\/esoterism\/occult\/title-to-provide-28#primaryimage","url":"https:\/\/editionsdudauphin.com\/wp-content\/uploads\/2017\/04\/9782716317085_radiesth\u00e9sie_sant\u00e9-scaled.jpg","contentUrl":"https:\/\/editionsdudauphin.com\/wp-content\/uploads\/2017\/04\/9782716317085_radiesth\u00e9sie_sant\u00e9-scaled.jpg","width":1310,"height":1920,"caption":"livre radiesth\u00e9sie au service de votre sant\u00e9"},{"@type":"BreadcrumbList","@id":"https:\/\/editionsdudauphin.com\/en\/livre\/subjects\/spirituality-esoterism\/esoterism\/occult\/title-to-provide-28#breadcrumb","itemListElement":[{"@type":"ListItem","position":1,"name":"Accueil","item":"https:\/\/editionsdudauphin.com\/en"},{"@type":"ListItem","position":2,"name":"Boutique","item":"https:\/\/editionsdudauphin.com\/boutique"},{"@type":"ListItem","position":3,"name":"La radiesth\u00e9sie au service de votre sant\u00e9 &#8211; m\u00e9thodes &#038; diagnostics"}]},{"@type":"WebSite","@id":"https:\/\/editionsdudauphin.com\/en#website","url":"https:\/\/editionsdudauphin.com\/en","name":"\u00c9ditions du Dauphin","description":"","potentialAction":[{"@type":"SearchAction","target":{"@type":"EntryPoint","urlTemplate":"https:\/\/editionsdudauphin.com\/en?s={search_term_string}"},"query-input":{"@type":"PropertyValueSpecification","valueRequired":true,"valueName":"search_term_string"}}],"inLanguage":"en-US"}]}},"_links":{"self":[{"href":"https:\/\/editionsdudauphin.com\/en\/wp-json\/wp\/v2\/product\/3464","targetHints":{"allow":["GET"]}}],"collection":[{"href":"https:\/\/editionsdudauphin.com\/en\/wp-json\/wp\/v2\/product"}],"about":[{"href":"https:\/\/editionsdudauphin.com\/en\/wp-json\/wp\/v2\/types\/product"}],"wp:featuredmedia":[{"embeddable":true,"href":"https:\/\/editionsdudauphin.com\/en\/wp-json\/wp\/v2\/media\/5204"}],"wp:attachment":[{"href":"https:\/\/editionsdudauphin.com\/en\/wp-json\/wp\/v2\/media?parent=3464"}],"wp:term":[{"taxonomy":"product_brand","embeddable":true,"href":"https:\/\/editionsdudauphin.com\/en\/wp-json\/wp\/v2\/product_brand?post=3464"},{"taxonomy":"product_cat","embeddable":true,"href":"https:\/\/editionsdudauphin.com\/en\/wp-json\/wp\/v2\/product_cat?post=3464"},{"taxonomy":"product_tag","embeddable":true,"href":"https:\/\/editionsdudauphin.com\/en\/wp-json\/wp\/v2\/product_tag?post=3464"}],"curies":[{"name":"wp","href":"https:\/\/api.w.org\/{rel}","templated":true}]}}