{"id":3466,"date":"2011-09-12T09:54:18","date_gmt":"2019-01-25T08:54:18","guid":{"rendered":"http:\/\/dev.editionsdudauphin.com\/.\/uncategorized\/title-to-provide-29"},"modified":"2019-04-03T17:08:44","modified_gmt":"2019-04-03T15:08:44","slug":"title-to-provide-29","status":"publish","type":"product","link":"https:\/\/editionsdudauphin.com\/en\/livre\/subjects\/health-wellness\/health\/prevention-en\/title-to-provide-29","title":{"rendered":"La sant\u00e9 et les ondes nouvelles. Du nouveau \u00e0 savoir &#038; \u00e0 faire savoir"},"content":{"rendered":"<p>This book gathers information about electromagnetism and health, from 1935 to nowadays. Completed by several interviews, all readers can draw conclusions for protecting themselves, and organizing means of defense. Measures, scientific and technical terms are described and explained in a simple manner. Simonne Brousse (96 years old today) was a former journalist and health editor for the famous newspaper Vogue. Here, she presents a fascinating panorama of avant-garde works, discoveries, methods and results, and last researches. This work of detailed investigation gives us a simple and clear view of the medicine of this new century.<\/p>\n","protected":false},"excerpt":{"rendered":"<p>This book gathers information about electromagnetism and health, from 1935  [&#8230;]<\/p>\n","protected":false},"featured_media":3467,"template":"","meta":{"_acf_changed":false,"wpupg_custom_link":[],"wpupg_custom_link_behaviour":[],"wpupg_custom_link_nofollow":[],"wpupg_custom_image":[],"wpupg_custom_image_id":[]},"product_brand":[],"product_cat":[166],"product_tag":[],"class_list":{"0":"post-3466","1":"product","2":"type-product","3":"status-publish","4":"has-post-thumbnail","6":"product_cat-prevention-en","8":"first","9":"instock","10":"taxable","11":"shipping-taxable","12":"purchasable","13":"product-type-simple"},"acf":[],"yoast_head":"<!-- This site is optimized with the Yoast SEO plugin v27.3 - https:\/\/yoast.com\/product\/yoast-seo-wordpress\/ -->\n<title>La sant\u00e9 et les ondes nouvelles. Du nouveau \u00e0 savoir &amp; \u00e0 faire savoir - \u00c9ditions du Dauphin<\/title>\n<meta name=\"description\" content=\"This book gathers information about electromagnetism and health, from 1935 to nowadays. Completed by several interviews, all readers can draw conclusions\" \/>\n<meta name=\"robots\" content=\"index, follow, max-snippet:-1, max-image-preview:large, max-video-preview:-1\" \/>\n<link rel=\"canonical\" href=\"https:\/\/editionsdudauphin.com\/en\/livre\/subjects\/health-wellness\/health\/prevention-en\/title-to-provide-29\" \/>\n<meta property=\"og:locale\" content=\"en_US\" \/>\n<meta property=\"og:type\" content=\"article\" \/>\n<meta property=\"og:title\" content=\"La sant\u00e9 et les ondes nouvelles. Du nouveau \u00e0 savoir &amp; \u00e0 faire savoir - \u00c9ditions du Dauphin\" \/>\n<meta property=\"og:description\" content=\"This book gathers information about electromagnetism and health, from 1935 to nowadays. Completed by several interviews, all readers can draw conclusions\" \/>\n<meta property=\"og:url\" content=\"https:\/\/editionsdudauphin.com\/en\/livre\/subjects\/health-wellness\/health\/prevention-en\/title-to-provide-29\" \/>\n<meta property=\"og:site_name\" content=\"\u00c9ditions du Dauphin\" \/>\n<meta property=\"article:modified_time\" content=\"2019-04-03T15:08:44+00:00\" \/>\n<meta property=\"og:image\" content=\"https:\/\/editionsdudauphin.com\/wp-content\/uploads\/2019\/01\/9782716314534_Ondes_Electromagnetisme.jpg\" \/>\n\t<meta property=\"og:image:width\" content=\"1372\" \/>\n\t<meta property=\"og:image:height\" content=\"1920\" \/>\n\t<meta property=\"og:image:type\" content=\"image\/jpeg\" \/>\n<meta name=\"twitter:card\" content=\"summary_large_image\" \/>\n<script type=\"application\/ld+json\" class=\"yoast-schema-graph\">{\"@context\":\"https:\\\/\\\/schema.org\",\"@graph\":[{\"@type\":\"WebPage\",\"@id\":\"https:\\\/\\\/editionsdudauphin.com\\\/en\\\/livre\\\/subjects\\\/health-wellness\\\/health\\\/prevention-en\\\/title-to-provide-29\",\"url\":\"https:\\\/\\\/editionsdudauphin.com\\\/en\\\/livre\\\/subjects\\\/health-wellness\\\/health\\\/prevention-en\\\/title-to-provide-29\",\"name\":\"La sant\u00e9 et les ondes nouvelles. Du nouveau \u00e0 savoir & \u00e0 faire savoir - \u00c9ditions du Dauphin\",\"isPartOf\":{\"@id\":\"https:\\\/\\\/editionsdudauphin.com\\\/en#website\"},\"primaryImageOfPage\":{\"@id\":\"https:\\\/\\\/editionsdudauphin.com\\\/en\\\/livre\\\/subjects\\\/health-wellness\\\/health\\\/prevention-en\\\/title-to-provide-29#primaryimage\"},\"image\":{\"@id\":\"https:\\\/\\\/editionsdudauphin.com\\\/en\\\/livre\\\/subjects\\\/health-wellness\\\/health\\\/prevention-en\\\/title-to-provide-29#primaryimage\"},\"thumbnailUrl\":\"https:\\\/\\\/editionsdudauphin.com\\\/wp-content\\\/uploads\\\/2019\\\/01\\\/9782716314534_Ondes_Electromagnetisme.jpg\",\"datePublished\":\"2019-01-25T08:54:18+00:00\",\"dateModified\":\"2019-04-03T15:08:44+00:00\",\"description\":\"This book gathers information about electromagnetism and health, from 1935 to nowadays. Completed by several interviews, all readers can draw conclusions\",\"breadcrumb\":{\"@id\":\"https:\\\/\\\/editionsdudauphin.com\\\/en\\\/livre\\\/subjects\\\/health-wellness\\\/health\\\/prevention-en\\\/title-to-provide-29#breadcrumb\"},\"inLanguage\":\"en-US\",\"potentialAction\":[{\"@type\":\"ReadAction\",\"target\":[\"https:\\\/\\\/editionsdudauphin.com\\\/en\\\/livre\\\/subjects\\\/health-wellness\\\/health\\\/prevention-en\\\/title-to-provide-29\"]}]},{\"@type\":\"ImageObject\",\"inLanguage\":\"en-US\",\"@id\":\"https:\\\/\\\/editionsdudauphin.com\\\/en\\\/livre\\\/subjects\\\/health-wellness\\\/health\\\/prevention-en\\\/title-to-provide-29#primaryimage\",\"url\":\"https:\\\/\\\/editionsdudauphin.com\\\/wp-content\\\/uploads\\\/2019\\\/01\\\/9782716314534_Ondes_Electromagnetisme.jpg\",\"contentUrl\":\"https:\\\/\\\/editionsdudauphin.com\\\/wp-content\\\/uploads\\\/2019\\\/01\\\/9782716314534_Ondes_Electromagnetisme.jpg\",\"width\":1372,\"height\":1920,\"caption\":\"ONDES\"},{\"@type\":\"BreadcrumbList\",\"@id\":\"https:\\\/\\\/editionsdudauphin.com\\\/en\\\/livre\\\/subjects\\\/health-wellness\\\/health\\\/prevention-en\\\/title-to-provide-29#breadcrumb\",\"itemListElement\":[{\"@type\":\"ListItem\",\"position\":1,\"name\":\"Accueil\",\"item\":\"https:\\\/\\\/editionsdudauphin.com\\\/en\"},{\"@type\":\"ListItem\",\"position\":2,\"name\":\"Boutique\",\"item\":\"https:\\\/\\\/editionsdudauphin.com\\\/boutique\"},{\"@type\":\"ListItem\",\"position\":3,\"name\":\"La sant\u00e9 et les ondes nouvelles. Du nouveau \u00e0 savoir &#038; \u00e0 faire savoir\"}]},{\"@type\":\"WebSite\",\"@id\":\"https:\\\/\\\/editionsdudauphin.com\\\/en#website\",\"url\":\"https:\\\/\\\/editionsdudauphin.com\\\/en\",\"name\":\"\u00c9ditions du Dauphin\",\"description\":\"\",\"potentialAction\":[{\"@type\":\"SearchAction\",\"target\":{\"@type\":\"EntryPoint\",\"urlTemplate\":\"https:\\\/\\\/editionsdudauphin.com\\\/en?s={search_term_string}\"},\"query-input\":{\"@type\":\"PropertyValueSpecification\",\"valueRequired\":true,\"valueName\":\"search_term_string\"}}],\"inLanguage\":\"en-US\"}]}<\/script>\n<!-- \/ Yoast SEO plugin. -->","yoast_head_json":{"title":"La sant\u00e9 et les ondes nouvelles. Du nouveau \u00e0 savoir & \u00e0 faire savoir - \u00c9ditions du Dauphin","description":"This book gathers information about electromagnetism and health, from 1935 to nowadays. Completed by several interviews, all readers can draw conclusions","robots":{"index":"index","follow":"follow","max-snippet":"max-snippet:-1","max-image-preview":"max-image-preview:large","max-video-preview":"max-video-preview:-1"},"canonical":"https:\/\/editionsdudauphin.com\/en\/livre\/subjects\/health-wellness\/health\/prevention-en\/title-to-provide-29","og_locale":"en_US","og_type":"article","og_title":"La sant\u00e9 et les ondes nouvelles. Du nouveau \u00e0 savoir & \u00e0 faire savoir - \u00c9ditions du Dauphin","og_description":"This book gathers information about electromagnetism and health, from 1935 to nowadays. Completed by several interviews, all readers can draw conclusions","og_url":"https:\/\/editionsdudauphin.com\/en\/livre\/subjects\/health-wellness\/health\/prevention-en\/title-to-provide-29","og_site_name":"\u00c9ditions du Dauphin","article_modified_time":"2019-04-03T15:08:44+00:00","og_image":[{"width":1372,"height":1920,"url":"https:\/\/editionsdudauphin.com\/wp-content\/uploads\/2019\/01\/9782716314534_Ondes_Electromagnetisme.jpg","type":"image\/jpeg"}],"twitter_card":"summary_large_image","schema":{"@context":"https:\/\/schema.org","@graph":[{"@type":"WebPage","@id":"https:\/\/editionsdudauphin.com\/en\/livre\/subjects\/health-wellness\/health\/prevention-en\/title-to-provide-29","url":"https:\/\/editionsdudauphin.com\/en\/livre\/subjects\/health-wellness\/health\/prevention-en\/title-to-provide-29","name":"La sant\u00e9 et les ondes nouvelles. Du nouveau \u00e0 savoir & \u00e0 faire savoir - \u00c9ditions du Dauphin","isPartOf":{"@id":"https:\/\/editionsdudauphin.com\/en#website"},"primaryImageOfPage":{"@id":"https:\/\/editionsdudauphin.com\/en\/livre\/subjects\/health-wellness\/health\/prevention-en\/title-to-provide-29#primaryimage"},"image":{"@id":"https:\/\/editionsdudauphin.com\/en\/livre\/subjects\/health-wellness\/health\/prevention-en\/title-to-provide-29#primaryimage"},"thumbnailUrl":"https:\/\/editionsdudauphin.com\/wp-content\/uploads\/2019\/01\/9782716314534_Ondes_Electromagnetisme.jpg","datePublished":"2019-01-25T08:54:18+00:00","dateModified":"2019-04-03T15:08:44+00:00","description":"This book gathers information about electromagnetism and health, from 1935 to nowadays. Completed by several interviews, all readers can draw conclusions","breadcrumb":{"@id":"https:\/\/editionsdudauphin.com\/en\/livre\/subjects\/health-wellness\/health\/prevention-en\/title-to-provide-29#breadcrumb"},"inLanguage":"en-US","potentialAction":[{"@type":"ReadAction","target":["https:\/\/editionsdudauphin.com\/en\/livre\/subjects\/health-wellness\/health\/prevention-en\/title-to-provide-29"]}]},{"@type":"ImageObject","inLanguage":"en-US","@id":"https:\/\/editionsdudauphin.com\/en\/livre\/subjects\/health-wellness\/health\/prevention-en\/title-to-provide-29#primaryimage","url":"https:\/\/editionsdudauphin.com\/wp-content\/uploads\/2019\/01\/9782716314534_Ondes_Electromagnetisme.jpg","contentUrl":"https:\/\/editionsdudauphin.com\/wp-content\/uploads\/2019\/01\/9782716314534_Ondes_Electromagnetisme.jpg","width":1372,"height":1920,"caption":"ONDES"},{"@type":"BreadcrumbList","@id":"https:\/\/editionsdudauphin.com\/en\/livre\/subjects\/health-wellness\/health\/prevention-en\/title-to-provide-29#breadcrumb","itemListElement":[{"@type":"ListItem","position":1,"name":"Accueil","item":"https:\/\/editionsdudauphin.com\/en"},{"@type":"ListItem","position":2,"name":"Boutique","item":"https:\/\/editionsdudauphin.com\/boutique"},{"@type":"ListItem","position":3,"name":"La sant\u00e9 et les ondes nouvelles. Du nouveau \u00e0 savoir &#038; \u00e0 faire savoir"}]},{"@type":"WebSite","@id":"https:\/\/editionsdudauphin.com\/en#website","url":"https:\/\/editionsdudauphin.com\/en","name":"\u00c9ditions du Dauphin","description":"","potentialAction":[{"@type":"SearchAction","target":{"@type":"EntryPoint","urlTemplate":"https:\/\/editionsdudauphin.com\/en?s={search_term_string}"},"query-input":{"@type":"PropertyValueSpecification","valueRequired":true,"valueName":"search_term_string"}}],"inLanguage":"en-US"}]}},"_links":{"self":[{"href":"https:\/\/editionsdudauphin.com\/en\/wp-json\/wp\/v2\/product\/3466","targetHints":{"allow":["GET"]}}],"collection":[{"href":"https:\/\/editionsdudauphin.com\/en\/wp-json\/wp\/v2\/product"}],"about":[{"href":"https:\/\/editionsdudauphin.com\/en\/wp-json\/wp\/v2\/types\/product"}],"wp:featuredmedia":[{"embeddable":true,"href":"https:\/\/editionsdudauphin.com\/en\/wp-json\/wp\/v2\/media\/3467"}],"wp:attachment":[{"href":"https:\/\/editionsdudauphin.com\/en\/wp-json\/wp\/v2\/media?parent=3466"}],"wp:term":[{"taxonomy":"product_brand","embeddable":true,"href":"https:\/\/editionsdudauphin.com\/en\/wp-json\/wp\/v2\/product_brand?post=3466"},{"taxonomy":"product_cat","embeddable":true,"href":"https:\/\/editionsdudauphin.com\/en\/wp-json\/wp\/v2\/product_cat?post=3466"},{"taxonomy":"product_tag","embeddable":true,"href":"https:\/\/editionsdudauphin.com\/en\/wp-json\/wp\/v2\/product_tag?post=3466"}],"curies":[{"name":"wp","href":"https:\/\/api.w.org\/{rel}","templated":true}]}}