{"id":3485,"date":"2012-03-15T12:12:20","date_gmt":"2019-01-25T11:12:20","guid":{"rendered":"http:\/\/dev.editionsdudauphin.com\/.\/uncategorized\/title-to-provide-37"},"modified":"2019-04-03T16:56:32","modified_gmt":"2019-04-03T14:56:32","slug":"title-to-provide-37","status":"publish","type":"product","link":"https:\/\/editionsdudauphin.com\/en\/livre\/subjects\/health-wellness\/health\/dietetic\/title-to-provide-37","title":{"rendered":"Les cl\u00e9s de votre bien-\u00eatre par l&#8217;alimentation"},"content":{"rendered":"<p>Thanks to 2 basic rules association &#8211; dissociation and pH -, you can become your own dietician for your own wellbeing. This initiation book easy to read and practical (quiz, questions and answers, tests) answers to the following questions: &#8211; How to find a good advice among the multitude of recommendations available in nutrition books ? &#8211; How to integrate these ones in the daily life? &#8211; How to choose right food for daily menus ? With a summarized theory, the reader can experiment the benefits of good food. Some rules to not forget : &#8211; To like what you eat, select food that brings you the right elements, respect good associations and alkaline diet &#8211; To choose food full of vitamins, antioxydants and banish junk food, &#8211; To keep healthy with regular diets and physical exercises for a good oxygenation, &#8211; What are the recommended techniques and recipies for cooking And also a word on vegetarian diet, products and addresses .<\/p>\n","protected":false},"excerpt":{"rendered":"<p>Thanks to 2 basic rules association &#8211; dissociation and pH  [&#8230;]<\/p>\n","protected":false},"featured_media":3486,"template":"","meta":{"_acf_changed":false,"wpupg_custom_link":[],"wpupg_custom_link_behaviour":[],"wpupg_custom_link_nofollow":[],"wpupg_custom_image":[],"wpupg_custom_image_id":[]},"product_brand":[],"product_cat":[160],"product_tag":[],"class_list":{"0":"post-3485","1":"product","2":"type-product","3":"status-publish","4":"has-post-thumbnail","6":"product_cat-dietetic","8":"first","9":"instock","10":"taxable","11":"shipping-taxable","12":"purchasable","13":"product-type-simple"},"acf":[],"yoast_head":"<!-- This site is optimized with the Yoast SEO plugin v27.3 - https:\/\/yoast.com\/product\/yoast-seo-wordpress\/ -->\n<title>Les cl\u00e9s de votre bien-\u00eatre par l&#039;alimentation - \u00c9ditions du Dauphin<\/title>\n<meta name=\"description\" content=\"Thanks to 2 basic rules association - dissociation and pH -, you can become your own dietician for your own wellbeing. This initiation book easy to read\" \/>\n<meta name=\"robots\" content=\"index, follow, max-snippet:-1, max-image-preview:large, max-video-preview:-1\" \/>\n<link rel=\"canonical\" href=\"https:\/\/editionsdudauphin.com\/en\/livre\/subjects\/health-wellness\/health\/dietetic\/title-to-provide-37\" \/>\n<meta property=\"og:locale\" content=\"en_US\" \/>\n<meta property=\"og:type\" content=\"article\" \/>\n<meta property=\"og:title\" content=\"Les cl\u00e9s de votre bien-\u00eatre par l&#039;alimentation - \u00c9ditions du Dauphin\" \/>\n<meta property=\"og:description\" content=\"Thanks to 2 basic rules association - dissociation and pH -, you can become your own dietician for your own wellbeing. This initiation book easy to read\" \/>\n<meta property=\"og:url\" content=\"https:\/\/editionsdudauphin.com\/en\/livre\/subjects\/health-wellness\/health\/dietetic\/title-to-provide-37\" \/>\n<meta property=\"og:site_name\" content=\"\u00c9ditions du Dauphin\" \/>\n<meta property=\"article:modified_time\" content=\"2019-04-03T14:56:32+00:00\" \/>\n<meta property=\"og:image\" content=\"https:\/\/editionsdudauphin.com\/wp-content\/uploads\/2019\/01\/9782716314718_Alimentation-scaled.jpg\" \/>\n\t<meta property=\"og:image:width\" content=\"1305\" \/>\n\t<meta property=\"og:image:height\" content=\"1920\" \/>\n\t<meta property=\"og:image:type\" content=\"image\/jpeg\" \/>\n<meta name=\"twitter:card\" content=\"summary_large_image\" \/>\n<meta name=\"twitter:label1\" content=\"Est. reading time\" \/>\n\t<meta name=\"twitter:data1\" content=\"1 minute\" \/>\n<script type=\"application\/ld+json\" class=\"yoast-schema-graph\">{\"@context\":\"https:\\\/\\\/schema.org\",\"@graph\":[{\"@type\":\"WebPage\",\"@id\":\"https:\\\/\\\/editionsdudauphin.com\\\/en\\\/livre\\\/subjects\\\/health-wellness\\\/health\\\/dietetic\\\/title-to-provide-37\",\"url\":\"https:\\\/\\\/editionsdudauphin.com\\\/en\\\/livre\\\/subjects\\\/health-wellness\\\/health\\\/dietetic\\\/title-to-provide-37\",\"name\":\"Les cl\u00e9s de votre bien-\u00eatre par l'alimentation - \u00c9ditions du Dauphin\",\"isPartOf\":{\"@id\":\"https:\\\/\\\/editionsdudauphin.com\\\/en#website\"},\"primaryImageOfPage\":{\"@id\":\"https:\\\/\\\/editionsdudauphin.com\\\/en\\\/livre\\\/subjects\\\/health-wellness\\\/health\\\/dietetic\\\/title-to-provide-37#primaryimage\"},\"image\":{\"@id\":\"https:\\\/\\\/editionsdudauphin.com\\\/en\\\/livre\\\/subjects\\\/health-wellness\\\/health\\\/dietetic\\\/title-to-provide-37#primaryimage\"},\"thumbnailUrl\":\"https:\\\/\\\/editionsdudauphin.com\\\/wp-content\\\/uploads\\\/2019\\\/01\\\/9782716314718_Alimentation-scaled.jpg\",\"datePublished\":\"2019-01-25T11:12:20+00:00\",\"dateModified\":\"2019-04-03T14:56:32+00:00\",\"description\":\"Thanks to 2 basic rules association - dissociation and pH -, you can become your own dietician for your own wellbeing. This initiation book easy to read\",\"breadcrumb\":{\"@id\":\"https:\\\/\\\/editionsdudauphin.com\\\/en\\\/livre\\\/subjects\\\/health-wellness\\\/health\\\/dietetic\\\/title-to-provide-37#breadcrumb\"},\"inLanguage\":\"en-US\",\"potentialAction\":[{\"@type\":\"ReadAction\",\"target\":[\"https:\\\/\\\/editionsdudauphin.com\\\/en\\\/livre\\\/subjects\\\/health-wellness\\\/health\\\/dietetic\\\/title-to-provide-37\"]}]},{\"@type\":\"ImageObject\",\"inLanguage\":\"en-US\",\"@id\":\"https:\\\/\\\/editionsdudauphin.com\\\/en\\\/livre\\\/subjects\\\/health-wellness\\\/health\\\/dietetic\\\/title-to-provide-37#primaryimage\",\"url\":\"https:\\\/\\\/editionsdudauphin.com\\\/wp-content\\\/uploads\\\/2019\\\/01\\\/9782716314718_Alimentation-scaled.jpg\",\"contentUrl\":\"https:\\\/\\\/editionsdudauphin.com\\\/wp-content\\\/uploads\\\/2019\\\/01\\\/9782716314718_Alimentation-scaled.jpg\",\"width\":1305,\"height\":1920,\"caption\":\"alimentation\"},{\"@type\":\"BreadcrumbList\",\"@id\":\"https:\\\/\\\/editionsdudauphin.com\\\/en\\\/livre\\\/subjects\\\/health-wellness\\\/health\\\/dietetic\\\/title-to-provide-37#breadcrumb\",\"itemListElement\":[{\"@type\":\"ListItem\",\"position\":1,\"name\":\"Accueil\",\"item\":\"https:\\\/\\\/editionsdudauphin.com\\\/en\"},{\"@type\":\"ListItem\",\"position\":2,\"name\":\"Boutique\",\"item\":\"https:\\\/\\\/editionsdudauphin.com\\\/boutique\"},{\"@type\":\"ListItem\",\"position\":3,\"name\":\"Les cl\u00e9s de votre bien-\u00eatre par l&#8217;alimentation\"}]},{\"@type\":\"WebSite\",\"@id\":\"https:\\\/\\\/editionsdudauphin.com\\\/en#website\",\"url\":\"https:\\\/\\\/editionsdudauphin.com\\\/en\",\"name\":\"\u00c9ditions du Dauphin\",\"description\":\"\",\"potentialAction\":[{\"@type\":\"SearchAction\",\"target\":{\"@type\":\"EntryPoint\",\"urlTemplate\":\"https:\\\/\\\/editionsdudauphin.com\\\/en?s={search_term_string}\"},\"query-input\":{\"@type\":\"PropertyValueSpecification\",\"valueRequired\":true,\"valueName\":\"search_term_string\"}}],\"inLanguage\":\"en-US\"}]}<\/script>\n<!-- \/ Yoast SEO plugin. -->","yoast_head_json":{"title":"Les cl\u00e9s de votre bien-\u00eatre par l'alimentation - \u00c9ditions du Dauphin","description":"Thanks to 2 basic rules association - dissociation and pH -, you can become your own dietician for your own wellbeing. This initiation book easy to read","robots":{"index":"index","follow":"follow","max-snippet":"max-snippet:-1","max-image-preview":"max-image-preview:large","max-video-preview":"max-video-preview:-1"},"canonical":"https:\/\/editionsdudauphin.com\/en\/livre\/subjects\/health-wellness\/health\/dietetic\/title-to-provide-37","og_locale":"en_US","og_type":"article","og_title":"Les cl\u00e9s de votre bien-\u00eatre par l'alimentation - \u00c9ditions du Dauphin","og_description":"Thanks to 2 basic rules association - dissociation and pH -, you can become your own dietician for your own wellbeing. This initiation book easy to read","og_url":"https:\/\/editionsdudauphin.com\/en\/livre\/subjects\/health-wellness\/health\/dietetic\/title-to-provide-37","og_site_name":"\u00c9ditions du Dauphin","article_modified_time":"2019-04-03T14:56:32+00:00","og_image":[{"width":1305,"height":1920,"url":"https:\/\/editionsdudauphin.com\/wp-content\/uploads\/2019\/01\/9782716314718_Alimentation-scaled.jpg","type":"image\/jpeg"}],"twitter_card":"summary_large_image","twitter_misc":{"Est. reading time":"1 minute"},"schema":{"@context":"https:\/\/schema.org","@graph":[{"@type":"WebPage","@id":"https:\/\/editionsdudauphin.com\/en\/livre\/subjects\/health-wellness\/health\/dietetic\/title-to-provide-37","url":"https:\/\/editionsdudauphin.com\/en\/livre\/subjects\/health-wellness\/health\/dietetic\/title-to-provide-37","name":"Les cl\u00e9s de votre bien-\u00eatre par l'alimentation - \u00c9ditions du Dauphin","isPartOf":{"@id":"https:\/\/editionsdudauphin.com\/en#website"},"primaryImageOfPage":{"@id":"https:\/\/editionsdudauphin.com\/en\/livre\/subjects\/health-wellness\/health\/dietetic\/title-to-provide-37#primaryimage"},"image":{"@id":"https:\/\/editionsdudauphin.com\/en\/livre\/subjects\/health-wellness\/health\/dietetic\/title-to-provide-37#primaryimage"},"thumbnailUrl":"https:\/\/editionsdudauphin.com\/wp-content\/uploads\/2019\/01\/9782716314718_Alimentation-scaled.jpg","datePublished":"2019-01-25T11:12:20+00:00","dateModified":"2019-04-03T14:56:32+00:00","description":"Thanks to 2 basic rules association - dissociation and pH -, you can become your own dietician for your own wellbeing. This initiation book easy to read","breadcrumb":{"@id":"https:\/\/editionsdudauphin.com\/en\/livre\/subjects\/health-wellness\/health\/dietetic\/title-to-provide-37#breadcrumb"},"inLanguage":"en-US","potentialAction":[{"@type":"ReadAction","target":["https:\/\/editionsdudauphin.com\/en\/livre\/subjects\/health-wellness\/health\/dietetic\/title-to-provide-37"]}]},{"@type":"ImageObject","inLanguage":"en-US","@id":"https:\/\/editionsdudauphin.com\/en\/livre\/subjects\/health-wellness\/health\/dietetic\/title-to-provide-37#primaryimage","url":"https:\/\/editionsdudauphin.com\/wp-content\/uploads\/2019\/01\/9782716314718_Alimentation-scaled.jpg","contentUrl":"https:\/\/editionsdudauphin.com\/wp-content\/uploads\/2019\/01\/9782716314718_Alimentation-scaled.jpg","width":1305,"height":1920,"caption":"alimentation"},{"@type":"BreadcrumbList","@id":"https:\/\/editionsdudauphin.com\/en\/livre\/subjects\/health-wellness\/health\/dietetic\/title-to-provide-37#breadcrumb","itemListElement":[{"@type":"ListItem","position":1,"name":"Accueil","item":"https:\/\/editionsdudauphin.com\/en"},{"@type":"ListItem","position":2,"name":"Boutique","item":"https:\/\/editionsdudauphin.com\/boutique"},{"@type":"ListItem","position":3,"name":"Les cl\u00e9s de votre bien-\u00eatre par l&#8217;alimentation"}]},{"@type":"WebSite","@id":"https:\/\/editionsdudauphin.com\/en#website","url":"https:\/\/editionsdudauphin.com\/en","name":"\u00c9ditions du Dauphin","description":"","potentialAction":[{"@type":"SearchAction","target":{"@type":"EntryPoint","urlTemplate":"https:\/\/editionsdudauphin.com\/en?s={search_term_string}"},"query-input":{"@type":"PropertyValueSpecification","valueRequired":true,"valueName":"search_term_string"}}],"inLanguage":"en-US"}]}},"_links":{"self":[{"href":"https:\/\/editionsdudauphin.com\/en\/wp-json\/wp\/v2\/product\/3485","targetHints":{"allow":["GET"]}}],"collection":[{"href":"https:\/\/editionsdudauphin.com\/en\/wp-json\/wp\/v2\/product"}],"about":[{"href":"https:\/\/editionsdudauphin.com\/en\/wp-json\/wp\/v2\/types\/product"}],"wp:featuredmedia":[{"embeddable":true,"href":"https:\/\/editionsdudauphin.com\/en\/wp-json\/wp\/v2\/media\/3486"}],"wp:attachment":[{"href":"https:\/\/editionsdudauphin.com\/en\/wp-json\/wp\/v2\/media?parent=3485"}],"wp:term":[{"taxonomy":"product_brand","embeddable":true,"href":"https:\/\/editionsdudauphin.com\/en\/wp-json\/wp\/v2\/product_brand?post=3485"},{"taxonomy":"product_cat","embeddable":true,"href":"https:\/\/editionsdudauphin.com\/en\/wp-json\/wp\/v2\/product_cat?post=3485"},{"taxonomy":"product_tag","embeddable":true,"href":"https:\/\/editionsdudauphin.com\/en\/wp-json\/wp\/v2\/product_tag?post=3485"}],"curies":[{"name":"wp","href":"https:\/\/api.w.org\/{rel}","templated":true}]}}