{"id":3487,"date":"2012-10-20T14:44:06","date_gmt":"2019-01-23T13:44:06","guid":{"rendered":"http:\/\/dev.editionsdudauphin.com\/.\/uncategorized\/title-to-provide-38"},"modified":"2019-06-28T12:32:47","modified_gmt":"2019-06-28T10:32:47","slug":"title-to-provide-38","status":"publish","type":"product","link":"https:\/\/editionsdudauphin.com\/en\/livre\/subjects\/everyday-life\/how-to\/title-to-provide-38","title":{"rendered":"Dictionnaire \u00e0 tout faire du th\u00e9"},"content":{"rendered":"<p>Tea is borned more than 5000 years ago in China when the Emperor Shen Nong tested a new fabulous drinking of tea leaves accidentally fallen in his pot of boiling water. Considered at first as a medicine before being described as a spice, it became a trendy drink and the Queen, Mick Jagger and many others people don&#8217;t hide anymore their addiction for this divine beverage. The tea story does not stop there. It is back in cooking and wonderful recipes and makes its coming out in the universe of cosmetics, flagrances and cleaning products! White, green, yellow teas, Oolong, blacks, frosted or Roo\u00efbos, we make almost everything with them : original recipes, housework, gardening without forgetting our physical and mental well-being.<\/p>\n","protected":false},"excerpt":{"rendered":"<p>Tea is borned more than 5000 years ago in China  [&#8230;]<\/p>\n","protected":false},"featured_media":3488,"template":"","meta":{"_acf_changed":false,"wpupg_custom_link":[],"wpupg_custom_link_behaviour":[],"wpupg_custom_link_nofollow":[],"wpupg_custom_image":[],"wpupg_custom_image_id":[]},"product_brand":[],"product_cat":[187],"product_tag":[],"class_list":{"0":"post-3487","1":"product","2":"type-product","3":"status-publish","4":"has-post-thumbnail","6":"product_cat-how-to","8":"first","9":"instock","10":"taxable","11":"shipping-taxable","12":"purchasable","13":"product-type-simple"},"acf":[],"yoast_head":"<!-- This site is optimized with the Yoast SEO plugin v27.3 - https:\/\/yoast.com\/product\/yoast-seo-wordpress\/ -->\n<title>Dictionnaire \u00e0 tout faire du th\u00e9 - \u00c9ditions du Dauphin<\/title>\n<meta name=\"description\" content=\"Tea is borned more than 5000 years ago in China when the Emperor Shen Nong tested a new fabulous drinking of tea leaves accidentally fallen in his pot of\" \/>\n<meta name=\"robots\" content=\"index, follow, max-snippet:-1, max-image-preview:large, max-video-preview:-1\" \/>\n<link rel=\"canonical\" href=\"https:\/\/editionsdudauphin.com\/en\/livre\/subjects\/everyday-life\/how-to\/title-to-provide-38\" \/>\n<meta property=\"og:locale\" content=\"en_US\" \/>\n<meta property=\"og:type\" content=\"article\" \/>\n<meta property=\"og:title\" content=\"Dictionnaire \u00e0 tout faire du th\u00e9 - \u00c9ditions du Dauphin\" \/>\n<meta property=\"og:description\" content=\"Tea is borned more than 5000 years ago in China when the Emperor Shen Nong tested a new fabulous drinking of tea leaves accidentally fallen in his pot of\" \/>\n<meta property=\"og:url\" content=\"https:\/\/editionsdudauphin.com\/en\/livre\/subjects\/everyday-life\/how-to\/title-to-provide-38\" \/>\n<meta property=\"og:site_name\" content=\"\u00c9ditions du Dauphin\" \/>\n<meta property=\"article:modified_time\" content=\"2019-06-28T10:32:47+00:00\" \/>\n<meta property=\"og:image\" content=\"https:\/\/editionsdudauphin.com\/wp-content\/uploads\/2019\/01\/9782716314787_The_Cuisine_Sante_Beaute_Jardin-scaled.jpg\" \/>\n\t<meta property=\"og:image:width\" content=\"1319\" \/>\n\t<meta property=\"og:image:height\" content=\"1920\" \/>\n\t<meta property=\"og:image:type\" content=\"image\/jpeg\" \/>\n<meta name=\"twitter:card\" content=\"summary_large_image\" \/>\n<meta name=\"twitter:label1\" content=\"Est. reading time\" \/>\n\t<meta name=\"twitter:data1\" content=\"1 minute\" \/>\n<script type=\"application\/ld+json\" class=\"yoast-schema-graph\">{\"@context\":\"https:\\\/\\\/schema.org\",\"@graph\":[{\"@type\":\"WebPage\",\"@id\":\"https:\\\/\\\/editionsdudauphin.com\\\/en\\\/livre\\\/subjects\\\/everyday-life\\\/how-to\\\/title-to-provide-38\",\"url\":\"https:\\\/\\\/editionsdudauphin.com\\\/en\\\/livre\\\/subjects\\\/everyday-life\\\/how-to\\\/title-to-provide-38\",\"name\":\"Dictionnaire \u00e0 tout faire du th\u00e9 - \u00c9ditions du Dauphin\",\"isPartOf\":{\"@id\":\"https:\\\/\\\/editionsdudauphin.com\\\/en#website\"},\"primaryImageOfPage\":{\"@id\":\"https:\\\/\\\/editionsdudauphin.com\\\/en\\\/livre\\\/subjects\\\/everyday-life\\\/how-to\\\/title-to-provide-38#primaryimage\"},\"image\":{\"@id\":\"https:\\\/\\\/editionsdudauphin.com\\\/en\\\/livre\\\/subjects\\\/everyday-life\\\/how-to\\\/title-to-provide-38#primaryimage\"},\"thumbnailUrl\":\"https:\\\/\\\/editionsdudauphin.com\\\/wp-content\\\/uploads\\\/2019\\\/01\\\/9782716314787_The_Cuisine_Sante_Beaute_Jardin-scaled.jpg\",\"datePublished\":\"2019-01-23T13:44:06+00:00\",\"dateModified\":\"2019-06-28T10:32:47+00:00\",\"description\":\"Tea is borned more than 5000 years ago in China when the Emperor Shen Nong tested a new fabulous drinking of tea leaves accidentally fallen in his pot of\",\"breadcrumb\":{\"@id\":\"https:\\\/\\\/editionsdudauphin.com\\\/en\\\/livre\\\/subjects\\\/everyday-life\\\/how-to\\\/title-to-provide-38#breadcrumb\"},\"inLanguage\":\"en-US\",\"potentialAction\":[{\"@type\":\"ReadAction\",\"target\":[\"https:\\\/\\\/editionsdudauphin.com\\\/en\\\/livre\\\/subjects\\\/everyday-life\\\/how-to\\\/title-to-provide-38\"]}]},{\"@type\":\"ImageObject\",\"inLanguage\":\"en-US\",\"@id\":\"https:\\\/\\\/editionsdudauphin.com\\\/en\\\/livre\\\/subjects\\\/everyday-life\\\/how-to\\\/title-to-provide-38#primaryimage\",\"url\":\"https:\\\/\\\/editionsdudauphin.com\\\/wp-content\\\/uploads\\\/2019\\\/01\\\/9782716314787_The_Cuisine_Sante_Beaute_Jardin-scaled.jpg\",\"contentUrl\":\"https:\\\/\\\/editionsdudauphin.com\\\/wp-content\\\/uploads\\\/2019\\\/01\\\/9782716314787_The_Cuisine_Sante_Beaute_Jardin-scaled.jpg\",\"width\":1319,\"height\":1920,\"caption\":\"The_Cuisine_Sante_Beaute_Jardin\"},{\"@type\":\"BreadcrumbList\",\"@id\":\"https:\\\/\\\/editionsdudauphin.com\\\/en\\\/livre\\\/subjects\\\/everyday-life\\\/how-to\\\/title-to-provide-38#breadcrumb\",\"itemListElement\":[{\"@type\":\"ListItem\",\"position\":1,\"name\":\"Accueil\",\"item\":\"https:\\\/\\\/editionsdudauphin.com\\\/en\"},{\"@type\":\"ListItem\",\"position\":2,\"name\":\"Boutique\",\"item\":\"https:\\\/\\\/editionsdudauphin.com\\\/boutique\"},{\"@type\":\"ListItem\",\"position\":3,\"name\":\"Dictionnaire \u00e0 tout faire du th\u00e9\"}]},{\"@type\":\"WebSite\",\"@id\":\"https:\\\/\\\/editionsdudauphin.com\\\/en#website\",\"url\":\"https:\\\/\\\/editionsdudauphin.com\\\/en\",\"name\":\"\u00c9ditions du Dauphin\",\"description\":\"\",\"potentialAction\":[{\"@type\":\"SearchAction\",\"target\":{\"@type\":\"EntryPoint\",\"urlTemplate\":\"https:\\\/\\\/editionsdudauphin.com\\\/en?s={search_term_string}\"},\"query-input\":{\"@type\":\"PropertyValueSpecification\",\"valueRequired\":true,\"valueName\":\"search_term_string\"}}],\"inLanguage\":\"en-US\"}]}<\/script>\n<!-- \/ Yoast SEO plugin. -->","yoast_head_json":{"title":"Dictionnaire \u00e0 tout faire du th\u00e9 - \u00c9ditions du Dauphin","description":"Tea is borned more than 5000 years ago in China when the Emperor Shen Nong tested a new fabulous drinking of tea leaves accidentally fallen in his pot of","robots":{"index":"index","follow":"follow","max-snippet":"max-snippet:-1","max-image-preview":"max-image-preview:large","max-video-preview":"max-video-preview:-1"},"canonical":"https:\/\/editionsdudauphin.com\/en\/livre\/subjects\/everyday-life\/how-to\/title-to-provide-38","og_locale":"en_US","og_type":"article","og_title":"Dictionnaire \u00e0 tout faire du th\u00e9 - \u00c9ditions du Dauphin","og_description":"Tea is borned more than 5000 years ago in China when the Emperor Shen Nong tested a new fabulous drinking of tea leaves accidentally fallen in his pot of","og_url":"https:\/\/editionsdudauphin.com\/en\/livre\/subjects\/everyday-life\/how-to\/title-to-provide-38","og_site_name":"\u00c9ditions du Dauphin","article_modified_time":"2019-06-28T10:32:47+00:00","og_image":[{"width":1319,"height":1920,"url":"https:\/\/editionsdudauphin.com\/wp-content\/uploads\/2019\/01\/9782716314787_The_Cuisine_Sante_Beaute_Jardin-scaled.jpg","type":"image\/jpeg"}],"twitter_card":"summary_large_image","twitter_misc":{"Est. reading time":"1 minute"},"schema":{"@context":"https:\/\/schema.org","@graph":[{"@type":"WebPage","@id":"https:\/\/editionsdudauphin.com\/en\/livre\/subjects\/everyday-life\/how-to\/title-to-provide-38","url":"https:\/\/editionsdudauphin.com\/en\/livre\/subjects\/everyday-life\/how-to\/title-to-provide-38","name":"Dictionnaire \u00e0 tout faire du th\u00e9 - \u00c9ditions du Dauphin","isPartOf":{"@id":"https:\/\/editionsdudauphin.com\/en#website"},"primaryImageOfPage":{"@id":"https:\/\/editionsdudauphin.com\/en\/livre\/subjects\/everyday-life\/how-to\/title-to-provide-38#primaryimage"},"image":{"@id":"https:\/\/editionsdudauphin.com\/en\/livre\/subjects\/everyday-life\/how-to\/title-to-provide-38#primaryimage"},"thumbnailUrl":"https:\/\/editionsdudauphin.com\/wp-content\/uploads\/2019\/01\/9782716314787_The_Cuisine_Sante_Beaute_Jardin-scaled.jpg","datePublished":"2019-01-23T13:44:06+00:00","dateModified":"2019-06-28T10:32:47+00:00","description":"Tea is borned more than 5000 years ago in China when the Emperor Shen Nong tested a new fabulous drinking of tea leaves accidentally fallen in his pot of","breadcrumb":{"@id":"https:\/\/editionsdudauphin.com\/en\/livre\/subjects\/everyday-life\/how-to\/title-to-provide-38#breadcrumb"},"inLanguage":"en-US","potentialAction":[{"@type":"ReadAction","target":["https:\/\/editionsdudauphin.com\/en\/livre\/subjects\/everyday-life\/how-to\/title-to-provide-38"]}]},{"@type":"ImageObject","inLanguage":"en-US","@id":"https:\/\/editionsdudauphin.com\/en\/livre\/subjects\/everyday-life\/how-to\/title-to-provide-38#primaryimage","url":"https:\/\/editionsdudauphin.com\/wp-content\/uploads\/2019\/01\/9782716314787_The_Cuisine_Sante_Beaute_Jardin-scaled.jpg","contentUrl":"https:\/\/editionsdudauphin.com\/wp-content\/uploads\/2019\/01\/9782716314787_The_Cuisine_Sante_Beaute_Jardin-scaled.jpg","width":1319,"height":1920,"caption":"The_Cuisine_Sante_Beaute_Jardin"},{"@type":"BreadcrumbList","@id":"https:\/\/editionsdudauphin.com\/en\/livre\/subjects\/everyday-life\/how-to\/title-to-provide-38#breadcrumb","itemListElement":[{"@type":"ListItem","position":1,"name":"Accueil","item":"https:\/\/editionsdudauphin.com\/en"},{"@type":"ListItem","position":2,"name":"Boutique","item":"https:\/\/editionsdudauphin.com\/boutique"},{"@type":"ListItem","position":3,"name":"Dictionnaire \u00e0 tout faire du th\u00e9"}]},{"@type":"WebSite","@id":"https:\/\/editionsdudauphin.com\/en#website","url":"https:\/\/editionsdudauphin.com\/en","name":"\u00c9ditions du Dauphin","description":"","potentialAction":[{"@type":"SearchAction","target":{"@type":"EntryPoint","urlTemplate":"https:\/\/editionsdudauphin.com\/en?s={search_term_string}"},"query-input":{"@type":"PropertyValueSpecification","valueRequired":true,"valueName":"search_term_string"}}],"inLanguage":"en-US"}]}},"_links":{"self":[{"href":"https:\/\/editionsdudauphin.com\/en\/wp-json\/wp\/v2\/product\/3487","targetHints":{"allow":["GET"]}}],"collection":[{"href":"https:\/\/editionsdudauphin.com\/en\/wp-json\/wp\/v2\/product"}],"about":[{"href":"https:\/\/editionsdudauphin.com\/en\/wp-json\/wp\/v2\/types\/product"}],"wp:featuredmedia":[{"embeddable":true,"href":"https:\/\/editionsdudauphin.com\/en\/wp-json\/wp\/v2\/media\/3488"}],"wp:attachment":[{"href":"https:\/\/editionsdudauphin.com\/en\/wp-json\/wp\/v2\/media?parent=3487"}],"wp:term":[{"taxonomy":"product_brand","embeddable":true,"href":"https:\/\/editionsdudauphin.com\/en\/wp-json\/wp\/v2\/product_brand?post=3487"},{"taxonomy":"product_cat","embeddable":true,"href":"https:\/\/editionsdudauphin.com\/en\/wp-json\/wp\/v2\/product_cat?post=3487"},{"taxonomy":"product_tag","embeddable":true,"href":"https:\/\/editionsdudauphin.com\/en\/wp-json\/wp\/v2\/product_tag?post=3487"}],"curies":[{"name":"wp","href":"https:\/\/api.w.org\/{rel}","templated":true}]}}