{"id":3500,"date":"2020-09-10T09:50:47","date_gmt":"2019-01-23T08:50:47","guid":{"rendered":"http:\/\/dev.editionsdudauphin.com\/.\/uncategorized\/title-to-provide-44"},"modified":"2021-03-19T16:12:23","modified_gmt":"2021-03-19T15:12:23","slug":"title-to-provide-44","status":"publish","type":"product","link":"https:\/\/editionsdudauphin.com\/en\/livre\/subjects\/health-wellness\/health\/natural-medecine\/title-to-provide-44","title":{"rendered":"SPIRULINE &#8211; algue bleue de sant\u00e9 et de pr\u00e9vention"},"content":{"rendered":"<p>Spirulina is considered as an alga, a BLUE ALGAE, present at the origin of life on Earth, of the\u00a0vegetable world as of the animal world.<\/p>\n<p>Recently, it has been consumed in various forms, advised by those\u00a0who experience the benefits. Even though this seaweed is the richest in history,\u00a0the most universal source of nutrients, the most complete in its composition,\u00a0the most controversial, the richest for the future by its multiple applications, it\u00a0is also the most badly known &#8230;<\/p>\n<p>This new edition \u00abSpiruline, l\u2019algue bleue de sant\u00e9 et de pr\u00e9vention&#8221; is aimed at\u00a0a very wide audience. What is spirulina made of? What is the most complete nutrient?<\/p>\n<p>Spirulina is widely used on all continents to fight against child malnutrition. It is\u00a0also consumed by athletes including high-level athletes, for anti-aging, overweight, eating\u00a0disorders, fatigue, stress, memory loss and sleep.<\/p>\n<p>Why does the use of spirulina and its derivatives divide the scientific community while\u00a0there are more and more communications about its usefulness in the field of health?<\/p>\n<p>Areas as sensitive and varied as cancer, AIDS, cardiovascular diseases, neuro-degenerative,\u00a0those of the brain (Alzheimer and Parkinson), diabetes and rheumatism, autoimmune diseases,\u00a0digestive pathologies, allergies, the sight, the skin &#8230;<\/p>\n","protected":false},"excerpt":{"rendered":"<p>Spirulina is considered as an alga, a BLUE ALGAE, present  [&#8230;]<\/p>\n","protected":false},"featured_media":7047,"template":"","meta":{"_acf_changed":false,"wpupg_custom_link":[],"wpupg_custom_link_behaviour":[],"wpupg_custom_link_nofollow":[],"wpupg_custom_image":[],"wpupg_custom_image_id":[]},"product_brand":[],"product_cat":[165],"product_tag":[],"class_list":{"0":"post-3500","1":"product","2":"type-product","3":"status-publish","4":"has-post-thumbnail","6":"product_cat-natural-medecine","8":"first","9":"instock","10":"taxable","11":"shipping-taxable","12":"purchasable","13":"product-type-simple"},"acf":[],"yoast_head":"<!-- This site is optimized with the Yoast SEO plugin v27.3 - https:\/\/yoast.com\/product\/yoast-seo-wordpress\/ -->\n<title>SPIRULINE - algue bleue de sant\u00e9 et de pr\u00e9vention - \u00c9ditions du Dauphin<\/title>\n<meta name=\"description\" content=\"Spirulina is considered as an alga, a BLUE ALGAE, present at the origin of life on Earth, of the\u00a0vegetable world as of the animal world. Recently, it has\" \/>\n<meta name=\"robots\" content=\"index, follow, max-snippet:-1, max-image-preview:large, max-video-preview:-1\" \/>\n<link rel=\"canonical\" href=\"https:\/\/editionsdudauphin.com\/en\/livre\/subjects\/health-wellness\/health\/natural-medecine\/title-to-provide-44\" \/>\n<meta property=\"og:locale\" content=\"en_US\" \/>\n<meta property=\"og:type\" content=\"article\" \/>\n<meta property=\"og:title\" content=\"SPIRULINE - algue bleue de sant\u00e9 et de pr\u00e9vention - \u00c9ditions du Dauphin\" \/>\n<meta property=\"og:description\" content=\"Spirulina is considered as an alga, a BLUE ALGAE, present at the origin of life on Earth, of the\u00a0vegetable world as of the animal world. Recently, it has\" \/>\n<meta property=\"og:url\" content=\"https:\/\/editionsdudauphin.com\/en\/livre\/subjects\/health-wellness\/health\/natural-medecine\/title-to-provide-44\" \/>\n<meta property=\"og:site_name\" content=\"\u00c9ditions du Dauphin\" \/>\n<meta property=\"article:modified_time\" content=\"2021-03-19T15:12:23+00:00\" \/>\n<meta property=\"og:image\" content=\"https:\/\/editionsdudauphin.com\/wp-content\/uploads\/2015\/02\/9782716317573_spiruline.png\" \/>\n\t<meta property=\"og:image:width\" content=\"500\" \/>\n\t<meta property=\"og:image:height\" content=\"734\" \/>\n\t<meta property=\"og:image:type\" content=\"image\/png\" \/>\n<meta name=\"twitter:card\" content=\"summary_large_image\" \/>\n<meta name=\"twitter:label1\" content=\"Est. reading time\" \/>\n\t<meta name=\"twitter:data1\" content=\"1 minute\" \/>\n<script type=\"application\/ld+json\" class=\"yoast-schema-graph\">{\"@context\":\"https:\\\/\\\/schema.org\",\"@graph\":[{\"@type\":\"WebPage\",\"@id\":\"https:\\\/\\\/editionsdudauphin.com\\\/en\\\/livre\\\/subjects\\\/health-wellness\\\/health\\\/natural-medecine\\\/title-to-provide-44\",\"url\":\"https:\\\/\\\/editionsdudauphin.com\\\/en\\\/livre\\\/subjects\\\/health-wellness\\\/health\\\/natural-medecine\\\/title-to-provide-44\",\"name\":\"SPIRULINE - algue bleue de sant\u00e9 et de pr\u00e9vention - \u00c9ditions du Dauphin\",\"isPartOf\":{\"@id\":\"https:\\\/\\\/editionsdudauphin.com\\\/en#website\"},\"primaryImageOfPage\":{\"@id\":\"https:\\\/\\\/editionsdudauphin.com\\\/en\\\/livre\\\/subjects\\\/health-wellness\\\/health\\\/natural-medecine\\\/title-to-provide-44#primaryimage\"},\"image\":{\"@id\":\"https:\\\/\\\/editionsdudauphin.com\\\/en\\\/livre\\\/subjects\\\/health-wellness\\\/health\\\/natural-medecine\\\/title-to-provide-44#primaryimage\"},\"thumbnailUrl\":\"https:\\\/\\\/editionsdudauphin.com\\\/wp-content\\\/uploads\\\/2015\\\/02\\\/9782716317573_spiruline.png\",\"datePublished\":\"2019-01-23T08:50:47+00:00\",\"dateModified\":\"2021-03-19T15:12:23+00:00\",\"description\":\"Spirulina is considered as an alga, a BLUE ALGAE, present at the origin of life on Earth, of the\u00a0vegetable world as of the animal world. Recently, it has\",\"breadcrumb\":{\"@id\":\"https:\\\/\\\/editionsdudauphin.com\\\/en\\\/livre\\\/subjects\\\/health-wellness\\\/health\\\/natural-medecine\\\/title-to-provide-44#breadcrumb\"},\"inLanguage\":\"en-US\",\"potentialAction\":[{\"@type\":\"ReadAction\",\"target\":[\"https:\\\/\\\/editionsdudauphin.com\\\/en\\\/livre\\\/subjects\\\/health-wellness\\\/health\\\/natural-medecine\\\/title-to-provide-44\"]}]},{\"@type\":\"ImageObject\",\"inLanguage\":\"en-US\",\"@id\":\"https:\\\/\\\/editionsdudauphin.com\\\/en\\\/livre\\\/subjects\\\/health-wellness\\\/health\\\/natural-medecine\\\/title-to-provide-44#primaryimage\",\"url\":\"https:\\\/\\\/editionsdudauphin.com\\\/wp-content\\\/uploads\\\/2015\\\/02\\\/9782716317573_spiruline.png\",\"contentUrl\":\"https:\\\/\\\/editionsdudauphin.com\\\/wp-content\\\/uploads\\\/2015\\\/02\\\/9782716317573_spiruline.png\",\"width\":500,\"height\":734,\"caption\":\"Spiruline, l'algue bleue de sant\u00e9 et de pr\u00e9vention\"},{\"@type\":\"BreadcrumbList\",\"@id\":\"https:\\\/\\\/editionsdudauphin.com\\\/en\\\/livre\\\/subjects\\\/health-wellness\\\/health\\\/natural-medecine\\\/title-to-provide-44#breadcrumb\",\"itemListElement\":[{\"@type\":\"ListItem\",\"position\":1,\"name\":\"Accueil\",\"item\":\"https:\\\/\\\/editionsdudauphin.com\\\/en\"},{\"@type\":\"ListItem\",\"position\":2,\"name\":\"Boutique\",\"item\":\"https:\\\/\\\/editionsdudauphin.com\\\/boutique\"},{\"@type\":\"ListItem\",\"position\":3,\"name\":\"SPIRULINE &#8211; algue bleue de sant\u00e9 et de pr\u00e9vention\"}]},{\"@type\":\"WebSite\",\"@id\":\"https:\\\/\\\/editionsdudauphin.com\\\/en#website\",\"url\":\"https:\\\/\\\/editionsdudauphin.com\\\/en\",\"name\":\"\u00c9ditions du Dauphin\",\"description\":\"\",\"potentialAction\":[{\"@type\":\"SearchAction\",\"target\":{\"@type\":\"EntryPoint\",\"urlTemplate\":\"https:\\\/\\\/editionsdudauphin.com\\\/en?s={search_term_string}\"},\"query-input\":{\"@type\":\"PropertyValueSpecification\",\"valueRequired\":true,\"valueName\":\"search_term_string\"}}],\"inLanguage\":\"en-US\"}]}<\/script>\n<!-- \/ Yoast SEO plugin. -->","yoast_head_json":{"title":"SPIRULINE - algue bleue de sant\u00e9 et de pr\u00e9vention - \u00c9ditions du Dauphin","description":"Spirulina is considered as an alga, a BLUE ALGAE, present at the origin of life on Earth, of the\u00a0vegetable world as of the animal world. Recently, it has","robots":{"index":"index","follow":"follow","max-snippet":"max-snippet:-1","max-image-preview":"max-image-preview:large","max-video-preview":"max-video-preview:-1"},"canonical":"https:\/\/editionsdudauphin.com\/en\/livre\/subjects\/health-wellness\/health\/natural-medecine\/title-to-provide-44","og_locale":"en_US","og_type":"article","og_title":"SPIRULINE - algue bleue de sant\u00e9 et de pr\u00e9vention - \u00c9ditions du Dauphin","og_description":"Spirulina is considered as an alga, a BLUE ALGAE, present at the origin of life on Earth, of the\u00a0vegetable world as of the animal world. Recently, it has","og_url":"https:\/\/editionsdudauphin.com\/en\/livre\/subjects\/health-wellness\/health\/natural-medecine\/title-to-provide-44","og_site_name":"\u00c9ditions du Dauphin","article_modified_time":"2021-03-19T15:12:23+00:00","og_image":[{"width":500,"height":734,"url":"https:\/\/editionsdudauphin.com\/wp-content\/uploads\/2015\/02\/9782716317573_spiruline.png","type":"image\/png"}],"twitter_card":"summary_large_image","twitter_misc":{"Est. reading time":"1 minute"},"schema":{"@context":"https:\/\/schema.org","@graph":[{"@type":"WebPage","@id":"https:\/\/editionsdudauphin.com\/en\/livre\/subjects\/health-wellness\/health\/natural-medecine\/title-to-provide-44","url":"https:\/\/editionsdudauphin.com\/en\/livre\/subjects\/health-wellness\/health\/natural-medecine\/title-to-provide-44","name":"SPIRULINE - algue bleue de sant\u00e9 et de pr\u00e9vention - \u00c9ditions du Dauphin","isPartOf":{"@id":"https:\/\/editionsdudauphin.com\/en#website"},"primaryImageOfPage":{"@id":"https:\/\/editionsdudauphin.com\/en\/livre\/subjects\/health-wellness\/health\/natural-medecine\/title-to-provide-44#primaryimage"},"image":{"@id":"https:\/\/editionsdudauphin.com\/en\/livre\/subjects\/health-wellness\/health\/natural-medecine\/title-to-provide-44#primaryimage"},"thumbnailUrl":"https:\/\/editionsdudauphin.com\/wp-content\/uploads\/2015\/02\/9782716317573_spiruline.png","datePublished":"2019-01-23T08:50:47+00:00","dateModified":"2021-03-19T15:12:23+00:00","description":"Spirulina is considered as an alga, a BLUE ALGAE, present at the origin of life on Earth, of the\u00a0vegetable world as of the animal world. Recently, it has","breadcrumb":{"@id":"https:\/\/editionsdudauphin.com\/en\/livre\/subjects\/health-wellness\/health\/natural-medecine\/title-to-provide-44#breadcrumb"},"inLanguage":"en-US","potentialAction":[{"@type":"ReadAction","target":["https:\/\/editionsdudauphin.com\/en\/livre\/subjects\/health-wellness\/health\/natural-medecine\/title-to-provide-44"]}]},{"@type":"ImageObject","inLanguage":"en-US","@id":"https:\/\/editionsdudauphin.com\/en\/livre\/subjects\/health-wellness\/health\/natural-medecine\/title-to-provide-44#primaryimage","url":"https:\/\/editionsdudauphin.com\/wp-content\/uploads\/2015\/02\/9782716317573_spiruline.png","contentUrl":"https:\/\/editionsdudauphin.com\/wp-content\/uploads\/2015\/02\/9782716317573_spiruline.png","width":500,"height":734,"caption":"Spiruline, l'algue bleue de sant\u00e9 et de pr\u00e9vention"},{"@type":"BreadcrumbList","@id":"https:\/\/editionsdudauphin.com\/en\/livre\/subjects\/health-wellness\/health\/natural-medecine\/title-to-provide-44#breadcrumb","itemListElement":[{"@type":"ListItem","position":1,"name":"Accueil","item":"https:\/\/editionsdudauphin.com\/en"},{"@type":"ListItem","position":2,"name":"Boutique","item":"https:\/\/editionsdudauphin.com\/boutique"},{"@type":"ListItem","position":3,"name":"SPIRULINE &#8211; algue bleue de sant\u00e9 et de pr\u00e9vention"}]},{"@type":"WebSite","@id":"https:\/\/editionsdudauphin.com\/en#website","url":"https:\/\/editionsdudauphin.com\/en","name":"\u00c9ditions du Dauphin","description":"","potentialAction":[{"@type":"SearchAction","target":{"@type":"EntryPoint","urlTemplate":"https:\/\/editionsdudauphin.com\/en?s={search_term_string}"},"query-input":{"@type":"PropertyValueSpecification","valueRequired":true,"valueName":"search_term_string"}}],"inLanguage":"en-US"}]}},"_links":{"self":[{"href":"https:\/\/editionsdudauphin.com\/en\/wp-json\/wp\/v2\/product\/3500","targetHints":{"allow":["GET"]}}],"collection":[{"href":"https:\/\/editionsdudauphin.com\/en\/wp-json\/wp\/v2\/product"}],"about":[{"href":"https:\/\/editionsdudauphin.com\/en\/wp-json\/wp\/v2\/types\/product"}],"wp:featuredmedia":[{"embeddable":true,"href":"https:\/\/editionsdudauphin.com\/en\/wp-json\/wp\/v2\/media\/7047"}],"wp:attachment":[{"href":"https:\/\/editionsdudauphin.com\/en\/wp-json\/wp\/v2\/media?parent=3500"}],"wp:term":[{"taxonomy":"product_brand","embeddable":true,"href":"https:\/\/editionsdudauphin.com\/en\/wp-json\/wp\/v2\/product_brand?post=3500"},{"taxonomy":"product_cat","embeddable":true,"href":"https:\/\/editionsdudauphin.com\/en\/wp-json\/wp\/v2\/product_cat?post=3500"},{"taxonomy":"product_tag","embeddable":true,"href":"https:\/\/editionsdudauphin.com\/en\/wp-json\/wp\/v2\/product_tag?post=3500"}],"curies":[{"name":"wp","href":"https:\/\/api.w.org\/{rel}","templated":true}]}}