{"id":3546,"date":"2017-03-30T16:53:51","date_gmt":"2019-01-25T15:53:51","guid":{"rendered":"http:\/\/dev.editionsdudauphin.com\/.\/uncategorized\/title-to-provide-67"},"modified":"2023-09-18T09:28:04","modified_gmt":"2023-09-18T07:28:04","slug":"title-to-provide-67","status":"publish","type":"product","link":"https:\/\/editionsdudauphin.com\/en\/livre\/subjects\/health-wellness\/health\/dietetic\/title-to-provide-67","title":{"rendered":"Sant\u00e9 et performances sportives &#8211; Di\u00e9t\u00e9tique de l\u2019effort et Micronutrition &#8211; Questions de pratiquants"},"content":{"rendered":"<p>Practicing a sport is healthy for everybody, it enables you to take care of your silhouette and body in general. So many sportsmen ignored dangers of an unfitted diet with the needs of their bodies.<\/p>\n","protected":false},"excerpt":{"rendered":"<p>Practicing a sport is healthy for everybody, it enables you  [&#8230;]<\/p>\n","protected":false},"featured_media":16116,"template":"","meta":{"_acf_changed":false,"wpupg_custom_link":[],"wpupg_custom_link_behaviour":[],"wpupg_custom_link_nofollow":[],"wpupg_custom_image":[],"wpupg_custom_image_id":[]},"product_brand":[],"product_cat":[160],"product_tag":[],"class_list":{"0":"post-3546","1":"product","2":"type-product","3":"status-publish","4":"has-post-thumbnail","6":"product_cat-dietetic","8":"first","9":"instock","10":"taxable","11":"shipping-taxable","12":"purchasable","13":"product-type-simple"},"acf":[],"yoast_head":"<!-- This site is optimized with the Yoast SEO plugin v27.3 - https:\/\/yoast.com\/product\/yoast-seo-wordpress\/ -->\n<title>Sant\u00e9 et performances sportives - Di\u00e9t\u00e9tique de l\u2019effort et Micronutrition - Questions de pratiquants - \u00c9ditions du Dauphin<\/title>\n<meta name=\"description\" content=\"Practicing a sport is healthy for everybody, it enables you to take care of your silhouette and body in general. So many sportsmen ignored dangers of an\" \/>\n<meta name=\"robots\" content=\"index, follow, max-snippet:-1, max-image-preview:large, max-video-preview:-1\" \/>\n<link rel=\"canonical\" href=\"https:\/\/editionsdudauphin.com\/en\/livre\/subjects\/health-wellness\/health\/dietetic\/title-to-provide-67\" \/>\n<meta property=\"og:locale\" content=\"en_US\" \/>\n<meta property=\"og:type\" content=\"article\" \/>\n<meta property=\"og:title\" content=\"Sant\u00e9 et performances sportives - Di\u00e9t\u00e9tique de l\u2019effort et Micronutrition - Questions de pratiquants - \u00c9ditions du Dauphin\" \/>\n<meta property=\"og:description\" content=\"Practicing a sport is healthy for everybody, it enables you to take care of your silhouette and body in general. So many sportsmen ignored dangers of an\" \/>\n<meta property=\"og:url\" content=\"https:\/\/editionsdudauphin.com\/en\/livre\/subjects\/health-wellness\/health\/dietetic\/title-to-provide-67\" \/>\n<meta property=\"og:site_name\" content=\"\u00c9ditions du Dauphin\" \/>\n<meta property=\"article:modified_time\" content=\"2023-09-18T07:28:04+00:00\" \/>\n<meta property=\"og:image\" content=\"https:\/\/editionsdudauphin.com\/wp-content\/uploads\/2017\/03\/9782716316071_sante_sport_performance.jpg\" \/>\n\t<meta property=\"og:image:width\" content=\"800\" \/>\n\t<meta property=\"og:image:height\" content=\"1266\" \/>\n\t<meta property=\"og:image:type\" content=\"image\/jpeg\" \/>\n<meta name=\"twitter:card\" content=\"summary_large_image\" \/>\n<meta name=\"twitter:label1\" content=\"Est. reading time\" \/>\n\t<meta name=\"twitter:data1\" content=\"1 minute\" \/>\n<script type=\"application\/ld+json\" class=\"yoast-schema-graph\">{\"@context\":\"https:\\\/\\\/schema.org\",\"@graph\":[{\"@type\":\"WebPage\",\"@id\":\"https:\\\/\\\/editionsdudauphin.com\\\/en\\\/livre\\\/subjects\\\/health-wellness\\\/health\\\/dietetic\\\/title-to-provide-67\",\"url\":\"https:\\\/\\\/editionsdudauphin.com\\\/en\\\/livre\\\/subjects\\\/health-wellness\\\/health\\\/dietetic\\\/title-to-provide-67\",\"name\":\"Sant\u00e9 et performances sportives - Di\u00e9t\u00e9tique de l\u2019effort et Micronutrition - Questions de pratiquants - \u00c9ditions du Dauphin\",\"isPartOf\":{\"@id\":\"https:\\\/\\\/editionsdudauphin.com\\\/en#website\"},\"primaryImageOfPage\":{\"@id\":\"https:\\\/\\\/editionsdudauphin.com\\\/en\\\/livre\\\/subjects\\\/health-wellness\\\/health\\\/dietetic\\\/title-to-provide-67#primaryimage\"},\"image\":{\"@id\":\"https:\\\/\\\/editionsdudauphin.com\\\/en\\\/livre\\\/subjects\\\/health-wellness\\\/health\\\/dietetic\\\/title-to-provide-67#primaryimage\"},\"thumbnailUrl\":\"https:\\\/\\\/editionsdudauphin.com\\\/wp-content\\\/uploads\\\/2017\\\/03\\\/9782716316071_sante_sport_performance.jpg\",\"datePublished\":\"2019-01-25T15:53:51+00:00\",\"dateModified\":\"2023-09-18T07:28:04+00:00\",\"description\":\"Practicing a sport is healthy for everybody, it enables you to take care of your silhouette and body in general. So many sportsmen ignored dangers of an\",\"breadcrumb\":{\"@id\":\"https:\\\/\\\/editionsdudauphin.com\\\/en\\\/livre\\\/subjects\\\/health-wellness\\\/health\\\/dietetic\\\/title-to-provide-67#breadcrumb\"},\"inLanguage\":\"en-US\",\"potentialAction\":[{\"@type\":\"ReadAction\",\"target\":[\"https:\\\/\\\/editionsdudauphin.com\\\/en\\\/livre\\\/subjects\\\/health-wellness\\\/health\\\/dietetic\\\/title-to-provide-67\"]}]},{\"@type\":\"ImageObject\",\"inLanguage\":\"en-US\",\"@id\":\"https:\\\/\\\/editionsdudauphin.com\\\/en\\\/livre\\\/subjects\\\/health-wellness\\\/health\\\/dietetic\\\/title-to-provide-67#primaryimage\",\"url\":\"https:\\\/\\\/editionsdudauphin.com\\\/wp-content\\\/uploads\\\/2017\\\/03\\\/9782716316071_sante_sport_performance.jpg\",\"contentUrl\":\"https:\\\/\\\/editionsdudauphin.com\\\/wp-content\\\/uploads\\\/2017\\\/03\\\/9782716316071_sante_sport_performance.jpg\",\"width\":800,\"height\":1266,\"caption\":\"sant\u00e9 et performance sportive\"},{\"@type\":\"BreadcrumbList\",\"@id\":\"https:\\\/\\\/editionsdudauphin.com\\\/en\\\/livre\\\/subjects\\\/health-wellness\\\/health\\\/dietetic\\\/title-to-provide-67#breadcrumb\",\"itemListElement\":[{\"@type\":\"ListItem\",\"position\":1,\"name\":\"Accueil\",\"item\":\"https:\\\/\\\/editionsdudauphin.com\\\/en\"},{\"@type\":\"ListItem\",\"position\":2,\"name\":\"Boutique\",\"item\":\"https:\\\/\\\/editionsdudauphin.com\\\/boutique\"},{\"@type\":\"ListItem\",\"position\":3,\"name\":\"Sant\u00e9 et performances sportives &#8211; Di\u00e9t\u00e9tique de l\u2019effort et Micronutrition &#8211; Questions de pratiquants\"}]},{\"@type\":\"WebSite\",\"@id\":\"https:\\\/\\\/editionsdudauphin.com\\\/en#website\",\"url\":\"https:\\\/\\\/editionsdudauphin.com\\\/en\",\"name\":\"\u00c9ditions du Dauphin\",\"description\":\"\",\"potentialAction\":[{\"@type\":\"SearchAction\",\"target\":{\"@type\":\"EntryPoint\",\"urlTemplate\":\"https:\\\/\\\/editionsdudauphin.com\\\/en?s={search_term_string}\"},\"query-input\":{\"@type\":\"PropertyValueSpecification\",\"valueRequired\":true,\"valueName\":\"search_term_string\"}}],\"inLanguage\":\"en-US\"}]}<\/script>\n<!-- \/ Yoast SEO plugin. -->","yoast_head_json":{"title":"Sant\u00e9 et performances sportives - Di\u00e9t\u00e9tique de l\u2019effort et Micronutrition - Questions de pratiquants - \u00c9ditions du Dauphin","description":"Practicing a sport is healthy for everybody, it enables you to take care of your silhouette and body in general. So many sportsmen ignored dangers of an","robots":{"index":"index","follow":"follow","max-snippet":"max-snippet:-1","max-image-preview":"max-image-preview:large","max-video-preview":"max-video-preview:-1"},"canonical":"https:\/\/editionsdudauphin.com\/en\/livre\/subjects\/health-wellness\/health\/dietetic\/title-to-provide-67","og_locale":"en_US","og_type":"article","og_title":"Sant\u00e9 et performances sportives - Di\u00e9t\u00e9tique de l\u2019effort et Micronutrition - Questions de pratiquants - \u00c9ditions du Dauphin","og_description":"Practicing a sport is healthy for everybody, it enables you to take care of your silhouette and body in general. So many sportsmen ignored dangers of an","og_url":"https:\/\/editionsdudauphin.com\/en\/livre\/subjects\/health-wellness\/health\/dietetic\/title-to-provide-67","og_site_name":"\u00c9ditions du Dauphin","article_modified_time":"2023-09-18T07:28:04+00:00","og_image":[{"width":800,"height":1266,"url":"https:\/\/editionsdudauphin.com\/wp-content\/uploads\/2017\/03\/9782716316071_sante_sport_performance.jpg","type":"image\/jpeg"}],"twitter_card":"summary_large_image","twitter_misc":{"Est. reading time":"1 minute"},"schema":{"@context":"https:\/\/schema.org","@graph":[{"@type":"WebPage","@id":"https:\/\/editionsdudauphin.com\/en\/livre\/subjects\/health-wellness\/health\/dietetic\/title-to-provide-67","url":"https:\/\/editionsdudauphin.com\/en\/livre\/subjects\/health-wellness\/health\/dietetic\/title-to-provide-67","name":"Sant\u00e9 et performances sportives - Di\u00e9t\u00e9tique de l\u2019effort et Micronutrition - Questions de pratiquants - \u00c9ditions du Dauphin","isPartOf":{"@id":"https:\/\/editionsdudauphin.com\/en#website"},"primaryImageOfPage":{"@id":"https:\/\/editionsdudauphin.com\/en\/livre\/subjects\/health-wellness\/health\/dietetic\/title-to-provide-67#primaryimage"},"image":{"@id":"https:\/\/editionsdudauphin.com\/en\/livre\/subjects\/health-wellness\/health\/dietetic\/title-to-provide-67#primaryimage"},"thumbnailUrl":"https:\/\/editionsdudauphin.com\/wp-content\/uploads\/2017\/03\/9782716316071_sante_sport_performance.jpg","datePublished":"2019-01-25T15:53:51+00:00","dateModified":"2023-09-18T07:28:04+00:00","description":"Practicing a sport is healthy for everybody, it enables you to take care of your silhouette and body in general. So many sportsmen ignored dangers of an","breadcrumb":{"@id":"https:\/\/editionsdudauphin.com\/en\/livre\/subjects\/health-wellness\/health\/dietetic\/title-to-provide-67#breadcrumb"},"inLanguage":"en-US","potentialAction":[{"@type":"ReadAction","target":["https:\/\/editionsdudauphin.com\/en\/livre\/subjects\/health-wellness\/health\/dietetic\/title-to-provide-67"]}]},{"@type":"ImageObject","inLanguage":"en-US","@id":"https:\/\/editionsdudauphin.com\/en\/livre\/subjects\/health-wellness\/health\/dietetic\/title-to-provide-67#primaryimage","url":"https:\/\/editionsdudauphin.com\/wp-content\/uploads\/2017\/03\/9782716316071_sante_sport_performance.jpg","contentUrl":"https:\/\/editionsdudauphin.com\/wp-content\/uploads\/2017\/03\/9782716316071_sante_sport_performance.jpg","width":800,"height":1266,"caption":"sant\u00e9 et performance sportive"},{"@type":"BreadcrumbList","@id":"https:\/\/editionsdudauphin.com\/en\/livre\/subjects\/health-wellness\/health\/dietetic\/title-to-provide-67#breadcrumb","itemListElement":[{"@type":"ListItem","position":1,"name":"Accueil","item":"https:\/\/editionsdudauphin.com\/en"},{"@type":"ListItem","position":2,"name":"Boutique","item":"https:\/\/editionsdudauphin.com\/boutique"},{"@type":"ListItem","position":3,"name":"Sant\u00e9 et performances sportives &#8211; Di\u00e9t\u00e9tique de l\u2019effort et Micronutrition &#8211; Questions de pratiquants"}]},{"@type":"WebSite","@id":"https:\/\/editionsdudauphin.com\/en#website","url":"https:\/\/editionsdudauphin.com\/en","name":"\u00c9ditions du Dauphin","description":"","potentialAction":[{"@type":"SearchAction","target":{"@type":"EntryPoint","urlTemplate":"https:\/\/editionsdudauphin.com\/en?s={search_term_string}"},"query-input":{"@type":"PropertyValueSpecification","valueRequired":true,"valueName":"search_term_string"}}],"inLanguage":"en-US"}]}},"_links":{"self":[{"href":"https:\/\/editionsdudauphin.com\/en\/wp-json\/wp\/v2\/product\/3546","targetHints":{"allow":["GET"]}}],"collection":[{"href":"https:\/\/editionsdudauphin.com\/en\/wp-json\/wp\/v2\/product"}],"about":[{"href":"https:\/\/editionsdudauphin.com\/en\/wp-json\/wp\/v2\/types\/product"}],"wp:featuredmedia":[{"embeddable":true,"href":"https:\/\/editionsdudauphin.com\/en\/wp-json\/wp\/v2\/media\/16116"}],"wp:attachment":[{"href":"https:\/\/editionsdudauphin.com\/en\/wp-json\/wp\/v2\/media?parent=3546"}],"wp:term":[{"taxonomy":"product_brand","embeddable":true,"href":"https:\/\/editionsdudauphin.com\/en\/wp-json\/wp\/v2\/product_brand?post=3546"},{"taxonomy":"product_cat","embeddable":true,"href":"https:\/\/editionsdudauphin.com\/en\/wp-json\/wp\/v2\/product_cat?post=3546"},{"taxonomy":"product_tag","embeddable":true,"href":"https:\/\/editionsdudauphin.com\/en\/wp-json\/wp\/v2\/product_tag?post=3546"}],"curies":[{"name":"wp","href":"https:\/\/api.w.org\/{rel}","templated":true}]}}