{"id":3556,"date":"2017-01-12T16:35:19","date_gmt":"2019-01-25T15:35:19","guid":{"rendered":"http:\/\/dev.editionsdudauphin.com\/.\/uncategorized\/title-to-provide-72"},"modified":"2019-04-03T16:04:39","modified_gmt":"2019-04-03T14:04:39","slug":"title-to-provide-72","status":"publish","type":"product","link":"https:\/\/editionsdudauphin.com\/en\/livre\/subjects\/society-history-ecology\/society\/title-to-provide-72","title":{"rendered":"La sant\u00e9 sacrifi\u00e9e au culte de la croissance et du profit"},"content":{"rendered":"<p>Mankind used to be constituted by hunter gatherer peopl, acting with was nature gave them. During the ages these people left there traditions behind while entering the industrial era and its conquest of markets. Consequently, living beings are exposed to dangerous substances in food, air, products of consumption.<\/p>\n","protected":false},"excerpt":{"rendered":"<p>Mankind used to be constituted by hunter gatherer peopl, acting  [&#8230;]<\/p>\n","protected":false},"featured_media":3557,"template":"","meta":{"_acf_changed":false,"wpupg_custom_link":[],"wpupg_custom_link_behaviour":[],"wpupg_custom_link_nofollow":[],"wpupg_custom_image":[],"wpupg_custom_image_id":[]},"product_brand":[],"product_cat":[183],"product_tag":[],"class_list":{"0":"post-3556","1":"product","2":"type-product","3":"status-publish","4":"has-post-thumbnail","6":"product_cat-society","8":"first","9":"instock","10":"taxable","11":"shipping-taxable","12":"purchasable","13":"product-type-simple"},"acf":[],"yoast_head":"<!-- This site is optimized with the Yoast SEO plugin v27.3 - https:\/\/yoast.com\/product\/yoast-seo-wordpress\/ -->\n<title>La sant\u00e9 sacrifi\u00e9e au culte de la croissance et du profit - \u00c9ditions du Dauphin<\/title>\n<meta name=\"description\" content=\"Mankind used to be constituted by hunter gatherer peopl, acting with was nature gave them. During the ages these people left there traditions behind while\" \/>\n<meta name=\"robots\" content=\"index, follow, max-snippet:-1, max-image-preview:large, max-video-preview:-1\" \/>\n<link rel=\"canonical\" href=\"https:\/\/editionsdudauphin.com\/en\/livre\/subjects\/society-history-ecology\/society\/title-to-provide-72\" \/>\n<meta property=\"og:locale\" content=\"en_US\" \/>\n<meta property=\"og:type\" content=\"article\" \/>\n<meta property=\"og:title\" content=\"La sant\u00e9 sacrifi\u00e9e au culte de la croissance et du profit - \u00c9ditions du Dauphin\" \/>\n<meta property=\"og:description\" content=\"Mankind used to be constituted by hunter gatherer peopl, acting with was nature gave them. During the ages these people left there traditions behind while\" \/>\n<meta property=\"og:url\" content=\"https:\/\/editionsdudauphin.com\/en\/livre\/subjects\/society-history-ecology\/society\/title-to-provide-72\" \/>\n<meta property=\"og:site_name\" content=\"\u00c9ditions du Dauphin\" \/>\n<meta property=\"article:modified_time\" content=\"2019-04-03T14:04:39+00:00\" \/>\n<meta property=\"og:image\" content=\"https:\/\/editionsdudauphin.com\/wp-content\/uploads\/2019\/01\/9782716315999_Sante_Sacrifiee-scaled.jpg\" \/>\n\t<meta property=\"og:image:width\" content=\"1394\" \/>\n\t<meta property=\"og:image:height\" content=\"1920\" \/>\n\t<meta property=\"og:image:type\" content=\"image\/jpeg\" \/>\n<meta name=\"twitter:card\" content=\"summary_large_image\" \/>\n<script type=\"application\/ld+json\" class=\"yoast-schema-graph\">{\"@context\":\"https:\\\/\\\/schema.org\",\"@graph\":[{\"@type\":\"WebPage\",\"@id\":\"https:\\\/\\\/editionsdudauphin.com\\\/en\\\/livre\\\/subjects\\\/society-history-ecology\\\/society\\\/title-to-provide-72\",\"url\":\"https:\\\/\\\/editionsdudauphin.com\\\/en\\\/livre\\\/subjects\\\/society-history-ecology\\\/society\\\/title-to-provide-72\",\"name\":\"La sant\u00e9 sacrifi\u00e9e au culte de la croissance et du profit - \u00c9ditions du Dauphin\",\"isPartOf\":{\"@id\":\"https:\\\/\\\/editionsdudauphin.com\\\/en#website\"},\"primaryImageOfPage\":{\"@id\":\"https:\\\/\\\/editionsdudauphin.com\\\/en\\\/livre\\\/subjects\\\/society-history-ecology\\\/society\\\/title-to-provide-72#primaryimage\"},\"image\":{\"@id\":\"https:\\\/\\\/editionsdudauphin.com\\\/en\\\/livre\\\/subjects\\\/society-history-ecology\\\/society\\\/title-to-provide-72#primaryimage\"},\"thumbnailUrl\":\"https:\\\/\\\/editionsdudauphin.com\\\/wp-content\\\/uploads\\\/2019\\\/01\\\/9782716315999_Sante_Sacrifiee-scaled.jpg\",\"datePublished\":\"2019-01-25T15:35:19+00:00\",\"dateModified\":\"2019-04-03T14:04:39+00:00\",\"description\":\"Mankind used to be constituted by hunter gatherer peopl, acting with was nature gave them. During the ages these people left there traditions behind while\",\"breadcrumb\":{\"@id\":\"https:\\\/\\\/editionsdudauphin.com\\\/en\\\/livre\\\/subjects\\\/society-history-ecology\\\/society\\\/title-to-provide-72#breadcrumb\"},\"inLanguage\":\"en-US\",\"potentialAction\":[{\"@type\":\"ReadAction\",\"target\":[\"https:\\\/\\\/editionsdudauphin.com\\\/en\\\/livre\\\/subjects\\\/society-history-ecology\\\/society\\\/title-to-provide-72\"]}]},{\"@type\":\"ImageObject\",\"inLanguage\":\"en-US\",\"@id\":\"https:\\\/\\\/editionsdudauphin.com\\\/en\\\/livre\\\/subjects\\\/society-history-ecology\\\/society\\\/title-to-provide-72#primaryimage\",\"url\":\"https:\\\/\\\/editionsdudauphin.com\\\/wp-content\\\/uploads\\\/2019\\\/01\\\/9782716315999_Sante_Sacrifiee-scaled.jpg\",\"contentUrl\":\"https:\\\/\\\/editionsdudauphin.com\\\/wp-content\\\/uploads\\\/2019\\\/01\\\/9782716315999_Sante_Sacrifiee-scaled.jpg\",\"width\":1394,\"height\":1920,\"caption\":\"Sante_Sacrifiee\"},{\"@type\":\"BreadcrumbList\",\"@id\":\"https:\\\/\\\/editionsdudauphin.com\\\/en\\\/livre\\\/subjects\\\/society-history-ecology\\\/society\\\/title-to-provide-72#breadcrumb\",\"itemListElement\":[{\"@type\":\"ListItem\",\"position\":1,\"name\":\"Accueil\",\"item\":\"https:\\\/\\\/editionsdudauphin.com\\\/en\"},{\"@type\":\"ListItem\",\"position\":2,\"name\":\"Boutique\",\"item\":\"https:\\\/\\\/editionsdudauphin.com\\\/boutique\"},{\"@type\":\"ListItem\",\"position\":3,\"name\":\"La sant\u00e9 sacrifi\u00e9e au culte de la croissance et du profit\"}]},{\"@type\":\"WebSite\",\"@id\":\"https:\\\/\\\/editionsdudauphin.com\\\/en#website\",\"url\":\"https:\\\/\\\/editionsdudauphin.com\\\/en\",\"name\":\"\u00c9ditions du Dauphin\",\"description\":\"\",\"potentialAction\":[{\"@type\":\"SearchAction\",\"target\":{\"@type\":\"EntryPoint\",\"urlTemplate\":\"https:\\\/\\\/editionsdudauphin.com\\\/en?s={search_term_string}\"},\"query-input\":{\"@type\":\"PropertyValueSpecification\",\"valueRequired\":true,\"valueName\":\"search_term_string\"}}],\"inLanguage\":\"en-US\"}]}<\/script>\n<!-- \/ Yoast SEO plugin. -->","yoast_head_json":{"title":"La sant\u00e9 sacrifi\u00e9e au culte de la croissance et du profit - \u00c9ditions du Dauphin","description":"Mankind used to be constituted by hunter gatherer peopl, acting with was nature gave them. During the ages these people left there traditions behind while","robots":{"index":"index","follow":"follow","max-snippet":"max-snippet:-1","max-image-preview":"max-image-preview:large","max-video-preview":"max-video-preview:-1"},"canonical":"https:\/\/editionsdudauphin.com\/en\/livre\/subjects\/society-history-ecology\/society\/title-to-provide-72","og_locale":"en_US","og_type":"article","og_title":"La sant\u00e9 sacrifi\u00e9e au culte de la croissance et du profit - \u00c9ditions du Dauphin","og_description":"Mankind used to be constituted by hunter gatherer peopl, acting with was nature gave them. During the ages these people left there traditions behind while","og_url":"https:\/\/editionsdudauphin.com\/en\/livre\/subjects\/society-history-ecology\/society\/title-to-provide-72","og_site_name":"\u00c9ditions du Dauphin","article_modified_time":"2019-04-03T14:04:39+00:00","og_image":[{"width":1394,"height":1920,"url":"https:\/\/editionsdudauphin.com\/wp-content\/uploads\/2019\/01\/9782716315999_Sante_Sacrifiee-scaled.jpg","type":"image\/jpeg"}],"twitter_card":"summary_large_image","schema":{"@context":"https:\/\/schema.org","@graph":[{"@type":"WebPage","@id":"https:\/\/editionsdudauphin.com\/en\/livre\/subjects\/society-history-ecology\/society\/title-to-provide-72","url":"https:\/\/editionsdudauphin.com\/en\/livre\/subjects\/society-history-ecology\/society\/title-to-provide-72","name":"La sant\u00e9 sacrifi\u00e9e au culte de la croissance et du profit - \u00c9ditions du Dauphin","isPartOf":{"@id":"https:\/\/editionsdudauphin.com\/en#website"},"primaryImageOfPage":{"@id":"https:\/\/editionsdudauphin.com\/en\/livre\/subjects\/society-history-ecology\/society\/title-to-provide-72#primaryimage"},"image":{"@id":"https:\/\/editionsdudauphin.com\/en\/livre\/subjects\/society-history-ecology\/society\/title-to-provide-72#primaryimage"},"thumbnailUrl":"https:\/\/editionsdudauphin.com\/wp-content\/uploads\/2019\/01\/9782716315999_Sante_Sacrifiee-scaled.jpg","datePublished":"2019-01-25T15:35:19+00:00","dateModified":"2019-04-03T14:04:39+00:00","description":"Mankind used to be constituted by hunter gatherer peopl, acting with was nature gave them. During the ages these people left there traditions behind while","breadcrumb":{"@id":"https:\/\/editionsdudauphin.com\/en\/livre\/subjects\/society-history-ecology\/society\/title-to-provide-72#breadcrumb"},"inLanguage":"en-US","potentialAction":[{"@type":"ReadAction","target":["https:\/\/editionsdudauphin.com\/en\/livre\/subjects\/society-history-ecology\/society\/title-to-provide-72"]}]},{"@type":"ImageObject","inLanguage":"en-US","@id":"https:\/\/editionsdudauphin.com\/en\/livre\/subjects\/society-history-ecology\/society\/title-to-provide-72#primaryimage","url":"https:\/\/editionsdudauphin.com\/wp-content\/uploads\/2019\/01\/9782716315999_Sante_Sacrifiee-scaled.jpg","contentUrl":"https:\/\/editionsdudauphin.com\/wp-content\/uploads\/2019\/01\/9782716315999_Sante_Sacrifiee-scaled.jpg","width":1394,"height":1920,"caption":"Sante_Sacrifiee"},{"@type":"BreadcrumbList","@id":"https:\/\/editionsdudauphin.com\/en\/livre\/subjects\/society-history-ecology\/society\/title-to-provide-72#breadcrumb","itemListElement":[{"@type":"ListItem","position":1,"name":"Accueil","item":"https:\/\/editionsdudauphin.com\/en"},{"@type":"ListItem","position":2,"name":"Boutique","item":"https:\/\/editionsdudauphin.com\/boutique"},{"@type":"ListItem","position":3,"name":"La sant\u00e9 sacrifi\u00e9e au culte de la croissance et du profit"}]},{"@type":"WebSite","@id":"https:\/\/editionsdudauphin.com\/en#website","url":"https:\/\/editionsdudauphin.com\/en","name":"\u00c9ditions du Dauphin","description":"","potentialAction":[{"@type":"SearchAction","target":{"@type":"EntryPoint","urlTemplate":"https:\/\/editionsdudauphin.com\/en?s={search_term_string}"},"query-input":{"@type":"PropertyValueSpecification","valueRequired":true,"valueName":"search_term_string"}}],"inLanguage":"en-US"}]}},"_links":{"self":[{"href":"https:\/\/editionsdudauphin.com\/en\/wp-json\/wp\/v2\/product\/3556","targetHints":{"allow":["GET"]}}],"collection":[{"href":"https:\/\/editionsdudauphin.com\/en\/wp-json\/wp\/v2\/product"}],"about":[{"href":"https:\/\/editionsdudauphin.com\/en\/wp-json\/wp\/v2\/types\/product"}],"wp:featuredmedia":[{"embeddable":true,"href":"https:\/\/editionsdudauphin.com\/en\/wp-json\/wp\/v2\/media\/3557"}],"wp:attachment":[{"href":"https:\/\/editionsdudauphin.com\/en\/wp-json\/wp\/v2\/media?parent=3556"}],"wp:term":[{"taxonomy":"product_brand","embeddable":true,"href":"https:\/\/editionsdudauphin.com\/en\/wp-json\/wp\/v2\/product_brand?post=3556"},{"taxonomy":"product_cat","embeddable":true,"href":"https:\/\/editionsdudauphin.com\/en\/wp-json\/wp\/v2\/product_cat?post=3556"},{"taxonomy":"product_tag","embeddable":true,"href":"https:\/\/editionsdudauphin.com\/en\/wp-json\/wp\/v2\/product_tag?post=3556"}],"curies":[{"name":"wp","href":"https:\/\/api.w.org\/{rel}","templated":true}]}}