{"id":3560,"date":"2017-11-15T17:46:48","date_gmt":"2019-01-25T16:46:48","guid":{"rendered":"http:\/\/dev.editionsdudauphin.com\/.\/uncategorized\/title-to-provide-74"},"modified":"2019-04-03T15:40:12","modified_gmt":"2019-04-03T13:40:12","slug":"title-to-provide-74","status":"publish","type":"product","link":"https:\/\/editionsdudauphin.com\/en\/livre\/subjects\/personal-growth-psycho\/personal-growth\/title-to-provide-74","title":{"rendered":"J&#8217;\u00e9coute donc tu es &#8211; l&#8217;importance de l&#8217;\u00e9coute"},"content":{"rendered":"<p>LISTENING is a big part of our lives, and yet, we underestimate its importance and effects. What mean shall we give to attentiveness, and do we truly listen?<\/p>\n","protected":false},"excerpt":{"rendered":"<p>LISTENING is a big part of our lives, and yet,  [&#8230;]<\/p>\n","protected":false},"featured_media":3561,"template":"","meta":{"_acf_changed":false,"wpupg_custom_link":[],"wpupg_custom_link_behaviour":[],"wpupg_custom_link_nofollow":[],"wpupg_custom_image":[],"wpupg_custom_image_id":[]},"product_brand":[],"product_cat":[168],"product_tag":[],"class_list":{"0":"post-3560","1":"product","2":"type-product","3":"status-publish","4":"has-post-thumbnail","6":"product_cat-personal-growth","8":"first","9":"instock","10":"taxable","11":"shipping-taxable","12":"purchasable","13":"product-type-simple"},"acf":[],"yoast_head":"<!-- This site is optimized with the Yoast SEO plugin v27.3 - https:\/\/yoast.com\/product\/yoast-seo-wordpress\/ -->\n<title>J&#039;\u00e9coute donc tu es - l&#039;importance de l&#039;\u00e9coute - \u00c9ditions du Dauphin<\/title>\n<meta name=\"description\" content=\"LISTENING is a big part of our lives, and yet, we underestimate its importance and effects. What mean shall we give to attentiveness, and do we truly\" \/>\n<meta name=\"robots\" content=\"index, follow, max-snippet:-1, max-image-preview:large, max-video-preview:-1\" \/>\n<link rel=\"canonical\" href=\"https:\/\/editionsdudauphin.com\/en\/livre\/subjects\/personal-growth-psycho\/personal-growth\/title-to-provide-74\" \/>\n<meta property=\"og:locale\" content=\"en_US\" \/>\n<meta property=\"og:type\" content=\"article\" \/>\n<meta property=\"og:title\" content=\"J&#039;\u00e9coute donc tu es - l&#039;importance de l&#039;\u00e9coute - \u00c9ditions du Dauphin\" \/>\n<meta property=\"og:description\" content=\"LISTENING is a big part of our lives, and yet, we underestimate its importance and effects. What mean shall we give to attentiveness, and do we truly\" \/>\n<meta property=\"og:url\" content=\"https:\/\/editionsdudauphin.com\/en\/livre\/subjects\/personal-growth-psycho\/personal-growth\/title-to-provide-74\" \/>\n<meta property=\"og:site_name\" content=\"\u00c9ditions du Dauphin\" \/>\n<meta property=\"article:modified_time\" content=\"2019-04-03T13:40:12+00:00\" \/>\n<meta property=\"og:image\" content=\"https:\/\/editionsdudauphin.com\/wp-content\/uploads\/2019\/01\/9782716316262_Ecoute_Active_Education_Coaching-scaled.jpg\" \/>\n\t<meta property=\"og:image:width\" content=\"1319\" \/>\n\t<meta property=\"og:image:height\" content=\"1920\" \/>\n\t<meta property=\"og:image:type\" content=\"image\/jpeg\" \/>\n<meta name=\"twitter:card\" content=\"summary_large_image\" \/>\n<script type=\"application\/ld+json\" class=\"yoast-schema-graph\">{\"@context\":\"https:\\\/\\\/schema.org\",\"@graph\":[{\"@type\":\"WebPage\",\"@id\":\"https:\\\/\\\/editionsdudauphin.com\\\/en\\\/livre\\\/subjects\\\/personal-growth-psycho\\\/personal-growth\\\/title-to-provide-74\",\"url\":\"https:\\\/\\\/editionsdudauphin.com\\\/en\\\/livre\\\/subjects\\\/personal-growth-psycho\\\/personal-growth\\\/title-to-provide-74\",\"name\":\"J'\u00e9coute donc tu es - l'importance de l'\u00e9coute - \u00c9ditions du Dauphin\",\"isPartOf\":{\"@id\":\"https:\\\/\\\/editionsdudauphin.com\\\/en#website\"},\"primaryImageOfPage\":{\"@id\":\"https:\\\/\\\/editionsdudauphin.com\\\/en\\\/livre\\\/subjects\\\/personal-growth-psycho\\\/personal-growth\\\/title-to-provide-74#primaryimage\"},\"image\":{\"@id\":\"https:\\\/\\\/editionsdudauphin.com\\\/en\\\/livre\\\/subjects\\\/personal-growth-psycho\\\/personal-growth\\\/title-to-provide-74#primaryimage\"},\"thumbnailUrl\":\"https:\\\/\\\/editionsdudauphin.com\\\/wp-content\\\/uploads\\\/2019\\\/01\\\/9782716316262_Ecoute_Active_Education_Coaching-scaled.jpg\",\"datePublished\":\"2019-01-25T16:46:48+00:00\",\"dateModified\":\"2019-04-03T13:40:12+00:00\",\"description\":\"LISTENING is a big part of our lives, and yet, we underestimate its importance and effects. What mean shall we give to attentiveness, and do we truly\",\"breadcrumb\":{\"@id\":\"https:\\\/\\\/editionsdudauphin.com\\\/en\\\/livre\\\/subjects\\\/personal-growth-psycho\\\/personal-growth\\\/title-to-provide-74#breadcrumb\"},\"inLanguage\":\"en-US\",\"potentialAction\":[{\"@type\":\"ReadAction\",\"target\":[\"https:\\\/\\\/editionsdudauphin.com\\\/en\\\/livre\\\/subjects\\\/personal-growth-psycho\\\/personal-growth\\\/title-to-provide-74\"]}]},{\"@type\":\"ImageObject\",\"inLanguage\":\"en-US\",\"@id\":\"https:\\\/\\\/editionsdudauphin.com\\\/en\\\/livre\\\/subjects\\\/personal-growth-psycho\\\/personal-growth\\\/title-to-provide-74#primaryimage\",\"url\":\"https:\\\/\\\/editionsdudauphin.com\\\/wp-content\\\/uploads\\\/2019\\\/01\\\/9782716316262_Ecoute_Active_Education_Coaching-scaled.jpg\",\"contentUrl\":\"https:\\\/\\\/editionsdudauphin.com\\\/wp-content\\\/uploads\\\/2019\\\/01\\\/9782716316262_Ecoute_Active_Education_Coaching-scaled.jpg\",\"width\":1319,\"height\":1920,\"caption\":\"Ecoute_Active_Education_Coaching\"},{\"@type\":\"BreadcrumbList\",\"@id\":\"https:\\\/\\\/editionsdudauphin.com\\\/en\\\/livre\\\/subjects\\\/personal-growth-psycho\\\/personal-growth\\\/title-to-provide-74#breadcrumb\",\"itemListElement\":[{\"@type\":\"ListItem\",\"position\":1,\"name\":\"Accueil\",\"item\":\"https:\\\/\\\/editionsdudauphin.com\\\/en\"},{\"@type\":\"ListItem\",\"position\":2,\"name\":\"Boutique\",\"item\":\"https:\\\/\\\/editionsdudauphin.com\\\/boutique\"},{\"@type\":\"ListItem\",\"position\":3,\"name\":\"J&#8217;\u00e9coute donc tu es &#8211; l&#8217;importance de l&#8217;\u00e9coute\"}]},{\"@type\":\"WebSite\",\"@id\":\"https:\\\/\\\/editionsdudauphin.com\\\/en#website\",\"url\":\"https:\\\/\\\/editionsdudauphin.com\\\/en\",\"name\":\"\u00c9ditions du Dauphin\",\"description\":\"\",\"potentialAction\":[{\"@type\":\"SearchAction\",\"target\":{\"@type\":\"EntryPoint\",\"urlTemplate\":\"https:\\\/\\\/editionsdudauphin.com\\\/en?s={search_term_string}\"},\"query-input\":{\"@type\":\"PropertyValueSpecification\",\"valueRequired\":true,\"valueName\":\"search_term_string\"}}],\"inLanguage\":\"en-US\"}]}<\/script>\n<!-- \/ Yoast SEO plugin. -->","yoast_head_json":{"title":"J'\u00e9coute donc tu es - l'importance de l'\u00e9coute - \u00c9ditions du Dauphin","description":"LISTENING is a big part of our lives, and yet, we underestimate its importance and effects. What mean shall we give to attentiveness, and do we truly","robots":{"index":"index","follow":"follow","max-snippet":"max-snippet:-1","max-image-preview":"max-image-preview:large","max-video-preview":"max-video-preview:-1"},"canonical":"https:\/\/editionsdudauphin.com\/en\/livre\/subjects\/personal-growth-psycho\/personal-growth\/title-to-provide-74","og_locale":"en_US","og_type":"article","og_title":"J'\u00e9coute donc tu es - l'importance de l'\u00e9coute - \u00c9ditions du Dauphin","og_description":"LISTENING is a big part of our lives, and yet, we underestimate its importance and effects. What mean shall we give to attentiveness, and do we truly","og_url":"https:\/\/editionsdudauphin.com\/en\/livre\/subjects\/personal-growth-psycho\/personal-growth\/title-to-provide-74","og_site_name":"\u00c9ditions du Dauphin","article_modified_time":"2019-04-03T13:40:12+00:00","og_image":[{"width":1319,"height":1920,"url":"https:\/\/editionsdudauphin.com\/wp-content\/uploads\/2019\/01\/9782716316262_Ecoute_Active_Education_Coaching-scaled.jpg","type":"image\/jpeg"}],"twitter_card":"summary_large_image","schema":{"@context":"https:\/\/schema.org","@graph":[{"@type":"WebPage","@id":"https:\/\/editionsdudauphin.com\/en\/livre\/subjects\/personal-growth-psycho\/personal-growth\/title-to-provide-74","url":"https:\/\/editionsdudauphin.com\/en\/livre\/subjects\/personal-growth-psycho\/personal-growth\/title-to-provide-74","name":"J'\u00e9coute donc tu es - l'importance de l'\u00e9coute - \u00c9ditions du Dauphin","isPartOf":{"@id":"https:\/\/editionsdudauphin.com\/en#website"},"primaryImageOfPage":{"@id":"https:\/\/editionsdudauphin.com\/en\/livre\/subjects\/personal-growth-psycho\/personal-growth\/title-to-provide-74#primaryimage"},"image":{"@id":"https:\/\/editionsdudauphin.com\/en\/livre\/subjects\/personal-growth-psycho\/personal-growth\/title-to-provide-74#primaryimage"},"thumbnailUrl":"https:\/\/editionsdudauphin.com\/wp-content\/uploads\/2019\/01\/9782716316262_Ecoute_Active_Education_Coaching-scaled.jpg","datePublished":"2019-01-25T16:46:48+00:00","dateModified":"2019-04-03T13:40:12+00:00","description":"LISTENING is a big part of our lives, and yet, we underestimate its importance and effects. What mean shall we give to attentiveness, and do we truly","breadcrumb":{"@id":"https:\/\/editionsdudauphin.com\/en\/livre\/subjects\/personal-growth-psycho\/personal-growth\/title-to-provide-74#breadcrumb"},"inLanguage":"en-US","potentialAction":[{"@type":"ReadAction","target":["https:\/\/editionsdudauphin.com\/en\/livre\/subjects\/personal-growth-psycho\/personal-growth\/title-to-provide-74"]}]},{"@type":"ImageObject","inLanguage":"en-US","@id":"https:\/\/editionsdudauphin.com\/en\/livre\/subjects\/personal-growth-psycho\/personal-growth\/title-to-provide-74#primaryimage","url":"https:\/\/editionsdudauphin.com\/wp-content\/uploads\/2019\/01\/9782716316262_Ecoute_Active_Education_Coaching-scaled.jpg","contentUrl":"https:\/\/editionsdudauphin.com\/wp-content\/uploads\/2019\/01\/9782716316262_Ecoute_Active_Education_Coaching-scaled.jpg","width":1319,"height":1920,"caption":"Ecoute_Active_Education_Coaching"},{"@type":"BreadcrumbList","@id":"https:\/\/editionsdudauphin.com\/en\/livre\/subjects\/personal-growth-psycho\/personal-growth\/title-to-provide-74#breadcrumb","itemListElement":[{"@type":"ListItem","position":1,"name":"Accueil","item":"https:\/\/editionsdudauphin.com\/en"},{"@type":"ListItem","position":2,"name":"Boutique","item":"https:\/\/editionsdudauphin.com\/boutique"},{"@type":"ListItem","position":3,"name":"J&#8217;\u00e9coute donc tu es &#8211; l&#8217;importance de l&#8217;\u00e9coute"}]},{"@type":"WebSite","@id":"https:\/\/editionsdudauphin.com\/en#website","url":"https:\/\/editionsdudauphin.com\/en","name":"\u00c9ditions du Dauphin","description":"","potentialAction":[{"@type":"SearchAction","target":{"@type":"EntryPoint","urlTemplate":"https:\/\/editionsdudauphin.com\/en?s={search_term_string}"},"query-input":{"@type":"PropertyValueSpecification","valueRequired":true,"valueName":"search_term_string"}}],"inLanguage":"en-US"}]}},"_links":{"self":[{"href":"https:\/\/editionsdudauphin.com\/en\/wp-json\/wp\/v2\/product\/3560","targetHints":{"allow":["GET"]}}],"collection":[{"href":"https:\/\/editionsdudauphin.com\/en\/wp-json\/wp\/v2\/product"}],"about":[{"href":"https:\/\/editionsdudauphin.com\/en\/wp-json\/wp\/v2\/types\/product"}],"wp:featuredmedia":[{"embeddable":true,"href":"https:\/\/editionsdudauphin.com\/en\/wp-json\/wp\/v2\/media\/3561"}],"wp:attachment":[{"href":"https:\/\/editionsdudauphin.com\/en\/wp-json\/wp\/v2\/media?parent=3560"}],"wp:term":[{"taxonomy":"product_brand","embeddable":true,"href":"https:\/\/editionsdudauphin.com\/en\/wp-json\/wp\/v2\/product_brand?post=3560"},{"taxonomy":"product_cat","embeddable":true,"href":"https:\/\/editionsdudauphin.com\/en\/wp-json\/wp\/v2\/product_cat?post=3560"},{"taxonomy":"product_tag","embeddable":true,"href":"https:\/\/editionsdudauphin.com\/en\/wp-json\/wp\/v2\/product_tag?post=3560"}],"curies":[{"name":"wp","href":"https:\/\/api.w.org\/{rel}","templated":true}]}}