{"id":3564,"date":"2013-11-28T10:24:19","date_gmt":"2019-01-23T09:24:19","guid":{"rendered":"http:\/\/dev.editionsdudauphin.com\/.\/uncategorized\/title-to-provide-76"},"modified":"2019-04-03T16:45:05","modified_gmt":"2019-04-03T14:45:05","slug":"title-to-provide-76","status":"publish","type":"product","link":"https:\/\/editionsdudauphin.com\/en\/livre\/subjects\/society-history-ecology\/history\/title-to-provide-76","title":{"rendered":"Des poup\u00e9es sign\u00e9es Limoges"},"content":{"rendered":"<p>Limoges, city and capital of Limousin (east center area of France) is going to develop slowly a luxury small business which will be crowned in the XVIIIth century by the discovery of kaolin and the development of porcelain art. The Count d&#8217; Artois, future King Charles X will make of Limoges the main porcelain center without forgetting S\u00e8vres. After 1789, numerous companies specialized into art of table will be created. At the Great War period, French manufacturers of toys and dolls will be asked to produce &#8220;heads&#8221; for dolls in Limoges to replace those imported by Germany ( the enemy to fight). This branch of porcelain industry will be of short-lived because it will begin at the beginning of the conflict to disappear in the middle of the twenties. However, a small production of heads will continue beyond the interwar period. Native of Limousin, founds of dolls since more than 40 years, Elisabeth Deconchat collects old dolls and especially those named &#8221; heads Limoges &#8220;. She also restores them entirely (head, body and including clothes). Elisabeth Chauveau, MD in History brings here her participation to contribute to enlight readers over an underestimated period going from 1914 till 1930. This illustrated book (200 photos and archives documents) offers a new knowledge of this quite unknown limougeaude manufacturing. This inedite work shows us today rare historical documents and dolls preserved by families of porcelain makers.<\/p>\n","protected":false},"excerpt":{"rendered":"<p>Limoges, city and capital of Limousin (east center area of  [&#8230;]<\/p>\n","protected":false},"featured_media":3565,"template":"","meta":{"_acf_changed":false,"wpupg_custom_link":[],"wpupg_custom_link_behaviour":[],"wpupg_custom_link_nofollow":[],"wpupg_custom_image":[],"wpupg_custom_image_id":[]},"product_brand":[],"product_cat":[184],"product_tag":[],"class_list":{"0":"post-3564","1":"product","2":"type-product","3":"status-publish","4":"has-post-thumbnail","6":"product_cat-history","8":"first","9":"instock","10":"taxable","11":"shipping-taxable","12":"purchasable","13":"product-type-simple"},"acf":[],"yoast_head":"<!-- This site is optimized with the Yoast SEO plugin v27.3 - https:\/\/yoast.com\/product\/yoast-seo-wordpress\/ -->\n<title>Des poup\u00e9es sign\u00e9es Limoges - \u00c9ditions du Dauphin<\/title>\n<meta name=\"description\" content=\"Limoges, city and capital of Limousin (east center area of France) is going to develop slowly a luxury small business which will be crowned in the XVIIIth\" \/>\n<meta name=\"robots\" content=\"index, follow, max-snippet:-1, max-image-preview:large, max-video-preview:-1\" \/>\n<link rel=\"canonical\" href=\"https:\/\/editionsdudauphin.com\/en\/livre\/subjects\/society-history-ecology\/history\/title-to-provide-76\" \/>\n<meta property=\"og:locale\" content=\"en_US\" \/>\n<meta property=\"og:type\" content=\"article\" \/>\n<meta property=\"og:title\" content=\"Des poup\u00e9es sign\u00e9es Limoges - \u00c9ditions du Dauphin\" \/>\n<meta property=\"og:description\" content=\"Limoges, city and capital of Limousin (east center area of France) is going to develop slowly a luxury small business which will be crowned in the XVIIIth\" \/>\n<meta property=\"og:url\" content=\"https:\/\/editionsdudauphin.com\/en\/livre\/subjects\/society-history-ecology\/history\/title-to-provide-76\" \/>\n<meta property=\"og:site_name\" content=\"\u00c9ditions du Dauphin\" \/>\n<meta property=\"article:modified_time\" content=\"2019-04-03T14:45:05+00:00\" \/>\n<meta property=\"og:image\" content=\"https:\/\/editionsdudauphin.com\/wp-content\/uploads\/2019\/01\/9782716315081_Poupees_Limoges-scaled.jpg\" \/>\n\t<meta property=\"og:image:width\" content=\"1902\" \/>\n\t<meta property=\"og:image:height\" content=\"1920\" \/>\n\t<meta property=\"og:image:type\" content=\"image\/jpeg\" \/>\n<meta name=\"twitter:card\" content=\"summary_large_image\" \/>\n<meta name=\"twitter:label1\" content=\"Est. reading time\" \/>\n\t<meta name=\"twitter:data1\" content=\"1 minute\" \/>\n<script type=\"application\/ld+json\" class=\"yoast-schema-graph\">{\"@context\":\"https:\\\/\\\/schema.org\",\"@graph\":[{\"@type\":\"WebPage\",\"@id\":\"https:\\\/\\\/editionsdudauphin.com\\\/en\\\/livre\\\/subjects\\\/society-history-ecology\\\/history\\\/title-to-provide-76\",\"url\":\"https:\\\/\\\/editionsdudauphin.com\\\/en\\\/livre\\\/subjects\\\/society-history-ecology\\\/history\\\/title-to-provide-76\",\"name\":\"Des poup\u00e9es sign\u00e9es Limoges - \u00c9ditions du Dauphin\",\"isPartOf\":{\"@id\":\"https:\\\/\\\/editionsdudauphin.com\\\/en#website\"},\"primaryImageOfPage\":{\"@id\":\"https:\\\/\\\/editionsdudauphin.com\\\/en\\\/livre\\\/subjects\\\/society-history-ecology\\\/history\\\/title-to-provide-76#primaryimage\"},\"image\":{\"@id\":\"https:\\\/\\\/editionsdudauphin.com\\\/en\\\/livre\\\/subjects\\\/society-history-ecology\\\/history\\\/title-to-provide-76#primaryimage\"},\"thumbnailUrl\":\"https:\\\/\\\/editionsdudauphin.com\\\/wp-content\\\/uploads\\\/2019\\\/01\\\/9782716315081_Poupees_Limoges-scaled.jpg\",\"datePublished\":\"2019-01-23T09:24:19+00:00\",\"dateModified\":\"2019-04-03T14:45:05+00:00\",\"description\":\"Limoges, city and capital of Limousin (east center area of France) is going to develop slowly a luxury small business which will be crowned in the XVIIIth\",\"breadcrumb\":{\"@id\":\"https:\\\/\\\/editionsdudauphin.com\\\/en\\\/livre\\\/subjects\\\/society-history-ecology\\\/history\\\/title-to-provide-76#breadcrumb\"},\"inLanguage\":\"en-US\",\"potentialAction\":[{\"@type\":\"ReadAction\",\"target\":[\"https:\\\/\\\/editionsdudauphin.com\\\/en\\\/livre\\\/subjects\\\/society-history-ecology\\\/history\\\/title-to-provide-76\"]}]},{\"@type\":\"ImageObject\",\"inLanguage\":\"en-US\",\"@id\":\"https:\\\/\\\/editionsdudauphin.com\\\/en\\\/livre\\\/subjects\\\/society-history-ecology\\\/history\\\/title-to-provide-76#primaryimage\",\"url\":\"https:\\\/\\\/editionsdudauphin.com\\\/wp-content\\\/uploads\\\/2019\\\/01\\\/9782716315081_Poupees_Limoges-scaled.jpg\",\"contentUrl\":\"https:\\\/\\\/editionsdudauphin.com\\\/wp-content\\\/uploads\\\/2019\\\/01\\\/9782716315081_Poupees_Limoges-scaled.jpg\",\"width\":1902,\"height\":1920,\"caption\":\"poupee-limoges\"},{\"@type\":\"BreadcrumbList\",\"@id\":\"https:\\\/\\\/editionsdudauphin.com\\\/en\\\/livre\\\/subjects\\\/society-history-ecology\\\/history\\\/title-to-provide-76#breadcrumb\",\"itemListElement\":[{\"@type\":\"ListItem\",\"position\":1,\"name\":\"Accueil\",\"item\":\"https:\\\/\\\/editionsdudauphin.com\\\/en\"},{\"@type\":\"ListItem\",\"position\":2,\"name\":\"Boutique\",\"item\":\"https:\\\/\\\/editionsdudauphin.com\\\/boutique\"},{\"@type\":\"ListItem\",\"position\":3,\"name\":\"Des poup\u00e9es sign\u00e9es Limoges\"}]},{\"@type\":\"WebSite\",\"@id\":\"https:\\\/\\\/editionsdudauphin.com\\\/en#website\",\"url\":\"https:\\\/\\\/editionsdudauphin.com\\\/en\",\"name\":\"\u00c9ditions du Dauphin\",\"description\":\"\",\"potentialAction\":[{\"@type\":\"SearchAction\",\"target\":{\"@type\":\"EntryPoint\",\"urlTemplate\":\"https:\\\/\\\/editionsdudauphin.com\\\/en?s={search_term_string}\"},\"query-input\":{\"@type\":\"PropertyValueSpecification\",\"valueRequired\":true,\"valueName\":\"search_term_string\"}}],\"inLanguage\":\"en-US\"}]}<\/script>\n<!-- \/ Yoast SEO plugin. -->","yoast_head_json":{"title":"Des poup\u00e9es sign\u00e9es Limoges - \u00c9ditions du Dauphin","description":"Limoges, city and capital of Limousin (east center area of France) is going to develop slowly a luxury small business which will be crowned in the XVIIIth","robots":{"index":"index","follow":"follow","max-snippet":"max-snippet:-1","max-image-preview":"max-image-preview:large","max-video-preview":"max-video-preview:-1"},"canonical":"https:\/\/editionsdudauphin.com\/en\/livre\/subjects\/society-history-ecology\/history\/title-to-provide-76","og_locale":"en_US","og_type":"article","og_title":"Des poup\u00e9es sign\u00e9es Limoges - \u00c9ditions du Dauphin","og_description":"Limoges, city and capital of Limousin (east center area of France) is going to develop slowly a luxury small business which will be crowned in the XVIIIth","og_url":"https:\/\/editionsdudauphin.com\/en\/livre\/subjects\/society-history-ecology\/history\/title-to-provide-76","og_site_name":"\u00c9ditions du Dauphin","article_modified_time":"2019-04-03T14:45:05+00:00","og_image":[{"width":1902,"height":1920,"url":"https:\/\/editionsdudauphin.com\/wp-content\/uploads\/2019\/01\/9782716315081_Poupees_Limoges-scaled.jpg","type":"image\/jpeg"}],"twitter_card":"summary_large_image","twitter_misc":{"Est. reading time":"1 minute"},"schema":{"@context":"https:\/\/schema.org","@graph":[{"@type":"WebPage","@id":"https:\/\/editionsdudauphin.com\/en\/livre\/subjects\/society-history-ecology\/history\/title-to-provide-76","url":"https:\/\/editionsdudauphin.com\/en\/livre\/subjects\/society-history-ecology\/history\/title-to-provide-76","name":"Des poup\u00e9es sign\u00e9es Limoges - \u00c9ditions du Dauphin","isPartOf":{"@id":"https:\/\/editionsdudauphin.com\/en#website"},"primaryImageOfPage":{"@id":"https:\/\/editionsdudauphin.com\/en\/livre\/subjects\/society-history-ecology\/history\/title-to-provide-76#primaryimage"},"image":{"@id":"https:\/\/editionsdudauphin.com\/en\/livre\/subjects\/society-history-ecology\/history\/title-to-provide-76#primaryimage"},"thumbnailUrl":"https:\/\/editionsdudauphin.com\/wp-content\/uploads\/2019\/01\/9782716315081_Poupees_Limoges-scaled.jpg","datePublished":"2019-01-23T09:24:19+00:00","dateModified":"2019-04-03T14:45:05+00:00","description":"Limoges, city and capital of Limousin (east center area of France) is going to develop slowly a luxury small business which will be crowned in the XVIIIth","breadcrumb":{"@id":"https:\/\/editionsdudauphin.com\/en\/livre\/subjects\/society-history-ecology\/history\/title-to-provide-76#breadcrumb"},"inLanguage":"en-US","potentialAction":[{"@type":"ReadAction","target":["https:\/\/editionsdudauphin.com\/en\/livre\/subjects\/society-history-ecology\/history\/title-to-provide-76"]}]},{"@type":"ImageObject","inLanguage":"en-US","@id":"https:\/\/editionsdudauphin.com\/en\/livre\/subjects\/society-history-ecology\/history\/title-to-provide-76#primaryimage","url":"https:\/\/editionsdudauphin.com\/wp-content\/uploads\/2019\/01\/9782716315081_Poupees_Limoges-scaled.jpg","contentUrl":"https:\/\/editionsdudauphin.com\/wp-content\/uploads\/2019\/01\/9782716315081_Poupees_Limoges-scaled.jpg","width":1902,"height":1920,"caption":"poupee-limoges"},{"@type":"BreadcrumbList","@id":"https:\/\/editionsdudauphin.com\/en\/livre\/subjects\/society-history-ecology\/history\/title-to-provide-76#breadcrumb","itemListElement":[{"@type":"ListItem","position":1,"name":"Accueil","item":"https:\/\/editionsdudauphin.com\/en"},{"@type":"ListItem","position":2,"name":"Boutique","item":"https:\/\/editionsdudauphin.com\/boutique"},{"@type":"ListItem","position":3,"name":"Des poup\u00e9es sign\u00e9es Limoges"}]},{"@type":"WebSite","@id":"https:\/\/editionsdudauphin.com\/en#website","url":"https:\/\/editionsdudauphin.com\/en","name":"\u00c9ditions du Dauphin","description":"","potentialAction":[{"@type":"SearchAction","target":{"@type":"EntryPoint","urlTemplate":"https:\/\/editionsdudauphin.com\/en?s={search_term_string}"},"query-input":{"@type":"PropertyValueSpecification","valueRequired":true,"valueName":"search_term_string"}}],"inLanguage":"en-US"}]}},"_links":{"self":[{"href":"https:\/\/editionsdudauphin.com\/en\/wp-json\/wp\/v2\/product\/3564","targetHints":{"allow":["GET"]}}],"collection":[{"href":"https:\/\/editionsdudauphin.com\/en\/wp-json\/wp\/v2\/product"}],"about":[{"href":"https:\/\/editionsdudauphin.com\/en\/wp-json\/wp\/v2\/types\/product"}],"wp:featuredmedia":[{"embeddable":true,"href":"https:\/\/editionsdudauphin.com\/en\/wp-json\/wp\/v2\/media\/3565"}],"wp:attachment":[{"href":"https:\/\/editionsdudauphin.com\/en\/wp-json\/wp\/v2\/media?parent=3564"}],"wp:term":[{"taxonomy":"product_brand","embeddable":true,"href":"https:\/\/editionsdudauphin.com\/en\/wp-json\/wp\/v2\/product_brand?post=3564"},{"taxonomy":"product_cat","embeddable":true,"href":"https:\/\/editionsdudauphin.com\/en\/wp-json\/wp\/v2\/product_cat?post=3564"},{"taxonomy":"product_tag","embeddable":true,"href":"https:\/\/editionsdudauphin.com\/en\/wp-json\/wp\/v2\/product_tag?post=3564"}],"curies":[{"name":"wp","href":"https:\/\/api.w.org\/{rel}","templated":true}]}}