{"id":3572,"date":"2009-08-27T11:21:39","date_gmt":"2019-01-24T10:21:39","guid":{"rendered":"http:\/\/dev.editionsdudauphin.com\/.\/uncategorized\/title-to-provide-80"},"modified":"2019-04-03T17:16:09","modified_gmt":"2019-04-03T15:16:09","slug":"les-250-reponses-de-lherboriste-nouvelle-edition","status":"publish","type":"product","link":"https:\/\/editionsdudauphin.com\/en\/livre\/subjects\/health-wellness\/health\/natural-medecine\/medicinal-plants\/les-250-reponses-de-lherboriste-nouvelle-edition","title":{"rendered":"Les 250 r\u00e9ponses de l&#8217;herboriste &#8211; Nouvelle \u00e9dition &#8211;"},"content":{"rendered":"<p>In this latest book, Marie-Antoinette Mulot gives us specific solutions, with medicinal plants, to 250 common diseases and aches that so often plague our daily life. She reveals her many personal \u2018Granny\u2019 recipes, seasoned with her vast knowledge. All common illnesses from Acne to Shingles are listed. Marie &#8211; Antoinette Mulot is a 1941 graduate of the University of Pharmacy, in Montpellier (France). During her numerous years of practice, MAM was able to observe that the same health problems seemed to recur frequently, and that, among her patients, some of these problems occurred more frequently than others. She also had the opportunity to experiment the efficiency of these medications intended to soothe these daily ills, and to improve or refine their composition. It is this unique experience that forms the core of this book, and in it you will find the answers to the health and well-being issues we face daily: from Acne to Shingles, including Constipation, Hiccups, Lumbago, Liver, Muscular Cramps and Migraines. In her latest work, Marie-Antoinette Mulot provides us with each and every secret to soothe and heal, with medicinal plants, all these annoying ills and aches that in no small way tend to spoil our daily life.<\/p>\n","protected":false},"excerpt":{"rendered":"<p>In this latest book, Marie-Antoinette Mulot gives us specific solutions,  [&#8230;]<\/p>\n","protected":false},"featured_media":3573,"template":"","meta":{"_acf_changed":false,"wpupg_custom_link":[],"wpupg_custom_link_behaviour":[],"wpupg_custom_link_nofollow":[],"wpupg_custom_image":[],"wpupg_custom_image_id":[]},"product_brand":[],"product_cat":[165,350],"product_tag":[],"class_list":{"0":"post-3572","1":"product","2":"type-product","3":"status-publish","4":"has-post-thumbnail","6":"product_cat-natural-medecine","7":"product_cat-medicinal-plants","9":"first","10":"instock","11":"taxable","12":"shipping-taxable","13":"purchasable","14":"product-type-simple"},"acf":[],"yoast_head":"<!-- This site is optimized with the Yoast SEO plugin v27.3 - https:\/\/yoast.com\/product\/yoast-seo-wordpress\/ -->\n<title>Les 250 r\u00e9ponses de l&#039;herboriste - Nouvelle \u00e9dition - \u00c9ditions du Dauphin<\/title>\n<meta name=\"description\" content=\"In this latest book, Marie-Antoinette Mulot gives us specific solutions, with medicinal plants, to 250 common diseases and aches that so often plague our\" \/>\n<meta name=\"robots\" content=\"index, follow, max-snippet:-1, max-image-preview:large, max-video-preview:-1\" \/>\n<link rel=\"canonical\" href=\"https:\/\/editionsdudauphin.com\/en\/livre\/subjects\/health-wellness\/health\/natural-medecine\/medicinal-plants\/les-250-reponses-de-lherboriste-nouvelle-edition\" \/>\n<meta property=\"og:locale\" content=\"en_US\" \/>\n<meta property=\"og:type\" content=\"article\" \/>\n<meta property=\"og:title\" content=\"Les 250 r\u00e9ponses de l&#039;herboriste - Nouvelle \u00e9dition - \u00c9ditions du Dauphin\" \/>\n<meta property=\"og:description\" content=\"In this latest book, Marie-Antoinette Mulot gives us specific solutions, with medicinal plants, to 250 common diseases and aches that so often plague our\" \/>\n<meta property=\"og:url\" content=\"https:\/\/editionsdudauphin.com\/en\/livre\/subjects\/health-wellness\/health\/natural-medecine\/medicinal-plants\/les-250-reponses-de-lherboriste-nouvelle-edition\" \/>\n<meta property=\"og:site_name\" content=\"\u00c9ditions du Dauphin\" \/>\n<meta property=\"article:modified_time\" content=\"2019-04-03T15:16:09+00:00\" \/>\n<meta property=\"og:image\" content=\"https:\/\/editionsdudauphin.com\/wp-content\/uploads\/2019\/01\/9782716314060_Plantes_Herboriste_Mulot-scaled.jpg\" \/>\n\t<meta property=\"og:image:width\" content=\"1218\" \/>\n\t<meta property=\"og:image:height\" content=\"1920\" \/>\n\t<meta property=\"og:image:type\" content=\"image\/jpeg\" \/>\n<meta name=\"twitter:card\" content=\"summary_large_image\" \/>\n<meta name=\"twitter:label1\" content=\"Est. reading time\" \/>\n\t<meta name=\"twitter:data1\" content=\"1 minute\" \/>\n<script type=\"application\/ld+json\" class=\"yoast-schema-graph\">{\"@context\":\"https:\\\/\\\/schema.org\",\"@graph\":[{\"@type\":\"WebPage\",\"@id\":\"https:\\\/\\\/editionsdudauphin.com\\\/en\\\/livre\\\/subjects\\\/health-wellness\\\/health\\\/natural-medecine\\\/medicinal-plants\\\/les-250-reponses-de-lherboriste-nouvelle-edition\",\"url\":\"https:\\\/\\\/editionsdudauphin.com\\\/en\\\/livre\\\/subjects\\\/health-wellness\\\/health\\\/natural-medecine\\\/medicinal-plants\\\/les-250-reponses-de-lherboriste-nouvelle-edition\",\"name\":\"Les 250 r\u00e9ponses de l'herboriste - Nouvelle \u00e9dition - \u00c9ditions du Dauphin\",\"isPartOf\":{\"@id\":\"https:\\\/\\\/editionsdudauphin.com\\\/en#website\"},\"primaryImageOfPage\":{\"@id\":\"https:\\\/\\\/editionsdudauphin.com\\\/en\\\/livre\\\/subjects\\\/health-wellness\\\/health\\\/natural-medecine\\\/medicinal-plants\\\/les-250-reponses-de-lherboriste-nouvelle-edition#primaryimage\"},\"image\":{\"@id\":\"https:\\\/\\\/editionsdudauphin.com\\\/en\\\/livre\\\/subjects\\\/health-wellness\\\/health\\\/natural-medecine\\\/medicinal-plants\\\/les-250-reponses-de-lherboriste-nouvelle-edition#primaryimage\"},\"thumbnailUrl\":\"https:\\\/\\\/editionsdudauphin.com\\\/wp-content\\\/uploads\\\/2019\\\/01\\\/9782716314060_Plantes_Herboriste_Mulot-scaled.jpg\",\"datePublished\":\"2019-01-24T10:21:39+00:00\",\"dateModified\":\"2019-04-03T15:16:09+00:00\",\"description\":\"In this latest book, Marie-Antoinette Mulot gives us specific solutions, with medicinal plants, to 250 common diseases and aches that so often plague our\",\"breadcrumb\":{\"@id\":\"https:\\\/\\\/editionsdudauphin.com\\\/en\\\/livre\\\/subjects\\\/health-wellness\\\/health\\\/natural-medecine\\\/medicinal-plants\\\/les-250-reponses-de-lherboriste-nouvelle-edition#breadcrumb\"},\"inLanguage\":\"en-US\",\"potentialAction\":[{\"@type\":\"ReadAction\",\"target\":[\"https:\\\/\\\/editionsdudauphin.com\\\/en\\\/livre\\\/subjects\\\/health-wellness\\\/health\\\/natural-medecine\\\/medicinal-plants\\\/les-250-reponses-de-lherboriste-nouvelle-edition\"]}]},{\"@type\":\"ImageObject\",\"inLanguage\":\"en-US\",\"@id\":\"https:\\\/\\\/editionsdudauphin.com\\\/en\\\/livre\\\/subjects\\\/health-wellness\\\/health\\\/natural-medecine\\\/medicinal-plants\\\/les-250-reponses-de-lherboriste-nouvelle-edition#primaryimage\",\"url\":\"https:\\\/\\\/editionsdudauphin.com\\\/wp-content\\\/uploads\\\/2019\\\/01\\\/9782716314060_Plantes_Herboriste_Mulot-scaled.jpg\",\"contentUrl\":\"https:\\\/\\\/editionsdudauphin.com\\\/wp-content\\\/uploads\\\/2019\\\/01\\\/9782716314060_Plantes_Herboriste_Mulot-scaled.jpg\",\"width\":1218,\"height\":1920,\"caption\":\"Plantes_Herboriste_Mulot\"},{\"@type\":\"BreadcrumbList\",\"@id\":\"https:\\\/\\\/editionsdudauphin.com\\\/en\\\/livre\\\/subjects\\\/health-wellness\\\/health\\\/natural-medecine\\\/medicinal-plants\\\/les-250-reponses-de-lherboriste-nouvelle-edition#breadcrumb\",\"itemListElement\":[{\"@type\":\"ListItem\",\"position\":1,\"name\":\"Accueil\",\"item\":\"https:\\\/\\\/editionsdudauphin.com\\\/en\"},{\"@type\":\"ListItem\",\"position\":2,\"name\":\"Boutique\",\"item\":\"https:\\\/\\\/editionsdudauphin.com\\\/boutique\"},{\"@type\":\"ListItem\",\"position\":3,\"name\":\"Les 250 r\u00e9ponses de l&#8217;herboriste &#8211; Nouvelle \u00e9dition &#8211;\"}]},{\"@type\":\"WebSite\",\"@id\":\"https:\\\/\\\/editionsdudauphin.com\\\/en#website\",\"url\":\"https:\\\/\\\/editionsdudauphin.com\\\/en\",\"name\":\"\u00c9ditions du Dauphin\",\"description\":\"\",\"potentialAction\":[{\"@type\":\"SearchAction\",\"target\":{\"@type\":\"EntryPoint\",\"urlTemplate\":\"https:\\\/\\\/editionsdudauphin.com\\\/en?s={search_term_string}\"},\"query-input\":{\"@type\":\"PropertyValueSpecification\",\"valueRequired\":true,\"valueName\":\"search_term_string\"}}],\"inLanguage\":\"en-US\"}]}<\/script>\n<!-- \/ Yoast SEO plugin. -->","yoast_head_json":{"title":"Les 250 r\u00e9ponses de l'herboriste - Nouvelle \u00e9dition - \u00c9ditions du Dauphin","description":"In this latest book, Marie-Antoinette Mulot gives us specific solutions, with medicinal plants, to 250 common diseases and aches that so often plague our","robots":{"index":"index","follow":"follow","max-snippet":"max-snippet:-1","max-image-preview":"max-image-preview:large","max-video-preview":"max-video-preview:-1"},"canonical":"https:\/\/editionsdudauphin.com\/en\/livre\/subjects\/health-wellness\/health\/natural-medecine\/medicinal-plants\/les-250-reponses-de-lherboriste-nouvelle-edition","og_locale":"en_US","og_type":"article","og_title":"Les 250 r\u00e9ponses de l'herboriste - Nouvelle \u00e9dition - \u00c9ditions du Dauphin","og_description":"In this latest book, Marie-Antoinette Mulot gives us specific solutions, with medicinal plants, to 250 common diseases and aches that so often plague our","og_url":"https:\/\/editionsdudauphin.com\/en\/livre\/subjects\/health-wellness\/health\/natural-medecine\/medicinal-plants\/les-250-reponses-de-lherboriste-nouvelle-edition","og_site_name":"\u00c9ditions du Dauphin","article_modified_time":"2019-04-03T15:16:09+00:00","og_image":[{"width":1218,"height":1920,"url":"https:\/\/editionsdudauphin.com\/wp-content\/uploads\/2019\/01\/9782716314060_Plantes_Herboriste_Mulot-scaled.jpg","type":"image\/jpeg"}],"twitter_card":"summary_large_image","twitter_misc":{"Est. reading time":"1 minute"},"schema":{"@context":"https:\/\/schema.org","@graph":[{"@type":"WebPage","@id":"https:\/\/editionsdudauphin.com\/en\/livre\/subjects\/health-wellness\/health\/natural-medecine\/medicinal-plants\/les-250-reponses-de-lherboriste-nouvelle-edition","url":"https:\/\/editionsdudauphin.com\/en\/livre\/subjects\/health-wellness\/health\/natural-medecine\/medicinal-plants\/les-250-reponses-de-lherboriste-nouvelle-edition","name":"Les 250 r\u00e9ponses de l'herboriste - Nouvelle \u00e9dition - \u00c9ditions du Dauphin","isPartOf":{"@id":"https:\/\/editionsdudauphin.com\/en#website"},"primaryImageOfPage":{"@id":"https:\/\/editionsdudauphin.com\/en\/livre\/subjects\/health-wellness\/health\/natural-medecine\/medicinal-plants\/les-250-reponses-de-lherboriste-nouvelle-edition#primaryimage"},"image":{"@id":"https:\/\/editionsdudauphin.com\/en\/livre\/subjects\/health-wellness\/health\/natural-medecine\/medicinal-plants\/les-250-reponses-de-lherboriste-nouvelle-edition#primaryimage"},"thumbnailUrl":"https:\/\/editionsdudauphin.com\/wp-content\/uploads\/2019\/01\/9782716314060_Plantes_Herboriste_Mulot-scaled.jpg","datePublished":"2019-01-24T10:21:39+00:00","dateModified":"2019-04-03T15:16:09+00:00","description":"In this latest book, Marie-Antoinette Mulot gives us specific solutions, with medicinal plants, to 250 common diseases and aches that so often plague our","breadcrumb":{"@id":"https:\/\/editionsdudauphin.com\/en\/livre\/subjects\/health-wellness\/health\/natural-medecine\/medicinal-plants\/les-250-reponses-de-lherboriste-nouvelle-edition#breadcrumb"},"inLanguage":"en-US","potentialAction":[{"@type":"ReadAction","target":["https:\/\/editionsdudauphin.com\/en\/livre\/subjects\/health-wellness\/health\/natural-medecine\/medicinal-plants\/les-250-reponses-de-lherboriste-nouvelle-edition"]}]},{"@type":"ImageObject","inLanguage":"en-US","@id":"https:\/\/editionsdudauphin.com\/en\/livre\/subjects\/health-wellness\/health\/natural-medecine\/medicinal-plants\/les-250-reponses-de-lherboriste-nouvelle-edition#primaryimage","url":"https:\/\/editionsdudauphin.com\/wp-content\/uploads\/2019\/01\/9782716314060_Plantes_Herboriste_Mulot-scaled.jpg","contentUrl":"https:\/\/editionsdudauphin.com\/wp-content\/uploads\/2019\/01\/9782716314060_Plantes_Herboriste_Mulot-scaled.jpg","width":1218,"height":1920,"caption":"Plantes_Herboriste_Mulot"},{"@type":"BreadcrumbList","@id":"https:\/\/editionsdudauphin.com\/en\/livre\/subjects\/health-wellness\/health\/natural-medecine\/medicinal-plants\/les-250-reponses-de-lherboriste-nouvelle-edition#breadcrumb","itemListElement":[{"@type":"ListItem","position":1,"name":"Accueil","item":"https:\/\/editionsdudauphin.com\/en"},{"@type":"ListItem","position":2,"name":"Boutique","item":"https:\/\/editionsdudauphin.com\/boutique"},{"@type":"ListItem","position":3,"name":"Les 250 r\u00e9ponses de l&#8217;herboriste &#8211; Nouvelle \u00e9dition &#8211;"}]},{"@type":"WebSite","@id":"https:\/\/editionsdudauphin.com\/en#website","url":"https:\/\/editionsdudauphin.com\/en","name":"\u00c9ditions du Dauphin","description":"","potentialAction":[{"@type":"SearchAction","target":{"@type":"EntryPoint","urlTemplate":"https:\/\/editionsdudauphin.com\/en?s={search_term_string}"},"query-input":{"@type":"PropertyValueSpecification","valueRequired":true,"valueName":"search_term_string"}}],"inLanguage":"en-US"}]}},"_links":{"self":[{"href":"https:\/\/editionsdudauphin.com\/en\/wp-json\/wp\/v2\/product\/3572","targetHints":{"allow":["GET"]}}],"collection":[{"href":"https:\/\/editionsdudauphin.com\/en\/wp-json\/wp\/v2\/product"}],"about":[{"href":"https:\/\/editionsdudauphin.com\/en\/wp-json\/wp\/v2\/types\/product"}],"wp:featuredmedia":[{"embeddable":true,"href":"https:\/\/editionsdudauphin.com\/en\/wp-json\/wp\/v2\/media\/3573"}],"wp:attachment":[{"href":"https:\/\/editionsdudauphin.com\/en\/wp-json\/wp\/v2\/media?parent=3572"}],"wp:term":[{"taxonomy":"product_brand","embeddable":true,"href":"https:\/\/editionsdudauphin.com\/en\/wp-json\/wp\/v2\/product_brand?post=3572"},{"taxonomy":"product_cat","embeddable":true,"href":"https:\/\/editionsdudauphin.com\/en\/wp-json\/wp\/v2\/product_cat?post=3572"},{"taxonomy":"product_tag","embeddable":true,"href":"https:\/\/editionsdudauphin.com\/en\/wp-json\/wp\/v2\/product_tag?post=3572"}],"curies":[{"name":"wp","href":"https:\/\/api.w.org\/{rel}","templated":true}]}}