{"id":3585,"date":"2009-10-08T16:36:43","date_gmt":"2019-01-24T15:36:43","guid":{"rendered":"http:\/\/dev.editionsdudauphin.com\/.\/uncategorized\/title-to-provide-86"},"modified":"2019-04-03T17:20:03","modified_gmt":"2019-04-03T15:20:03","slug":"un-demi-siecle-daccelerateurs-de-particules","status":"publish","type":"product","link":"https:\/\/editionsdudauphin.com\/en\/livre\/subjects\/society-history-ecology\/history\/un-demi-siecle-daccelerateurs-de-particules","title":{"rendered":"Un demi-si\u00e8cle d&#8217;acc\u00e9l\u00e9rateurs de particules"},"content":{"rendered":"<p>In a lively historical account Pierre Marin tells of the extraordinary progress made in accelerator physics since World War II. He focuses mainly on the history of French accelerators which evolved from small electrostatic accelerators purchased abroad to complex and powerful storage rings and colliders built by French engineers and physicists. He shows how these machines served not only particle physicists, but also researchers working with synchrotron light. He recalls how these two scientific communities with such different backgrounds learned how to work together. Who could have written this story better than Pierre Marin_? He was an accelerator physicist, and a project leader who played a key role in storage ring R&amp;D, as well as in accelerator construction and operation. He describes the international context of the period, and relates the discussions on scientific policy issues of the time. He tells us about the technical challenges to be overcome and discusses the question of maintaining the balance between national development and international involvement. A number of important yet unknown features of this scientific adventure are related. This short history also includes his thoughts about the gestation of large scientific instruments which, no doubt, will interest researchers involved in \u00ab big science \u00bb.<\/p>\n","protected":false},"excerpt":{"rendered":"<p>In a lively historical account Pierre Marin tells of the  [&#8230;]<\/p>\n","protected":false},"featured_media":3586,"template":"","meta":{"_acf_changed":false,"wpupg_custom_link":[],"wpupg_custom_link_behaviour":[],"wpupg_custom_link_nofollow":[],"wpupg_custom_image":[],"wpupg_custom_image_id":[]},"product_brand":[],"product_cat":[184],"product_tag":[],"class_list":{"0":"post-3585","1":"product","2":"type-product","3":"status-publish","4":"has-post-thumbnail","6":"product_cat-history","8":"first","9":"instock","10":"taxable","11":"shipping-taxable","12":"purchasable","13":"product-type-simple"},"acf":[],"yoast_head":"<!-- This site is optimized with the Yoast SEO plugin v27.4 - https:\/\/yoast.com\/product\/yoast-seo-wordpress\/ -->\n<title>Un demi-si\u00e8cle d&#039;acc\u00e9l\u00e9rateurs de particules - \u00c9ditions du Dauphin<\/title>\n<meta name=\"description\" content=\"In a lively historical account Pierre Marin tells of the extraordinary progress made in accelerator physics since World War II. He focuses mainly on the\" \/>\n<meta name=\"robots\" content=\"index, follow, max-snippet:-1, max-image-preview:large, max-video-preview:-1\" \/>\n<link rel=\"canonical\" href=\"https:\/\/editionsdudauphin.com\/en\/livre\/subjects\/society-history-ecology\/history\/un-demi-siecle-daccelerateurs-de-particules\" \/>\n<meta property=\"og:locale\" content=\"en_US\" \/>\n<meta property=\"og:type\" content=\"article\" \/>\n<meta property=\"og:title\" content=\"Un demi-si\u00e8cle d&#039;acc\u00e9l\u00e9rateurs de particules - \u00c9ditions du Dauphin\" \/>\n<meta property=\"og:description\" content=\"In a lively historical account Pierre Marin tells of the extraordinary progress made in accelerator physics since World War II. He focuses mainly on the\" \/>\n<meta property=\"og:url\" content=\"https:\/\/editionsdudauphin.com\/en\/livre\/subjects\/society-history-ecology\/history\/un-demi-siecle-daccelerateurs-de-particules\" \/>\n<meta property=\"og:site_name\" content=\"\u00c9ditions du Dauphin\" \/>\n<meta property=\"article:modified_time\" content=\"2019-04-03T15:20:03+00:00\" \/>\n<meta property=\"og:image\" content=\"https:\/\/editionsdudauphin.com\/wp-content\/uploads\/2019\/01\/9782716314121_Accelerateurs_Particules.jpg\" \/>\n\t<meta property=\"og:image:width\" content=\"400\" \/>\n\t<meta property=\"og:image:height\" content=\"610\" \/>\n\t<meta property=\"og:image:type\" content=\"image\/jpeg\" \/>\n<meta name=\"twitter:card\" content=\"summary_large_image\" \/>\n<meta name=\"twitter:label1\" content=\"Est. reading time\" \/>\n\t<meta name=\"twitter:data1\" content=\"1 minute\" \/>\n<script type=\"application\/ld+json\" class=\"yoast-schema-graph\">{\"@context\":\"https:\\\/\\\/schema.org\",\"@graph\":[{\"@type\":\"WebPage\",\"@id\":\"https:\\\/\\\/editionsdudauphin.com\\\/en\\\/livre\\\/subjects\\\/society-history-ecology\\\/history\\\/un-demi-siecle-daccelerateurs-de-particules\",\"url\":\"https:\\\/\\\/editionsdudauphin.com\\\/en\\\/livre\\\/subjects\\\/society-history-ecology\\\/history\\\/un-demi-siecle-daccelerateurs-de-particules\",\"name\":\"Un demi-si\u00e8cle d'acc\u00e9l\u00e9rateurs de particules - \u00c9ditions du Dauphin\",\"isPartOf\":{\"@id\":\"https:\\\/\\\/editionsdudauphin.com\\\/en#website\"},\"primaryImageOfPage\":{\"@id\":\"https:\\\/\\\/editionsdudauphin.com\\\/en\\\/livre\\\/subjects\\\/society-history-ecology\\\/history\\\/un-demi-siecle-daccelerateurs-de-particules#primaryimage\"},\"image\":{\"@id\":\"https:\\\/\\\/editionsdudauphin.com\\\/en\\\/livre\\\/subjects\\\/society-history-ecology\\\/history\\\/un-demi-siecle-daccelerateurs-de-particules#primaryimage\"},\"thumbnailUrl\":\"https:\\\/\\\/editionsdudauphin.com\\\/wp-content\\\/uploads\\\/2019\\\/01\\\/9782716314121_Accelerateurs_Particules.jpg\",\"datePublished\":\"2019-01-24T15:36:43+00:00\",\"dateModified\":\"2019-04-03T15:20:03+00:00\",\"description\":\"In a lively historical account Pierre Marin tells of the extraordinary progress made in accelerator physics since World War II. He focuses mainly on the\",\"breadcrumb\":{\"@id\":\"https:\\\/\\\/editionsdudauphin.com\\\/en\\\/livre\\\/subjects\\\/society-history-ecology\\\/history\\\/un-demi-siecle-daccelerateurs-de-particules#breadcrumb\"},\"inLanguage\":\"en-US\",\"potentialAction\":[{\"@type\":\"ReadAction\",\"target\":[\"https:\\\/\\\/editionsdudauphin.com\\\/en\\\/livre\\\/subjects\\\/society-history-ecology\\\/history\\\/un-demi-siecle-daccelerateurs-de-particules\"]}]},{\"@type\":\"ImageObject\",\"inLanguage\":\"en-US\",\"@id\":\"https:\\\/\\\/editionsdudauphin.com\\\/en\\\/livre\\\/subjects\\\/society-history-ecology\\\/history\\\/un-demi-siecle-daccelerateurs-de-particules#primaryimage\",\"url\":\"https:\\\/\\\/editionsdudauphin.com\\\/wp-content\\\/uploads\\\/2019\\\/01\\\/9782716314121_Accelerateurs_Particules.jpg\",\"contentUrl\":\"https:\\\/\\\/editionsdudauphin.com\\\/wp-content\\\/uploads\\\/2019\\\/01\\\/9782716314121_Accelerateurs_Particules.jpg\",\"width\":400,\"height\":610,\"caption\":\"Accelerateurs_Particules\"},{\"@type\":\"BreadcrumbList\",\"@id\":\"https:\\\/\\\/editionsdudauphin.com\\\/en\\\/livre\\\/subjects\\\/society-history-ecology\\\/history\\\/un-demi-siecle-daccelerateurs-de-particules#breadcrumb\",\"itemListElement\":[{\"@type\":\"ListItem\",\"position\":1,\"name\":\"Accueil\",\"item\":\"https:\\\/\\\/editionsdudauphin.com\\\/en\"},{\"@type\":\"ListItem\",\"position\":2,\"name\":\"Boutique\",\"item\":\"https:\\\/\\\/editionsdudauphin.com\\\/boutique\"},{\"@type\":\"ListItem\",\"position\":3,\"name\":\"Un demi-si\u00e8cle d&#8217;acc\u00e9l\u00e9rateurs de particules\"}]},{\"@type\":\"WebSite\",\"@id\":\"https:\\\/\\\/editionsdudauphin.com\\\/en#website\",\"url\":\"https:\\\/\\\/editionsdudauphin.com\\\/en\",\"name\":\"\u00c9ditions du Dauphin\",\"description\":\"\",\"potentialAction\":[{\"@type\":\"SearchAction\",\"target\":{\"@type\":\"EntryPoint\",\"urlTemplate\":\"https:\\\/\\\/editionsdudauphin.com\\\/en?s={search_term_string}\"},\"query-input\":{\"@type\":\"PropertyValueSpecification\",\"valueRequired\":true,\"valueName\":\"search_term_string\"}}],\"inLanguage\":\"en-US\"}]}<\/script>\n<!-- \/ Yoast SEO plugin. -->","yoast_head_json":{"title":"Un demi-si\u00e8cle d'acc\u00e9l\u00e9rateurs de particules - \u00c9ditions du Dauphin","description":"In a lively historical account Pierre Marin tells of the extraordinary progress made in accelerator physics since World War II. He focuses mainly on the","robots":{"index":"index","follow":"follow","max-snippet":"max-snippet:-1","max-image-preview":"max-image-preview:large","max-video-preview":"max-video-preview:-1"},"canonical":"https:\/\/editionsdudauphin.com\/en\/livre\/subjects\/society-history-ecology\/history\/un-demi-siecle-daccelerateurs-de-particules","og_locale":"en_US","og_type":"article","og_title":"Un demi-si\u00e8cle d'acc\u00e9l\u00e9rateurs de particules - \u00c9ditions du Dauphin","og_description":"In a lively historical account Pierre Marin tells of the extraordinary progress made in accelerator physics since World War II. He focuses mainly on the","og_url":"https:\/\/editionsdudauphin.com\/en\/livre\/subjects\/society-history-ecology\/history\/un-demi-siecle-daccelerateurs-de-particules","og_site_name":"\u00c9ditions du Dauphin","article_modified_time":"2019-04-03T15:20:03+00:00","og_image":[{"width":400,"height":610,"url":"https:\/\/editionsdudauphin.com\/wp-content\/uploads\/2019\/01\/9782716314121_Accelerateurs_Particules.jpg","type":"image\/jpeg"}],"twitter_card":"summary_large_image","twitter_misc":{"Est. reading time":"1 minute"},"schema":{"@context":"https:\/\/schema.org","@graph":[{"@type":"WebPage","@id":"https:\/\/editionsdudauphin.com\/en\/livre\/subjects\/society-history-ecology\/history\/un-demi-siecle-daccelerateurs-de-particules","url":"https:\/\/editionsdudauphin.com\/en\/livre\/subjects\/society-history-ecology\/history\/un-demi-siecle-daccelerateurs-de-particules","name":"Un demi-si\u00e8cle d'acc\u00e9l\u00e9rateurs de particules - \u00c9ditions du Dauphin","isPartOf":{"@id":"https:\/\/editionsdudauphin.com\/en#website"},"primaryImageOfPage":{"@id":"https:\/\/editionsdudauphin.com\/en\/livre\/subjects\/society-history-ecology\/history\/un-demi-siecle-daccelerateurs-de-particules#primaryimage"},"image":{"@id":"https:\/\/editionsdudauphin.com\/en\/livre\/subjects\/society-history-ecology\/history\/un-demi-siecle-daccelerateurs-de-particules#primaryimage"},"thumbnailUrl":"https:\/\/editionsdudauphin.com\/wp-content\/uploads\/2019\/01\/9782716314121_Accelerateurs_Particules.jpg","datePublished":"2019-01-24T15:36:43+00:00","dateModified":"2019-04-03T15:20:03+00:00","description":"In a lively historical account Pierre Marin tells of the extraordinary progress made in accelerator physics since World War II. He focuses mainly on the","breadcrumb":{"@id":"https:\/\/editionsdudauphin.com\/en\/livre\/subjects\/society-history-ecology\/history\/un-demi-siecle-daccelerateurs-de-particules#breadcrumb"},"inLanguage":"en-US","potentialAction":[{"@type":"ReadAction","target":["https:\/\/editionsdudauphin.com\/en\/livre\/subjects\/society-history-ecology\/history\/un-demi-siecle-daccelerateurs-de-particules"]}]},{"@type":"ImageObject","inLanguage":"en-US","@id":"https:\/\/editionsdudauphin.com\/en\/livre\/subjects\/society-history-ecology\/history\/un-demi-siecle-daccelerateurs-de-particules#primaryimage","url":"https:\/\/editionsdudauphin.com\/wp-content\/uploads\/2019\/01\/9782716314121_Accelerateurs_Particules.jpg","contentUrl":"https:\/\/editionsdudauphin.com\/wp-content\/uploads\/2019\/01\/9782716314121_Accelerateurs_Particules.jpg","width":400,"height":610,"caption":"Accelerateurs_Particules"},{"@type":"BreadcrumbList","@id":"https:\/\/editionsdudauphin.com\/en\/livre\/subjects\/society-history-ecology\/history\/un-demi-siecle-daccelerateurs-de-particules#breadcrumb","itemListElement":[{"@type":"ListItem","position":1,"name":"Accueil","item":"https:\/\/editionsdudauphin.com\/en"},{"@type":"ListItem","position":2,"name":"Boutique","item":"https:\/\/editionsdudauphin.com\/boutique"},{"@type":"ListItem","position":3,"name":"Un demi-si\u00e8cle d&#8217;acc\u00e9l\u00e9rateurs de particules"}]},{"@type":"WebSite","@id":"https:\/\/editionsdudauphin.com\/en#website","url":"https:\/\/editionsdudauphin.com\/en","name":"\u00c9ditions du Dauphin","description":"","potentialAction":[{"@type":"SearchAction","target":{"@type":"EntryPoint","urlTemplate":"https:\/\/editionsdudauphin.com\/en?s={search_term_string}"},"query-input":{"@type":"PropertyValueSpecification","valueRequired":true,"valueName":"search_term_string"}}],"inLanguage":"en-US"}]}},"_links":{"self":[{"href":"https:\/\/editionsdudauphin.com\/en\/wp-json\/wp\/v2\/product\/3585","targetHints":{"allow":["GET"]}}],"collection":[{"href":"https:\/\/editionsdudauphin.com\/en\/wp-json\/wp\/v2\/product"}],"about":[{"href":"https:\/\/editionsdudauphin.com\/en\/wp-json\/wp\/v2\/types\/product"}],"wp:featuredmedia":[{"embeddable":true,"href":"https:\/\/editionsdudauphin.com\/en\/wp-json\/wp\/v2\/media\/3586"}],"wp:attachment":[{"href":"https:\/\/editionsdudauphin.com\/en\/wp-json\/wp\/v2\/media?parent=3585"}],"wp:term":[{"taxonomy":"product_brand","embeddable":true,"href":"https:\/\/editionsdudauphin.com\/en\/wp-json\/wp\/v2\/product_brand?post=3585"},{"taxonomy":"product_cat","embeddable":true,"href":"https:\/\/editionsdudauphin.com\/en\/wp-json\/wp\/v2\/product_cat?post=3585"},{"taxonomy":"product_tag","embeddable":true,"href":"https:\/\/editionsdudauphin.com\/en\/wp-json\/wp\/v2\/product_tag?post=3585"}],"curies":[{"name":"wp","href":"https:\/\/api.w.org\/{rel}","templated":true}]}}