{"id":3633,"date":"2023-05-06T09:57:45","date_gmt":"2019-01-23T08:57:45","guid":{"rendered":"http:\/\/dev.editionsdudauphin.com\/.\/uncategorized\/title-to-provide-91"},"modified":"2023-05-12T12:50:52","modified_gmt":"2023-05-12T10:50:52","slug":"title-to-provide-91","status":"publish","type":"product","link":"https:\/\/editionsdudauphin.com\/en\/livre\/subjects\/health-wellness\/health\/healing6process\/title-to-provide-91","title":{"rendered":"Troubles de la thyro\u00efde &#8211; Sympt\u00f4mes, traitements, conseils"},"content":{"rendered":"<p>Essential to your body and often underestimated, the thyroid, the small endocrine gland located in the previous lower and part of the neck has a major function because of its influence on the regulation of the hormonal system, growth, metabolisms and the nervous system. Hypo or hyperthyro\u00efdism, tumor, goitre have a major impact on our daily life: insomnia, sweating, palpitation, memory, mood, nervous breakdown, libido, skin and dry hair, gains or losses of weight, nervousness, stress etc. This information book explains the functioning of the thyroid gland, its main disorders and their causes, but also the main biological and medical check-ups to be made, the treatments and their limits.<\/p>\n","protected":false},"excerpt":{"rendered":"<p>Essential to your body and often underestimated, the thyroid, the  [&#8230;]<\/p>\n","protected":false},"featured_media":15534,"template":"","meta":{"_acf_changed":false,"wpupg_custom_link":[],"wpupg_custom_link_behaviour":[],"wpupg_custom_link_nofollow":[],"wpupg_custom_image":[],"wpupg_custom_image_id":[]},"product_brand":[],"product_cat":[150,162],"product_tag":[],"class_list":{"0":"post-3633","1":"product","2":"type-product","3":"status-publish","4":"has-post-thumbnail","6":"product_cat-long-sellers-en","7":"product_cat-healing6process","9":"first","10":"instock","11":"taxable","12":"shipping-taxable","13":"purchasable","14":"product-type-simple"},"acf":[],"yoast_head":"<!-- This site is optimized with the Yoast SEO plugin v27.4 - https:\/\/yoast.com\/product\/yoast-seo-wordpress\/ -->\n<title>Troubles de la thyro\u00efde - Sympt\u00f4mes, traitements, conseils - \u00c9ditions du Dauphin<\/title>\n<meta name=\"description\" content=\"Essential to your body and often underestimated, the thyroid, the small endocrine gland located in the previous lower and part of the neck has a major\" \/>\n<meta name=\"robots\" content=\"index, follow, max-snippet:-1, max-image-preview:large, max-video-preview:-1\" \/>\n<link rel=\"canonical\" href=\"https:\/\/editionsdudauphin.com\/en\/livre\/subjects\/health-wellness\/health\/healing6process\/title-to-provide-91\" \/>\n<meta property=\"og:locale\" content=\"en_US\" \/>\n<meta property=\"og:type\" content=\"article\" \/>\n<meta property=\"og:title\" content=\"Troubles de la thyro\u00efde - Sympt\u00f4mes, traitements, conseils - \u00c9ditions du Dauphin\" \/>\n<meta property=\"og:description\" content=\"Essential to your body and often underestimated, the thyroid, the small endocrine gland located in the previous lower and part of the neck has a major\" \/>\n<meta property=\"og:url\" content=\"https:\/\/editionsdudauphin.com\/en\/livre\/subjects\/health-wellness\/health\/healing6process\/title-to-provide-91\" \/>\n<meta property=\"og:site_name\" content=\"\u00c9ditions du Dauphin\" \/>\n<meta property=\"article:modified_time\" content=\"2023-05-12T10:50:52+00:00\" \/>\n<meta property=\"og:image\" content=\"https:\/\/editionsdudauphin.com\/wp-content\/uploads\/2018\/09\/9782716318204_thyroide-2.jpg\" \/>\n\t<meta property=\"og:image:width\" content=\"800\" \/>\n\t<meta property=\"og:image:height\" content=\"1178\" \/>\n\t<meta property=\"og:image:type\" content=\"image\/jpeg\" \/>\n<meta name=\"twitter:card\" content=\"summary_large_image\" \/>\n<meta name=\"twitter:label1\" content=\"Est. reading time\" \/>\n\t<meta name=\"twitter:data1\" content=\"1 minute\" \/>\n<script type=\"application\/ld+json\" class=\"yoast-schema-graph\">{\"@context\":\"https:\\\/\\\/schema.org\",\"@graph\":[{\"@type\":\"WebPage\",\"@id\":\"https:\\\/\\\/editionsdudauphin.com\\\/en\\\/livre\\\/subjects\\\/health-wellness\\\/health\\\/healing6process\\\/title-to-provide-91\",\"url\":\"https:\\\/\\\/editionsdudauphin.com\\\/en\\\/livre\\\/subjects\\\/health-wellness\\\/health\\\/healing6process\\\/title-to-provide-91\",\"name\":\"Troubles de la thyro\u00efde - Sympt\u00f4mes, traitements, conseils - \u00c9ditions du Dauphin\",\"isPartOf\":{\"@id\":\"https:\\\/\\\/editionsdudauphin.com\\\/en#website\"},\"primaryImageOfPage\":{\"@id\":\"https:\\\/\\\/editionsdudauphin.com\\\/en\\\/livre\\\/subjects\\\/health-wellness\\\/health\\\/healing6process\\\/title-to-provide-91#primaryimage\"},\"image\":{\"@id\":\"https:\\\/\\\/editionsdudauphin.com\\\/en\\\/livre\\\/subjects\\\/health-wellness\\\/health\\\/healing6process\\\/title-to-provide-91#primaryimage\"},\"thumbnailUrl\":\"https:\\\/\\\/editionsdudauphin.com\\\/wp-content\\\/uploads\\\/2018\\\/09\\\/9782716318204_thyroide-2.jpg\",\"datePublished\":\"2019-01-23T08:57:45+00:00\",\"dateModified\":\"2023-05-12T10:50:52+00:00\",\"description\":\"Essential to your body and often underestimated, the thyroid, the small endocrine gland located in the previous lower and part of the neck has a major\",\"breadcrumb\":{\"@id\":\"https:\\\/\\\/editionsdudauphin.com\\\/en\\\/livre\\\/subjects\\\/health-wellness\\\/health\\\/healing6process\\\/title-to-provide-91#breadcrumb\"},\"inLanguage\":\"en-US\",\"potentialAction\":[{\"@type\":\"ReadAction\",\"target\":[\"https:\\\/\\\/editionsdudauphin.com\\\/en\\\/livre\\\/subjects\\\/health-wellness\\\/health\\\/healing6process\\\/title-to-provide-91\"]}]},{\"@type\":\"ImageObject\",\"inLanguage\":\"en-US\",\"@id\":\"https:\\\/\\\/editionsdudauphin.com\\\/en\\\/livre\\\/subjects\\\/health-wellness\\\/health\\\/healing6process\\\/title-to-provide-91#primaryimage\",\"url\":\"https:\\\/\\\/editionsdudauphin.com\\\/wp-content\\\/uploads\\\/2018\\\/09\\\/9782716318204_thyroide-2.jpg\",\"contentUrl\":\"https:\\\/\\\/editionsdudauphin.com\\\/wp-content\\\/uploads\\\/2018\\\/09\\\/9782716318204_thyroide-2.jpg\",\"width\":800,\"height\":1178,\"caption\":\"les troubles de la thyroide\"},{\"@type\":\"BreadcrumbList\",\"@id\":\"https:\\\/\\\/editionsdudauphin.com\\\/en\\\/livre\\\/subjects\\\/health-wellness\\\/health\\\/healing6process\\\/title-to-provide-91#breadcrumb\",\"itemListElement\":[{\"@type\":\"ListItem\",\"position\":1,\"name\":\"Accueil\",\"item\":\"https:\\\/\\\/editionsdudauphin.com\\\/en\"},{\"@type\":\"ListItem\",\"position\":2,\"name\":\"Boutique\",\"item\":\"https:\\\/\\\/editionsdudauphin.com\\\/boutique\"},{\"@type\":\"ListItem\",\"position\":3,\"name\":\"Troubles de la thyro\u00efde &#8211; Sympt\u00f4mes, traitements, conseils\"}]},{\"@type\":\"WebSite\",\"@id\":\"https:\\\/\\\/editionsdudauphin.com\\\/en#website\",\"url\":\"https:\\\/\\\/editionsdudauphin.com\\\/en\",\"name\":\"\u00c9ditions du Dauphin\",\"description\":\"\",\"potentialAction\":[{\"@type\":\"SearchAction\",\"target\":{\"@type\":\"EntryPoint\",\"urlTemplate\":\"https:\\\/\\\/editionsdudauphin.com\\\/en?s={search_term_string}\"},\"query-input\":{\"@type\":\"PropertyValueSpecification\",\"valueRequired\":true,\"valueName\":\"search_term_string\"}}],\"inLanguage\":\"en-US\"}]}<\/script>\n<!-- \/ Yoast SEO plugin. -->","yoast_head_json":{"title":"Troubles de la thyro\u00efde - Sympt\u00f4mes, traitements, conseils - \u00c9ditions du Dauphin","description":"Essential to your body and often underestimated, the thyroid, the small endocrine gland located in the previous lower and part of the neck has a major","robots":{"index":"index","follow":"follow","max-snippet":"max-snippet:-1","max-image-preview":"max-image-preview:large","max-video-preview":"max-video-preview:-1"},"canonical":"https:\/\/editionsdudauphin.com\/en\/livre\/subjects\/health-wellness\/health\/healing6process\/title-to-provide-91","og_locale":"en_US","og_type":"article","og_title":"Troubles de la thyro\u00efde - Sympt\u00f4mes, traitements, conseils - \u00c9ditions du Dauphin","og_description":"Essential to your body and often underestimated, the thyroid, the small endocrine gland located in the previous lower and part of the neck has a major","og_url":"https:\/\/editionsdudauphin.com\/en\/livre\/subjects\/health-wellness\/health\/healing6process\/title-to-provide-91","og_site_name":"\u00c9ditions du Dauphin","article_modified_time":"2023-05-12T10:50:52+00:00","og_image":[{"width":800,"height":1178,"url":"https:\/\/editionsdudauphin.com\/wp-content\/uploads\/2018\/09\/9782716318204_thyroide-2.jpg","type":"image\/jpeg"}],"twitter_card":"summary_large_image","twitter_misc":{"Est. reading time":"1 minute"},"schema":{"@context":"https:\/\/schema.org","@graph":[{"@type":"WebPage","@id":"https:\/\/editionsdudauphin.com\/en\/livre\/subjects\/health-wellness\/health\/healing6process\/title-to-provide-91","url":"https:\/\/editionsdudauphin.com\/en\/livre\/subjects\/health-wellness\/health\/healing6process\/title-to-provide-91","name":"Troubles de la thyro\u00efde - Sympt\u00f4mes, traitements, conseils - \u00c9ditions du Dauphin","isPartOf":{"@id":"https:\/\/editionsdudauphin.com\/en#website"},"primaryImageOfPage":{"@id":"https:\/\/editionsdudauphin.com\/en\/livre\/subjects\/health-wellness\/health\/healing6process\/title-to-provide-91#primaryimage"},"image":{"@id":"https:\/\/editionsdudauphin.com\/en\/livre\/subjects\/health-wellness\/health\/healing6process\/title-to-provide-91#primaryimage"},"thumbnailUrl":"https:\/\/editionsdudauphin.com\/wp-content\/uploads\/2018\/09\/9782716318204_thyroide-2.jpg","datePublished":"2019-01-23T08:57:45+00:00","dateModified":"2023-05-12T10:50:52+00:00","description":"Essential to your body and often underestimated, the thyroid, the small endocrine gland located in the previous lower and part of the neck has a major","breadcrumb":{"@id":"https:\/\/editionsdudauphin.com\/en\/livre\/subjects\/health-wellness\/health\/healing6process\/title-to-provide-91#breadcrumb"},"inLanguage":"en-US","potentialAction":[{"@type":"ReadAction","target":["https:\/\/editionsdudauphin.com\/en\/livre\/subjects\/health-wellness\/health\/healing6process\/title-to-provide-91"]}]},{"@type":"ImageObject","inLanguage":"en-US","@id":"https:\/\/editionsdudauphin.com\/en\/livre\/subjects\/health-wellness\/health\/healing6process\/title-to-provide-91#primaryimage","url":"https:\/\/editionsdudauphin.com\/wp-content\/uploads\/2018\/09\/9782716318204_thyroide-2.jpg","contentUrl":"https:\/\/editionsdudauphin.com\/wp-content\/uploads\/2018\/09\/9782716318204_thyroide-2.jpg","width":800,"height":1178,"caption":"les troubles de la thyroide"},{"@type":"BreadcrumbList","@id":"https:\/\/editionsdudauphin.com\/en\/livre\/subjects\/health-wellness\/health\/healing6process\/title-to-provide-91#breadcrumb","itemListElement":[{"@type":"ListItem","position":1,"name":"Accueil","item":"https:\/\/editionsdudauphin.com\/en"},{"@type":"ListItem","position":2,"name":"Boutique","item":"https:\/\/editionsdudauphin.com\/boutique"},{"@type":"ListItem","position":3,"name":"Troubles de la thyro\u00efde &#8211; Sympt\u00f4mes, traitements, conseils"}]},{"@type":"WebSite","@id":"https:\/\/editionsdudauphin.com\/en#website","url":"https:\/\/editionsdudauphin.com\/en","name":"\u00c9ditions du Dauphin","description":"","potentialAction":[{"@type":"SearchAction","target":{"@type":"EntryPoint","urlTemplate":"https:\/\/editionsdudauphin.com\/en?s={search_term_string}"},"query-input":{"@type":"PropertyValueSpecification","valueRequired":true,"valueName":"search_term_string"}}],"inLanguage":"en-US"}]}},"_links":{"self":[{"href":"https:\/\/editionsdudauphin.com\/en\/wp-json\/wp\/v2\/product\/3633","targetHints":{"allow":["GET"]}}],"collection":[{"href":"https:\/\/editionsdudauphin.com\/en\/wp-json\/wp\/v2\/product"}],"about":[{"href":"https:\/\/editionsdudauphin.com\/en\/wp-json\/wp\/v2\/types\/product"}],"wp:featuredmedia":[{"embeddable":true,"href":"https:\/\/editionsdudauphin.com\/en\/wp-json\/wp\/v2\/media\/15534"}],"wp:attachment":[{"href":"https:\/\/editionsdudauphin.com\/en\/wp-json\/wp\/v2\/media?parent=3633"}],"wp:term":[{"taxonomy":"product_brand","embeddable":true,"href":"https:\/\/editionsdudauphin.com\/en\/wp-json\/wp\/v2\/product_brand?post=3633"},{"taxonomy":"product_cat","embeddable":true,"href":"https:\/\/editionsdudauphin.com\/en\/wp-json\/wp\/v2\/product_cat?post=3633"},{"taxonomy":"product_tag","embeddable":true,"href":"https:\/\/editionsdudauphin.com\/en\/wp-json\/wp\/v2\/product_tag?post=3633"}],"curies":[{"name":"wp","href":"https:\/\/api.w.org\/{rel}","templated":true}]}}