{"id":3683,"date":"2017-11-02T17:45:10","date_gmt":"2019-01-25T16:45:10","guid":{"rendered":"http:\/\/dev.editionsdudauphin.com\/.\/uncategorized\/title-to-provide-98"},"modified":"2019-04-03T15:42:22","modified_gmt":"2019-04-03T13:42:22","slug":"title-to-provide-98","status":"publish","type":"product","link":"https:\/\/editionsdudauphin.com\/en\/livre\/subjects\/society-history-ecology\/society\/title-to-provide-98","title":{"rendered":"V\u00e9gano-sceptique &#8211; regard d&#8217;un \u00e9l\u00e9veur sur l&#8217;utopie v\u00e9gane"},"content":{"rendered":"<p>Everywhere, the vegan phenomenon spread. According to the author, a farmer, harmony is possible between animals and men\u2026Only if consumers stay true with what they are pointing at.<\/p>\n","protected":false},"excerpt":{"rendered":"<p>Everywhere, the vegan phenomenon spread. According to the author, a  [&#8230;]<\/p>\n","protected":false},"featured_media":3684,"template":"","meta":{"_acf_changed":false,"wpupg_custom_link":[],"wpupg_custom_link_behaviour":[],"wpupg_custom_link_nofollow":[],"wpupg_custom_image":[],"wpupg_custom_image_id":[]},"product_brand":[],"product_cat":[183],"product_tag":[],"class_list":{"0":"post-3683","1":"product","2":"type-product","3":"status-publish","4":"has-post-thumbnail","6":"product_cat-society","8":"first","9":"instock","10":"taxable","11":"shipping-taxable","12":"purchasable","13":"product-type-simple"},"acf":[],"yoast_head":"<!-- This site is optimized with the Yoast SEO plugin v27.3 - https:\/\/yoast.com\/product\/yoast-seo-wordpress\/ -->\n<title>V\u00e9gano-sceptique - regard d&#039;un \u00e9l\u00e9veur sur l&#039;utopie v\u00e9gane - \u00c9ditions du Dauphin<\/title>\n<meta name=\"description\" content=\"Everywhere, the vegan phenomenon spread. According to the author, a farmer, harmony is possible between animals and men\u2026Only if consumers stay true with\" \/>\n<meta name=\"robots\" content=\"index, follow, max-snippet:-1, max-image-preview:large, max-video-preview:-1\" \/>\n<link rel=\"canonical\" href=\"https:\/\/editionsdudauphin.com\/en\/livre\/subjects\/society-history-ecology\/society\/title-to-provide-98\" \/>\n<meta property=\"og:locale\" content=\"en_US\" \/>\n<meta property=\"og:type\" content=\"article\" \/>\n<meta property=\"og:title\" content=\"V\u00e9gano-sceptique - regard d&#039;un \u00e9l\u00e9veur sur l&#039;utopie v\u00e9gane - \u00c9ditions du Dauphin\" \/>\n<meta property=\"og:description\" content=\"Everywhere, the vegan phenomenon spread. According to the author, a farmer, harmony is possible between animals and men\u2026Only if consumers stay true with\" \/>\n<meta property=\"og:url\" content=\"https:\/\/editionsdudauphin.com\/en\/livre\/subjects\/society-history-ecology\/society\/title-to-provide-98\" \/>\n<meta property=\"og:site_name\" content=\"\u00c9ditions du Dauphin\" \/>\n<meta property=\"article:modified_time\" content=\"2019-04-03T13:42:22+00:00\" \/>\n<meta property=\"og:image\" content=\"https:\/\/editionsdudauphin.com\/wp-content\/uploads\/2019\/01\/9782716316248_Vegan_Elevage_Raisonne_Utopie_Vegane.jpg\" \/>\n\t<meta property=\"og:image:width\" content=\"1162\" \/>\n\t<meta property=\"og:image:height\" content=\"1920\" \/>\n\t<meta property=\"og:image:type\" content=\"image\/jpeg\" \/>\n<meta name=\"twitter:card\" content=\"summary_large_image\" \/>\n<script type=\"application\/ld+json\" class=\"yoast-schema-graph\">{\"@context\":\"https:\\\/\\\/schema.org\",\"@graph\":[{\"@type\":\"WebPage\",\"@id\":\"https:\\\/\\\/editionsdudauphin.com\\\/en\\\/livre\\\/subjects\\\/society-history-ecology\\\/society\\\/title-to-provide-98\",\"url\":\"https:\\\/\\\/editionsdudauphin.com\\\/en\\\/livre\\\/subjects\\\/society-history-ecology\\\/society\\\/title-to-provide-98\",\"name\":\"V\u00e9gano-sceptique - regard d'un \u00e9l\u00e9veur sur l'utopie v\u00e9gane - \u00c9ditions du Dauphin\",\"isPartOf\":{\"@id\":\"https:\\\/\\\/editionsdudauphin.com\\\/en#website\"},\"primaryImageOfPage\":{\"@id\":\"https:\\\/\\\/editionsdudauphin.com\\\/en\\\/livre\\\/subjects\\\/society-history-ecology\\\/society\\\/title-to-provide-98#primaryimage\"},\"image\":{\"@id\":\"https:\\\/\\\/editionsdudauphin.com\\\/en\\\/livre\\\/subjects\\\/society-history-ecology\\\/society\\\/title-to-provide-98#primaryimage\"},\"thumbnailUrl\":\"https:\\\/\\\/editionsdudauphin.com\\\/wp-content\\\/uploads\\\/2019\\\/01\\\/9782716316248_Vegan_Elevage_Raisonne_Utopie_Vegane.jpg\",\"datePublished\":\"2019-01-25T16:45:10+00:00\",\"dateModified\":\"2019-04-03T13:42:22+00:00\",\"description\":\"Everywhere, the vegan phenomenon spread. According to the author, a farmer, harmony is possible between animals and men\u2026Only if consumers stay true with\",\"breadcrumb\":{\"@id\":\"https:\\\/\\\/editionsdudauphin.com\\\/en\\\/livre\\\/subjects\\\/society-history-ecology\\\/society\\\/title-to-provide-98#breadcrumb\"},\"inLanguage\":\"en-US\",\"potentialAction\":[{\"@type\":\"ReadAction\",\"target\":[\"https:\\\/\\\/editionsdudauphin.com\\\/en\\\/livre\\\/subjects\\\/society-history-ecology\\\/society\\\/title-to-provide-98\"]}]},{\"@type\":\"ImageObject\",\"inLanguage\":\"en-US\",\"@id\":\"https:\\\/\\\/editionsdudauphin.com\\\/en\\\/livre\\\/subjects\\\/society-history-ecology\\\/society\\\/title-to-provide-98#primaryimage\",\"url\":\"https:\\\/\\\/editionsdudauphin.com\\\/wp-content\\\/uploads\\\/2019\\\/01\\\/9782716316248_Vegan_Elevage_Raisonne_Utopie_Vegane.jpg\",\"contentUrl\":\"https:\\\/\\\/editionsdudauphin.com\\\/wp-content\\\/uploads\\\/2019\\\/01\\\/9782716316248_Vegan_Elevage_Raisonne_Utopie_Vegane.jpg\",\"width\":1162,\"height\":1920,\"caption\":\"Vegan_Elevage_Raisonne_Utopie_Vegane\"},{\"@type\":\"BreadcrumbList\",\"@id\":\"https:\\\/\\\/editionsdudauphin.com\\\/en\\\/livre\\\/subjects\\\/society-history-ecology\\\/society\\\/title-to-provide-98#breadcrumb\",\"itemListElement\":[{\"@type\":\"ListItem\",\"position\":1,\"name\":\"Accueil\",\"item\":\"https:\\\/\\\/editionsdudauphin.com\\\/en\"},{\"@type\":\"ListItem\",\"position\":2,\"name\":\"Boutique\",\"item\":\"https:\\\/\\\/editionsdudauphin.com\\\/boutique\"},{\"@type\":\"ListItem\",\"position\":3,\"name\":\"V\u00e9gano-sceptique &#8211; regard d&#8217;un \u00e9l\u00e9veur sur l&#8217;utopie v\u00e9gane\"}]},{\"@type\":\"WebSite\",\"@id\":\"https:\\\/\\\/editionsdudauphin.com\\\/en#website\",\"url\":\"https:\\\/\\\/editionsdudauphin.com\\\/en\",\"name\":\"\u00c9ditions du Dauphin\",\"description\":\"\",\"potentialAction\":[{\"@type\":\"SearchAction\",\"target\":{\"@type\":\"EntryPoint\",\"urlTemplate\":\"https:\\\/\\\/editionsdudauphin.com\\\/en?s={search_term_string}\"},\"query-input\":{\"@type\":\"PropertyValueSpecification\",\"valueRequired\":true,\"valueName\":\"search_term_string\"}}],\"inLanguage\":\"en-US\"}]}<\/script>\n<!-- \/ Yoast SEO plugin. -->","yoast_head_json":{"title":"V\u00e9gano-sceptique - regard d'un \u00e9l\u00e9veur sur l'utopie v\u00e9gane - \u00c9ditions du Dauphin","description":"Everywhere, the vegan phenomenon spread. According to the author, a farmer, harmony is possible between animals and men\u2026Only if consumers stay true with","robots":{"index":"index","follow":"follow","max-snippet":"max-snippet:-1","max-image-preview":"max-image-preview:large","max-video-preview":"max-video-preview:-1"},"canonical":"https:\/\/editionsdudauphin.com\/en\/livre\/subjects\/society-history-ecology\/society\/title-to-provide-98","og_locale":"en_US","og_type":"article","og_title":"V\u00e9gano-sceptique - regard d'un \u00e9l\u00e9veur sur l'utopie v\u00e9gane - \u00c9ditions du Dauphin","og_description":"Everywhere, the vegan phenomenon spread. According to the author, a farmer, harmony is possible between animals and men\u2026Only if consumers stay true with","og_url":"https:\/\/editionsdudauphin.com\/en\/livre\/subjects\/society-history-ecology\/society\/title-to-provide-98","og_site_name":"\u00c9ditions du Dauphin","article_modified_time":"2019-04-03T13:42:22+00:00","og_image":[{"width":1162,"height":1920,"url":"https:\/\/editionsdudauphin.com\/wp-content\/uploads\/2019\/01\/9782716316248_Vegan_Elevage_Raisonne_Utopie_Vegane.jpg","type":"image\/jpeg"}],"twitter_card":"summary_large_image","schema":{"@context":"https:\/\/schema.org","@graph":[{"@type":"WebPage","@id":"https:\/\/editionsdudauphin.com\/en\/livre\/subjects\/society-history-ecology\/society\/title-to-provide-98","url":"https:\/\/editionsdudauphin.com\/en\/livre\/subjects\/society-history-ecology\/society\/title-to-provide-98","name":"V\u00e9gano-sceptique - regard d'un \u00e9l\u00e9veur sur l'utopie v\u00e9gane - \u00c9ditions du Dauphin","isPartOf":{"@id":"https:\/\/editionsdudauphin.com\/en#website"},"primaryImageOfPage":{"@id":"https:\/\/editionsdudauphin.com\/en\/livre\/subjects\/society-history-ecology\/society\/title-to-provide-98#primaryimage"},"image":{"@id":"https:\/\/editionsdudauphin.com\/en\/livre\/subjects\/society-history-ecology\/society\/title-to-provide-98#primaryimage"},"thumbnailUrl":"https:\/\/editionsdudauphin.com\/wp-content\/uploads\/2019\/01\/9782716316248_Vegan_Elevage_Raisonne_Utopie_Vegane.jpg","datePublished":"2019-01-25T16:45:10+00:00","dateModified":"2019-04-03T13:42:22+00:00","description":"Everywhere, the vegan phenomenon spread. According to the author, a farmer, harmony is possible between animals and men\u2026Only if consumers stay true with","breadcrumb":{"@id":"https:\/\/editionsdudauphin.com\/en\/livre\/subjects\/society-history-ecology\/society\/title-to-provide-98#breadcrumb"},"inLanguage":"en-US","potentialAction":[{"@type":"ReadAction","target":["https:\/\/editionsdudauphin.com\/en\/livre\/subjects\/society-history-ecology\/society\/title-to-provide-98"]}]},{"@type":"ImageObject","inLanguage":"en-US","@id":"https:\/\/editionsdudauphin.com\/en\/livre\/subjects\/society-history-ecology\/society\/title-to-provide-98#primaryimage","url":"https:\/\/editionsdudauphin.com\/wp-content\/uploads\/2019\/01\/9782716316248_Vegan_Elevage_Raisonne_Utopie_Vegane.jpg","contentUrl":"https:\/\/editionsdudauphin.com\/wp-content\/uploads\/2019\/01\/9782716316248_Vegan_Elevage_Raisonne_Utopie_Vegane.jpg","width":1162,"height":1920,"caption":"Vegan_Elevage_Raisonne_Utopie_Vegane"},{"@type":"BreadcrumbList","@id":"https:\/\/editionsdudauphin.com\/en\/livre\/subjects\/society-history-ecology\/society\/title-to-provide-98#breadcrumb","itemListElement":[{"@type":"ListItem","position":1,"name":"Accueil","item":"https:\/\/editionsdudauphin.com\/en"},{"@type":"ListItem","position":2,"name":"Boutique","item":"https:\/\/editionsdudauphin.com\/boutique"},{"@type":"ListItem","position":3,"name":"V\u00e9gano-sceptique &#8211; regard d&#8217;un \u00e9l\u00e9veur sur l&#8217;utopie v\u00e9gane"}]},{"@type":"WebSite","@id":"https:\/\/editionsdudauphin.com\/en#website","url":"https:\/\/editionsdudauphin.com\/en","name":"\u00c9ditions du Dauphin","description":"","potentialAction":[{"@type":"SearchAction","target":{"@type":"EntryPoint","urlTemplate":"https:\/\/editionsdudauphin.com\/en?s={search_term_string}"},"query-input":{"@type":"PropertyValueSpecification","valueRequired":true,"valueName":"search_term_string"}}],"inLanguage":"en-US"}]}},"_links":{"self":[{"href":"https:\/\/editionsdudauphin.com\/en\/wp-json\/wp\/v2\/product\/3683","targetHints":{"allow":["GET"]}}],"collection":[{"href":"https:\/\/editionsdudauphin.com\/en\/wp-json\/wp\/v2\/product"}],"about":[{"href":"https:\/\/editionsdudauphin.com\/en\/wp-json\/wp\/v2\/types\/product"}],"wp:featuredmedia":[{"embeddable":true,"href":"https:\/\/editionsdudauphin.com\/en\/wp-json\/wp\/v2\/media\/3684"}],"wp:attachment":[{"href":"https:\/\/editionsdudauphin.com\/en\/wp-json\/wp\/v2\/media?parent=3683"}],"wp:term":[{"taxonomy":"product_brand","embeddable":true,"href":"https:\/\/editionsdudauphin.com\/en\/wp-json\/wp\/v2\/product_brand?post=3683"},{"taxonomy":"product_cat","embeddable":true,"href":"https:\/\/editionsdudauphin.com\/en\/wp-json\/wp\/v2\/product_cat?post=3683"},{"taxonomy":"product_tag","embeddable":true,"href":"https:\/\/editionsdudauphin.com\/en\/wp-json\/wp\/v2\/product_tag?post=3683"}],"curies":[{"name":"wp","href":"https:\/\/api.w.org\/{rel}","templated":true}]}}