{"id":3685,"date":"2013-09-26T15:09:18","date_gmt":"2019-01-23T14:09:18","guid":{"rendered":"http:\/\/dev.editionsdudauphin.com\/.\/uncategorized\/title-to-provide-99"},"modified":"2019-04-02T17:47:53","modified_gmt":"2019-04-02T15:47:53","slug":"title-to-provide-99","status":"publish","type":"product","link":"https:\/\/editionsdudauphin.com\/en\/livre\/subjects\/everyday-life\/how-to\/title-to-provide-99","title":{"rendered":"Dictionnaire \u00e0 tout faire des t\u00e2ches"},"content":{"rendered":"<p>Every stain belongs to its category and has its own solution to disappear. The most frequent ones are the proteins, tannins, and fats. But there are also the industrial, the chemical, the organic, the mineral ones and by the way those that are not classified. With this very practical small dictionary, every spot has its own technique of natural eradication. Also this books tells you how to prepare in advance your own products for prewashing, cleaning and whitening. Yes ! In the universe of spots, there are multiple fast, ecological, effective and cheap solutions. An index of spots from A to Z, natural cleaners and victims (materials and colors) is also available at the end of this book.<\/p>\n","protected":false},"excerpt":{"rendered":"<p>Every stain belongs to its category and has its own  [&#8230;]<\/p>\n","protected":false},"featured_media":3686,"template":"","meta":{"_acf_changed":false,"wpupg_custom_link":[],"wpupg_custom_link_behaviour":[],"wpupg_custom_link_nofollow":[],"wpupg_custom_image":[],"wpupg_custom_image_id":[]},"product_brand":[],"product_cat":[187],"product_tag":[],"class_list":{"0":"post-3685","1":"product","2":"type-product","3":"status-publish","4":"has-post-thumbnail","6":"product_cat-how-to","8":"first","9":"instock","10":"taxable","11":"shipping-taxable","12":"purchasable","13":"product-type-simple"},"acf":[],"yoast_head":"<!-- This site is optimized with the Yoast SEO plugin v27.3 - https:\/\/yoast.com\/product\/yoast-seo-wordpress\/ -->\n<title>Dictionnaire \u00e0 tout faire des t\u00e2ches - \u00c9ditions du Dauphin<\/title>\n<meta name=\"description\" content=\"Every stain belongs to its category and has its own solution to disappear. The most frequent ones are the proteins, tannins, and fats. But there are also\" \/>\n<meta name=\"robots\" content=\"index, follow, max-snippet:-1, max-image-preview:large, max-video-preview:-1\" \/>\n<link rel=\"canonical\" href=\"https:\/\/editionsdudauphin.com\/en\/livre\/subjects\/everyday-life\/how-to\/title-to-provide-99\" \/>\n<meta property=\"og:locale\" content=\"en_US\" \/>\n<meta property=\"og:type\" content=\"article\" \/>\n<meta property=\"og:title\" content=\"Dictionnaire \u00e0 tout faire des t\u00e2ches - \u00c9ditions du Dauphin\" \/>\n<meta property=\"og:description\" content=\"Every stain belongs to its category and has its own solution to disappear. The most frequent ones are the proteins, tannins, and fats. But there are also\" \/>\n<meta property=\"og:url\" content=\"https:\/\/editionsdudauphin.com\/en\/livre\/subjects\/everyday-life\/how-to\/title-to-provide-99\" \/>\n<meta property=\"og:site_name\" content=\"\u00c9ditions du Dauphin\" \/>\n<meta property=\"article:modified_time\" content=\"2019-04-02T15:47:53+00:00\" \/>\n<meta property=\"og:image\" content=\"https:\/\/editionsdudauphin.com\/wp-content\/uploads\/2019\/01\/9782716315043_Taches_Ecologie_Detachant_Naturel-scaled.jpg\" \/>\n\t<meta property=\"og:image:width\" content=\"1316\" \/>\n\t<meta property=\"og:image:height\" content=\"1920\" \/>\n\t<meta property=\"og:image:type\" content=\"image\/jpeg\" \/>\n<meta name=\"twitter:card\" content=\"summary_large_image\" \/>\n<meta name=\"twitter:label1\" content=\"Est. reading time\" \/>\n\t<meta name=\"twitter:data1\" content=\"1 minute\" \/>\n<script type=\"application\/ld+json\" class=\"yoast-schema-graph\">{\"@context\":\"https:\\\/\\\/schema.org\",\"@graph\":[{\"@type\":\"WebPage\",\"@id\":\"https:\\\/\\\/editionsdudauphin.com\\\/en\\\/livre\\\/subjects\\\/everyday-life\\\/how-to\\\/title-to-provide-99\",\"url\":\"https:\\\/\\\/editionsdudauphin.com\\\/en\\\/livre\\\/subjects\\\/everyday-life\\\/how-to\\\/title-to-provide-99\",\"name\":\"Dictionnaire \u00e0 tout faire des t\u00e2ches - \u00c9ditions du Dauphin\",\"isPartOf\":{\"@id\":\"https:\\\/\\\/editionsdudauphin.com\\\/en#website\"},\"primaryImageOfPage\":{\"@id\":\"https:\\\/\\\/editionsdudauphin.com\\\/en\\\/livre\\\/subjects\\\/everyday-life\\\/how-to\\\/title-to-provide-99#primaryimage\"},\"image\":{\"@id\":\"https:\\\/\\\/editionsdudauphin.com\\\/en\\\/livre\\\/subjects\\\/everyday-life\\\/how-to\\\/title-to-provide-99#primaryimage\"},\"thumbnailUrl\":\"https:\\\/\\\/editionsdudauphin.com\\\/wp-content\\\/uploads\\\/2019\\\/01\\\/9782716315043_Taches_Ecologie_Detachant_Naturel-scaled.jpg\",\"datePublished\":\"2019-01-23T14:09:18+00:00\",\"dateModified\":\"2019-04-02T15:47:53+00:00\",\"description\":\"Every stain belongs to its category and has its own solution to disappear. The most frequent ones are the proteins, tannins, and fats. But there are also\",\"breadcrumb\":{\"@id\":\"https:\\\/\\\/editionsdudauphin.com\\\/en\\\/livre\\\/subjects\\\/everyday-life\\\/how-to\\\/title-to-provide-99#breadcrumb\"},\"inLanguage\":\"en-US\",\"potentialAction\":[{\"@type\":\"ReadAction\",\"target\":[\"https:\\\/\\\/editionsdudauphin.com\\\/en\\\/livre\\\/subjects\\\/everyday-life\\\/how-to\\\/title-to-provide-99\"]}]},{\"@type\":\"ImageObject\",\"inLanguage\":\"en-US\",\"@id\":\"https:\\\/\\\/editionsdudauphin.com\\\/en\\\/livre\\\/subjects\\\/everyday-life\\\/how-to\\\/title-to-provide-99#primaryimage\",\"url\":\"https:\\\/\\\/editionsdudauphin.com\\\/wp-content\\\/uploads\\\/2019\\\/01\\\/9782716315043_Taches_Ecologie_Detachant_Naturel-scaled.jpg\",\"contentUrl\":\"https:\\\/\\\/editionsdudauphin.com\\\/wp-content\\\/uploads\\\/2019\\\/01\\\/9782716315043_Taches_Ecologie_Detachant_Naturel-scaled.jpg\",\"width\":1316,\"height\":1920,\"caption\":\"Taches_Ecologie_Detachant_Naturel\"},{\"@type\":\"BreadcrumbList\",\"@id\":\"https:\\\/\\\/editionsdudauphin.com\\\/en\\\/livre\\\/subjects\\\/everyday-life\\\/how-to\\\/title-to-provide-99#breadcrumb\",\"itemListElement\":[{\"@type\":\"ListItem\",\"position\":1,\"name\":\"Accueil\",\"item\":\"https:\\\/\\\/editionsdudauphin.com\\\/en\"},{\"@type\":\"ListItem\",\"position\":2,\"name\":\"Boutique\",\"item\":\"https:\\\/\\\/editionsdudauphin.com\\\/boutique\"},{\"@type\":\"ListItem\",\"position\":3,\"name\":\"Dictionnaire \u00e0 tout faire des t\u00e2ches\"}]},{\"@type\":\"WebSite\",\"@id\":\"https:\\\/\\\/editionsdudauphin.com\\\/en#website\",\"url\":\"https:\\\/\\\/editionsdudauphin.com\\\/en\",\"name\":\"\u00c9ditions du Dauphin\",\"description\":\"\",\"potentialAction\":[{\"@type\":\"SearchAction\",\"target\":{\"@type\":\"EntryPoint\",\"urlTemplate\":\"https:\\\/\\\/editionsdudauphin.com\\\/en?s={search_term_string}\"},\"query-input\":{\"@type\":\"PropertyValueSpecification\",\"valueRequired\":true,\"valueName\":\"search_term_string\"}}],\"inLanguage\":\"en-US\"}]}<\/script>\n<!-- \/ Yoast SEO plugin. -->","yoast_head_json":{"title":"Dictionnaire \u00e0 tout faire des t\u00e2ches - \u00c9ditions du Dauphin","description":"Every stain belongs to its category and has its own solution to disappear. The most frequent ones are the proteins, tannins, and fats. But there are also","robots":{"index":"index","follow":"follow","max-snippet":"max-snippet:-1","max-image-preview":"max-image-preview:large","max-video-preview":"max-video-preview:-1"},"canonical":"https:\/\/editionsdudauphin.com\/en\/livre\/subjects\/everyday-life\/how-to\/title-to-provide-99","og_locale":"en_US","og_type":"article","og_title":"Dictionnaire \u00e0 tout faire des t\u00e2ches - \u00c9ditions du Dauphin","og_description":"Every stain belongs to its category and has its own solution to disappear. The most frequent ones are the proteins, tannins, and fats. But there are also","og_url":"https:\/\/editionsdudauphin.com\/en\/livre\/subjects\/everyday-life\/how-to\/title-to-provide-99","og_site_name":"\u00c9ditions du Dauphin","article_modified_time":"2019-04-02T15:47:53+00:00","og_image":[{"width":1316,"height":1920,"url":"https:\/\/editionsdudauphin.com\/wp-content\/uploads\/2019\/01\/9782716315043_Taches_Ecologie_Detachant_Naturel-scaled.jpg","type":"image\/jpeg"}],"twitter_card":"summary_large_image","twitter_misc":{"Est. reading time":"1 minute"},"schema":{"@context":"https:\/\/schema.org","@graph":[{"@type":"WebPage","@id":"https:\/\/editionsdudauphin.com\/en\/livre\/subjects\/everyday-life\/how-to\/title-to-provide-99","url":"https:\/\/editionsdudauphin.com\/en\/livre\/subjects\/everyday-life\/how-to\/title-to-provide-99","name":"Dictionnaire \u00e0 tout faire des t\u00e2ches - \u00c9ditions du Dauphin","isPartOf":{"@id":"https:\/\/editionsdudauphin.com\/en#website"},"primaryImageOfPage":{"@id":"https:\/\/editionsdudauphin.com\/en\/livre\/subjects\/everyday-life\/how-to\/title-to-provide-99#primaryimage"},"image":{"@id":"https:\/\/editionsdudauphin.com\/en\/livre\/subjects\/everyday-life\/how-to\/title-to-provide-99#primaryimage"},"thumbnailUrl":"https:\/\/editionsdudauphin.com\/wp-content\/uploads\/2019\/01\/9782716315043_Taches_Ecologie_Detachant_Naturel-scaled.jpg","datePublished":"2019-01-23T14:09:18+00:00","dateModified":"2019-04-02T15:47:53+00:00","description":"Every stain belongs to its category and has its own solution to disappear. The most frequent ones are the proteins, tannins, and fats. But there are also","breadcrumb":{"@id":"https:\/\/editionsdudauphin.com\/en\/livre\/subjects\/everyday-life\/how-to\/title-to-provide-99#breadcrumb"},"inLanguage":"en-US","potentialAction":[{"@type":"ReadAction","target":["https:\/\/editionsdudauphin.com\/en\/livre\/subjects\/everyday-life\/how-to\/title-to-provide-99"]}]},{"@type":"ImageObject","inLanguage":"en-US","@id":"https:\/\/editionsdudauphin.com\/en\/livre\/subjects\/everyday-life\/how-to\/title-to-provide-99#primaryimage","url":"https:\/\/editionsdudauphin.com\/wp-content\/uploads\/2019\/01\/9782716315043_Taches_Ecologie_Detachant_Naturel-scaled.jpg","contentUrl":"https:\/\/editionsdudauphin.com\/wp-content\/uploads\/2019\/01\/9782716315043_Taches_Ecologie_Detachant_Naturel-scaled.jpg","width":1316,"height":1920,"caption":"Taches_Ecologie_Detachant_Naturel"},{"@type":"BreadcrumbList","@id":"https:\/\/editionsdudauphin.com\/en\/livre\/subjects\/everyday-life\/how-to\/title-to-provide-99#breadcrumb","itemListElement":[{"@type":"ListItem","position":1,"name":"Accueil","item":"https:\/\/editionsdudauphin.com\/en"},{"@type":"ListItem","position":2,"name":"Boutique","item":"https:\/\/editionsdudauphin.com\/boutique"},{"@type":"ListItem","position":3,"name":"Dictionnaire \u00e0 tout faire des t\u00e2ches"}]},{"@type":"WebSite","@id":"https:\/\/editionsdudauphin.com\/en#website","url":"https:\/\/editionsdudauphin.com\/en","name":"\u00c9ditions du Dauphin","description":"","potentialAction":[{"@type":"SearchAction","target":{"@type":"EntryPoint","urlTemplate":"https:\/\/editionsdudauphin.com\/en?s={search_term_string}"},"query-input":{"@type":"PropertyValueSpecification","valueRequired":true,"valueName":"search_term_string"}}],"inLanguage":"en-US"}]}},"_links":{"self":[{"href":"https:\/\/editionsdudauphin.com\/en\/wp-json\/wp\/v2\/product\/3685","targetHints":{"allow":["GET"]}}],"collection":[{"href":"https:\/\/editionsdudauphin.com\/en\/wp-json\/wp\/v2\/product"}],"about":[{"href":"https:\/\/editionsdudauphin.com\/en\/wp-json\/wp\/v2\/types\/product"}],"wp:featuredmedia":[{"embeddable":true,"href":"https:\/\/editionsdudauphin.com\/en\/wp-json\/wp\/v2\/media\/3686"}],"wp:attachment":[{"href":"https:\/\/editionsdudauphin.com\/en\/wp-json\/wp\/v2\/media?parent=3685"}],"wp:term":[{"taxonomy":"product_brand","embeddable":true,"href":"https:\/\/editionsdudauphin.com\/en\/wp-json\/wp\/v2\/product_brand?post=3685"},{"taxonomy":"product_cat","embeddable":true,"href":"https:\/\/editionsdudauphin.com\/en\/wp-json\/wp\/v2\/product_cat?post=3685"},{"taxonomy":"product_tag","embeddable":true,"href":"https:\/\/editionsdudauphin.com\/en\/wp-json\/wp\/v2\/product_tag?post=3685"}],"curies":[{"name":"wp","href":"https:\/\/api.w.org\/{rel}","templated":true}]}}