{"id":3694,"date":"2013-10-10T09:56:09","date_gmt":"2019-01-23T08:56:09","guid":{"rendered":"http:\/\/dev.editionsdudauphin.com\/.\/uncategorized\/title-to-provide-103"},"modified":"2024-10-01T09:53:35","modified_gmt":"2024-10-01T07:53:35","slug":"title-to-provide-103","status":"publish","type":"product","link":"https:\/\/editionsdudauphin.com\/en\/livre\/subjects\/health-wellness\/wellness\/aging-well\/title-to-provide-103","title":{"rendered":"Je veux \u00eatre un jeune centenaire ou Les incontournables d&#8217;une bonne sant\u00e9"},"content":{"rendered":"<p>Dr Willem dedicates his part time to research, trying to improve results obtained in strong pathologies. Since around thirty years, he works out his own protocols of treatment being particularly interested in pathologies for which allopathic medicine does not give results : cancers, AIDS, multiple sclerosis, autoimmune diseases, fibromyalgia, strong eczemas, cardiovascular diseases, chronic hepatitis, migraines, cholesterol, hormonal disorders, etc. This book presents a synthesis of his work. Patients will find a source of information on origins of their health problems and special remedies to their troubles. All strong pathologies are described in detail with their causes, characteristics, preventions, specific analyses for each of them and the therapeutic steps to explore alternative medicines. All analyses to be made to appreciate health and tests, and weakness of the body are indicated in this book. By browsing this book, each of you will find a guide there who will accompany you maybe until 100 years.<\/p>\n","protected":false},"excerpt":{"rendered":"<p>Dr Willem dedicates his part time to research, trying to  [&#8230;]<\/p>\n","protected":false},"featured_media":17519,"template":"","meta":{"_acf_changed":false,"wpupg_custom_link":[],"wpupg_custom_link_behaviour":[],"wpupg_custom_link_nofollow":[],"wpupg_custom_image":[],"wpupg_custom_image_id":[]},"product_brand":[],"product_cat":[155],"product_tag":[],"class_list":{"0":"post-3694","1":"product","2":"type-product","3":"status-publish","4":"has-post-thumbnail","6":"product_cat-aging-well","8":"first","9":"instock","10":"taxable","11":"shipping-taxable","12":"purchasable","13":"product-type-simple"},"acf":[],"yoast_head":"<!-- This site is optimized with the Yoast SEO plugin v27.3 - https:\/\/yoast.com\/product\/yoast-seo-wordpress\/ -->\n<title>Je veux \u00eatre un jeune centenaire ou Les incontournables d&#039;une bonne sant\u00e9 - \u00c9ditions du Dauphin<\/title>\n<meta name=\"description\" content=\"Dr Willem dedicates his part time to research, trying to improve results obtained in strong pathologies. Since around thirty years, he works out his own\" \/>\n<meta name=\"robots\" content=\"index, follow, max-snippet:-1, max-image-preview:large, max-video-preview:-1\" \/>\n<link rel=\"canonical\" href=\"https:\/\/editionsdudauphin.com\/en\/livre\/subjects\/health-wellness\/wellness\/aging-well\/title-to-provide-103\" \/>\n<meta property=\"og:locale\" content=\"en_US\" \/>\n<meta property=\"og:type\" content=\"article\" \/>\n<meta property=\"og:title\" content=\"Je veux \u00eatre un jeune centenaire ou Les incontournables d&#039;une bonne sant\u00e9 - \u00c9ditions du Dauphin\" \/>\n<meta property=\"og:description\" content=\"Dr Willem dedicates his part time to research, trying to improve results obtained in strong pathologies. Since around thirty years, he works out his own\" \/>\n<meta property=\"og:url\" content=\"https:\/\/editionsdudauphin.com\/en\/livre\/subjects\/health-wellness\/wellness\/aging-well\/title-to-provide-103\" \/>\n<meta property=\"og:site_name\" content=\"\u00c9ditions du Dauphin\" \/>\n<meta property=\"article:modified_time\" content=\"2024-10-01T07:53:35+00:00\" \/>\n<meta property=\"og:image\" content=\"https:\/\/editionsdudauphin.com\/wp-content\/uploads\/2013\/10\/9782716314930_jeune_centenaire.jpg\" \/>\n\t<meta property=\"og:image:width\" content=\"800\" \/>\n\t<meta property=\"og:image:height\" content=\"1213\" \/>\n\t<meta property=\"og:image:type\" content=\"image\/jpeg\" \/>\n<meta name=\"twitter:card\" content=\"summary_large_image\" \/>\n<meta name=\"twitter:label1\" content=\"Est. reading time\" \/>\n\t<meta name=\"twitter:data1\" content=\"1 minute\" \/>\n<script type=\"application\/ld+json\" class=\"yoast-schema-graph\">{\"@context\":\"https:\\\/\\\/schema.org\",\"@graph\":[{\"@type\":\"WebPage\",\"@id\":\"https:\\\/\\\/editionsdudauphin.com\\\/en\\\/livre\\\/subjects\\\/health-wellness\\\/wellness\\\/aging-well\\\/title-to-provide-103\",\"url\":\"https:\\\/\\\/editionsdudauphin.com\\\/en\\\/livre\\\/subjects\\\/health-wellness\\\/wellness\\\/aging-well\\\/title-to-provide-103\",\"name\":\"Je veux \u00eatre un jeune centenaire ou Les incontournables d'une bonne sant\u00e9 - \u00c9ditions du Dauphin\",\"isPartOf\":{\"@id\":\"https:\\\/\\\/editionsdudauphin.com\\\/en#website\"},\"primaryImageOfPage\":{\"@id\":\"https:\\\/\\\/editionsdudauphin.com\\\/en\\\/livre\\\/subjects\\\/health-wellness\\\/wellness\\\/aging-well\\\/title-to-provide-103#primaryimage\"},\"image\":{\"@id\":\"https:\\\/\\\/editionsdudauphin.com\\\/en\\\/livre\\\/subjects\\\/health-wellness\\\/wellness\\\/aging-well\\\/title-to-provide-103#primaryimage\"},\"thumbnailUrl\":\"https:\\\/\\\/editionsdudauphin.com\\\/wp-content\\\/uploads\\\/2013\\\/10\\\/9782716314930_jeune_centenaire.jpg\",\"datePublished\":\"2019-01-23T08:56:09+00:00\",\"dateModified\":\"2024-10-01T07:53:35+00:00\",\"description\":\"Dr Willem dedicates his part time to research, trying to improve results obtained in strong pathologies. Since around thirty years, he works out his own\",\"breadcrumb\":{\"@id\":\"https:\\\/\\\/editionsdudauphin.com\\\/en\\\/livre\\\/subjects\\\/health-wellness\\\/wellness\\\/aging-well\\\/title-to-provide-103#breadcrumb\"},\"inLanguage\":\"en-US\",\"potentialAction\":[{\"@type\":\"ReadAction\",\"target\":[\"https:\\\/\\\/editionsdudauphin.com\\\/en\\\/livre\\\/subjects\\\/health-wellness\\\/wellness\\\/aging-well\\\/title-to-provide-103\"]}]},{\"@type\":\"ImageObject\",\"inLanguage\":\"en-US\",\"@id\":\"https:\\\/\\\/editionsdudauphin.com\\\/en\\\/livre\\\/subjects\\\/health-wellness\\\/wellness\\\/aging-well\\\/title-to-provide-103#primaryimage\",\"url\":\"https:\\\/\\\/editionsdudauphin.com\\\/wp-content\\\/uploads\\\/2013\\\/10\\\/9782716314930_jeune_centenaire.jpg\",\"contentUrl\":\"https:\\\/\\\/editionsdudauphin.com\\\/wp-content\\\/uploads\\\/2013\\\/10\\\/9782716314930_jeune_centenaire.jpg\",\"width\":800,\"height\":1213,\"caption\":\"Je veux \u00eatre un jeune centenaire\"},{\"@type\":\"BreadcrumbList\",\"@id\":\"https:\\\/\\\/editionsdudauphin.com\\\/en\\\/livre\\\/subjects\\\/health-wellness\\\/wellness\\\/aging-well\\\/title-to-provide-103#breadcrumb\",\"itemListElement\":[{\"@type\":\"ListItem\",\"position\":1,\"name\":\"Accueil\",\"item\":\"https:\\\/\\\/editionsdudauphin.com\\\/en\"},{\"@type\":\"ListItem\",\"position\":2,\"name\":\"Boutique\",\"item\":\"https:\\\/\\\/editionsdudauphin.com\\\/boutique\"},{\"@type\":\"ListItem\",\"position\":3,\"name\":\"Je veux \u00eatre un jeune centenaire ou Les incontournables d&#8217;une bonne sant\u00e9\"}]},{\"@type\":\"WebSite\",\"@id\":\"https:\\\/\\\/editionsdudauphin.com\\\/en#website\",\"url\":\"https:\\\/\\\/editionsdudauphin.com\\\/en\",\"name\":\"\u00c9ditions du Dauphin\",\"description\":\"\",\"potentialAction\":[{\"@type\":\"SearchAction\",\"target\":{\"@type\":\"EntryPoint\",\"urlTemplate\":\"https:\\\/\\\/editionsdudauphin.com\\\/en?s={search_term_string}\"},\"query-input\":{\"@type\":\"PropertyValueSpecification\",\"valueRequired\":true,\"valueName\":\"search_term_string\"}}],\"inLanguage\":\"en-US\"}]}<\/script>\n<!-- \/ Yoast SEO plugin. -->","yoast_head_json":{"title":"Je veux \u00eatre un jeune centenaire ou Les incontournables d'une bonne sant\u00e9 - \u00c9ditions du Dauphin","description":"Dr Willem dedicates his part time to research, trying to improve results obtained in strong pathologies. Since around thirty years, he works out his own","robots":{"index":"index","follow":"follow","max-snippet":"max-snippet:-1","max-image-preview":"max-image-preview:large","max-video-preview":"max-video-preview:-1"},"canonical":"https:\/\/editionsdudauphin.com\/en\/livre\/subjects\/health-wellness\/wellness\/aging-well\/title-to-provide-103","og_locale":"en_US","og_type":"article","og_title":"Je veux \u00eatre un jeune centenaire ou Les incontournables d'une bonne sant\u00e9 - \u00c9ditions du Dauphin","og_description":"Dr Willem dedicates his part time to research, trying to improve results obtained in strong pathologies. Since around thirty years, he works out his own","og_url":"https:\/\/editionsdudauphin.com\/en\/livre\/subjects\/health-wellness\/wellness\/aging-well\/title-to-provide-103","og_site_name":"\u00c9ditions du Dauphin","article_modified_time":"2024-10-01T07:53:35+00:00","og_image":[{"width":800,"height":1213,"url":"https:\/\/editionsdudauphin.com\/wp-content\/uploads\/2013\/10\/9782716314930_jeune_centenaire.jpg","type":"image\/jpeg"}],"twitter_card":"summary_large_image","twitter_misc":{"Est. reading time":"1 minute"},"schema":{"@context":"https:\/\/schema.org","@graph":[{"@type":"WebPage","@id":"https:\/\/editionsdudauphin.com\/en\/livre\/subjects\/health-wellness\/wellness\/aging-well\/title-to-provide-103","url":"https:\/\/editionsdudauphin.com\/en\/livre\/subjects\/health-wellness\/wellness\/aging-well\/title-to-provide-103","name":"Je veux \u00eatre un jeune centenaire ou Les incontournables d'une bonne sant\u00e9 - \u00c9ditions du Dauphin","isPartOf":{"@id":"https:\/\/editionsdudauphin.com\/en#website"},"primaryImageOfPage":{"@id":"https:\/\/editionsdudauphin.com\/en\/livre\/subjects\/health-wellness\/wellness\/aging-well\/title-to-provide-103#primaryimage"},"image":{"@id":"https:\/\/editionsdudauphin.com\/en\/livre\/subjects\/health-wellness\/wellness\/aging-well\/title-to-provide-103#primaryimage"},"thumbnailUrl":"https:\/\/editionsdudauphin.com\/wp-content\/uploads\/2013\/10\/9782716314930_jeune_centenaire.jpg","datePublished":"2019-01-23T08:56:09+00:00","dateModified":"2024-10-01T07:53:35+00:00","description":"Dr Willem dedicates his part time to research, trying to improve results obtained in strong pathologies. Since around thirty years, he works out his own","breadcrumb":{"@id":"https:\/\/editionsdudauphin.com\/en\/livre\/subjects\/health-wellness\/wellness\/aging-well\/title-to-provide-103#breadcrumb"},"inLanguage":"en-US","potentialAction":[{"@type":"ReadAction","target":["https:\/\/editionsdudauphin.com\/en\/livre\/subjects\/health-wellness\/wellness\/aging-well\/title-to-provide-103"]}]},{"@type":"ImageObject","inLanguage":"en-US","@id":"https:\/\/editionsdudauphin.com\/en\/livre\/subjects\/health-wellness\/wellness\/aging-well\/title-to-provide-103#primaryimage","url":"https:\/\/editionsdudauphin.com\/wp-content\/uploads\/2013\/10\/9782716314930_jeune_centenaire.jpg","contentUrl":"https:\/\/editionsdudauphin.com\/wp-content\/uploads\/2013\/10\/9782716314930_jeune_centenaire.jpg","width":800,"height":1213,"caption":"Je veux \u00eatre un jeune centenaire"},{"@type":"BreadcrumbList","@id":"https:\/\/editionsdudauphin.com\/en\/livre\/subjects\/health-wellness\/wellness\/aging-well\/title-to-provide-103#breadcrumb","itemListElement":[{"@type":"ListItem","position":1,"name":"Accueil","item":"https:\/\/editionsdudauphin.com\/en"},{"@type":"ListItem","position":2,"name":"Boutique","item":"https:\/\/editionsdudauphin.com\/boutique"},{"@type":"ListItem","position":3,"name":"Je veux \u00eatre un jeune centenaire ou Les incontournables d&#8217;une bonne sant\u00e9"}]},{"@type":"WebSite","@id":"https:\/\/editionsdudauphin.com\/en#website","url":"https:\/\/editionsdudauphin.com\/en","name":"\u00c9ditions du Dauphin","description":"","potentialAction":[{"@type":"SearchAction","target":{"@type":"EntryPoint","urlTemplate":"https:\/\/editionsdudauphin.com\/en?s={search_term_string}"},"query-input":{"@type":"PropertyValueSpecification","valueRequired":true,"valueName":"search_term_string"}}],"inLanguage":"en-US"}]}},"_links":{"self":[{"href":"https:\/\/editionsdudauphin.com\/en\/wp-json\/wp\/v2\/product\/3694","targetHints":{"allow":["GET"]}}],"collection":[{"href":"https:\/\/editionsdudauphin.com\/en\/wp-json\/wp\/v2\/product"}],"about":[{"href":"https:\/\/editionsdudauphin.com\/en\/wp-json\/wp\/v2\/types\/product"}],"wp:featuredmedia":[{"embeddable":true,"href":"https:\/\/editionsdudauphin.com\/en\/wp-json\/wp\/v2\/media\/17519"}],"wp:attachment":[{"href":"https:\/\/editionsdudauphin.com\/en\/wp-json\/wp\/v2\/media?parent=3694"}],"wp:term":[{"taxonomy":"product_brand","embeddable":true,"href":"https:\/\/editionsdudauphin.com\/en\/wp-json\/wp\/v2\/product_brand?post=3694"},{"taxonomy":"product_cat","embeddable":true,"href":"https:\/\/editionsdudauphin.com\/en\/wp-json\/wp\/v2\/product_cat?post=3694"},{"taxonomy":"product_tag","embeddable":true,"href":"https:\/\/editionsdudauphin.com\/en\/wp-json\/wp\/v2\/product_tag?post=3694"}],"curies":[{"name":"wp","href":"https:\/\/api.w.org\/{rel}","templated":true}]}}